{"id":62701,"date":"2022-05-19T22:34:28","date_gmt":"2022-05-19T20:34:32","guid":{"rendered":"https:\/\/www.gruppoliturgico.com\/prodotto\/ciboire\/"},"modified":"2022-09-23T08:04:42","modified_gmt":"2022-09-23T06:04:42","slug":"ciboire","status":"publish","type":"product","link":"https:\/\/www.gruppoliturgico.com\/fr\/produit\/ciboire\/","title":{"rendered":"ciboire"},"content":{"rendered":"<html><body><p>Artistique ouvrage de l\u2019artisanat espagnole enti\u00e8rement en argent massif. Toutes les ciselures sont ex\u00e9cut\u00e9es \u00e0 la main par des ma\u00eetres ciseleurs. En style romantique, il pr\u00e9sente sur la coupe les figures et les noms en latin des douze Ap\u00f4tres. Sur la base sont reproduits les symboles des quatre Evang\u00e9listes. <\/p>\n<p>Hauteur cm 23,<br>\ndiam\u00e8tre de la coupe cm 14,5. <\/p>\n<p>Cet article peut \u00eatre fourni aussi  en m\u00e9tal<br>\nDevis sur demande.<br>\nEnvoyer un email \u00e0 &#x69;&#x6e;&#x66;&#x6f;&#64;&#103;&#114;up&#x70;&#x6f;&#x6c;&#x69;&#x74;&#117;&#114;&#103;ic&#x6f;&#x2e;&#x63;&#x6f;&#x6d;<\/p>\n<\/body><\/html>","protected":false},"excerpt":{"rendered":"<p>Artistique ouvrage de l&rsquo;artisanat espagnole enti\u00e8rement en argent massif. Toutes les ciselures sont ex\u00e9cut\u00e9es \u00e0 la main par des ma\u00eetres ciseleurs. En style romantique, il pr\u00e9sente sur la coupe les figures et les noms en latin des douze Ap\u00f4tres. Sur la base sont reproduits les symboles des quatre Evang\u00e9listes. <\/p>\n<p>Hauteur cm 23,<br \/>\ndiam\u00e8tre de la coupe cm 14,5. <\/p>\n<p>Cet article peut \u00eatre fourni aussi  en m\u00e9tal<br \/>\nDevis sur demande.<br \/>\nEnvoyer un email \u00e0 &#105;&#x6e;&#x66;o&#64;&#x67;r&#117;&#x70;&#x70;o&#108;&#x69;t&#117;&#x72;&#x67;i&#99;&#x6f;&#46;&#99;&#x6f;&#x6d;<\/p>\n","protected":false},"featured_media":73046,"template":"","meta":[],"product_cat":[12020],"product_tag":[],"yoast_head":"<!-- This site is optimized with the Yoast SEO plugin v20.4 - https:\/\/yoast.com\/wordpress\/plugins\/seo\/ -->\n<title>ciboire - en argent massif et Laboratorio Gruppo Liturgico<\/title>\n<meta name=\"description\" content=\"Artistique ouvrage de l&#039;artisanat espagnole enti\u00e8rement en argent massif. Toutes les ciselures sont ex\u00e9cut\u00e9es \u00e0 la main par des ma\u00eetres ciseleurs. En style romantique, il pr\u00e9sente sur la coupe les figures et les noms en latin des douze Ap\u00f4tres. Sur la base sont reproduits les symboles des quatre Evang\u00e9listes.   Hauteur cm 23,  diam\u00e8tre de la coupe cm 14,5.   Cet article peut \u00eatre fourni aussi en m\u00e9tal Devis sur demande. Envoyer un email \u00e0 info@gruppoliturgico.com\" \/>\n<meta name=\"robots\" content=\"index, follow, max-snippet:-1, max-image-preview:large, max-video-preview:-1\" \/>\n<link rel=\"canonical\" href=\"https:\/\/www.gruppoliturgico.com\/fr\/produit\/ciboire\/\" \/>\n<meta property=\"og:locale\" content=\"fr_FR\" \/>\n<meta property=\"og:type\" content=\"article\" \/>\n<meta property=\"og:title\" content=\"ciboire - en argent massif et Laboratorio Gruppo Liturgico\" \/>\n<meta property=\"og:description\" content=\"Artistique ouvrage de l&#039;artisanat espagnole enti\u00e8rement en argent massif. Toutes les ciselures sont ex\u00e9cut\u00e9es \u00e0 la main par des ma\u00eetres ciseleurs. En style romantique, il pr\u00e9sente sur la coupe les figures et les noms en latin des douze Ap\u00f4tres. Sur la base sont reproduits les symboles des quatre Evang\u00e9listes.   Hauteur cm 23,  diam\u00e8tre de la coupe cm 14,5.   Cet article peut \u00eatre fourni aussi en m\u00e9tal Devis sur demande. Envoyer un email \u00e0 info@gruppoliturgico.com\" \/>\n<meta property=\"og:url\" content=\"https:\/\/www.gruppoliturgico.com\/fr\/produit\/ciboire\/\" \/>\n<meta property=\"og:site_name\" content=\"Laboratorio Gruppo Liturgico\" \/>\n<meta property=\"article:modified_time\" content=\"2022-09-23T06:04:42+00:00\" \/>\n<meta property=\"og:image\" content=\"https:\/\/www.gruppoliturgico.com\/wp-content\/uploads\/2022\/05\/1341.jpg\" \/>\n\t<meta property=\"og:image:width\" content=\"946\" \/>\n\t<meta property=\"og:image:height\" content=\"1500\" \/>\n\t<meta property=\"og:image:type\" content=\"image\/jpeg\" \/>\n<meta name=\"twitter:card\" content=\"summary_large_image\" \/>\n<script type=\"application\/ld+json\" class=\"yoast-schema-graph\">{\"@context\":\"https:\/\/schema.org\",\"@graph\":[{\"@type\":\"WebPage\",\"@id\":\"https:\/\/www.gruppoliturgico.com\/fr\/produit\/ciboire\/\",\"url\":\"https:\/\/www.gruppoliturgico.com\/fr\/produit\/ciboire\/\",\"name\":\"ciboire - en argent massif et Laboratorio Gruppo Liturgico\",\"isPartOf\":{\"@id\":\"https:\/\/www.gruppoliturgico.com\/es\/#website\"},\"datePublished\":\"2022-05-19T20:34:32+00:00\",\"dateModified\":\"2022-09-23T06:04:42+00:00\",\"description\":\"Artistique ouvrage de l'artisanat espagnole enti\u00e8rement en argent massif. Toutes les ciselures sont ex\u00e9cut\u00e9es \u00e0 la main par des ma\u00eetres ciseleurs. En style romantique, il pr\u00e9sente sur la coupe les figures et les noms en latin des douze Ap\u00f4tres. Sur la base sont reproduits les symboles des quatre Evang\u00e9listes. Hauteur cm 23, diam\u00e8tre de la coupe cm 14,5. Cet article peut \u00eatre fourni aussi en m\u00e9tal Devis sur demande. Envoyer un email \u00e0 info@gruppoliturgico.com\",\"breadcrumb\":{\"@id\":\"https:\/\/www.gruppoliturgico.com\/fr\/produit\/ciboire\/#breadcrumb\"},\"inLanguage\":\"fr-FR\",\"potentialAction\":[{\"@type\":\"ReadAction\",\"target\":[\"https:\/\/www.gruppoliturgico.com\/fr\/produit\/ciboire\/\"]}]},{\"@type\":\"BreadcrumbList\",\"@id\":\"https:\/\/www.gruppoliturgico.com\/fr\/produit\/ciboire\/#breadcrumb\",\"itemListElement\":[{\"@type\":\"ListItem\",\"position\":1,\"name\":\"Home\",\"item\":\"https:\/\/www.gruppoliturgico.com\/fr\/\"},{\"@type\":\"ListItem\",\"position\":2,\"name\":\"Boutique\",\"item\":\"https:\/\/www.gruppoliturgico.com\/fr\/boutique\/\"},{\"@type\":\"ListItem\",\"position\":3,\"name\":\"ciboire\"}]},{\"@type\":\"WebSite\",\"@id\":\"https:\/\/www.gruppoliturgico.com\/es\/#website\",\"url\":\"https:\/\/www.gruppoliturgico.com\/es\/\",\"name\":\"Laboratorio Gruppo Liturgico\",\"description\":\"Articoli Religiosi online\",\"publisher\":{\"@id\":\"https:\/\/www.gruppoliturgico.com\/es\/#organization\"},\"potentialAction\":[{\"@type\":\"SearchAction\",\"target\":{\"@type\":\"EntryPoint\",\"urlTemplate\":\"https:\/\/www.gruppoliturgico.com\/es\/?s={search_term_string}\"},\"query-input\":\"required name=search_term_string\"}],\"inLanguage\":\"fr-FR\"},{\"@type\":\"Organization\",\"@id\":\"https:\/\/www.gruppoliturgico.com\/es\/#organization\",\"name\":\"Laboratorio Gruppo Liturgico\",\"url\":\"https:\/\/www.gruppoliturgico.com\/es\/\",\"logo\":{\"@type\":\"ImageObject\",\"inLanguage\":\"fr-FR\",\"@id\":\"https:\/\/www.gruppoliturgico.com\/es\/#\/schema\/logo\/image\/\",\"url\":\"https:\/\/www.gruppoliturgico.com\/wp-content\/uploads\/2022\/02\/logo-laboratoriogruppoliturgico.png\",\"contentUrl\":\"https:\/\/www.gruppoliturgico.com\/wp-content\/uploads\/2022\/02\/logo-laboratoriogruppoliturgico.png\",\"width\":400,\"height\":114,\"caption\":\"Laboratorio Gruppo Liturgico\"},\"image\":{\"@id\":\"https:\/\/www.gruppoliturgico.com\/es\/#\/schema\/logo\/image\/\"}}]}<\/script>\n<!-- \/ Yoast SEO plugin. -->","yoast_head_json":{"title":"ciboire - en argent massif et Laboratorio Gruppo Liturgico","description":"Artistique ouvrage de l'artisanat espagnole enti\u00e8rement en argent massif. Toutes les ciselures sont ex\u00e9cut\u00e9es \u00e0 la main par des ma\u00eetres ciseleurs. En style romantique, il pr\u00e9sente sur la coupe les figures et les noms en latin des douze Ap\u00f4tres. Sur la base sont reproduits les symboles des quatre Evang\u00e9listes.   Hauteur cm 23,  diam\u00e8tre de la coupe cm 14,5.   Cet article peut \u00eatre fourni aussi en m\u00e9tal Devis sur demande. Envoyer un email \u00e0 info@gruppoliturgico.com","robots":{"index":"index","follow":"follow","max-snippet":"max-snippet:-1","max-image-preview":"max-image-preview:large","max-video-preview":"max-video-preview:-1"},"canonical":"https:\/\/www.gruppoliturgico.com\/fr\/produit\/ciboire\/","og_locale":"fr_FR","og_type":"article","og_title":"ciboire - en argent massif et Laboratorio Gruppo Liturgico","og_description":"Artistique ouvrage de l'artisanat espagnole enti\u00e8rement en argent massif. Toutes les ciselures sont ex\u00e9cut\u00e9es \u00e0 la main par des ma\u00eetres ciseleurs. En style romantique, il pr\u00e9sente sur la coupe les figures et les noms en latin des douze Ap\u00f4tres. Sur la base sont reproduits les symboles des quatre Evang\u00e9listes.   Hauteur cm 23,  diam\u00e8tre de la coupe cm 14,5.   Cet article peut \u00eatre fourni aussi en m\u00e9tal Devis sur demande. Envoyer un email \u00e0 info@gruppoliturgico.com","og_url":"https:\/\/www.gruppoliturgico.com\/fr\/produit\/ciboire\/","og_site_name":"Laboratorio Gruppo Liturgico","article_modified_time":"2022-09-23T06:04:42+00:00","og_image":[{"width":946,"height":1500,"url":"https:\/\/www.gruppoliturgico.com\/wp-content\/uploads\/2022\/05\/1341.jpg","type":"image\/jpeg"}],"twitter_card":"summary_large_image","schema":{"@context":"https:\/\/schema.org","@graph":[{"@type":"WebPage","@id":"https:\/\/www.gruppoliturgico.com\/fr\/produit\/ciboire\/","url":"https:\/\/www.gruppoliturgico.com\/fr\/produit\/ciboire\/","name":"ciboire - en argent massif et Laboratorio Gruppo Liturgico","isPartOf":{"@id":"https:\/\/www.gruppoliturgico.com\/es\/#website"},"datePublished":"2022-05-19T20:34:32+00:00","dateModified":"2022-09-23T06:04:42+00:00","description":"Artistique ouvrage de l'artisanat espagnole enti\u00e8rement en argent massif. Toutes les ciselures sont ex\u00e9cut\u00e9es \u00e0 la main par des ma\u00eetres ciseleurs. En style romantique, il pr\u00e9sente sur la coupe les figures et les noms en latin des douze Ap\u00f4tres. Sur la base sont reproduits les symboles des quatre Evang\u00e9listes. Hauteur cm 23, diam\u00e8tre de la coupe cm 14,5. Cet article peut \u00eatre fourni aussi en m\u00e9tal Devis sur demande. Envoyer un email \u00e0 info@gruppoliturgico.com","breadcrumb":{"@id":"https:\/\/www.gruppoliturgico.com\/fr\/produit\/ciboire\/#breadcrumb"},"inLanguage":"fr-FR","potentialAction":[{"@type":"ReadAction","target":["https:\/\/www.gruppoliturgico.com\/fr\/produit\/ciboire\/"]}]},{"@type":"BreadcrumbList","@id":"https:\/\/www.gruppoliturgico.com\/fr\/produit\/ciboire\/#breadcrumb","itemListElement":[{"@type":"ListItem","position":1,"name":"Home","item":"https:\/\/www.gruppoliturgico.com\/fr\/"},{"@type":"ListItem","position":2,"name":"Boutique","item":"https:\/\/www.gruppoliturgico.com\/fr\/boutique\/"},{"@type":"ListItem","position":3,"name":"ciboire"}]},{"@type":"WebSite","@id":"https:\/\/www.gruppoliturgico.com\/es\/#website","url":"https:\/\/www.gruppoliturgico.com\/es\/","name":"Laboratorio Gruppo Liturgico","description":"Articoli Religiosi online","publisher":{"@id":"https:\/\/www.gruppoliturgico.com\/es\/#organization"},"potentialAction":[{"@type":"SearchAction","target":{"@type":"EntryPoint","urlTemplate":"https:\/\/www.gruppoliturgico.com\/es\/?s={search_term_string}"},"query-input":"required name=search_term_string"}],"inLanguage":"fr-FR"},{"@type":"Organization","@id":"https:\/\/www.gruppoliturgico.com\/es\/#organization","name":"Laboratorio Gruppo Liturgico","url":"https:\/\/www.gruppoliturgico.com\/es\/","logo":{"@type":"ImageObject","inLanguage":"fr-FR","@id":"https:\/\/www.gruppoliturgico.com\/es\/#\/schema\/logo\/image\/","url":"https:\/\/www.gruppoliturgico.com\/wp-content\/uploads\/2022\/02\/logo-laboratoriogruppoliturgico.png","contentUrl":"https:\/\/www.gruppoliturgico.com\/wp-content\/uploads\/2022\/02\/logo-laboratoriogruppoliturgico.png","width":400,"height":114,"caption":"Laboratorio Gruppo Liturgico"},"image":{"@id":"https:\/\/www.gruppoliturgico.com\/es\/#\/schema\/logo\/image\/"}}]}},"_links":{"self":[{"href":"https:\/\/www.gruppoliturgico.com\/fr\/wp-json\/wp\/v2\/product\/62701"}],"collection":[{"href":"https:\/\/www.gruppoliturgico.com\/fr\/wp-json\/wp\/v2\/product"}],"about":[{"href":"https:\/\/www.gruppoliturgico.com\/fr\/wp-json\/wp\/v2\/types\/product"}],"wp:featuredmedia":[{"embeddable":true,"href":"https:\/\/www.gruppoliturgico.com\/fr\/wp-json\/wp\/v2\/media\/73046"}],"wp:attachment":[{"href":"https:\/\/www.gruppoliturgico.com\/fr\/wp-json\/wp\/v2\/media?parent=62701"}],"wp:term":[{"taxonomy":"product_cat","embeddable":true,"href":"https:\/\/www.gruppoliturgico.com\/fr\/wp-json\/wp\/v2\/product_cat?post=62701"},{"taxonomy":"product_tag","embeddable":true,"href":"https:\/\/www.gruppoliturgico.com\/fr\/wp-json\/wp\/v2\/product_tag?post=62701"}],"curies":[{"name":"wp","href":"https:\/\/api.w.org\/{rel}","templated":true}]}}