{"id":62689,"date":"2022-05-19T22:33:53","date_gmt":"2022-05-19T20:33:59","guid":{"rendered":"https:\/\/www.gruppoliturgico.com\/prodotto\/calice-avec-patene\/"},"modified":"2022-09-23T08:07:06","modified_gmt":"2022-09-23T06:07:06","slug":"calice-avec-patene","status":"publish","type":"product","link":"https:\/\/www.gruppoliturgico.com\/fr\/produit\/calice-avec-patene\/","title":{"rendered":"calice avec pat\u00e8ne"},"content":{"rendered":"<html><body><p>Artistique ouvrage de l\u2019artisanat espagnole enti\u00e8rement en argent massif. Toutes les ciselures sont ex\u00e9cut\u00e9es \u00e0 la main par des ma\u00eetres ciseleurs.<br>\nEn style romantique, il pr\u00e9sente sur la coupe les figures et les noms en latin des douze Ap\u00f4tres.<br>\nSur la base sont reproduits les symboles des quatre Evang\u00e9listes.<br>\nIl est d\u00e9j\u00e0 complet de pat\u00e8ne.<br>\nHauteur cm 17<br>\ndiam\u00e8tre de la coupe cm 12,5. <\/p>\n<p>Cet article peut \u00eatre fourni aussi avec la seule coupe en argent ou tout en m\u00e9tal.<br>\nDevis sur demande.<br>\nEnvoyer un email \u00e0 &#x69;&#x6e;&#102;o&#x40;&#x67;&#114;&#117;p&#x70;&#x6f;&#108;&#105;t&#x75;&#x72;&#103;ic&#x6f;&#x2e;&#99;o&#x6d;<\/p>\n<\/body><\/html>","protected":false},"excerpt":{"rendered":"<p>Artistique ouvrage de l&rsquo;artisanat espagnole enti\u00e8rement en argent massif. Toutes les ciselures sont ex\u00e9cut\u00e9es \u00e0 la main par des ma\u00eetres ciseleurs.<br \/>\nEn style romantique, il pr\u00e9sente sur la coupe les figures et les noms en latin des douze Ap\u00f4tres.<br \/>\nSur la base sont reproduits les symboles des quatre Evang\u00e9listes.<br \/>\nIl est d\u00e9j\u00e0 complet de pat\u00e8ne.<br \/>\nHauteur cm 17<br \/>\ndiam\u00e8tre de la coupe cm 12,5. <\/p>\n<p>Cet article peut \u00eatre fourni aussi avec la seule coupe en argent ou tout en m\u00e9tal.<br \/>\nDevis sur demande.<br \/>\nEnvoyer un email \u00e0 info&#64;gruppoliturgico&#46;com<\/p>\n","protected":false},"featured_media":73034,"template":"","meta":[],"product_cat":[12020],"product_tag":[],"yoast_head":"<!-- This site is optimized with the Yoast SEO plugin v20.4 - https:\/\/yoast.com\/wordpress\/plugins\/seo\/ -->\n<title>calice avec pat\u00e8ne - en argent massif et Laboratorio Gruppo Liturgico<\/title>\n<meta name=\"description\" content=\"Artistique ouvrage de l&#039;artisanat espagnole enti\u00e8rement en argent massif. Toutes les ciselures sont ex\u00e9cut\u00e9es \u00e0 la main par des ma\u00eetres ciseleurs.  En style romantique, il pr\u00e9sente sur la coupe les figures et les noms en latin des douze Ap\u00f4tres.  Sur la base sont reproduits les symboles des quatre Evang\u00e9listes.  Il est d\u00e9j\u00e0 complet de pat\u00e8ne. Hauteur cm 17 diam\u00e8tre de la coupe cm 12,5.   Cet article peut \u00eatre fourni aussi avec la seule coupe en argent ou tout en m\u00e9tal. Devis sur demande. Envoyer un email \u00e0 info@gruppoliturgico.com\" \/>\n<meta name=\"robots\" content=\"index, follow, max-snippet:-1, max-image-preview:large, max-video-preview:-1\" \/>\n<link rel=\"canonical\" href=\"https:\/\/www.gruppoliturgico.com\/fr\/produit\/calice-avec-patene\/\" \/>\n<meta property=\"og:locale\" content=\"fr_FR\" \/>\n<meta property=\"og:type\" content=\"article\" \/>\n<meta property=\"og:title\" content=\"calice avec pat\u00e8ne - en argent massif et Laboratorio Gruppo Liturgico\" \/>\n<meta property=\"og:description\" content=\"Artistique ouvrage de l&#039;artisanat espagnole enti\u00e8rement en argent massif. Toutes les ciselures sont ex\u00e9cut\u00e9es \u00e0 la main par des ma\u00eetres ciseleurs.  En style romantique, il pr\u00e9sente sur la coupe les figures et les noms en latin des douze Ap\u00f4tres.  Sur la base sont reproduits les symboles des quatre Evang\u00e9listes.  Il est d\u00e9j\u00e0 complet de pat\u00e8ne. Hauteur cm 17 diam\u00e8tre de la coupe cm 12,5.   Cet article peut \u00eatre fourni aussi avec la seule coupe en argent ou tout en m\u00e9tal. Devis sur demande. Envoyer un email \u00e0 info@gruppoliturgico.com\" \/>\n<meta property=\"og:url\" content=\"https:\/\/www.gruppoliturgico.com\/fr\/produit\/calice-avec-patene\/\" \/>\n<meta property=\"og:site_name\" content=\"Laboratorio Gruppo Liturgico\" \/>\n<meta property=\"article:modified_time\" content=\"2022-09-23T06:07:06+00:00\" \/>\n<meta property=\"og:image\" content=\"https:\/\/www.gruppoliturgico.com\/wp-content\/uploads\/2022\/05\/1339_0.jpg\" \/>\n\t<meta property=\"og:image:width\" content=\"1053\" \/>\n\t<meta property=\"og:image:height\" content=\"1500\" \/>\n\t<meta property=\"og:image:type\" content=\"image\/jpeg\" \/>\n<meta name=\"twitter:card\" content=\"summary_large_image\" \/>\n<script type=\"application\/ld+json\" class=\"yoast-schema-graph\">{\"@context\":\"https:\/\/schema.org\",\"@graph\":[{\"@type\":\"WebPage\",\"@id\":\"https:\/\/www.gruppoliturgico.com\/fr\/produit\/calice-avec-patene\/\",\"url\":\"https:\/\/www.gruppoliturgico.com\/fr\/produit\/calice-avec-patene\/\",\"name\":\"calice avec pat\u00e8ne - en argent massif et Laboratorio Gruppo Liturgico\",\"isPartOf\":{\"@id\":\"https:\/\/www.gruppoliturgico.com\/es\/#website\"},\"datePublished\":\"2022-05-19T20:33:59+00:00\",\"dateModified\":\"2022-09-23T06:07:06+00:00\",\"description\":\"Artistique ouvrage de l'artisanat espagnole enti\u00e8rement en argent massif. Toutes les ciselures sont ex\u00e9cut\u00e9es \u00e0 la main par des ma\u00eetres ciseleurs. En style romantique, il pr\u00e9sente sur la coupe les figures et les noms en latin des douze Ap\u00f4tres. Sur la base sont reproduits les symboles des quatre Evang\u00e9listes. Il est d\u00e9j\u00e0 complet de pat\u00e8ne. Hauteur cm 17 diam\u00e8tre de la coupe cm 12,5. Cet article peut \u00eatre fourni aussi avec la seule coupe en argent ou tout en m\u00e9tal. Devis sur demande. Envoyer un email \u00e0 info@gruppoliturgico.com\",\"breadcrumb\":{\"@id\":\"https:\/\/www.gruppoliturgico.com\/fr\/produit\/calice-avec-patene\/#breadcrumb\"},\"inLanguage\":\"fr-FR\",\"potentialAction\":[{\"@type\":\"ReadAction\",\"target\":[\"https:\/\/www.gruppoliturgico.com\/fr\/produit\/calice-avec-patene\/\"]}]},{\"@type\":\"BreadcrumbList\",\"@id\":\"https:\/\/www.gruppoliturgico.com\/fr\/produit\/calice-avec-patene\/#breadcrumb\",\"itemListElement\":[{\"@type\":\"ListItem\",\"position\":1,\"name\":\"Home\",\"item\":\"https:\/\/www.gruppoliturgico.com\/fr\/\"},{\"@type\":\"ListItem\",\"position\":2,\"name\":\"Boutique\",\"item\":\"https:\/\/www.gruppoliturgico.com\/fr\/boutique\/\"},{\"@type\":\"ListItem\",\"position\":3,\"name\":\"calice avec pat\u00e8ne\"}]},{\"@type\":\"WebSite\",\"@id\":\"https:\/\/www.gruppoliturgico.com\/es\/#website\",\"url\":\"https:\/\/www.gruppoliturgico.com\/es\/\",\"name\":\"Laboratorio Gruppo Liturgico\",\"description\":\"Articoli Religiosi online\",\"publisher\":{\"@id\":\"https:\/\/www.gruppoliturgico.com\/es\/#organization\"},\"potentialAction\":[{\"@type\":\"SearchAction\",\"target\":{\"@type\":\"EntryPoint\",\"urlTemplate\":\"https:\/\/www.gruppoliturgico.com\/es\/?s={search_term_string}\"},\"query-input\":\"required name=search_term_string\"}],\"inLanguage\":\"fr-FR\"},{\"@type\":\"Organization\",\"@id\":\"https:\/\/www.gruppoliturgico.com\/es\/#organization\",\"name\":\"Laboratorio Gruppo Liturgico\",\"url\":\"https:\/\/www.gruppoliturgico.com\/es\/\",\"logo\":{\"@type\":\"ImageObject\",\"inLanguage\":\"fr-FR\",\"@id\":\"https:\/\/www.gruppoliturgico.com\/es\/#\/schema\/logo\/image\/\",\"url\":\"https:\/\/www.gruppoliturgico.com\/wp-content\/uploads\/2022\/02\/logo-laboratoriogruppoliturgico.png\",\"contentUrl\":\"https:\/\/www.gruppoliturgico.com\/wp-content\/uploads\/2022\/02\/logo-laboratoriogruppoliturgico.png\",\"width\":400,\"height\":114,\"caption\":\"Laboratorio Gruppo Liturgico\"},\"image\":{\"@id\":\"https:\/\/www.gruppoliturgico.com\/es\/#\/schema\/logo\/image\/\"}}]}<\/script>\n<!-- \/ Yoast SEO plugin. -->","yoast_head_json":{"title":"calice avec pat\u00e8ne - en argent massif et Laboratorio Gruppo Liturgico","description":"Artistique ouvrage de l'artisanat espagnole enti\u00e8rement en argent massif. Toutes les ciselures sont ex\u00e9cut\u00e9es \u00e0 la main par des ma\u00eetres ciseleurs.  En style romantique, il pr\u00e9sente sur la coupe les figures et les noms en latin des douze Ap\u00f4tres.  Sur la base sont reproduits les symboles des quatre Evang\u00e9listes.  Il est d\u00e9j\u00e0 complet de pat\u00e8ne. Hauteur cm 17 diam\u00e8tre de la coupe cm 12,5.   Cet article peut \u00eatre fourni aussi avec la seule coupe en argent ou tout en m\u00e9tal. Devis sur demande. Envoyer un email \u00e0 info@gruppoliturgico.com","robots":{"index":"index","follow":"follow","max-snippet":"max-snippet:-1","max-image-preview":"max-image-preview:large","max-video-preview":"max-video-preview:-1"},"canonical":"https:\/\/www.gruppoliturgico.com\/fr\/produit\/calice-avec-patene\/","og_locale":"fr_FR","og_type":"article","og_title":"calice avec pat\u00e8ne - en argent massif et Laboratorio Gruppo Liturgico","og_description":"Artistique ouvrage de l'artisanat espagnole enti\u00e8rement en argent massif. Toutes les ciselures sont ex\u00e9cut\u00e9es \u00e0 la main par des ma\u00eetres ciseleurs.  En style romantique, il pr\u00e9sente sur la coupe les figures et les noms en latin des douze Ap\u00f4tres.  Sur la base sont reproduits les symboles des quatre Evang\u00e9listes.  Il est d\u00e9j\u00e0 complet de pat\u00e8ne. Hauteur cm 17 diam\u00e8tre de la coupe cm 12,5.   Cet article peut \u00eatre fourni aussi avec la seule coupe en argent ou tout en m\u00e9tal. Devis sur demande. Envoyer un email \u00e0 info@gruppoliturgico.com","og_url":"https:\/\/www.gruppoliturgico.com\/fr\/produit\/calice-avec-patene\/","og_site_name":"Laboratorio Gruppo Liturgico","article_modified_time":"2022-09-23T06:07:06+00:00","og_image":[{"width":1053,"height":1500,"url":"https:\/\/www.gruppoliturgico.com\/wp-content\/uploads\/2022\/05\/1339_0.jpg","type":"image\/jpeg"}],"twitter_card":"summary_large_image","schema":{"@context":"https:\/\/schema.org","@graph":[{"@type":"WebPage","@id":"https:\/\/www.gruppoliturgico.com\/fr\/produit\/calice-avec-patene\/","url":"https:\/\/www.gruppoliturgico.com\/fr\/produit\/calice-avec-patene\/","name":"calice avec pat\u00e8ne - en argent massif et Laboratorio Gruppo Liturgico","isPartOf":{"@id":"https:\/\/www.gruppoliturgico.com\/es\/#website"},"datePublished":"2022-05-19T20:33:59+00:00","dateModified":"2022-09-23T06:07:06+00:00","description":"Artistique ouvrage de l'artisanat espagnole enti\u00e8rement en argent massif. Toutes les ciselures sont ex\u00e9cut\u00e9es \u00e0 la main par des ma\u00eetres ciseleurs. En style romantique, il pr\u00e9sente sur la coupe les figures et les noms en latin des douze Ap\u00f4tres. Sur la base sont reproduits les symboles des quatre Evang\u00e9listes. Il est d\u00e9j\u00e0 complet de pat\u00e8ne. Hauteur cm 17 diam\u00e8tre de la coupe cm 12,5. Cet article peut \u00eatre fourni aussi avec la seule coupe en argent ou tout en m\u00e9tal. Devis sur demande. Envoyer un email \u00e0 info@gruppoliturgico.com","breadcrumb":{"@id":"https:\/\/www.gruppoliturgico.com\/fr\/produit\/calice-avec-patene\/#breadcrumb"},"inLanguage":"fr-FR","potentialAction":[{"@type":"ReadAction","target":["https:\/\/www.gruppoliturgico.com\/fr\/produit\/calice-avec-patene\/"]}]},{"@type":"BreadcrumbList","@id":"https:\/\/www.gruppoliturgico.com\/fr\/produit\/calice-avec-patene\/#breadcrumb","itemListElement":[{"@type":"ListItem","position":1,"name":"Home","item":"https:\/\/www.gruppoliturgico.com\/fr\/"},{"@type":"ListItem","position":2,"name":"Boutique","item":"https:\/\/www.gruppoliturgico.com\/fr\/boutique\/"},{"@type":"ListItem","position":3,"name":"calice avec pat\u00e8ne"}]},{"@type":"WebSite","@id":"https:\/\/www.gruppoliturgico.com\/es\/#website","url":"https:\/\/www.gruppoliturgico.com\/es\/","name":"Laboratorio Gruppo Liturgico","description":"Articoli Religiosi online","publisher":{"@id":"https:\/\/www.gruppoliturgico.com\/es\/#organization"},"potentialAction":[{"@type":"SearchAction","target":{"@type":"EntryPoint","urlTemplate":"https:\/\/www.gruppoliturgico.com\/es\/?s={search_term_string}"},"query-input":"required name=search_term_string"}],"inLanguage":"fr-FR"},{"@type":"Organization","@id":"https:\/\/www.gruppoliturgico.com\/es\/#organization","name":"Laboratorio Gruppo Liturgico","url":"https:\/\/www.gruppoliturgico.com\/es\/","logo":{"@type":"ImageObject","inLanguage":"fr-FR","@id":"https:\/\/www.gruppoliturgico.com\/es\/#\/schema\/logo\/image\/","url":"https:\/\/www.gruppoliturgico.com\/wp-content\/uploads\/2022\/02\/logo-laboratoriogruppoliturgico.png","contentUrl":"https:\/\/www.gruppoliturgico.com\/wp-content\/uploads\/2022\/02\/logo-laboratoriogruppoliturgico.png","width":400,"height":114,"caption":"Laboratorio Gruppo Liturgico"},"image":{"@id":"https:\/\/www.gruppoliturgico.com\/es\/#\/schema\/logo\/image\/"}}]}},"_links":{"self":[{"href":"https:\/\/www.gruppoliturgico.com\/fr\/wp-json\/wp\/v2\/product\/62689"}],"collection":[{"href":"https:\/\/www.gruppoliturgico.com\/fr\/wp-json\/wp\/v2\/product"}],"about":[{"href":"https:\/\/www.gruppoliturgico.com\/fr\/wp-json\/wp\/v2\/types\/product"}],"wp:featuredmedia":[{"embeddable":true,"href":"https:\/\/www.gruppoliturgico.com\/fr\/wp-json\/wp\/v2\/media\/73034"}],"wp:attachment":[{"href":"https:\/\/www.gruppoliturgico.com\/fr\/wp-json\/wp\/v2\/media?parent=62689"}],"wp:term":[{"taxonomy":"product_cat","embeddable":true,"href":"https:\/\/www.gruppoliturgico.com\/fr\/wp-json\/wp\/v2\/product_cat?post=62689"},{"taxonomy":"product_tag","embeddable":true,"href":"https:\/\/www.gruppoliturgico.com\/fr\/wp-json\/wp\/v2\/product_tag?post=62689"}],"curies":[{"name":"wp","href":"https:\/\/api.w.org\/{rel}","templated":true}]}}