{"id":143704,"date":"2026-05-12T10:33:48","date_gmt":"2026-05-12T08:33:48","guid":{"rendered":"https:\/\/www.gruppoliturgico.com\/prodotto\/dalmatique-mariale-2\/"},"modified":"2026-05-12T10:33:48","modified_gmt":"2026-05-12T08:33:48","slug":"dalmatique-mariale-2","status":"publish","type":"product","link":"https:\/\/www.gruppoliturgico.com\/fr\/produit\/dalmatique-mariale-2\/","title":{"rendered":"Dalmatique  mariale"},"content":{"rendered":"<html><body><p>\u00c9l\u00e9gante dalmatique confectionn\u00e9e dans un tissu m\u00ealant laine, soie et polyester.<br>\nL\u00e9g\u00e8re et extr\u00eamement douce.<br>\nElle pr\u00e9sente, sur les deux c\u00f4t\u00e9s, une broderie diff\u00e9rente repr\u00e9sentant des symboles mariaux, agr\u00e9ment\u00e9e de pierres d\u00e9coratives.<br>\nCette dalmatique est enti\u00e8rement bord\u00e9e d\u2019une passementerie argent\u00e9e.<br>\nLivr\u00e9e avec une \u00e9tole diaconale.<\/p>\n<\/body><\/html>","protected":false},"excerpt":{"rendered":"<p>\u00c9l\u00e9gante dalmatique confectionn\u00e9e dans un tissu m\u00ealant laine, soie et polyester.<br \/>\nL\u00e9g\u00e8re et extr\u00eamement douce.<br \/>\nElle pr\u00e9sente, sur les deux c\u00f4t\u00e9s, une broderie diff\u00e9rente repr\u00e9sentant des symboles mariaux, agr\u00e9ment\u00e9e de pierres d\u00e9coratives.<br \/>\nCette dalmatique est enti\u00e8rement bord\u00e9e d&rsquo;une passementerie argent\u00e9e.<br \/>\nLivr\u00e9e avec une \u00e9tole diaconale.<\/p>\n","protected":false},"featured_media":143765,"template":"","meta":[],"product_cat":[12324],"product_tag":[],"yoast_head":"<!-- This site is optimized with the Yoast SEO plugin v20.4 - https:\/\/yoast.com\/wordpress\/plugins\/seo\/ -->\n<title>Dalmatique mariale - dalmatiques et Laboratorio Gruppo Liturgico<\/title>\n<meta name=\"description\" content=\"\u00c9l\u00e9gante dalmatique confectionn\u00e9e dans un tissu m\u00ealant laine, soie et polyester. L\u00e9g\u00e8re et extr\u00eamement douce. Elle pr\u00e9sente, sur les deux c\u00f4t\u00e9s, une broderie diff\u00e9rente repr\u00e9sentant des symboles mariaux, agr\u00e9ment\u00e9e de pierres d\u00e9coratives. Cette dalmatique est enti\u00e8rement bord\u00e9e d&#039;une passementerie argent\u00e9e. Livr\u00e9e avec une \u00e9tole diaconale.\" \/>\n<meta name=\"robots\" content=\"index, follow, max-snippet:-1, max-image-preview:large, max-video-preview:-1\" \/>\n<link rel=\"canonical\" href=\"https:\/\/www.gruppoliturgico.com\/fr\/produit\/dalmatique-mariale-2\/\" \/>\n<meta property=\"og:locale\" content=\"fr_FR\" \/>\n<meta property=\"og:type\" content=\"article\" \/>\n<meta property=\"og:title\" content=\"Dalmatique mariale - dalmatiques et Laboratorio Gruppo Liturgico\" \/>\n<meta property=\"og:description\" content=\"\u00c9l\u00e9gante dalmatique confectionn\u00e9e dans un tissu m\u00ealant laine, soie et polyester. L\u00e9g\u00e8re et extr\u00eamement douce. Elle pr\u00e9sente, sur les deux c\u00f4t\u00e9s, une broderie diff\u00e9rente repr\u00e9sentant des symboles mariaux, agr\u00e9ment\u00e9e de pierres d\u00e9coratives. Cette dalmatique est enti\u00e8rement bord\u00e9e d&#039;une passementerie argent\u00e9e. Livr\u00e9e avec une \u00e9tole diaconale.\" \/>\n<meta property=\"og:url\" content=\"https:\/\/www.gruppoliturgico.com\/fr\/produit\/dalmatique-mariale-2\/\" \/>\n<meta property=\"og:site_name\" content=\"Laboratorio Gruppo Liturgico\" \/>\n<meta property=\"og:image\" content=\"https:\/\/www.gruppoliturgico.com\/wp-content\/uploads\/2026\/05\/4163.jpg\" \/>\n\t<meta property=\"og:image:width\" content=\"2000\" \/>\n\t<meta property=\"og:image:height\" content=\"1637\" \/>\n\t<meta property=\"og:image:type\" content=\"image\/jpeg\" \/>\n<meta name=\"twitter:card\" content=\"summary_large_image\" \/>\n<script type=\"application\/ld+json\" class=\"yoast-schema-graph\">{\"@context\":\"https:\/\/schema.org\",\"@graph\":[{\"@type\":\"WebPage\",\"@id\":\"https:\/\/www.gruppoliturgico.com\/fr\/produit\/dalmatique-mariale-2\/\",\"url\":\"https:\/\/www.gruppoliturgico.com\/fr\/produit\/dalmatique-mariale-2\/\",\"name\":\"Dalmatique mariale - dalmatiques et Laboratorio Gruppo Liturgico\",\"isPartOf\":{\"@id\":\"https:\/\/www.gruppoliturgico.com\/es\/#website\"},\"datePublished\":\"2026-05-12T08:33:48+00:00\",\"dateModified\":\"2026-05-12T08:33:48+00:00\",\"description\":\"\u00c9l\u00e9gante dalmatique confectionn\u00e9e dans un tissu m\u00ealant laine, soie et polyester. L\u00e9g\u00e8re et extr\u00eamement douce. Elle pr\u00e9sente, sur les deux c\u00f4t\u00e9s, une broderie diff\u00e9rente repr\u00e9sentant des symboles mariaux, agr\u00e9ment\u00e9e de pierres d\u00e9coratives. Cette dalmatique est enti\u00e8rement bord\u00e9e d'une passementerie argent\u00e9e. Livr\u00e9e avec une \u00e9tole diaconale.\",\"breadcrumb\":{\"@id\":\"https:\/\/www.gruppoliturgico.com\/fr\/produit\/dalmatique-mariale-2\/#breadcrumb\"},\"inLanguage\":\"fr-FR\",\"potentialAction\":[{\"@type\":\"ReadAction\",\"target\":[\"https:\/\/www.gruppoliturgico.com\/fr\/produit\/dalmatique-mariale-2\/\"]}]},{\"@type\":\"BreadcrumbList\",\"@id\":\"https:\/\/www.gruppoliturgico.com\/fr\/produit\/dalmatique-mariale-2\/#breadcrumb\",\"itemListElement\":[{\"@type\":\"ListItem\",\"position\":1,\"name\":\"Home\",\"item\":\"https:\/\/www.gruppoliturgico.com\/fr\/\"},{\"@type\":\"ListItem\",\"position\":2,\"name\":\"Boutique\",\"item\":\"https:\/\/www.gruppoliturgico.com\/fr\/boutique\/\"},{\"@type\":\"ListItem\",\"position\":3,\"name\":\"Dalmatique mariale\"}]},{\"@type\":\"WebSite\",\"@id\":\"https:\/\/www.gruppoliturgico.com\/es\/#website\",\"url\":\"https:\/\/www.gruppoliturgico.com\/es\/\",\"name\":\"Laboratorio Gruppo Liturgico\",\"description\":\"Articoli Religiosi online\",\"publisher\":{\"@id\":\"https:\/\/www.gruppoliturgico.com\/es\/#organization\"},\"potentialAction\":[{\"@type\":\"SearchAction\",\"target\":{\"@type\":\"EntryPoint\",\"urlTemplate\":\"https:\/\/www.gruppoliturgico.com\/es\/?s={search_term_string}\"},\"query-input\":\"required name=search_term_string\"}],\"inLanguage\":\"fr-FR\"},{\"@type\":\"Organization\",\"@id\":\"https:\/\/www.gruppoliturgico.com\/es\/#organization\",\"name\":\"Laboratorio Gruppo Liturgico\",\"url\":\"https:\/\/www.gruppoliturgico.com\/es\/\",\"logo\":{\"@type\":\"ImageObject\",\"inLanguage\":\"fr-FR\",\"@id\":\"https:\/\/www.gruppoliturgico.com\/es\/#\/schema\/logo\/image\/\",\"url\":\"https:\/\/www.gruppoliturgico.com\/wp-content\/uploads\/2022\/02\/logo-laboratoriogruppoliturgico.png\",\"contentUrl\":\"https:\/\/www.gruppoliturgico.com\/wp-content\/uploads\/2022\/02\/logo-laboratoriogruppoliturgico.png\",\"width\":400,\"height\":114,\"caption\":\"Laboratorio Gruppo Liturgico\"},\"image\":{\"@id\":\"https:\/\/www.gruppoliturgico.com\/es\/#\/schema\/logo\/image\/\"}}]}<\/script>\n<!-- \/ Yoast SEO plugin. -->","yoast_head_json":{"title":"Dalmatique mariale - dalmatiques et Laboratorio Gruppo Liturgico","description":"\u00c9l\u00e9gante dalmatique confectionn\u00e9e dans un tissu m\u00ealant laine, soie et polyester. L\u00e9g\u00e8re et extr\u00eamement douce. Elle pr\u00e9sente, sur les deux c\u00f4t\u00e9s, une broderie diff\u00e9rente repr\u00e9sentant des symboles mariaux, agr\u00e9ment\u00e9e de pierres d\u00e9coratives. Cette dalmatique est enti\u00e8rement bord\u00e9e d'une passementerie argent\u00e9e. Livr\u00e9e avec une \u00e9tole diaconale.","robots":{"index":"index","follow":"follow","max-snippet":"max-snippet:-1","max-image-preview":"max-image-preview:large","max-video-preview":"max-video-preview:-1"},"canonical":"https:\/\/www.gruppoliturgico.com\/fr\/produit\/dalmatique-mariale-2\/","og_locale":"fr_FR","og_type":"article","og_title":"Dalmatique mariale - dalmatiques et Laboratorio Gruppo Liturgico","og_description":"\u00c9l\u00e9gante dalmatique confectionn\u00e9e dans un tissu m\u00ealant laine, soie et polyester. L\u00e9g\u00e8re et extr\u00eamement douce. Elle pr\u00e9sente, sur les deux c\u00f4t\u00e9s, une broderie diff\u00e9rente repr\u00e9sentant des symboles mariaux, agr\u00e9ment\u00e9e de pierres d\u00e9coratives. Cette dalmatique est enti\u00e8rement bord\u00e9e d'une passementerie argent\u00e9e. Livr\u00e9e avec une \u00e9tole diaconale.","og_url":"https:\/\/www.gruppoliturgico.com\/fr\/produit\/dalmatique-mariale-2\/","og_site_name":"Laboratorio Gruppo Liturgico","og_image":[{"width":2000,"height":1637,"url":"https:\/\/www.gruppoliturgico.com\/wp-content\/uploads\/2026\/05\/4163.jpg","type":"image\/jpeg"}],"twitter_card":"summary_large_image","schema":{"@context":"https:\/\/schema.org","@graph":[{"@type":"WebPage","@id":"https:\/\/www.gruppoliturgico.com\/fr\/produit\/dalmatique-mariale-2\/","url":"https:\/\/www.gruppoliturgico.com\/fr\/produit\/dalmatique-mariale-2\/","name":"Dalmatique mariale - dalmatiques et Laboratorio Gruppo Liturgico","isPartOf":{"@id":"https:\/\/www.gruppoliturgico.com\/es\/#website"},"datePublished":"2026-05-12T08:33:48+00:00","dateModified":"2026-05-12T08:33:48+00:00","description":"\u00c9l\u00e9gante dalmatique confectionn\u00e9e dans un tissu m\u00ealant laine, soie et polyester. L\u00e9g\u00e8re et extr\u00eamement douce. Elle pr\u00e9sente, sur les deux c\u00f4t\u00e9s, une broderie diff\u00e9rente repr\u00e9sentant des symboles mariaux, agr\u00e9ment\u00e9e de pierres d\u00e9coratives. Cette dalmatique est enti\u00e8rement bord\u00e9e d'une passementerie argent\u00e9e. Livr\u00e9e avec une \u00e9tole diaconale.","breadcrumb":{"@id":"https:\/\/www.gruppoliturgico.com\/fr\/produit\/dalmatique-mariale-2\/#breadcrumb"},"inLanguage":"fr-FR","potentialAction":[{"@type":"ReadAction","target":["https:\/\/www.gruppoliturgico.com\/fr\/produit\/dalmatique-mariale-2\/"]}]},{"@type":"BreadcrumbList","@id":"https:\/\/www.gruppoliturgico.com\/fr\/produit\/dalmatique-mariale-2\/#breadcrumb","itemListElement":[{"@type":"ListItem","position":1,"name":"Home","item":"https:\/\/www.gruppoliturgico.com\/fr\/"},{"@type":"ListItem","position":2,"name":"Boutique","item":"https:\/\/www.gruppoliturgico.com\/fr\/boutique\/"},{"@type":"ListItem","position":3,"name":"Dalmatique mariale"}]},{"@type":"WebSite","@id":"https:\/\/www.gruppoliturgico.com\/es\/#website","url":"https:\/\/www.gruppoliturgico.com\/es\/","name":"Laboratorio Gruppo Liturgico","description":"Articoli Religiosi online","publisher":{"@id":"https:\/\/www.gruppoliturgico.com\/es\/#organization"},"potentialAction":[{"@type":"SearchAction","target":{"@type":"EntryPoint","urlTemplate":"https:\/\/www.gruppoliturgico.com\/es\/?s={search_term_string}"},"query-input":"required name=search_term_string"}],"inLanguage":"fr-FR"},{"@type":"Organization","@id":"https:\/\/www.gruppoliturgico.com\/es\/#organization","name":"Laboratorio Gruppo Liturgico","url":"https:\/\/www.gruppoliturgico.com\/es\/","logo":{"@type":"ImageObject","inLanguage":"fr-FR","@id":"https:\/\/www.gruppoliturgico.com\/es\/#\/schema\/logo\/image\/","url":"https:\/\/www.gruppoliturgico.com\/wp-content\/uploads\/2022\/02\/logo-laboratoriogruppoliturgico.png","contentUrl":"https:\/\/www.gruppoliturgico.com\/wp-content\/uploads\/2022\/02\/logo-laboratoriogruppoliturgico.png","width":400,"height":114,"caption":"Laboratorio Gruppo Liturgico"},"image":{"@id":"https:\/\/www.gruppoliturgico.com\/es\/#\/schema\/logo\/image\/"}}]}},"_links":{"self":[{"href":"https:\/\/www.gruppoliturgico.com\/fr\/wp-json\/wp\/v2\/product\/143704"}],"collection":[{"href":"https:\/\/www.gruppoliturgico.com\/fr\/wp-json\/wp\/v2\/product"}],"about":[{"href":"https:\/\/www.gruppoliturgico.com\/fr\/wp-json\/wp\/v2\/types\/product"}],"wp:featuredmedia":[{"embeddable":true,"href":"https:\/\/www.gruppoliturgico.com\/fr\/wp-json\/wp\/v2\/media\/143765"}],"wp:attachment":[{"href":"https:\/\/www.gruppoliturgico.com\/fr\/wp-json\/wp\/v2\/media?parent=143704"}],"wp:term":[{"taxonomy":"product_cat","embeddable":true,"href":"https:\/\/www.gruppoliturgico.com\/fr\/wp-json\/wp\/v2\/product_cat?post=143704"},{"taxonomy":"product_tag","embeddable":true,"href":"https:\/\/www.gruppoliturgico.com\/fr\/wp-json\/wp\/v2\/product_tag?post=143704"}],"curies":[{"name":"wp","href":"https:\/\/api.w.org\/{rel}","templated":true}]}}