{"id":143594,"date":"2026-05-07T16:00:48","date_gmt":"2026-05-07T14:00:48","guid":{"rendered":"https:\/\/www.gruppoliturgico.com\/prodotto\/calice-64\/"},"modified":"2026-05-07T16:00:48","modified_gmt":"2026-05-07T14:00:48","slug":"calice-64","status":"publish","type":"product","link":"https:\/\/www.gruppoliturgico.com\/fr\/produit\/calice-64\/","title":{"rendered":"Calice"},"content":{"rendered":"<html><body><p>Prestigieux calice en laiton argent\u00e9.<br>\nIl pr\u00e9sente d\u2019innombrables ciselures r\u00e9alis\u00e9es \u00e0 la main.<br>\nLa base est orn\u00e9e de symboles des quatre \u00e9vang\u00e9listes r\u00e9alis\u00e9s selon la technique de la cire perdue.<br>\nPierres dures d\u00e9coratives.<br>\nHauteur : 22 cm<br>\nDiam\u00e8tre de la coupe : 9,5 cm<\/p>\n<\/body><\/html>","protected":false},"excerpt":{"rendered":"<p>Prestigieux calice en laiton argent\u00e9.<br \/>\nIl pr\u00e9sente d&rsquo;innombrables ciselures r\u00e9alis\u00e9es \u00e0 la main.<br \/>\nLa base est orn\u00e9e de symboles des quatre \u00e9vang\u00e9listes r\u00e9alis\u00e9s selon la technique de la cire perdue.<br \/>\nPierres dures d\u00e9coratives.<br \/>\nHauteur : 22 cm<br \/>\nDiam\u00e8tre de la coupe : 9,5 cm<\/p>\n","protected":false},"featured_media":143571,"template":"","meta":[],"product_cat":[12028],"product_tag":[],"yoast_head":"<!-- This site is optimized with the Yoast SEO plugin v20.4 - https:\/\/yoast.com\/wordpress\/plugins\/seo\/ -->\n<title>Calice - collection calices et Laboratorio Gruppo Liturgico<\/title>\n<meta name=\"description\" content=\"Prestigieux calice en laiton argent\u00e9. Il pr\u00e9sente d&#039;innombrables ciselures r\u00e9alis\u00e9es \u00e0 la main. La base est orn\u00e9e de symboles des quatre \u00e9vang\u00e9listes r\u00e9alis\u00e9s selon la technique de la cire perdue. Pierres dures d\u00e9coratives. Hauteur : 22 cm Diam\u00e8tre de la coupe : 9,5 cm\" \/>\n<meta name=\"robots\" content=\"index, follow, max-snippet:-1, max-image-preview:large, max-video-preview:-1\" \/>\n<link rel=\"canonical\" href=\"https:\/\/www.gruppoliturgico.com\/fr\/produit\/calice-64\/\" \/>\n<meta property=\"og:locale\" content=\"fr_FR\" \/>\n<meta property=\"og:type\" content=\"article\" \/>\n<meta property=\"og:title\" content=\"Calice - collection calices et Laboratorio Gruppo Liturgico\" \/>\n<meta property=\"og:description\" content=\"Prestigieux calice en laiton argent\u00e9. Il pr\u00e9sente d&#039;innombrables ciselures r\u00e9alis\u00e9es \u00e0 la main. La base est orn\u00e9e de symboles des quatre \u00e9vang\u00e9listes r\u00e9alis\u00e9s selon la technique de la cire perdue. Pierres dures d\u00e9coratives. Hauteur : 22 cm Diam\u00e8tre de la coupe : 9,5 cm\" \/>\n<meta property=\"og:url\" content=\"https:\/\/www.gruppoliturgico.com\/fr\/produit\/calice-64\/\" \/>\n<meta property=\"og:site_name\" content=\"Laboratorio Gruppo Liturgico\" \/>\n<meta property=\"og:image\" content=\"https:\/\/www.gruppoliturgico.com\/wp-content\/uploads\/2026\/05\/4217-6.jpg\" \/>\n\t<meta property=\"og:image:width\" content=\"1153\" \/>\n\t<meta property=\"og:image:height\" content=\"2001\" \/>\n\t<meta property=\"og:image:type\" content=\"image\/jpeg\" \/>\n<meta name=\"twitter:card\" content=\"summary_large_image\" \/>\n<script type=\"application\/ld+json\" class=\"yoast-schema-graph\">{\"@context\":\"https:\/\/schema.org\",\"@graph\":[{\"@type\":\"WebPage\",\"@id\":\"https:\/\/www.gruppoliturgico.com\/fr\/produit\/calice-64\/\",\"url\":\"https:\/\/www.gruppoliturgico.com\/fr\/produit\/calice-64\/\",\"name\":\"Calice - collection calices et Laboratorio Gruppo Liturgico\",\"isPartOf\":{\"@id\":\"https:\/\/www.gruppoliturgico.com\/es\/#website\"},\"datePublished\":\"2026-05-07T14:00:48+00:00\",\"dateModified\":\"2026-05-07T14:00:48+00:00\",\"description\":\"Prestigieux calice en laiton argent\u00e9. Il pr\u00e9sente d'innombrables ciselures r\u00e9alis\u00e9es \u00e0 la main. La base est orn\u00e9e de symboles des quatre \u00e9vang\u00e9listes r\u00e9alis\u00e9s selon la technique de la cire perdue. Pierres dures d\u00e9coratives. Hauteur : 22 cm Diam\u00e8tre de la coupe : 9,5 cm\",\"breadcrumb\":{\"@id\":\"https:\/\/www.gruppoliturgico.com\/fr\/produit\/calice-64\/#breadcrumb\"},\"inLanguage\":\"fr-FR\",\"potentialAction\":[{\"@type\":\"ReadAction\",\"target\":[\"https:\/\/www.gruppoliturgico.com\/fr\/produit\/calice-64\/\"]}]},{\"@type\":\"BreadcrumbList\",\"@id\":\"https:\/\/www.gruppoliturgico.com\/fr\/produit\/calice-64\/#breadcrumb\",\"itemListElement\":[{\"@type\":\"ListItem\",\"position\":1,\"name\":\"Home\",\"item\":\"https:\/\/www.gruppoliturgico.com\/fr\/\"},{\"@type\":\"ListItem\",\"position\":2,\"name\":\"Boutique\",\"item\":\"https:\/\/www.gruppoliturgico.com\/fr\/boutique\/\"},{\"@type\":\"ListItem\",\"position\":3,\"name\":\"Calice\"}]},{\"@type\":\"WebSite\",\"@id\":\"https:\/\/www.gruppoliturgico.com\/es\/#website\",\"url\":\"https:\/\/www.gruppoliturgico.com\/es\/\",\"name\":\"Laboratorio Gruppo Liturgico\",\"description\":\"Articoli Religiosi online\",\"publisher\":{\"@id\":\"https:\/\/www.gruppoliturgico.com\/es\/#organization\"},\"potentialAction\":[{\"@type\":\"SearchAction\",\"target\":{\"@type\":\"EntryPoint\",\"urlTemplate\":\"https:\/\/www.gruppoliturgico.com\/es\/?s={search_term_string}\"},\"query-input\":\"required name=search_term_string\"}],\"inLanguage\":\"fr-FR\"},{\"@type\":\"Organization\",\"@id\":\"https:\/\/www.gruppoliturgico.com\/es\/#organization\",\"name\":\"Laboratorio Gruppo Liturgico\",\"url\":\"https:\/\/www.gruppoliturgico.com\/es\/\",\"logo\":{\"@type\":\"ImageObject\",\"inLanguage\":\"fr-FR\",\"@id\":\"https:\/\/www.gruppoliturgico.com\/es\/#\/schema\/logo\/image\/\",\"url\":\"https:\/\/www.gruppoliturgico.com\/wp-content\/uploads\/2022\/02\/logo-laboratoriogruppoliturgico.png\",\"contentUrl\":\"https:\/\/www.gruppoliturgico.com\/wp-content\/uploads\/2022\/02\/logo-laboratoriogruppoliturgico.png\",\"width\":400,\"height\":114,\"caption\":\"Laboratorio Gruppo Liturgico\"},\"image\":{\"@id\":\"https:\/\/www.gruppoliturgico.com\/es\/#\/schema\/logo\/image\/\"}}]}<\/script>\n<!-- \/ Yoast SEO plugin. -->","yoast_head_json":{"title":"Calice - collection calices et Laboratorio Gruppo Liturgico","description":"Prestigieux calice en laiton argent\u00e9. Il pr\u00e9sente d'innombrables ciselures r\u00e9alis\u00e9es \u00e0 la main. La base est orn\u00e9e de symboles des quatre \u00e9vang\u00e9listes r\u00e9alis\u00e9s selon la technique de la cire perdue. Pierres dures d\u00e9coratives. Hauteur : 22 cm Diam\u00e8tre de la coupe : 9,5 cm","robots":{"index":"index","follow":"follow","max-snippet":"max-snippet:-1","max-image-preview":"max-image-preview:large","max-video-preview":"max-video-preview:-1"},"canonical":"https:\/\/www.gruppoliturgico.com\/fr\/produit\/calice-64\/","og_locale":"fr_FR","og_type":"article","og_title":"Calice - collection calices et Laboratorio Gruppo Liturgico","og_description":"Prestigieux calice en laiton argent\u00e9. Il pr\u00e9sente d'innombrables ciselures r\u00e9alis\u00e9es \u00e0 la main. La base est orn\u00e9e de symboles des quatre \u00e9vang\u00e9listes r\u00e9alis\u00e9s selon la technique de la cire perdue. Pierres dures d\u00e9coratives. Hauteur : 22 cm Diam\u00e8tre de la coupe : 9,5 cm","og_url":"https:\/\/www.gruppoliturgico.com\/fr\/produit\/calice-64\/","og_site_name":"Laboratorio Gruppo Liturgico","og_image":[{"width":1153,"height":2001,"url":"https:\/\/www.gruppoliturgico.com\/wp-content\/uploads\/2026\/05\/4217-6.jpg","type":"image\/jpeg"}],"twitter_card":"summary_large_image","schema":{"@context":"https:\/\/schema.org","@graph":[{"@type":"WebPage","@id":"https:\/\/www.gruppoliturgico.com\/fr\/produit\/calice-64\/","url":"https:\/\/www.gruppoliturgico.com\/fr\/produit\/calice-64\/","name":"Calice - collection calices et Laboratorio Gruppo Liturgico","isPartOf":{"@id":"https:\/\/www.gruppoliturgico.com\/es\/#website"},"datePublished":"2026-05-07T14:00:48+00:00","dateModified":"2026-05-07T14:00:48+00:00","description":"Prestigieux calice en laiton argent\u00e9. Il pr\u00e9sente d'innombrables ciselures r\u00e9alis\u00e9es \u00e0 la main. La base est orn\u00e9e de symboles des quatre \u00e9vang\u00e9listes r\u00e9alis\u00e9s selon la technique de la cire perdue. Pierres dures d\u00e9coratives. Hauteur : 22 cm Diam\u00e8tre de la coupe : 9,5 cm","breadcrumb":{"@id":"https:\/\/www.gruppoliturgico.com\/fr\/produit\/calice-64\/#breadcrumb"},"inLanguage":"fr-FR","potentialAction":[{"@type":"ReadAction","target":["https:\/\/www.gruppoliturgico.com\/fr\/produit\/calice-64\/"]}]},{"@type":"BreadcrumbList","@id":"https:\/\/www.gruppoliturgico.com\/fr\/produit\/calice-64\/#breadcrumb","itemListElement":[{"@type":"ListItem","position":1,"name":"Home","item":"https:\/\/www.gruppoliturgico.com\/fr\/"},{"@type":"ListItem","position":2,"name":"Boutique","item":"https:\/\/www.gruppoliturgico.com\/fr\/boutique\/"},{"@type":"ListItem","position":3,"name":"Calice"}]},{"@type":"WebSite","@id":"https:\/\/www.gruppoliturgico.com\/es\/#website","url":"https:\/\/www.gruppoliturgico.com\/es\/","name":"Laboratorio Gruppo Liturgico","description":"Articoli Religiosi online","publisher":{"@id":"https:\/\/www.gruppoliturgico.com\/es\/#organization"},"potentialAction":[{"@type":"SearchAction","target":{"@type":"EntryPoint","urlTemplate":"https:\/\/www.gruppoliturgico.com\/es\/?s={search_term_string}"},"query-input":"required name=search_term_string"}],"inLanguage":"fr-FR"},{"@type":"Organization","@id":"https:\/\/www.gruppoliturgico.com\/es\/#organization","name":"Laboratorio Gruppo Liturgico","url":"https:\/\/www.gruppoliturgico.com\/es\/","logo":{"@type":"ImageObject","inLanguage":"fr-FR","@id":"https:\/\/www.gruppoliturgico.com\/es\/#\/schema\/logo\/image\/","url":"https:\/\/www.gruppoliturgico.com\/wp-content\/uploads\/2022\/02\/logo-laboratoriogruppoliturgico.png","contentUrl":"https:\/\/www.gruppoliturgico.com\/wp-content\/uploads\/2022\/02\/logo-laboratoriogruppoliturgico.png","width":400,"height":114,"caption":"Laboratorio Gruppo Liturgico"},"image":{"@id":"https:\/\/www.gruppoliturgico.com\/es\/#\/schema\/logo\/image\/"}}]}},"_links":{"self":[{"href":"https:\/\/www.gruppoliturgico.com\/fr\/wp-json\/wp\/v2\/product\/143594"}],"collection":[{"href":"https:\/\/www.gruppoliturgico.com\/fr\/wp-json\/wp\/v2\/product"}],"about":[{"href":"https:\/\/www.gruppoliturgico.com\/fr\/wp-json\/wp\/v2\/types\/product"}],"wp:featuredmedia":[{"embeddable":true,"href":"https:\/\/www.gruppoliturgico.com\/fr\/wp-json\/wp\/v2\/media\/143571"}],"wp:attachment":[{"href":"https:\/\/www.gruppoliturgico.com\/fr\/wp-json\/wp\/v2\/media?parent=143594"}],"wp:term":[{"taxonomy":"product_cat","embeddable":true,"href":"https:\/\/www.gruppoliturgico.com\/fr\/wp-json\/wp\/v2\/product_cat?post=143594"},{"taxonomy":"product_tag","embeddable":true,"href":"https:\/\/www.gruppoliturgico.com\/fr\/wp-json\/wp\/v2\/product_tag?post=143594"}],"curies":[{"name":"wp","href":"https:\/\/api.w.org\/{rel}","templated":true}]}}