{"id":143540,"date":"2026-05-06T11:12:48","date_gmt":"2026-05-06T09:12:48","guid":{"rendered":"https:\/\/www.gruppoliturgico.com\/prodotto\/etole-mariale-de-diacre-3\/"},"modified":"2026-05-06T15:17:24","modified_gmt":"2026-05-06T13:17:24","slug":"etole-mariale-de-diacre-3","status":"publish","type":"product","link":"https:\/\/www.gruppoliturgico.com\/fr\/produit\/etole-mariale-de-diacre-3\/","title":{"rendered":"\u00c9tole mariale de diacre"},"content":{"rendered":"<html><body><p>\u00c9tole en tissu blanc, brod\u00e9e de fil de soie repr\u00e9sentant le monogramme marial et une couronne royale dans la partie inf\u00e9rieure, et d\u2019un rameau fleuri dans la partie sup\u00e9rieure.La broderie se r\u00e9p\u00e8te dans les deux c\u00f4t\u00e9s.<\/p>\n<\/body><\/html>","protected":false},"excerpt":{"rendered":"<p>\u00c9tole en tissu blanc, brod\u00e9e de fil de soie repr\u00e9sentant le monogramme marial et une couronne royale dans la partie inf\u00e9rieure, et d&rsquo;un rameau fleuri dans la partie sup\u00e9rieure.La broderie se r\u00e9p\u00e8te dans les deux c\u00f4t\u00e9s..<\/p>\n","protected":false},"featured_media":143529,"template":"","meta":[],"product_cat":[12320],"product_tag":[],"yoast_head":"<!-- This site is optimized with the Yoast SEO plugin v20.4 - https:\/\/yoast.com\/wordpress\/plugins\/seo\/ -->\n<title>\u00c9tole mariale de diacre - \u00e9toles de diacre et Laboratorio Gruppo Liturgico<\/title>\n<meta name=\"description\" content=\"\u00c9tole en tissu blanc, brod\u00e9e de fil de soie repr\u00e9sentant le monogramme marial et une couronne royale dans la partie inf\u00e9rieure, et d&#039;un rameau fleuri dans la partie sup\u00e9rieure.La broderie se r\u00e9p\u00e8te dans les deux c\u00f4t\u00e9s..\" \/>\n<meta name=\"robots\" content=\"index, follow, max-snippet:-1, max-image-preview:large, max-video-preview:-1\" \/>\n<link rel=\"canonical\" href=\"https:\/\/www.gruppoliturgico.com\/fr\/produit\/etole-mariale-de-diacre-3\/\" \/>\n<meta property=\"og:locale\" content=\"fr_FR\" \/>\n<meta property=\"og:type\" content=\"article\" \/>\n<meta property=\"og:title\" content=\"\u00c9tole mariale de diacre - \u00e9toles de diacre et Laboratorio Gruppo Liturgico\" \/>\n<meta property=\"og:description\" content=\"\u00c9tole en tissu blanc, brod\u00e9e de fil de soie repr\u00e9sentant le monogramme marial et une couronne royale dans la partie inf\u00e9rieure, et d&#039;un rameau fleuri dans la partie sup\u00e9rieure.La broderie se r\u00e9p\u00e8te dans les deux c\u00f4t\u00e9s..\" \/>\n<meta property=\"og:url\" content=\"https:\/\/www.gruppoliturgico.com\/fr\/produit\/etole-mariale-de-diacre-3\/\" \/>\n<meta property=\"og:site_name\" content=\"Laboratorio Gruppo Liturgico\" \/>\n<meta property=\"article:modified_time\" content=\"2026-05-06T13:17:24+00:00\" \/>\n<meta property=\"og:image\" content=\"https:\/\/www.gruppoliturgico.com\/wp-content\/uploads\/2026\/05\/4198-1.jpg\" \/>\n\t<meta property=\"og:image:width\" content=\"1483\" \/>\n\t<meta property=\"og:image:height\" content=\"2001\" \/>\n\t<meta property=\"og:image:type\" content=\"image\/jpeg\" \/>\n<meta name=\"twitter:card\" content=\"summary_large_image\" \/>\n<script type=\"application\/ld+json\" class=\"yoast-schema-graph\">{\"@context\":\"https:\/\/schema.org\",\"@graph\":[{\"@type\":\"WebPage\",\"@id\":\"https:\/\/www.gruppoliturgico.com\/fr\/produit\/etole-mariale-de-diacre-3\/\",\"url\":\"https:\/\/www.gruppoliturgico.com\/fr\/produit\/etole-mariale-de-diacre-3\/\",\"name\":\"\u00c9tole mariale de diacre - \u00e9toles de diacre et Laboratorio Gruppo Liturgico\",\"isPartOf\":{\"@id\":\"https:\/\/www.gruppoliturgico.com\/es\/#website\"},\"datePublished\":\"2026-05-06T09:12:48+00:00\",\"dateModified\":\"2026-05-06T13:17:24+00:00\",\"description\":\"\u00c9tole en tissu blanc, brod\u00e9e de fil de soie repr\u00e9sentant le monogramme marial et une couronne royale dans la partie inf\u00e9rieure, et d'un rameau fleuri dans la partie sup\u00e9rieure.La broderie se r\u00e9p\u00e8te dans les deux c\u00f4t\u00e9s..\",\"breadcrumb\":{\"@id\":\"https:\/\/www.gruppoliturgico.com\/fr\/produit\/etole-mariale-de-diacre-3\/#breadcrumb\"},\"inLanguage\":\"fr-FR\",\"potentialAction\":[{\"@type\":\"ReadAction\",\"target\":[\"https:\/\/www.gruppoliturgico.com\/fr\/produit\/etole-mariale-de-diacre-3\/\"]}]},{\"@type\":\"BreadcrumbList\",\"@id\":\"https:\/\/www.gruppoliturgico.com\/fr\/produit\/etole-mariale-de-diacre-3\/#breadcrumb\",\"itemListElement\":[{\"@type\":\"ListItem\",\"position\":1,\"name\":\"Home\",\"item\":\"https:\/\/www.gruppoliturgico.com\/fr\/\"},{\"@type\":\"ListItem\",\"position\":2,\"name\":\"Boutique\",\"item\":\"https:\/\/www.gruppoliturgico.com\/fr\/boutique\/\"},{\"@type\":\"ListItem\",\"position\":3,\"name\":\"\u00c9tole mariale de diacre\"}]},{\"@type\":\"WebSite\",\"@id\":\"https:\/\/www.gruppoliturgico.com\/es\/#website\",\"url\":\"https:\/\/www.gruppoliturgico.com\/es\/\",\"name\":\"Laboratorio Gruppo Liturgico\",\"description\":\"Articoli Religiosi online\",\"publisher\":{\"@id\":\"https:\/\/www.gruppoliturgico.com\/es\/#organization\"},\"potentialAction\":[{\"@type\":\"SearchAction\",\"target\":{\"@type\":\"EntryPoint\",\"urlTemplate\":\"https:\/\/www.gruppoliturgico.com\/es\/?s={search_term_string}\"},\"query-input\":\"required name=search_term_string\"}],\"inLanguage\":\"fr-FR\"},{\"@type\":\"Organization\",\"@id\":\"https:\/\/www.gruppoliturgico.com\/es\/#organization\",\"name\":\"Laboratorio Gruppo Liturgico\",\"url\":\"https:\/\/www.gruppoliturgico.com\/es\/\",\"logo\":{\"@type\":\"ImageObject\",\"inLanguage\":\"fr-FR\",\"@id\":\"https:\/\/www.gruppoliturgico.com\/es\/#\/schema\/logo\/image\/\",\"url\":\"https:\/\/www.gruppoliturgico.com\/wp-content\/uploads\/2022\/02\/logo-laboratoriogruppoliturgico.png\",\"contentUrl\":\"https:\/\/www.gruppoliturgico.com\/wp-content\/uploads\/2022\/02\/logo-laboratoriogruppoliturgico.png\",\"width\":400,\"height\":114,\"caption\":\"Laboratorio Gruppo Liturgico\"},\"image\":{\"@id\":\"https:\/\/www.gruppoliturgico.com\/es\/#\/schema\/logo\/image\/\"}}]}<\/script>\n<!-- \/ Yoast SEO plugin. -->","yoast_head_json":{"title":"\u00c9tole mariale de diacre - \u00e9toles de diacre et Laboratorio Gruppo Liturgico","description":"\u00c9tole en tissu blanc, brod\u00e9e de fil de soie repr\u00e9sentant le monogramme marial et une couronne royale dans la partie inf\u00e9rieure, et d'un rameau fleuri dans la partie sup\u00e9rieure.La broderie se r\u00e9p\u00e8te dans les deux c\u00f4t\u00e9s..","robots":{"index":"index","follow":"follow","max-snippet":"max-snippet:-1","max-image-preview":"max-image-preview:large","max-video-preview":"max-video-preview:-1"},"canonical":"https:\/\/www.gruppoliturgico.com\/fr\/produit\/etole-mariale-de-diacre-3\/","og_locale":"fr_FR","og_type":"article","og_title":"\u00c9tole mariale de diacre - \u00e9toles de diacre et Laboratorio Gruppo Liturgico","og_description":"\u00c9tole en tissu blanc, brod\u00e9e de fil de soie repr\u00e9sentant le monogramme marial et une couronne royale dans la partie inf\u00e9rieure, et d'un rameau fleuri dans la partie sup\u00e9rieure.La broderie se r\u00e9p\u00e8te dans les deux c\u00f4t\u00e9s..","og_url":"https:\/\/www.gruppoliturgico.com\/fr\/produit\/etole-mariale-de-diacre-3\/","og_site_name":"Laboratorio Gruppo Liturgico","article_modified_time":"2026-05-06T13:17:24+00:00","og_image":[{"width":1483,"height":2001,"url":"https:\/\/www.gruppoliturgico.com\/wp-content\/uploads\/2026\/05\/4198-1.jpg","type":"image\/jpeg"}],"twitter_card":"summary_large_image","schema":{"@context":"https:\/\/schema.org","@graph":[{"@type":"WebPage","@id":"https:\/\/www.gruppoliturgico.com\/fr\/produit\/etole-mariale-de-diacre-3\/","url":"https:\/\/www.gruppoliturgico.com\/fr\/produit\/etole-mariale-de-diacre-3\/","name":"\u00c9tole mariale de diacre - \u00e9toles de diacre et Laboratorio Gruppo Liturgico","isPartOf":{"@id":"https:\/\/www.gruppoliturgico.com\/es\/#website"},"datePublished":"2026-05-06T09:12:48+00:00","dateModified":"2026-05-06T13:17:24+00:00","description":"\u00c9tole en tissu blanc, brod\u00e9e de fil de soie repr\u00e9sentant le monogramme marial et une couronne royale dans la partie inf\u00e9rieure, et d'un rameau fleuri dans la partie sup\u00e9rieure.La broderie se r\u00e9p\u00e8te dans les deux c\u00f4t\u00e9s..","breadcrumb":{"@id":"https:\/\/www.gruppoliturgico.com\/fr\/produit\/etole-mariale-de-diacre-3\/#breadcrumb"},"inLanguage":"fr-FR","potentialAction":[{"@type":"ReadAction","target":["https:\/\/www.gruppoliturgico.com\/fr\/produit\/etole-mariale-de-diacre-3\/"]}]},{"@type":"BreadcrumbList","@id":"https:\/\/www.gruppoliturgico.com\/fr\/produit\/etole-mariale-de-diacre-3\/#breadcrumb","itemListElement":[{"@type":"ListItem","position":1,"name":"Home","item":"https:\/\/www.gruppoliturgico.com\/fr\/"},{"@type":"ListItem","position":2,"name":"Boutique","item":"https:\/\/www.gruppoliturgico.com\/fr\/boutique\/"},{"@type":"ListItem","position":3,"name":"\u00c9tole mariale de diacre"}]},{"@type":"WebSite","@id":"https:\/\/www.gruppoliturgico.com\/es\/#website","url":"https:\/\/www.gruppoliturgico.com\/es\/","name":"Laboratorio Gruppo Liturgico","description":"Articoli Religiosi online","publisher":{"@id":"https:\/\/www.gruppoliturgico.com\/es\/#organization"},"potentialAction":[{"@type":"SearchAction","target":{"@type":"EntryPoint","urlTemplate":"https:\/\/www.gruppoliturgico.com\/es\/?s={search_term_string}"},"query-input":"required name=search_term_string"}],"inLanguage":"fr-FR"},{"@type":"Organization","@id":"https:\/\/www.gruppoliturgico.com\/es\/#organization","name":"Laboratorio Gruppo Liturgico","url":"https:\/\/www.gruppoliturgico.com\/es\/","logo":{"@type":"ImageObject","inLanguage":"fr-FR","@id":"https:\/\/www.gruppoliturgico.com\/es\/#\/schema\/logo\/image\/","url":"https:\/\/www.gruppoliturgico.com\/wp-content\/uploads\/2022\/02\/logo-laboratoriogruppoliturgico.png","contentUrl":"https:\/\/www.gruppoliturgico.com\/wp-content\/uploads\/2022\/02\/logo-laboratoriogruppoliturgico.png","width":400,"height":114,"caption":"Laboratorio Gruppo Liturgico"},"image":{"@id":"https:\/\/www.gruppoliturgico.com\/es\/#\/schema\/logo\/image\/"}}]}},"_links":{"self":[{"href":"https:\/\/www.gruppoliturgico.com\/fr\/wp-json\/wp\/v2\/product\/143540"}],"collection":[{"href":"https:\/\/www.gruppoliturgico.com\/fr\/wp-json\/wp\/v2\/product"}],"about":[{"href":"https:\/\/www.gruppoliturgico.com\/fr\/wp-json\/wp\/v2\/types\/product"}],"wp:featuredmedia":[{"embeddable":true,"href":"https:\/\/www.gruppoliturgico.com\/fr\/wp-json\/wp\/v2\/media\/143529"}],"wp:attachment":[{"href":"https:\/\/www.gruppoliturgico.com\/fr\/wp-json\/wp\/v2\/media?parent=143540"}],"wp:term":[{"taxonomy":"product_cat","embeddable":true,"href":"https:\/\/www.gruppoliturgico.com\/fr\/wp-json\/wp\/v2\/product_cat?post=143540"},{"taxonomy":"product_tag","embeddable":true,"href":"https:\/\/www.gruppoliturgico.com\/fr\/wp-json\/wp\/v2\/product_tag?post=143540"}],"curies":[{"name":"wp","href":"https:\/\/api.w.org\/{rel}","templated":true}]}}