{"id":143447,"date":"2026-05-05T16:43:11","date_gmt":"2026-05-05T14:43:11","guid":{"rendered":"https:\/\/www.gruppoliturgico.com\/prodotto\/calice-18\/"},"modified":"2026-05-05T16:43:11","modified_gmt":"2026-05-05T14:43:11","slug":"calice-18","status":"publish","type":"product","link":"https:\/\/www.gruppoliturgico.com\/fr\/produit\/calice-18\/","title":{"rendered":"Calice"},"content":{"rendered":"<html><body><p>Calice en laiton argent\u00e9.<br>\nLa base et le dessous de la coupe sont orn\u00e9s de ciselures repr\u00e9sentant des grappes de raisin et des feuilles de vigne.<br>\nSon \u00e9clat particulier lui conf\u00e8re une grande \u00e9l\u00e9gance.<br>\nHauteur : 21 cm<br>\nDiam\u00e8tre de la coupe : 8,5 cm<\/p>\n<\/body><\/html>","protected":false},"excerpt":{"rendered":"<p>Calice en laiton argent\u00e9.<br \/>\nLa base et le dessous de la coupe sont orn\u00e9s de ciselures repr\u00e9sentant des grappes de raisin et des feuilles de vigne.<br \/>\nSon \u00e9clat particulier lui conf\u00e8re une grande \u00e9l\u00e9gance.<br \/>\nHauteur : 21 cm<br \/>\nDiam\u00e8tre de la coupe : 8,5 cm<\/p>\n","protected":false},"featured_media":143440,"template":"","meta":[],"product_cat":[12028],"product_tag":[],"yoast_head":"<!-- This site is optimized with the Yoast SEO plugin v20.4 - https:\/\/yoast.com\/wordpress\/plugins\/seo\/ -->\n<title>Calice - collection calices et Laboratorio Gruppo Liturgico<\/title>\n<meta name=\"description\" content=\"Calice en laiton argent\u00e9. La base et le dessous de la coupe sont orn\u00e9s de ciselures repr\u00e9sentant des grappes de raisin et des feuilles de vigne. Son \u00e9clat particulier lui conf\u00e8re une grande \u00e9l\u00e9gance. Hauteur : 21 cm Diam\u00e8tre de la coupe : 8,5 cm\" \/>\n<meta name=\"robots\" content=\"index, follow, max-snippet:-1, max-image-preview:large, max-video-preview:-1\" \/>\n<link rel=\"canonical\" href=\"https:\/\/www.gruppoliturgico.com\/fr\/produit\/calice-18\/\" \/>\n<meta property=\"og:locale\" content=\"fr_FR\" \/>\n<meta property=\"og:type\" content=\"article\" \/>\n<meta property=\"og:title\" content=\"Calice - collection calices et Laboratorio Gruppo Liturgico\" \/>\n<meta property=\"og:description\" content=\"Calice en laiton argent\u00e9. La base et le dessous de la coupe sont orn\u00e9s de ciselures repr\u00e9sentant des grappes de raisin et des feuilles de vigne. Son \u00e9clat particulier lui conf\u00e8re une grande \u00e9l\u00e9gance. Hauteur : 21 cm Diam\u00e8tre de la coupe : 8,5 cm\" \/>\n<meta property=\"og:url\" content=\"https:\/\/www.gruppoliturgico.com\/fr\/produit\/calice-18\/\" \/>\n<meta property=\"og:site_name\" content=\"Laboratorio Gruppo Liturgico\" \/>\n<meta property=\"og:image\" content=\"https:\/\/www.gruppoliturgico.com\/wp-content\/uploads\/2026\/05\/4184-1.jpg\" \/>\n\t<meta property=\"og:image:width\" content=\"1274\" \/>\n\t<meta property=\"og:image:height\" content=\"2048\" \/>\n\t<meta property=\"og:image:type\" content=\"image\/jpeg\" \/>\n<meta name=\"twitter:card\" content=\"summary_large_image\" \/>\n<script type=\"application\/ld+json\" class=\"yoast-schema-graph\">{\"@context\":\"https:\/\/schema.org\",\"@graph\":[{\"@type\":\"WebPage\",\"@id\":\"https:\/\/www.gruppoliturgico.com\/fr\/produit\/calice-18\/\",\"url\":\"https:\/\/www.gruppoliturgico.com\/fr\/produit\/calice-18\/\",\"name\":\"Calice - collection calices et Laboratorio Gruppo Liturgico\",\"isPartOf\":{\"@id\":\"https:\/\/www.gruppoliturgico.com\/es\/#website\"},\"datePublished\":\"2026-05-05T14:43:11+00:00\",\"dateModified\":\"2026-05-05T14:43:11+00:00\",\"description\":\"Calice en laiton argent\u00e9. La base et le dessous de la coupe sont orn\u00e9s de ciselures repr\u00e9sentant des grappes de raisin et des feuilles de vigne. Son \u00e9clat particulier lui conf\u00e8re une grande \u00e9l\u00e9gance. Hauteur : 21 cm Diam\u00e8tre de la coupe : 8,5 cm\",\"breadcrumb\":{\"@id\":\"https:\/\/www.gruppoliturgico.com\/fr\/produit\/calice-18\/#breadcrumb\"},\"inLanguage\":\"fr-FR\",\"potentialAction\":[{\"@type\":\"ReadAction\",\"target\":[\"https:\/\/www.gruppoliturgico.com\/fr\/produit\/calice-18\/\"]}]},{\"@type\":\"BreadcrumbList\",\"@id\":\"https:\/\/www.gruppoliturgico.com\/fr\/produit\/calice-18\/#breadcrumb\",\"itemListElement\":[{\"@type\":\"ListItem\",\"position\":1,\"name\":\"Home\",\"item\":\"https:\/\/www.gruppoliturgico.com\/fr\/\"},{\"@type\":\"ListItem\",\"position\":2,\"name\":\"Boutique\",\"item\":\"https:\/\/www.gruppoliturgico.com\/fr\/boutique\/\"},{\"@type\":\"ListItem\",\"position\":3,\"name\":\"Calice\"}]},{\"@type\":\"WebSite\",\"@id\":\"https:\/\/www.gruppoliturgico.com\/es\/#website\",\"url\":\"https:\/\/www.gruppoliturgico.com\/es\/\",\"name\":\"Laboratorio Gruppo Liturgico\",\"description\":\"Articoli Religiosi online\",\"publisher\":{\"@id\":\"https:\/\/www.gruppoliturgico.com\/es\/#organization\"},\"potentialAction\":[{\"@type\":\"SearchAction\",\"target\":{\"@type\":\"EntryPoint\",\"urlTemplate\":\"https:\/\/www.gruppoliturgico.com\/es\/?s={search_term_string}\"},\"query-input\":\"required name=search_term_string\"}],\"inLanguage\":\"fr-FR\"},{\"@type\":\"Organization\",\"@id\":\"https:\/\/www.gruppoliturgico.com\/es\/#organization\",\"name\":\"Laboratorio Gruppo Liturgico\",\"url\":\"https:\/\/www.gruppoliturgico.com\/es\/\",\"logo\":{\"@type\":\"ImageObject\",\"inLanguage\":\"fr-FR\",\"@id\":\"https:\/\/www.gruppoliturgico.com\/es\/#\/schema\/logo\/image\/\",\"url\":\"https:\/\/www.gruppoliturgico.com\/wp-content\/uploads\/2022\/02\/logo-laboratoriogruppoliturgico.png\",\"contentUrl\":\"https:\/\/www.gruppoliturgico.com\/wp-content\/uploads\/2022\/02\/logo-laboratoriogruppoliturgico.png\",\"width\":400,\"height\":114,\"caption\":\"Laboratorio Gruppo Liturgico\"},\"image\":{\"@id\":\"https:\/\/www.gruppoliturgico.com\/es\/#\/schema\/logo\/image\/\"}}]}<\/script>\n<!-- \/ Yoast SEO plugin. -->","yoast_head_json":{"title":"Calice - collection calices et Laboratorio Gruppo Liturgico","description":"Calice en laiton argent\u00e9. La base et le dessous de la coupe sont orn\u00e9s de ciselures repr\u00e9sentant des grappes de raisin et des feuilles de vigne. Son \u00e9clat particulier lui conf\u00e8re une grande \u00e9l\u00e9gance. Hauteur : 21 cm Diam\u00e8tre de la coupe : 8,5 cm","robots":{"index":"index","follow":"follow","max-snippet":"max-snippet:-1","max-image-preview":"max-image-preview:large","max-video-preview":"max-video-preview:-1"},"canonical":"https:\/\/www.gruppoliturgico.com\/fr\/produit\/calice-18\/","og_locale":"fr_FR","og_type":"article","og_title":"Calice - collection calices et Laboratorio Gruppo Liturgico","og_description":"Calice en laiton argent\u00e9. La base et le dessous de la coupe sont orn\u00e9s de ciselures repr\u00e9sentant des grappes de raisin et des feuilles de vigne. Son \u00e9clat particulier lui conf\u00e8re une grande \u00e9l\u00e9gance. Hauteur : 21 cm Diam\u00e8tre de la coupe : 8,5 cm","og_url":"https:\/\/www.gruppoliturgico.com\/fr\/produit\/calice-18\/","og_site_name":"Laboratorio Gruppo Liturgico","og_image":[{"width":1274,"height":2048,"url":"https:\/\/www.gruppoliturgico.com\/wp-content\/uploads\/2026\/05\/4184-1.jpg","type":"image\/jpeg"}],"twitter_card":"summary_large_image","schema":{"@context":"https:\/\/schema.org","@graph":[{"@type":"WebPage","@id":"https:\/\/www.gruppoliturgico.com\/fr\/produit\/calice-18\/","url":"https:\/\/www.gruppoliturgico.com\/fr\/produit\/calice-18\/","name":"Calice - collection calices et Laboratorio Gruppo Liturgico","isPartOf":{"@id":"https:\/\/www.gruppoliturgico.com\/es\/#website"},"datePublished":"2026-05-05T14:43:11+00:00","dateModified":"2026-05-05T14:43:11+00:00","description":"Calice en laiton argent\u00e9. La base et le dessous de la coupe sont orn\u00e9s de ciselures repr\u00e9sentant des grappes de raisin et des feuilles de vigne. Son \u00e9clat particulier lui conf\u00e8re une grande \u00e9l\u00e9gance. Hauteur : 21 cm Diam\u00e8tre de la coupe : 8,5 cm","breadcrumb":{"@id":"https:\/\/www.gruppoliturgico.com\/fr\/produit\/calice-18\/#breadcrumb"},"inLanguage":"fr-FR","potentialAction":[{"@type":"ReadAction","target":["https:\/\/www.gruppoliturgico.com\/fr\/produit\/calice-18\/"]}]},{"@type":"BreadcrumbList","@id":"https:\/\/www.gruppoliturgico.com\/fr\/produit\/calice-18\/#breadcrumb","itemListElement":[{"@type":"ListItem","position":1,"name":"Home","item":"https:\/\/www.gruppoliturgico.com\/fr\/"},{"@type":"ListItem","position":2,"name":"Boutique","item":"https:\/\/www.gruppoliturgico.com\/fr\/boutique\/"},{"@type":"ListItem","position":3,"name":"Calice"}]},{"@type":"WebSite","@id":"https:\/\/www.gruppoliturgico.com\/es\/#website","url":"https:\/\/www.gruppoliturgico.com\/es\/","name":"Laboratorio Gruppo Liturgico","description":"Articoli Religiosi online","publisher":{"@id":"https:\/\/www.gruppoliturgico.com\/es\/#organization"},"potentialAction":[{"@type":"SearchAction","target":{"@type":"EntryPoint","urlTemplate":"https:\/\/www.gruppoliturgico.com\/es\/?s={search_term_string}"},"query-input":"required name=search_term_string"}],"inLanguage":"fr-FR"},{"@type":"Organization","@id":"https:\/\/www.gruppoliturgico.com\/es\/#organization","name":"Laboratorio Gruppo Liturgico","url":"https:\/\/www.gruppoliturgico.com\/es\/","logo":{"@type":"ImageObject","inLanguage":"fr-FR","@id":"https:\/\/www.gruppoliturgico.com\/es\/#\/schema\/logo\/image\/","url":"https:\/\/www.gruppoliturgico.com\/wp-content\/uploads\/2022\/02\/logo-laboratoriogruppoliturgico.png","contentUrl":"https:\/\/www.gruppoliturgico.com\/wp-content\/uploads\/2022\/02\/logo-laboratoriogruppoliturgico.png","width":400,"height":114,"caption":"Laboratorio Gruppo Liturgico"},"image":{"@id":"https:\/\/www.gruppoliturgico.com\/es\/#\/schema\/logo\/image\/"}}]}},"_links":{"self":[{"href":"https:\/\/www.gruppoliturgico.com\/fr\/wp-json\/wp\/v2\/product\/143447"}],"collection":[{"href":"https:\/\/www.gruppoliturgico.com\/fr\/wp-json\/wp\/v2\/product"}],"about":[{"href":"https:\/\/www.gruppoliturgico.com\/fr\/wp-json\/wp\/v2\/types\/product"}],"wp:featuredmedia":[{"embeddable":true,"href":"https:\/\/www.gruppoliturgico.com\/fr\/wp-json\/wp\/v2\/media\/143440"}],"wp:attachment":[{"href":"https:\/\/www.gruppoliturgico.com\/fr\/wp-json\/wp\/v2\/media?parent=143447"}],"wp:term":[{"taxonomy":"product_cat","embeddable":true,"href":"https:\/\/www.gruppoliturgico.com\/fr\/wp-json\/wp\/v2\/product_cat?post=143447"},{"taxonomy":"product_tag","embeddable":true,"href":"https:\/\/www.gruppoliturgico.com\/fr\/wp-json\/wp\/v2\/product_tag?post=143447"}],"curies":[{"name":"wp","href":"https:\/\/api.w.org\/{rel}","templated":true}]}}