{"id":143040,"date":"2026-04-14T17:08:09","date_gmt":"2026-04-14T15:08:09","guid":{"rendered":"https:\/\/www.gruppoliturgico.com\/prodotto\/chandelier-dautel-5\/"},"modified":"2026-04-14T17:08:09","modified_gmt":"2026-04-14T15:08:09","slug":"chandelier-dautel-5","status":"publish","type":"product","link":"https:\/\/www.gruppoliturgico.com\/fr\/produit\/chandelier-dautel-5\/","title":{"rendered":"chandelier d\u2019autel"},"content":{"rendered":"<html><body><p>Chandelier d\u2019autel en fusion, trait\u00e9 avec dorure.<br>\nRiche chapiteau en style baroque se transforme en base pour le chandelier.<br>\nHauteur cm 11<br>\nDiam\u00e8tre cm 12<br>\nLe chandelier comprend la relative bougie de \u00d8 4 cm, longueur cm 20, avec le r\u00e9cipient de cire liquide<\/p>\n<\/body><\/html>","protected":false},"excerpt":{"rendered":"<p>Chandelier d\u2019autel en fusion, trait\u00e9 avec dorure.<br \/>\nRiche chapiteau en style baroque se transforme en base pour le chandelier.<br \/>\nHauteur cm 11<br \/>\nDiam\u00e8tre cm 12<br \/>\nLe chandelier comprend la relative bougie de \u00d8 4 cm, longueur cm 20, avec le r\u00e9cipient de cire liquide<\/p>\n","protected":false},"featured_media":143025,"template":"","meta":[],"product_cat":[12060],"product_tag":[],"yoast_head":"<!-- This site is optimized with the Yoast SEO plugin v20.4 - https:\/\/yoast.com\/wordpress\/plugins\/seo\/ -->\n<title>chandelier d\u2019autel - Chandelier d&#039;autel et Laboratorio Gruppo Liturgico<\/title>\n<meta name=\"description\" content=\"Chandelier d\u2019autel en fusion, trait\u00e9 avec dorure. Riche chapiteau en style baroque se transforme en base pour le chandelier. Hauteur cm 11 Diam\u00e8tre cm 12 Le chandelier comprend la relative bougie de \u00d8 4 cm, longueur cm 20, avec le r\u00e9cipient de cire liquide\" \/>\n<meta name=\"robots\" content=\"index, follow, max-snippet:-1, max-image-preview:large, max-video-preview:-1\" \/>\n<link rel=\"canonical\" href=\"https:\/\/www.gruppoliturgico.com\/fr\/produit\/chandelier-dautel-5\/\" \/>\n<meta property=\"og:locale\" content=\"fr_FR\" \/>\n<meta property=\"og:type\" content=\"article\" \/>\n<meta property=\"og:title\" content=\"chandelier d\u2019autel - Chandelier d&#039;autel et Laboratorio Gruppo Liturgico\" \/>\n<meta property=\"og:description\" content=\"Chandelier d\u2019autel en fusion, trait\u00e9 avec dorure. Riche chapiteau en style baroque se transforme en base pour le chandelier. Hauteur cm 11 Diam\u00e8tre cm 12 Le chandelier comprend la relative bougie de \u00d8 4 cm, longueur cm 20, avec le r\u00e9cipient de cire liquide\" \/>\n<meta property=\"og:url\" content=\"https:\/\/www.gruppoliturgico.com\/fr\/produit\/chandelier-dautel-5\/\" \/>\n<meta property=\"og:site_name\" content=\"Laboratorio Gruppo Liturgico\" \/>\n<meta property=\"og:image\" content=\"https:\/\/www.gruppoliturgico.com\/wp-content\/uploads\/2026\/04\/4188-1-2-.jpg\" \/>\n\t<meta property=\"og:image:width\" content=\"1568\" \/>\n\t<meta property=\"og:image:height\" content=\"2001\" \/>\n\t<meta property=\"og:image:type\" content=\"image\/jpeg\" \/>\n<meta name=\"twitter:card\" content=\"summary_large_image\" \/>\n<script type=\"application\/ld+json\" class=\"yoast-schema-graph\">{\"@context\":\"https:\/\/schema.org\",\"@graph\":[{\"@type\":\"WebPage\",\"@id\":\"https:\/\/www.gruppoliturgico.com\/fr\/produit\/chandelier-dautel-5\/\",\"url\":\"https:\/\/www.gruppoliturgico.com\/fr\/produit\/chandelier-dautel-5\/\",\"name\":\"chandelier d\u2019autel - Chandelier d'autel et Laboratorio Gruppo Liturgico\",\"isPartOf\":{\"@id\":\"https:\/\/www.gruppoliturgico.com\/es\/#website\"},\"datePublished\":\"2026-04-14T15:08:09+00:00\",\"dateModified\":\"2026-04-14T15:08:09+00:00\",\"description\":\"Chandelier d\u2019autel en fusion, trait\u00e9 avec dorure. Riche chapiteau en style baroque se transforme en base pour le chandelier. Hauteur cm 11 Diam\u00e8tre cm 12 Le chandelier comprend la relative bougie de \u00d8 4 cm, longueur cm 20, avec le r\u00e9cipient de cire liquide\",\"breadcrumb\":{\"@id\":\"https:\/\/www.gruppoliturgico.com\/fr\/produit\/chandelier-dautel-5\/#breadcrumb\"},\"inLanguage\":\"fr-FR\",\"potentialAction\":[{\"@type\":\"ReadAction\",\"target\":[\"https:\/\/www.gruppoliturgico.com\/fr\/produit\/chandelier-dautel-5\/\"]}]},{\"@type\":\"BreadcrumbList\",\"@id\":\"https:\/\/www.gruppoliturgico.com\/fr\/produit\/chandelier-dautel-5\/#breadcrumb\",\"itemListElement\":[{\"@type\":\"ListItem\",\"position\":1,\"name\":\"Home\",\"item\":\"https:\/\/www.gruppoliturgico.com\/fr\/\"},{\"@type\":\"ListItem\",\"position\":2,\"name\":\"Boutique\",\"item\":\"https:\/\/www.gruppoliturgico.com\/fr\/boutique\/\"},{\"@type\":\"ListItem\",\"position\":3,\"name\":\"chandelier d\u2019autel\"}]},{\"@type\":\"WebSite\",\"@id\":\"https:\/\/www.gruppoliturgico.com\/es\/#website\",\"url\":\"https:\/\/www.gruppoliturgico.com\/es\/\",\"name\":\"Laboratorio Gruppo Liturgico\",\"description\":\"Articoli Religiosi online\",\"publisher\":{\"@id\":\"https:\/\/www.gruppoliturgico.com\/es\/#organization\"},\"potentialAction\":[{\"@type\":\"SearchAction\",\"target\":{\"@type\":\"EntryPoint\",\"urlTemplate\":\"https:\/\/www.gruppoliturgico.com\/es\/?s={search_term_string}\"},\"query-input\":\"required name=search_term_string\"}],\"inLanguage\":\"fr-FR\"},{\"@type\":\"Organization\",\"@id\":\"https:\/\/www.gruppoliturgico.com\/es\/#organization\",\"name\":\"Laboratorio Gruppo Liturgico\",\"url\":\"https:\/\/www.gruppoliturgico.com\/es\/\",\"logo\":{\"@type\":\"ImageObject\",\"inLanguage\":\"fr-FR\",\"@id\":\"https:\/\/www.gruppoliturgico.com\/es\/#\/schema\/logo\/image\/\",\"url\":\"https:\/\/www.gruppoliturgico.com\/wp-content\/uploads\/2022\/02\/logo-laboratoriogruppoliturgico.png\",\"contentUrl\":\"https:\/\/www.gruppoliturgico.com\/wp-content\/uploads\/2022\/02\/logo-laboratoriogruppoliturgico.png\",\"width\":400,\"height\":114,\"caption\":\"Laboratorio Gruppo Liturgico\"},\"image\":{\"@id\":\"https:\/\/www.gruppoliturgico.com\/es\/#\/schema\/logo\/image\/\"}}]}<\/script>\n<!-- \/ Yoast SEO plugin. -->","yoast_head_json":{"title":"chandelier d\u2019autel - Chandelier d'autel et Laboratorio Gruppo Liturgico","description":"Chandelier d\u2019autel en fusion, trait\u00e9 avec dorure. Riche chapiteau en style baroque se transforme en base pour le chandelier. Hauteur cm 11 Diam\u00e8tre cm 12 Le chandelier comprend la relative bougie de \u00d8 4 cm, longueur cm 20, avec le r\u00e9cipient de cire liquide","robots":{"index":"index","follow":"follow","max-snippet":"max-snippet:-1","max-image-preview":"max-image-preview:large","max-video-preview":"max-video-preview:-1"},"canonical":"https:\/\/www.gruppoliturgico.com\/fr\/produit\/chandelier-dautel-5\/","og_locale":"fr_FR","og_type":"article","og_title":"chandelier d\u2019autel - Chandelier d'autel et Laboratorio Gruppo Liturgico","og_description":"Chandelier d\u2019autel en fusion, trait\u00e9 avec dorure. Riche chapiteau en style baroque se transforme en base pour le chandelier. Hauteur cm 11 Diam\u00e8tre cm 12 Le chandelier comprend la relative bougie de \u00d8 4 cm, longueur cm 20, avec le r\u00e9cipient de cire liquide","og_url":"https:\/\/www.gruppoliturgico.com\/fr\/produit\/chandelier-dautel-5\/","og_site_name":"Laboratorio Gruppo Liturgico","og_image":[{"width":1568,"height":2001,"url":"https:\/\/www.gruppoliturgico.com\/wp-content\/uploads\/2026\/04\/4188-1-2-.jpg","type":"image\/jpeg"}],"twitter_card":"summary_large_image","schema":{"@context":"https:\/\/schema.org","@graph":[{"@type":"WebPage","@id":"https:\/\/www.gruppoliturgico.com\/fr\/produit\/chandelier-dautel-5\/","url":"https:\/\/www.gruppoliturgico.com\/fr\/produit\/chandelier-dautel-5\/","name":"chandelier d\u2019autel - Chandelier d'autel et Laboratorio Gruppo Liturgico","isPartOf":{"@id":"https:\/\/www.gruppoliturgico.com\/es\/#website"},"datePublished":"2026-04-14T15:08:09+00:00","dateModified":"2026-04-14T15:08:09+00:00","description":"Chandelier d\u2019autel en fusion, trait\u00e9 avec dorure. Riche chapiteau en style baroque se transforme en base pour le chandelier. Hauteur cm 11 Diam\u00e8tre cm 12 Le chandelier comprend la relative bougie de \u00d8 4 cm, longueur cm 20, avec le r\u00e9cipient de cire liquide","breadcrumb":{"@id":"https:\/\/www.gruppoliturgico.com\/fr\/produit\/chandelier-dautel-5\/#breadcrumb"},"inLanguage":"fr-FR","potentialAction":[{"@type":"ReadAction","target":["https:\/\/www.gruppoliturgico.com\/fr\/produit\/chandelier-dautel-5\/"]}]},{"@type":"BreadcrumbList","@id":"https:\/\/www.gruppoliturgico.com\/fr\/produit\/chandelier-dautel-5\/#breadcrumb","itemListElement":[{"@type":"ListItem","position":1,"name":"Home","item":"https:\/\/www.gruppoliturgico.com\/fr\/"},{"@type":"ListItem","position":2,"name":"Boutique","item":"https:\/\/www.gruppoliturgico.com\/fr\/boutique\/"},{"@type":"ListItem","position":3,"name":"chandelier d\u2019autel"}]},{"@type":"WebSite","@id":"https:\/\/www.gruppoliturgico.com\/es\/#website","url":"https:\/\/www.gruppoliturgico.com\/es\/","name":"Laboratorio Gruppo Liturgico","description":"Articoli Religiosi online","publisher":{"@id":"https:\/\/www.gruppoliturgico.com\/es\/#organization"},"potentialAction":[{"@type":"SearchAction","target":{"@type":"EntryPoint","urlTemplate":"https:\/\/www.gruppoliturgico.com\/es\/?s={search_term_string}"},"query-input":"required name=search_term_string"}],"inLanguage":"fr-FR"},{"@type":"Organization","@id":"https:\/\/www.gruppoliturgico.com\/es\/#organization","name":"Laboratorio Gruppo Liturgico","url":"https:\/\/www.gruppoliturgico.com\/es\/","logo":{"@type":"ImageObject","inLanguage":"fr-FR","@id":"https:\/\/www.gruppoliturgico.com\/es\/#\/schema\/logo\/image\/","url":"https:\/\/www.gruppoliturgico.com\/wp-content\/uploads\/2022\/02\/logo-laboratoriogruppoliturgico.png","contentUrl":"https:\/\/www.gruppoliturgico.com\/wp-content\/uploads\/2022\/02\/logo-laboratoriogruppoliturgico.png","width":400,"height":114,"caption":"Laboratorio Gruppo Liturgico"},"image":{"@id":"https:\/\/www.gruppoliturgico.com\/es\/#\/schema\/logo\/image\/"}}]}},"_links":{"self":[{"href":"https:\/\/www.gruppoliturgico.com\/fr\/wp-json\/wp\/v2\/product\/143040"}],"collection":[{"href":"https:\/\/www.gruppoliturgico.com\/fr\/wp-json\/wp\/v2\/product"}],"about":[{"href":"https:\/\/www.gruppoliturgico.com\/fr\/wp-json\/wp\/v2\/types\/product"}],"wp:featuredmedia":[{"embeddable":true,"href":"https:\/\/www.gruppoliturgico.com\/fr\/wp-json\/wp\/v2\/media\/143025"}],"wp:attachment":[{"href":"https:\/\/www.gruppoliturgico.com\/fr\/wp-json\/wp\/v2\/media?parent=143040"}],"wp:term":[{"taxonomy":"product_cat","embeddable":true,"href":"https:\/\/www.gruppoliturgico.com\/fr\/wp-json\/wp\/v2\/product_cat?post=143040"},{"taxonomy":"product_tag","embeddable":true,"href":"https:\/\/www.gruppoliturgico.com\/fr\/wp-json\/wp\/v2\/product_tag?post=143040"}],"curies":[{"name":"wp","href":"https:\/\/api.w.org\/{rel}","templated":true}]}}