{"id":142914,"date":"2026-04-10T11:40:50","date_gmt":"2026-04-10T09:40:50","guid":{"rendered":"https:\/\/www.gruppoliturgico.com\/prodotto\/vin-de-messe-roux-doux-2\/"},"modified":"2026-04-10T15:39:17","modified_gmt":"2026-04-10T13:39:17","slug":"vin-de-messe-roux-doux-2","status":"publish","type":"product","link":"https:\/\/www.gruppoliturgico.com\/fr\/produit\/vin-de-messe-roux-doux-2\/","title":{"rendered":"Vin de Messe roux, doux"},"content":{"rendered":"<html><body><p>Vin de messe rouge liquoreux produit \u00e0 Marsala par la c\u00e9l\u00e8bre maison VINI VINCI, dans le strict respect des prescriptions du droit canonique.<br>\nTeneur en alcool : 16 %.<br>\nMise en bouteille uniquement apr\u00e8s certification par la Curie \u00e9piscopale de Mazara del Vallo.<br>\nEn raison de ses caract\u00e9ristiques particuli\u00e8res de puret\u00e9 et de teneur en alcool, il est particuli\u00e8rement adapt\u00e9 \u00e0 une longue conservation.<br>\nExp\u00e9dition dans des conteneurs de s\u00e9curit\u00e9 contenant 6 bouteilles.<br>\nLe prix s\u2019entend pour 6 bouteilles de 1 litre.<\/p>\n<\/body><\/html>","protected":false},"excerpt":{"rendered":"<p>Vin de messe rouge liquoreux produit \u00e0 Marsala par la c\u00e9l\u00e8bre maison VINI VINCI, dans le strict respect des prescriptions du droit canonique.<br \/>\nTeneur en alcool : 16 %.<br \/>\nMise en bouteille uniquement apr\u00e8s certification par la Curie \u00e9piscopale de Mazara del Vallo.<br \/>\nEn raison de ses caract\u00e9ristiques particuli\u00e8res de puret\u00e9 et de teneur en alcool, il est particuli\u00e8rement adapt\u00e9 \u00e0 une longue conservation.<br \/>\nExp\u00e9dition dans des conteneurs de s\u00e9curit\u00e9 contenant 6 bouteilles.<br \/>\nLe prix s&rsquo;entend pour 6 bouteilles de 1 litre.<\/p>\n","protected":false},"featured_media":142911,"template":"","meta":[],"product_cat":[11852],"product_tag":[],"yoast_head":"<!-- This site is optimized with the Yoast SEO plugin v20.4 - https:\/\/yoast.com\/wordpress\/plugins\/seo\/ -->\n<title>Vin de Messe roux, doux - Vin de Messe et Laboratorio Gruppo Liturgico<\/title>\n<meta name=\"description\" content=\"Vin de messe rouge liquoreux produit \u00e0 Marsala par la c\u00e9l\u00e8bre maison VINI VINCI, dans le strict respect des prescriptions du droit canonique. Teneur en alcool : 16 %. Mise en bouteille uniquement apr\u00e8s certification par la Curie \u00e9piscopale de Mazara del Vallo. En raison de ses caract\u00e9ristiques particuli\u00e8res de puret\u00e9 et de teneur en alcool, il est particuli\u00e8rement adapt\u00e9 \u00e0 une longue conservation. Exp\u00e9dition dans des conteneurs de s\u00e9curit\u00e9 contenant 6 bouteilles. Le prix s&#039;entend pour 6 bouteilles de 1 litre.\" \/>\n<meta name=\"robots\" content=\"index, follow, max-snippet:-1, max-image-preview:large, max-video-preview:-1\" \/>\n<link rel=\"canonical\" href=\"https:\/\/www.gruppoliturgico.com\/fr\/produit\/vin-de-messe-roux-doux-2\/\" \/>\n<meta property=\"og:locale\" content=\"fr_FR\" \/>\n<meta property=\"og:type\" content=\"article\" \/>\n<meta property=\"og:title\" content=\"Vin de Messe roux, doux - Vin de Messe et Laboratorio Gruppo Liturgico\" \/>\n<meta property=\"og:description\" content=\"Vin de messe rouge liquoreux produit \u00e0 Marsala par la c\u00e9l\u00e8bre maison VINI VINCI, dans le strict respect des prescriptions du droit canonique. Teneur en alcool : 16 %. Mise en bouteille uniquement apr\u00e8s certification par la Curie \u00e9piscopale de Mazara del Vallo. En raison de ses caract\u00e9ristiques particuli\u00e8res de puret\u00e9 et de teneur en alcool, il est particuli\u00e8rement adapt\u00e9 \u00e0 une longue conservation. Exp\u00e9dition dans des conteneurs de s\u00e9curit\u00e9 contenant 6 bouteilles. Le prix s&#039;entend pour 6 bouteilles de 1 litre.\" \/>\n<meta property=\"og:url\" content=\"https:\/\/www.gruppoliturgico.com\/fr\/produit\/vin-de-messe-roux-doux-2\/\" \/>\n<meta property=\"og:site_name\" content=\"Laboratorio Gruppo Liturgico\" \/>\n<meta property=\"article:modified_time\" content=\"2026-04-10T13:39:17+00:00\" \/>\n<meta property=\"og:image\" content=\"https:\/\/www.gruppoliturgico.com\/wp-content\/uploads\/2026\/04\/4203.jpg\" \/>\n\t<meta property=\"og:image:width\" content=\"656\" \/>\n\t<meta property=\"og:image:height\" content=\"2001\" \/>\n\t<meta property=\"og:image:type\" content=\"image\/jpeg\" \/>\n<meta name=\"twitter:card\" content=\"summary_large_image\" \/>\n<script type=\"application\/ld+json\" class=\"yoast-schema-graph\">{\"@context\":\"https:\/\/schema.org\",\"@graph\":[{\"@type\":\"WebPage\",\"@id\":\"https:\/\/www.gruppoliturgico.com\/fr\/produit\/vin-de-messe-roux-doux-2\/\",\"url\":\"https:\/\/www.gruppoliturgico.com\/fr\/produit\/vin-de-messe-roux-doux-2\/\",\"name\":\"Vin de Messe roux, doux - Vin de Messe et Laboratorio Gruppo Liturgico\",\"isPartOf\":{\"@id\":\"https:\/\/www.gruppoliturgico.com\/es\/#website\"},\"datePublished\":\"2026-04-10T09:40:50+00:00\",\"dateModified\":\"2026-04-10T13:39:17+00:00\",\"description\":\"Vin de messe rouge liquoreux produit \u00e0 Marsala par la c\u00e9l\u00e8bre maison VINI VINCI, dans le strict respect des prescriptions du droit canonique. Teneur en alcool : 16 %. Mise en bouteille uniquement apr\u00e8s certification par la Curie \u00e9piscopale de Mazara del Vallo. En raison de ses caract\u00e9ristiques particuli\u00e8res de puret\u00e9 et de teneur en alcool, il est particuli\u00e8rement adapt\u00e9 \u00e0 une longue conservation. Exp\u00e9dition dans des conteneurs de s\u00e9curit\u00e9 contenant 6 bouteilles. Le prix s'entend pour 6 bouteilles de 1 litre.\",\"breadcrumb\":{\"@id\":\"https:\/\/www.gruppoliturgico.com\/fr\/produit\/vin-de-messe-roux-doux-2\/#breadcrumb\"},\"inLanguage\":\"fr-FR\",\"potentialAction\":[{\"@type\":\"ReadAction\",\"target\":[\"https:\/\/www.gruppoliturgico.com\/fr\/produit\/vin-de-messe-roux-doux-2\/\"]}]},{\"@type\":\"BreadcrumbList\",\"@id\":\"https:\/\/www.gruppoliturgico.com\/fr\/produit\/vin-de-messe-roux-doux-2\/#breadcrumb\",\"itemListElement\":[{\"@type\":\"ListItem\",\"position\":1,\"name\":\"Home\",\"item\":\"https:\/\/www.gruppoliturgico.com\/fr\/\"},{\"@type\":\"ListItem\",\"position\":2,\"name\":\"Boutique\",\"item\":\"https:\/\/www.gruppoliturgico.com\/fr\/boutique\/\"},{\"@type\":\"ListItem\",\"position\":3,\"name\":\"Vin de Messe roux, doux\"}]},{\"@type\":\"WebSite\",\"@id\":\"https:\/\/www.gruppoliturgico.com\/es\/#website\",\"url\":\"https:\/\/www.gruppoliturgico.com\/es\/\",\"name\":\"Laboratorio Gruppo Liturgico\",\"description\":\"Articoli Religiosi online\",\"publisher\":{\"@id\":\"https:\/\/www.gruppoliturgico.com\/es\/#organization\"},\"potentialAction\":[{\"@type\":\"SearchAction\",\"target\":{\"@type\":\"EntryPoint\",\"urlTemplate\":\"https:\/\/www.gruppoliturgico.com\/es\/?s={search_term_string}\"},\"query-input\":\"required name=search_term_string\"}],\"inLanguage\":\"fr-FR\"},{\"@type\":\"Organization\",\"@id\":\"https:\/\/www.gruppoliturgico.com\/es\/#organization\",\"name\":\"Laboratorio Gruppo Liturgico\",\"url\":\"https:\/\/www.gruppoliturgico.com\/es\/\",\"logo\":{\"@type\":\"ImageObject\",\"inLanguage\":\"fr-FR\",\"@id\":\"https:\/\/www.gruppoliturgico.com\/es\/#\/schema\/logo\/image\/\",\"url\":\"https:\/\/www.gruppoliturgico.com\/wp-content\/uploads\/2022\/02\/logo-laboratoriogruppoliturgico.png\",\"contentUrl\":\"https:\/\/www.gruppoliturgico.com\/wp-content\/uploads\/2022\/02\/logo-laboratoriogruppoliturgico.png\",\"width\":400,\"height\":114,\"caption\":\"Laboratorio Gruppo Liturgico\"},\"image\":{\"@id\":\"https:\/\/www.gruppoliturgico.com\/es\/#\/schema\/logo\/image\/\"}}]}<\/script>\n<!-- \/ Yoast SEO plugin. -->","yoast_head_json":{"title":"Vin de Messe roux, doux - Vin de Messe et Laboratorio Gruppo Liturgico","description":"Vin de messe rouge liquoreux produit \u00e0 Marsala par la c\u00e9l\u00e8bre maison VINI VINCI, dans le strict respect des prescriptions du droit canonique. Teneur en alcool : 16 %. Mise en bouteille uniquement apr\u00e8s certification par la Curie \u00e9piscopale de Mazara del Vallo. En raison de ses caract\u00e9ristiques particuli\u00e8res de puret\u00e9 et de teneur en alcool, il est particuli\u00e8rement adapt\u00e9 \u00e0 une longue conservation. Exp\u00e9dition dans des conteneurs de s\u00e9curit\u00e9 contenant 6 bouteilles. Le prix s'entend pour 6 bouteilles de 1 litre.","robots":{"index":"index","follow":"follow","max-snippet":"max-snippet:-1","max-image-preview":"max-image-preview:large","max-video-preview":"max-video-preview:-1"},"canonical":"https:\/\/www.gruppoliturgico.com\/fr\/produit\/vin-de-messe-roux-doux-2\/","og_locale":"fr_FR","og_type":"article","og_title":"Vin de Messe roux, doux - Vin de Messe et Laboratorio Gruppo Liturgico","og_description":"Vin de messe rouge liquoreux produit \u00e0 Marsala par la c\u00e9l\u00e8bre maison VINI VINCI, dans le strict respect des prescriptions du droit canonique. Teneur en alcool : 16 %. Mise en bouteille uniquement apr\u00e8s certification par la Curie \u00e9piscopale de Mazara del Vallo. En raison de ses caract\u00e9ristiques particuli\u00e8res de puret\u00e9 et de teneur en alcool, il est particuli\u00e8rement adapt\u00e9 \u00e0 une longue conservation. Exp\u00e9dition dans des conteneurs de s\u00e9curit\u00e9 contenant 6 bouteilles. Le prix s'entend pour 6 bouteilles de 1 litre.","og_url":"https:\/\/www.gruppoliturgico.com\/fr\/produit\/vin-de-messe-roux-doux-2\/","og_site_name":"Laboratorio Gruppo Liturgico","article_modified_time":"2026-04-10T13:39:17+00:00","og_image":[{"width":656,"height":2001,"url":"https:\/\/www.gruppoliturgico.com\/wp-content\/uploads\/2026\/04\/4203.jpg","type":"image\/jpeg"}],"twitter_card":"summary_large_image","schema":{"@context":"https:\/\/schema.org","@graph":[{"@type":"WebPage","@id":"https:\/\/www.gruppoliturgico.com\/fr\/produit\/vin-de-messe-roux-doux-2\/","url":"https:\/\/www.gruppoliturgico.com\/fr\/produit\/vin-de-messe-roux-doux-2\/","name":"Vin de Messe roux, doux - Vin de Messe et Laboratorio Gruppo Liturgico","isPartOf":{"@id":"https:\/\/www.gruppoliturgico.com\/es\/#website"},"datePublished":"2026-04-10T09:40:50+00:00","dateModified":"2026-04-10T13:39:17+00:00","description":"Vin de messe rouge liquoreux produit \u00e0 Marsala par la c\u00e9l\u00e8bre maison VINI VINCI, dans le strict respect des prescriptions du droit canonique. Teneur en alcool : 16 %. Mise en bouteille uniquement apr\u00e8s certification par la Curie \u00e9piscopale de Mazara del Vallo. En raison de ses caract\u00e9ristiques particuli\u00e8res de puret\u00e9 et de teneur en alcool, il est particuli\u00e8rement adapt\u00e9 \u00e0 une longue conservation. Exp\u00e9dition dans des conteneurs de s\u00e9curit\u00e9 contenant 6 bouteilles. Le prix s'entend pour 6 bouteilles de 1 litre.","breadcrumb":{"@id":"https:\/\/www.gruppoliturgico.com\/fr\/produit\/vin-de-messe-roux-doux-2\/#breadcrumb"},"inLanguage":"fr-FR","potentialAction":[{"@type":"ReadAction","target":["https:\/\/www.gruppoliturgico.com\/fr\/produit\/vin-de-messe-roux-doux-2\/"]}]},{"@type":"BreadcrumbList","@id":"https:\/\/www.gruppoliturgico.com\/fr\/produit\/vin-de-messe-roux-doux-2\/#breadcrumb","itemListElement":[{"@type":"ListItem","position":1,"name":"Home","item":"https:\/\/www.gruppoliturgico.com\/fr\/"},{"@type":"ListItem","position":2,"name":"Boutique","item":"https:\/\/www.gruppoliturgico.com\/fr\/boutique\/"},{"@type":"ListItem","position":3,"name":"Vin de Messe roux, doux"}]},{"@type":"WebSite","@id":"https:\/\/www.gruppoliturgico.com\/es\/#website","url":"https:\/\/www.gruppoliturgico.com\/es\/","name":"Laboratorio Gruppo Liturgico","description":"Articoli Religiosi online","publisher":{"@id":"https:\/\/www.gruppoliturgico.com\/es\/#organization"},"potentialAction":[{"@type":"SearchAction","target":{"@type":"EntryPoint","urlTemplate":"https:\/\/www.gruppoliturgico.com\/es\/?s={search_term_string}"},"query-input":"required name=search_term_string"}],"inLanguage":"fr-FR"},{"@type":"Organization","@id":"https:\/\/www.gruppoliturgico.com\/es\/#organization","name":"Laboratorio Gruppo Liturgico","url":"https:\/\/www.gruppoliturgico.com\/es\/","logo":{"@type":"ImageObject","inLanguage":"fr-FR","@id":"https:\/\/www.gruppoliturgico.com\/es\/#\/schema\/logo\/image\/","url":"https:\/\/www.gruppoliturgico.com\/wp-content\/uploads\/2022\/02\/logo-laboratoriogruppoliturgico.png","contentUrl":"https:\/\/www.gruppoliturgico.com\/wp-content\/uploads\/2022\/02\/logo-laboratoriogruppoliturgico.png","width":400,"height":114,"caption":"Laboratorio Gruppo Liturgico"},"image":{"@id":"https:\/\/www.gruppoliturgico.com\/es\/#\/schema\/logo\/image\/"}}]}},"_links":{"self":[{"href":"https:\/\/www.gruppoliturgico.com\/fr\/wp-json\/wp\/v2\/product\/142914"}],"collection":[{"href":"https:\/\/www.gruppoliturgico.com\/fr\/wp-json\/wp\/v2\/product"}],"about":[{"href":"https:\/\/www.gruppoliturgico.com\/fr\/wp-json\/wp\/v2\/types\/product"}],"wp:featuredmedia":[{"embeddable":true,"href":"https:\/\/www.gruppoliturgico.com\/fr\/wp-json\/wp\/v2\/media\/142911"}],"wp:attachment":[{"href":"https:\/\/www.gruppoliturgico.com\/fr\/wp-json\/wp\/v2\/media?parent=142914"}],"wp:term":[{"taxonomy":"product_cat","embeddable":true,"href":"https:\/\/www.gruppoliturgico.com\/fr\/wp-json\/wp\/v2\/product_cat?post=142914"},{"taxonomy":"product_tag","embeddable":true,"href":"https:\/\/www.gruppoliturgico.com\/fr\/wp-json\/wp\/v2\/product_tag?post=142914"}],"curies":[{"name":"wp","href":"https:\/\/api.w.org\/{rel}","templated":true}]}}