{"id":141952,"date":"2025-12-10T11:46:06","date_gmt":"2025-12-10T10:46:06","guid":{"rendered":"https:\/\/www.gruppoliturgico.com\/prodotto\/chasuble-79\/"},"modified":"2025-12-10T11:46:06","modified_gmt":"2025-12-10T10:46:06","slug":"chasuble-79","status":"publish","type":"product","link":"https:\/\/www.gruppoliturgico.com\/fr\/produit\/chasuble-79\/","title":{"rendered":"Chasuble"},"content":{"rendered":"<html><body><p>Chasuble confectionn\u00e9e dans un tissu lamin\u00e9 dor\u00e9 de grande qualit\u00e9, m\u00e9lange de laine, doux et r\u00e9sistant, d\u2019aspect raffin\u00e9, facile \u00e0 laver et \u00e0 repasser.<br>\nElle pr\u00e9sente un riche galon sur les deux c\u00f4t\u00e9s, enti\u00e8rement brod\u00e9e de fils d\u2019or<br>\nen relief avec un motif floral \u00e9labor\u00e9 et un contour en agramme.<br>\nLa bordure est finie par une frange avec des n\u0153uds faits main.<\/p>\n<\/body><\/html>","protected":false},"excerpt":{"rendered":"<p>Chasuble confectionn\u00e9e dans un tissu lamin\u00e9 dor\u00e9 de grande qualit\u00e9, m\u00e9lange de laine, doux et r\u00e9sistant, d&rsquo;aspect raffin\u00e9, facile \u00e0 laver et \u00e0 repasser.<br \/>\nElle pr\u00e9sente un riche galon sur les deux c\u00f4t\u00e9s, enti\u00e8rement brod\u00e9e de fils d&rsquo;or<br \/>\nen relief avec un motif floral \u00e9labor\u00e9 et un contour en agramme.<br \/>\nLa bordure est finie par une frange avec des n\u0153uds faits main.<\/p>\n","protected":false},"featured_media":141955,"template":"","meta":[],"product_cat":[12244],"product_tag":[],"yoast_head":"<!-- This site is optimized with the Yoast SEO plugin v20.4 - https:\/\/yoast.com\/wordpress\/plugins\/seo\/ -->\n<title>Chasuble - solennelles et Laboratorio Gruppo Liturgico<\/title>\n<meta name=\"description\" content=\"Chasuble confectionn\u00e9e dans un tissu lamin\u00e9 dor\u00e9 de grande qualit\u00e9, m\u00e9lange de laine, doux et r\u00e9sistant, d&#039;aspect raffin\u00e9, facile \u00e0 laver et \u00e0 repasser. Elle pr\u00e9sente un riche galon sur les deux c\u00f4t\u00e9s, enti\u00e8rement brod\u00e9e de fils d&#039;or en relief avec un motif floral \u00e9labor\u00e9 et un contour en agramme. La bordure est finie par une frange avec des n\u0153uds faits main.\" \/>\n<meta name=\"robots\" content=\"index, follow, max-snippet:-1, max-image-preview:large, max-video-preview:-1\" \/>\n<link rel=\"canonical\" href=\"https:\/\/www.gruppoliturgico.com\/fr\/produit\/chasuble-79\/\" \/>\n<meta property=\"og:locale\" content=\"fr_FR\" \/>\n<meta property=\"og:type\" content=\"article\" \/>\n<meta property=\"og:title\" content=\"Chasuble - solennelles et Laboratorio Gruppo Liturgico\" \/>\n<meta property=\"og:description\" content=\"Chasuble confectionn\u00e9e dans un tissu lamin\u00e9 dor\u00e9 de grande qualit\u00e9, m\u00e9lange de laine, doux et r\u00e9sistant, d&#039;aspect raffin\u00e9, facile \u00e0 laver et \u00e0 repasser. Elle pr\u00e9sente un riche galon sur les deux c\u00f4t\u00e9s, enti\u00e8rement brod\u00e9e de fils d&#039;or en relief avec un motif floral \u00e9labor\u00e9 et un contour en agramme. La bordure est finie par une frange avec des n\u0153uds faits main.\" \/>\n<meta property=\"og:url\" content=\"https:\/\/www.gruppoliturgico.com\/fr\/produit\/chasuble-79\/\" \/>\n<meta property=\"og:site_name\" content=\"Laboratorio Gruppo Liturgico\" \/>\n<meta property=\"og:image\" content=\"https:\/\/www.gruppoliturgico.com\/wp-content\/uploads\/2025\/12\/3683.jpg\" \/>\n\t<meta property=\"og:image:width\" content=\"1657\" \/>\n\t<meta property=\"og:image:height\" content=\"2001\" \/>\n\t<meta property=\"og:image:type\" content=\"image\/jpeg\" \/>\n<meta name=\"twitter:card\" content=\"summary_large_image\" \/>\n<script type=\"application\/ld+json\" class=\"yoast-schema-graph\">{\"@context\":\"https:\/\/schema.org\",\"@graph\":[{\"@type\":\"WebPage\",\"@id\":\"https:\/\/www.gruppoliturgico.com\/fr\/produit\/chasuble-79\/\",\"url\":\"https:\/\/www.gruppoliturgico.com\/fr\/produit\/chasuble-79\/\",\"name\":\"Chasuble - solennelles et Laboratorio Gruppo Liturgico\",\"isPartOf\":{\"@id\":\"https:\/\/www.gruppoliturgico.com\/es\/#website\"},\"datePublished\":\"2025-12-10T10:46:06+00:00\",\"dateModified\":\"2025-12-10T10:46:06+00:00\",\"description\":\"Chasuble confectionn\u00e9e dans un tissu lamin\u00e9 dor\u00e9 de grande qualit\u00e9, m\u00e9lange de laine, doux et r\u00e9sistant, d'aspect raffin\u00e9, facile \u00e0 laver et \u00e0 repasser. Elle pr\u00e9sente un riche galon sur les deux c\u00f4t\u00e9s, enti\u00e8rement brod\u00e9e de fils d'or en relief avec un motif floral \u00e9labor\u00e9 et un contour en agramme. La bordure est finie par une frange avec des n\u0153uds faits main.\",\"breadcrumb\":{\"@id\":\"https:\/\/www.gruppoliturgico.com\/fr\/produit\/chasuble-79\/#breadcrumb\"},\"inLanguage\":\"fr-FR\",\"potentialAction\":[{\"@type\":\"ReadAction\",\"target\":[\"https:\/\/www.gruppoliturgico.com\/fr\/produit\/chasuble-79\/\"]}]},{\"@type\":\"BreadcrumbList\",\"@id\":\"https:\/\/www.gruppoliturgico.com\/fr\/produit\/chasuble-79\/#breadcrumb\",\"itemListElement\":[{\"@type\":\"ListItem\",\"position\":1,\"name\":\"Home\",\"item\":\"https:\/\/www.gruppoliturgico.com\/fr\/\"},{\"@type\":\"ListItem\",\"position\":2,\"name\":\"Boutique\",\"item\":\"https:\/\/www.gruppoliturgico.com\/fr\/boutique\/\"},{\"@type\":\"ListItem\",\"position\":3,\"name\":\"Chasuble\"}]},{\"@type\":\"WebSite\",\"@id\":\"https:\/\/www.gruppoliturgico.com\/es\/#website\",\"url\":\"https:\/\/www.gruppoliturgico.com\/es\/\",\"name\":\"Laboratorio Gruppo Liturgico\",\"description\":\"Articoli Religiosi online\",\"publisher\":{\"@id\":\"https:\/\/www.gruppoliturgico.com\/es\/#organization\"},\"potentialAction\":[{\"@type\":\"SearchAction\",\"target\":{\"@type\":\"EntryPoint\",\"urlTemplate\":\"https:\/\/www.gruppoliturgico.com\/es\/?s={search_term_string}\"},\"query-input\":\"required name=search_term_string\"}],\"inLanguage\":\"fr-FR\"},{\"@type\":\"Organization\",\"@id\":\"https:\/\/www.gruppoliturgico.com\/es\/#organization\",\"name\":\"Laboratorio Gruppo Liturgico\",\"url\":\"https:\/\/www.gruppoliturgico.com\/es\/\",\"logo\":{\"@type\":\"ImageObject\",\"inLanguage\":\"fr-FR\",\"@id\":\"https:\/\/www.gruppoliturgico.com\/es\/#\/schema\/logo\/image\/\",\"url\":\"https:\/\/www.gruppoliturgico.com\/wp-content\/uploads\/2022\/02\/logo-laboratoriogruppoliturgico.png\",\"contentUrl\":\"https:\/\/www.gruppoliturgico.com\/wp-content\/uploads\/2022\/02\/logo-laboratoriogruppoliturgico.png\",\"width\":400,\"height\":114,\"caption\":\"Laboratorio Gruppo Liturgico\"},\"image\":{\"@id\":\"https:\/\/www.gruppoliturgico.com\/es\/#\/schema\/logo\/image\/\"}}]}<\/script>\n<!-- \/ Yoast SEO plugin. -->","yoast_head_json":{"title":"Chasuble - solennelles et Laboratorio Gruppo Liturgico","description":"Chasuble confectionn\u00e9e dans un tissu lamin\u00e9 dor\u00e9 de grande qualit\u00e9, m\u00e9lange de laine, doux et r\u00e9sistant, d'aspect raffin\u00e9, facile \u00e0 laver et \u00e0 repasser. Elle pr\u00e9sente un riche galon sur les deux c\u00f4t\u00e9s, enti\u00e8rement brod\u00e9e de fils d'or en relief avec un motif floral \u00e9labor\u00e9 et un contour en agramme. La bordure est finie par une frange avec des n\u0153uds faits main.","robots":{"index":"index","follow":"follow","max-snippet":"max-snippet:-1","max-image-preview":"max-image-preview:large","max-video-preview":"max-video-preview:-1"},"canonical":"https:\/\/www.gruppoliturgico.com\/fr\/produit\/chasuble-79\/","og_locale":"fr_FR","og_type":"article","og_title":"Chasuble - solennelles et Laboratorio Gruppo Liturgico","og_description":"Chasuble confectionn\u00e9e dans un tissu lamin\u00e9 dor\u00e9 de grande qualit\u00e9, m\u00e9lange de laine, doux et r\u00e9sistant, d'aspect raffin\u00e9, facile \u00e0 laver et \u00e0 repasser. Elle pr\u00e9sente un riche galon sur les deux c\u00f4t\u00e9s, enti\u00e8rement brod\u00e9e de fils d'or en relief avec un motif floral \u00e9labor\u00e9 et un contour en agramme. La bordure est finie par une frange avec des n\u0153uds faits main.","og_url":"https:\/\/www.gruppoliturgico.com\/fr\/produit\/chasuble-79\/","og_site_name":"Laboratorio Gruppo Liturgico","og_image":[{"width":1657,"height":2001,"url":"https:\/\/www.gruppoliturgico.com\/wp-content\/uploads\/2025\/12\/3683.jpg","type":"image\/jpeg"}],"twitter_card":"summary_large_image","schema":{"@context":"https:\/\/schema.org","@graph":[{"@type":"WebPage","@id":"https:\/\/www.gruppoliturgico.com\/fr\/produit\/chasuble-79\/","url":"https:\/\/www.gruppoliturgico.com\/fr\/produit\/chasuble-79\/","name":"Chasuble - solennelles et Laboratorio Gruppo Liturgico","isPartOf":{"@id":"https:\/\/www.gruppoliturgico.com\/es\/#website"},"datePublished":"2025-12-10T10:46:06+00:00","dateModified":"2025-12-10T10:46:06+00:00","description":"Chasuble confectionn\u00e9e dans un tissu lamin\u00e9 dor\u00e9 de grande qualit\u00e9, m\u00e9lange de laine, doux et r\u00e9sistant, d'aspect raffin\u00e9, facile \u00e0 laver et \u00e0 repasser. Elle pr\u00e9sente un riche galon sur les deux c\u00f4t\u00e9s, enti\u00e8rement brod\u00e9e de fils d'or en relief avec un motif floral \u00e9labor\u00e9 et un contour en agramme. La bordure est finie par une frange avec des n\u0153uds faits main.","breadcrumb":{"@id":"https:\/\/www.gruppoliturgico.com\/fr\/produit\/chasuble-79\/#breadcrumb"},"inLanguage":"fr-FR","potentialAction":[{"@type":"ReadAction","target":["https:\/\/www.gruppoliturgico.com\/fr\/produit\/chasuble-79\/"]}]},{"@type":"BreadcrumbList","@id":"https:\/\/www.gruppoliturgico.com\/fr\/produit\/chasuble-79\/#breadcrumb","itemListElement":[{"@type":"ListItem","position":1,"name":"Home","item":"https:\/\/www.gruppoliturgico.com\/fr\/"},{"@type":"ListItem","position":2,"name":"Boutique","item":"https:\/\/www.gruppoliturgico.com\/fr\/boutique\/"},{"@type":"ListItem","position":3,"name":"Chasuble"}]},{"@type":"WebSite","@id":"https:\/\/www.gruppoliturgico.com\/es\/#website","url":"https:\/\/www.gruppoliturgico.com\/es\/","name":"Laboratorio Gruppo Liturgico","description":"Articoli Religiosi online","publisher":{"@id":"https:\/\/www.gruppoliturgico.com\/es\/#organization"},"potentialAction":[{"@type":"SearchAction","target":{"@type":"EntryPoint","urlTemplate":"https:\/\/www.gruppoliturgico.com\/es\/?s={search_term_string}"},"query-input":"required name=search_term_string"}],"inLanguage":"fr-FR"},{"@type":"Organization","@id":"https:\/\/www.gruppoliturgico.com\/es\/#organization","name":"Laboratorio Gruppo Liturgico","url":"https:\/\/www.gruppoliturgico.com\/es\/","logo":{"@type":"ImageObject","inLanguage":"fr-FR","@id":"https:\/\/www.gruppoliturgico.com\/es\/#\/schema\/logo\/image\/","url":"https:\/\/www.gruppoliturgico.com\/wp-content\/uploads\/2022\/02\/logo-laboratoriogruppoliturgico.png","contentUrl":"https:\/\/www.gruppoliturgico.com\/wp-content\/uploads\/2022\/02\/logo-laboratoriogruppoliturgico.png","width":400,"height":114,"caption":"Laboratorio Gruppo Liturgico"},"image":{"@id":"https:\/\/www.gruppoliturgico.com\/es\/#\/schema\/logo\/image\/"}}]}},"_links":{"self":[{"href":"https:\/\/www.gruppoliturgico.com\/fr\/wp-json\/wp\/v2\/product\/141952"}],"collection":[{"href":"https:\/\/www.gruppoliturgico.com\/fr\/wp-json\/wp\/v2\/product"}],"about":[{"href":"https:\/\/www.gruppoliturgico.com\/fr\/wp-json\/wp\/v2\/types\/product"}],"wp:featuredmedia":[{"embeddable":true,"href":"https:\/\/www.gruppoliturgico.com\/fr\/wp-json\/wp\/v2\/media\/141955"}],"wp:attachment":[{"href":"https:\/\/www.gruppoliturgico.com\/fr\/wp-json\/wp\/v2\/media?parent=141952"}],"wp:term":[{"taxonomy":"product_cat","embeddable":true,"href":"https:\/\/www.gruppoliturgico.com\/fr\/wp-json\/wp\/v2\/product_cat?post=141952"},{"taxonomy":"product_tag","embeddable":true,"href":"https:\/\/www.gruppoliturgico.com\/fr\/wp-json\/wp\/v2\/product_tag?post=141952"}],"curies":[{"name":"wp","href":"https:\/\/api.w.org\/{rel}","templated":true}]}}