{"id":141754,"date":"2025-12-03T15:41:10","date_gmt":"2025-12-03T14:41:10","guid":{"rendered":"https:\/\/www.gruppoliturgico.com\/prodotto\/voile-de-ciboire-3\/"},"modified":"2025-12-03T15:41:10","modified_gmt":"2025-12-03T14:41:10","slug":"voile-de-ciboire-3","status":"publish","type":"product","link":"https:\/\/www.gruppoliturgico.com\/fr\/produit\/voile-de-ciboire-3\/","title":{"rendered":"voile de ciboire"},"content":{"rendered":"<html><body><p>voile de ciboire avec broderies sur les quatre c\u00f4t\u00e9s en fil dor\u00e9 deux tons.<br>\nConfectionn\u00e9 en satin de polyester.<br>\nDimensions ouvert : 52 x 52 cm.<br>\nChaque c\u00f4t\u00e9 mesure 26 x 19 cm<\/p>\n<\/body><\/html>","protected":false},"excerpt":{"rendered":"<p>voile de ciboire avec broderies sur les quatre c\u00f4t\u00e9s en fil dor\u00e9 deux tons.<br \/>\nConfectionn\u00e9 en satin de polyester.<br \/>\nDimensions ouvert : 52 x 52 cm.<br \/>\nChaque c\u00f4t\u00e9 mesure 26 x 19 cm<\/p>\n","protected":false},"featured_media":141747,"template":"","meta":[],"product_cat":[12220],"product_tag":[],"yoast_head":"<!-- This site is optimized with the Yoast SEO plugin v20.4 - https:\/\/yoast.com\/wordpress\/plugins\/seo\/ -->\n<title>voile de ciboire - voile de ciboire et Laboratorio Gruppo Liturgico<\/title>\n<meta name=\"description\" content=\"voile de ciboire avec broderies sur les quatre c\u00f4t\u00e9s en fil dor\u00e9 deux tons. Confectionn\u00e9 en satin de polyester. Dimensions ouvert : 52 x 52 cm. Chaque c\u00f4t\u00e9 mesure 26 x 19 cm\" \/>\n<meta name=\"robots\" content=\"index, follow, max-snippet:-1, max-image-preview:large, max-video-preview:-1\" \/>\n<link rel=\"canonical\" href=\"https:\/\/www.gruppoliturgico.com\/fr\/produit\/voile-de-ciboire-3\/\" \/>\n<meta property=\"og:locale\" content=\"fr_FR\" \/>\n<meta property=\"og:type\" content=\"article\" \/>\n<meta property=\"og:title\" content=\"voile de ciboire - voile de ciboire et Laboratorio Gruppo Liturgico\" \/>\n<meta property=\"og:description\" content=\"voile de ciboire avec broderies sur les quatre c\u00f4t\u00e9s en fil dor\u00e9 deux tons. Confectionn\u00e9 en satin de polyester. Dimensions ouvert : 52 x 52 cm. Chaque c\u00f4t\u00e9 mesure 26 x 19 cm\" \/>\n<meta property=\"og:url\" content=\"https:\/\/www.gruppoliturgico.com\/fr\/produit\/voile-de-ciboire-3\/\" \/>\n<meta property=\"og:site_name\" content=\"Laboratorio Gruppo Liturgico\" \/>\n<meta property=\"og:image\" content=\"https:\/\/www.gruppoliturgico.com\/wp-content\/uploads\/2025\/12\/4155-1.jpeg\" \/>\n\t<meta property=\"og:image:width\" content=\"1637\" \/>\n\t<meta property=\"og:image:height\" content=\"2000\" \/>\n\t<meta property=\"og:image:type\" content=\"image\/jpeg\" \/>\n<meta name=\"twitter:card\" content=\"summary_large_image\" \/>\n<script type=\"application\/ld+json\" class=\"yoast-schema-graph\">{\"@context\":\"https:\/\/schema.org\",\"@graph\":[{\"@type\":\"WebPage\",\"@id\":\"https:\/\/www.gruppoliturgico.com\/fr\/produit\/voile-de-ciboire-3\/\",\"url\":\"https:\/\/www.gruppoliturgico.com\/fr\/produit\/voile-de-ciboire-3\/\",\"name\":\"voile de ciboire - voile de ciboire et Laboratorio Gruppo Liturgico\",\"isPartOf\":{\"@id\":\"https:\/\/www.gruppoliturgico.com\/es\/#website\"},\"datePublished\":\"2025-12-03T14:41:10+00:00\",\"dateModified\":\"2025-12-03T14:41:10+00:00\",\"description\":\"voile de ciboire avec broderies sur les quatre c\u00f4t\u00e9s en fil dor\u00e9 deux tons. Confectionn\u00e9 en satin de polyester. Dimensions ouvert : 52 x 52 cm. Chaque c\u00f4t\u00e9 mesure 26 x 19 cm\",\"breadcrumb\":{\"@id\":\"https:\/\/www.gruppoliturgico.com\/fr\/produit\/voile-de-ciboire-3\/#breadcrumb\"},\"inLanguage\":\"fr-FR\",\"potentialAction\":[{\"@type\":\"ReadAction\",\"target\":[\"https:\/\/www.gruppoliturgico.com\/fr\/produit\/voile-de-ciboire-3\/\"]}]},{\"@type\":\"BreadcrumbList\",\"@id\":\"https:\/\/www.gruppoliturgico.com\/fr\/produit\/voile-de-ciboire-3\/#breadcrumb\",\"itemListElement\":[{\"@type\":\"ListItem\",\"position\":1,\"name\":\"Home\",\"item\":\"https:\/\/www.gruppoliturgico.com\/fr\/\"},{\"@type\":\"ListItem\",\"position\":2,\"name\":\"Boutique\",\"item\":\"https:\/\/www.gruppoliturgico.com\/fr\/boutique\/\"},{\"@type\":\"ListItem\",\"position\":3,\"name\":\"voile de ciboire\"}]},{\"@type\":\"WebSite\",\"@id\":\"https:\/\/www.gruppoliturgico.com\/es\/#website\",\"url\":\"https:\/\/www.gruppoliturgico.com\/es\/\",\"name\":\"Laboratorio Gruppo Liturgico\",\"description\":\"Articoli Religiosi online\",\"publisher\":{\"@id\":\"https:\/\/www.gruppoliturgico.com\/es\/#organization\"},\"potentialAction\":[{\"@type\":\"SearchAction\",\"target\":{\"@type\":\"EntryPoint\",\"urlTemplate\":\"https:\/\/www.gruppoliturgico.com\/es\/?s={search_term_string}\"},\"query-input\":\"required name=search_term_string\"}],\"inLanguage\":\"fr-FR\"},{\"@type\":\"Organization\",\"@id\":\"https:\/\/www.gruppoliturgico.com\/es\/#organization\",\"name\":\"Laboratorio Gruppo Liturgico\",\"url\":\"https:\/\/www.gruppoliturgico.com\/es\/\",\"logo\":{\"@type\":\"ImageObject\",\"inLanguage\":\"fr-FR\",\"@id\":\"https:\/\/www.gruppoliturgico.com\/es\/#\/schema\/logo\/image\/\",\"url\":\"https:\/\/www.gruppoliturgico.com\/wp-content\/uploads\/2022\/02\/logo-laboratoriogruppoliturgico.png\",\"contentUrl\":\"https:\/\/www.gruppoliturgico.com\/wp-content\/uploads\/2022\/02\/logo-laboratoriogruppoliturgico.png\",\"width\":400,\"height\":114,\"caption\":\"Laboratorio Gruppo Liturgico\"},\"image\":{\"@id\":\"https:\/\/www.gruppoliturgico.com\/es\/#\/schema\/logo\/image\/\"}}]}<\/script>\n<!-- \/ Yoast SEO plugin. -->","yoast_head_json":{"title":"voile de ciboire - voile de ciboire et Laboratorio Gruppo Liturgico","description":"voile de ciboire avec broderies sur les quatre c\u00f4t\u00e9s en fil dor\u00e9 deux tons. Confectionn\u00e9 en satin de polyester. Dimensions ouvert : 52 x 52 cm. Chaque c\u00f4t\u00e9 mesure 26 x 19 cm","robots":{"index":"index","follow":"follow","max-snippet":"max-snippet:-1","max-image-preview":"max-image-preview:large","max-video-preview":"max-video-preview:-1"},"canonical":"https:\/\/www.gruppoliturgico.com\/fr\/produit\/voile-de-ciboire-3\/","og_locale":"fr_FR","og_type":"article","og_title":"voile de ciboire - voile de ciboire et Laboratorio Gruppo Liturgico","og_description":"voile de ciboire avec broderies sur les quatre c\u00f4t\u00e9s en fil dor\u00e9 deux tons. Confectionn\u00e9 en satin de polyester. Dimensions ouvert : 52 x 52 cm. Chaque c\u00f4t\u00e9 mesure 26 x 19 cm","og_url":"https:\/\/www.gruppoliturgico.com\/fr\/produit\/voile-de-ciboire-3\/","og_site_name":"Laboratorio Gruppo Liturgico","og_image":[{"width":1637,"height":2000,"url":"https:\/\/www.gruppoliturgico.com\/wp-content\/uploads\/2025\/12\/4155-1.jpeg","type":"image\/jpeg"}],"twitter_card":"summary_large_image","schema":{"@context":"https:\/\/schema.org","@graph":[{"@type":"WebPage","@id":"https:\/\/www.gruppoliturgico.com\/fr\/produit\/voile-de-ciboire-3\/","url":"https:\/\/www.gruppoliturgico.com\/fr\/produit\/voile-de-ciboire-3\/","name":"voile de ciboire - voile de ciboire et Laboratorio Gruppo Liturgico","isPartOf":{"@id":"https:\/\/www.gruppoliturgico.com\/es\/#website"},"datePublished":"2025-12-03T14:41:10+00:00","dateModified":"2025-12-03T14:41:10+00:00","description":"voile de ciboire avec broderies sur les quatre c\u00f4t\u00e9s en fil dor\u00e9 deux tons. Confectionn\u00e9 en satin de polyester. Dimensions ouvert : 52 x 52 cm. Chaque c\u00f4t\u00e9 mesure 26 x 19 cm","breadcrumb":{"@id":"https:\/\/www.gruppoliturgico.com\/fr\/produit\/voile-de-ciboire-3\/#breadcrumb"},"inLanguage":"fr-FR","potentialAction":[{"@type":"ReadAction","target":["https:\/\/www.gruppoliturgico.com\/fr\/produit\/voile-de-ciboire-3\/"]}]},{"@type":"BreadcrumbList","@id":"https:\/\/www.gruppoliturgico.com\/fr\/produit\/voile-de-ciboire-3\/#breadcrumb","itemListElement":[{"@type":"ListItem","position":1,"name":"Home","item":"https:\/\/www.gruppoliturgico.com\/fr\/"},{"@type":"ListItem","position":2,"name":"Boutique","item":"https:\/\/www.gruppoliturgico.com\/fr\/boutique\/"},{"@type":"ListItem","position":3,"name":"voile de ciboire"}]},{"@type":"WebSite","@id":"https:\/\/www.gruppoliturgico.com\/es\/#website","url":"https:\/\/www.gruppoliturgico.com\/es\/","name":"Laboratorio Gruppo Liturgico","description":"Articoli Religiosi online","publisher":{"@id":"https:\/\/www.gruppoliturgico.com\/es\/#organization"},"potentialAction":[{"@type":"SearchAction","target":{"@type":"EntryPoint","urlTemplate":"https:\/\/www.gruppoliturgico.com\/es\/?s={search_term_string}"},"query-input":"required name=search_term_string"}],"inLanguage":"fr-FR"},{"@type":"Organization","@id":"https:\/\/www.gruppoliturgico.com\/es\/#organization","name":"Laboratorio Gruppo Liturgico","url":"https:\/\/www.gruppoliturgico.com\/es\/","logo":{"@type":"ImageObject","inLanguage":"fr-FR","@id":"https:\/\/www.gruppoliturgico.com\/es\/#\/schema\/logo\/image\/","url":"https:\/\/www.gruppoliturgico.com\/wp-content\/uploads\/2022\/02\/logo-laboratoriogruppoliturgico.png","contentUrl":"https:\/\/www.gruppoliturgico.com\/wp-content\/uploads\/2022\/02\/logo-laboratoriogruppoliturgico.png","width":400,"height":114,"caption":"Laboratorio Gruppo Liturgico"},"image":{"@id":"https:\/\/www.gruppoliturgico.com\/es\/#\/schema\/logo\/image\/"}}]}},"_links":{"self":[{"href":"https:\/\/www.gruppoliturgico.com\/fr\/wp-json\/wp\/v2\/product\/141754"}],"collection":[{"href":"https:\/\/www.gruppoliturgico.com\/fr\/wp-json\/wp\/v2\/product"}],"about":[{"href":"https:\/\/www.gruppoliturgico.com\/fr\/wp-json\/wp\/v2\/types\/product"}],"wp:featuredmedia":[{"embeddable":true,"href":"https:\/\/www.gruppoliturgico.com\/fr\/wp-json\/wp\/v2\/media\/141747"}],"wp:attachment":[{"href":"https:\/\/www.gruppoliturgico.com\/fr\/wp-json\/wp\/v2\/media?parent=141754"}],"wp:term":[{"taxonomy":"product_cat","embeddable":true,"href":"https:\/\/www.gruppoliturgico.com\/fr\/wp-json\/wp\/v2\/product_cat?post=141754"},{"taxonomy":"product_tag","embeddable":true,"href":"https:\/\/www.gruppoliturgico.com\/fr\/wp-json\/wp\/v2\/product_tag?post=141754"}],"curies":[{"name":"wp","href":"https:\/\/api.w.org\/{rel}","templated":true}]}}