{"id":141695,"date":"2025-12-03T10:28:31","date_gmt":"2025-12-03T09:28:31","guid":{"rendered":"https:\/\/www.gruppoliturgico.com\/prodotto\/saint-francois-dassise\/"},"modified":"2025-12-03T10:28:31","modified_gmt":"2025-12-03T09:28:31","slug":"saint-francois-dassise","status":"publish","type":"product","link":"https:\/\/www.gruppoliturgico.com\/fr\/produit\/saint-francois-dassise\/","title":{"rendered":"Saint Fran\u00e7ois d&rsquo;Assise"},"content":{"rendered":"<html><body><p>Interpr\u00e9tation moderne et originale de la figure de Saint Fran\u00e7ois avec des colombes.<br>\n\u0152uvre en r\u00e9sine d\u00e9cor\u00e9e \u00e0 la main, pouvant \u00e9galement \u00eatre plac\u00e9e \u00e0 l\u2019ext\u00e9rieur.<br>\nHauteur 95 cm.<br>\nBase 50 x 40 cm.<\/p>\n<\/body><\/html>","protected":false},"excerpt":{"rendered":"<p>Interpr\u00e9tation moderne et originale de la figure de Saint Fran\u00e7ois avec des colombes.<br \/>\n\u0152uvre en r\u00e9sine d\u00e9cor\u00e9e \u00e0 la main, pouvant \u00e9galement \u00eatre plac\u00e9e \u00e0 l&rsquo;ext\u00e9rieur.<br \/>\nHauteur 95 cm.<br \/>\nBase 50 x 40 cm.<\/p>\n","protected":false},"featured_media":141816,"template":"","meta":[],"product_cat":[11920,12604],"product_tag":[15380],"yoast_head":"<!-- This site is optimized with the Yoast SEO plugin v20.4 - https:\/\/yoast.com\/wordpress\/plugins\/seo\/ -->\n<title>Saint Fran\u00e7ois d&#039;Assise - statues pour l&#039;ext\u00e9rieure, St. Fran\u00e7ois et Laboratorio Gruppo Liturgico<\/title>\n<meta name=\"description\" content=\"Interpr\u00e9tation moderne et originale de la figure de Saint Fran\u00e7ois avec des colombes. \u0152uvre en r\u00e9sine d\u00e9cor\u00e9e \u00e0 la main, pouvant \u00e9galement \u00eatre plac\u00e9e \u00e0 l&#039;ext\u00e9rieur. Hauteur 95 cm. Base 50 x 40 cm.\" \/>\n<meta name=\"robots\" content=\"index, follow, max-snippet:-1, max-image-preview:large, max-video-preview:-1\" \/>\n<link rel=\"canonical\" href=\"https:\/\/www.gruppoliturgico.com\/fr\/produit\/saint-francois-dassise\/\" \/>\n<meta property=\"og:locale\" content=\"fr_FR\" \/>\n<meta property=\"og:type\" content=\"article\" \/>\n<meta property=\"og:title\" content=\"Saint Fran\u00e7ois d&#039;Assise - statues pour l&#039;ext\u00e9rieure, St. Fran\u00e7ois et Laboratorio Gruppo Liturgico\" \/>\n<meta property=\"og:description\" content=\"Interpr\u00e9tation moderne et originale de la figure de Saint Fran\u00e7ois avec des colombes. \u0152uvre en r\u00e9sine d\u00e9cor\u00e9e \u00e0 la main, pouvant \u00e9galement \u00eatre plac\u00e9e \u00e0 l&#039;ext\u00e9rieur. Hauteur 95 cm. Base 50 x 40 cm.\" \/>\n<meta property=\"og:url\" content=\"https:\/\/www.gruppoliturgico.com\/fr\/produit\/saint-francois-dassise\/\" \/>\n<meta property=\"og:site_name\" content=\"Laboratorio Gruppo Liturgico\" \/>\n<meta property=\"og:image\" content=\"https:\/\/www.gruppoliturgico.com\/wp-content\/uploads\/2025\/12\/4151_.jpg\" \/>\n\t<meta property=\"og:image:width\" content=\"1143\" \/>\n\t<meta property=\"og:image:height\" content=\"2002\" \/>\n\t<meta property=\"og:image:type\" content=\"image\/jpeg\" \/>\n<meta name=\"twitter:card\" content=\"summary_large_image\" \/>\n<script type=\"application\/ld+json\" class=\"yoast-schema-graph\">{\"@context\":\"https:\/\/schema.org\",\"@graph\":[{\"@type\":\"WebPage\",\"@id\":\"https:\/\/www.gruppoliturgico.com\/fr\/produit\/saint-francois-dassise\/\",\"url\":\"https:\/\/www.gruppoliturgico.com\/fr\/produit\/saint-francois-dassise\/\",\"name\":\"Saint Fran\u00e7ois d'Assise - statues pour l'ext\u00e9rieure, St. Fran\u00e7ois et Laboratorio Gruppo Liturgico\",\"isPartOf\":{\"@id\":\"https:\/\/www.gruppoliturgico.com\/es\/#website\"},\"datePublished\":\"2025-12-03T09:28:31+00:00\",\"dateModified\":\"2025-12-03T09:28:31+00:00\",\"description\":\"Interpr\u00e9tation moderne et originale de la figure de Saint Fran\u00e7ois avec des colombes. \u0152uvre en r\u00e9sine d\u00e9cor\u00e9e \u00e0 la main, pouvant \u00e9galement \u00eatre plac\u00e9e \u00e0 l'ext\u00e9rieur. Hauteur 95 cm. Base 50 x 40 cm.\",\"breadcrumb\":{\"@id\":\"https:\/\/www.gruppoliturgico.com\/fr\/produit\/saint-francois-dassise\/#breadcrumb\"},\"inLanguage\":\"fr-FR\",\"potentialAction\":[{\"@type\":\"ReadAction\",\"target\":[\"https:\/\/www.gruppoliturgico.com\/fr\/produit\/saint-francois-dassise\/\"]}]},{\"@type\":\"BreadcrumbList\",\"@id\":\"https:\/\/www.gruppoliturgico.com\/fr\/produit\/saint-francois-dassise\/#breadcrumb\",\"itemListElement\":[{\"@type\":\"ListItem\",\"position\":1,\"name\":\"Home\",\"item\":\"https:\/\/www.gruppoliturgico.com\/fr\/\"},{\"@type\":\"ListItem\",\"position\":2,\"name\":\"Boutique\",\"item\":\"https:\/\/www.gruppoliturgico.com\/fr\/boutique\/\"},{\"@type\":\"ListItem\",\"position\":3,\"name\":\"Saint Fran\u00e7ois d&rsquo;Assise\"}]},{\"@type\":\"WebSite\",\"@id\":\"https:\/\/www.gruppoliturgico.com\/es\/#website\",\"url\":\"https:\/\/www.gruppoliturgico.com\/es\/\",\"name\":\"Laboratorio Gruppo Liturgico\",\"description\":\"Articoli Religiosi online\",\"publisher\":{\"@id\":\"https:\/\/www.gruppoliturgico.com\/es\/#organization\"},\"potentialAction\":[{\"@type\":\"SearchAction\",\"target\":{\"@type\":\"EntryPoint\",\"urlTemplate\":\"https:\/\/www.gruppoliturgico.com\/es\/?s={search_term_string}\"},\"query-input\":\"required name=search_term_string\"}],\"inLanguage\":\"fr-FR\"},{\"@type\":\"Organization\",\"@id\":\"https:\/\/www.gruppoliturgico.com\/es\/#organization\",\"name\":\"Laboratorio Gruppo Liturgico\",\"url\":\"https:\/\/www.gruppoliturgico.com\/es\/\",\"logo\":{\"@type\":\"ImageObject\",\"inLanguage\":\"fr-FR\",\"@id\":\"https:\/\/www.gruppoliturgico.com\/es\/#\/schema\/logo\/image\/\",\"url\":\"https:\/\/www.gruppoliturgico.com\/wp-content\/uploads\/2022\/02\/logo-laboratoriogruppoliturgico.png\",\"contentUrl\":\"https:\/\/www.gruppoliturgico.com\/wp-content\/uploads\/2022\/02\/logo-laboratoriogruppoliturgico.png\",\"width\":400,\"height\":114,\"caption\":\"Laboratorio Gruppo Liturgico\"},\"image\":{\"@id\":\"https:\/\/www.gruppoliturgico.com\/es\/#\/schema\/logo\/image\/\"}}]}<\/script>\n<!-- \/ Yoast SEO plugin. -->","yoast_head_json":{"title":"Saint Fran\u00e7ois d'Assise - statues pour l'ext\u00e9rieure, St. Fran\u00e7ois et Laboratorio Gruppo Liturgico","description":"Interpr\u00e9tation moderne et originale de la figure de Saint Fran\u00e7ois avec des colombes. \u0152uvre en r\u00e9sine d\u00e9cor\u00e9e \u00e0 la main, pouvant \u00e9galement \u00eatre plac\u00e9e \u00e0 l'ext\u00e9rieur. Hauteur 95 cm. Base 50 x 40 cm.","robots":{"index":"index","follow":"follow","max-snippet":"max-snippet:-1","max-image-preview":"max-image-preview:large","max-video-preview":"max-video-preview:-1"},"canonical":"https:\/\/www.gruppoliturgico.com\/fr\/produit\/saint-francois-dassise\/","og_locale":"fr_FR","og_type":"article","og_title":"Saint Fran\u00e7ois d'Assise - statues pour l'ext\u00e9rieure, St. Fran\u00e7ois et Laboratorio Gruppo Liturgico","og_description":"Interpr\u00e9tation moderne et originale de la figure de Saint Fran\u00e7ois avec des colombes. \u0152uvre en r\u00e9sine d\u00e9cor\u00e9e \u00e0 la main, pouvant \u00e9galement \u00eatre plac\u00e9e \u00e0 l'ext\u00e9rieur. Hauteur 95 cm. Base 50 x 40 cm.","og_url":"https:\/\/www.gruppoliturgico.com\/fr\/produit\/saint-francois-dassise\/","og_site_name":"Laboratorio Gruppo Liturgico","og_image":[{"width":1143,"height":2002,"url":"https:\/\/www.gruppoliturgico.com\/wp-content\/uploads\/2025\/12\/4151_.jpg","type":"image\/jpeg"}],"twitter_card":"summary_large_image","schema":{"@context":"https:\/\/schema.org","@graph":[{"@type":"WebPage","@id":"https:\/\/www.gruppoliturgico.com\/fr\/produit\/saint-francois-dassise\/","url":"https:\/\/www.gruppoliturgico.com\/fr\/produit\/saint-francois-dassise\/","name":"Saint Fran\u00e7ois d'Assise - statues pour l'ext\u00e9rieure, St. Fran\u00e7ois et Laboratorio Gruppo Liturgico","isPartOf":{"@id":"https:\/\/www.gruppoliturgico.com\/es\/#website"},"datePublished":"2025-12-03T09:28:31+00:00","dateModified":"2025-12-03T09:28:31+00:00","description":"Interpr\u00e9tation moderne et originale de la figure de Saint Fran\u00e7ois avec des colombes. \u0152uvre en r\u00e9sine d\u00e9cor\u00e9e \u00e0 la main, pouvant \u00e9galement \u00eatre plac\u00e9e \u00e0 l'ext\u00e9rieur. Hauteur 95 cm. Base 50 x 40 cm.","breadcrumb":{"@id":"https:\/\/www.gruppoliturgico.com\/fr\/produit\/saint-francois-dassise\/#breadcrumb"},"inLanguage":"fr-FR","potentialAction":[{"@type":"ReadAction","target":["https:\/\/www.gruppoliturgico.com\/fr\/produit\/saint-francois-dassise\/"]}]},{"@type":"BreadcrumbList","@id":"https:\/\/www.gruppoliturgico.com\/fr\/produit\/saint-francois-dassise\/#breadcrumb","itemListElement":[{"@type":"ListItem","position":1,"name":"Home","item":"https:\/\/www.gruppoliturgico.com\/fr\/"},{"@type":"ListItem","position":2,"name":"Boutique","item":"https:\/\/www.gruppoliturgico.com\/fr\/boutique\/"},{"@type":"ListItem","position":3,"name":"Saint Fran\u00e7ois d&rsquo;Assise"}]},{"@type":"WebSite","@id":"https:\/\/www.gruppoliturgico.com\/es\/#website","url":"https:\/\/www.gruppoliturgico.com\/es\/","name":"Laboratorio Gruppo Liturgico","description":"Articoli Religiosi online","publisher":{"@id":"https:\/\/www.gruppoliturgico.com\/es\/#organization"},"potentialAction":[{"@type":"SearchAction","target":{"@type":"EntryPoint","urlTemplate":"https:\/\/www.gruppoliturgico.com\/es\/?s={search_term_string}"},"query-input":"required name=search_term_string"}],"inLanguage":"fr-FR"},{"@type":"Organization","@id":"https:\/\/www.gruppoliturgico.com\/es\/#organization","name":"Laboratorio Gruppo Liturgico","url":"https:\/\/www.gruppoliturgico.com\/es\/","logo":{"@type":"ImageObject","inLanguage":"fr-FR","@id":"https:\/\/www.gruppoliturgico.com\/es\/#\/schema\/logo\/image\/","url":"https:\/\/www.gruppoliturgico.com\/wp-content\/uploads\/2022\/02\/logo-laboratoriogruppoliturgico.png","contentUrl":"https:\/\/www.gruppoliturgico.com\/wp-content\/uploads\/2022\/02\/logo-laboratoriogruppoliturgico.png","width":400,"height":114,"caption":"Laboratorio Gruppo Liturgico"},"image":{"@id":"https:\/\/www.gruppoliturgico.com\/es\/#\/schema\/logo\/image\/"}}]}},"_links":{"self":[{"href":"https:\/\/www.gruppoliturgico.com\/fr\/wp-json\/wp\/v2\/product\/141695"}],"collection":[{"href":"https:\/\/www.gruppoliturgico.com\/fr\/wp-json\/wp\/v2\/product"}],"about":[{"href":"https:\/\/www.gruppoliturgico.com\/fr\/wp-json\/wp\/v2\/types\/product"}],"wp:featuredmedia":[{"embeddable":true,"href":"https:\/\/www.gruppoliturgico.com\/fr\/wp-json\/wp\/v2\/media\/141816"}],"wp:attachment":[{"href":"https:\/\/www.gruppoliturgico.com\/fr\/wp-json\/wp\/v2\/media?parent=141695"}],"wp:term":[{"taxonomy":"product_cat","embeddable":true,"href":"https:\/\/www.gruppoliturgico.com\/fr\/wp-json\/wp\/v2\/product_cat?post=141695"},{"taxonomy":"product_tag","embeddable":true,"href":"https:\/\/www.gruppoliturgico.com\/fr\/wp-json\/wp\/v2\/product_tag?post=141695"}],"curies":[{"name":"wp","href":"https:\/\/api.w.org\/{rel}","templated":true}]}}