{"id":141233,"date":"2025-10-31T17:03:27","date_gmt":"2025-10-31T16:03:27","guid":{"rendered":"https:\/\/www.gruppoliturgico.com\/prodotto\/voile-de-lutrin-29\/"},"modified":"2025-10-31T17:03:27","modified_gmt":"2025-10-31T16:03:27","slug":"voile-de-lutrin-29","status":"publish","type":"product","link":"https:\/\/www.gruppoliturgico.com\/fr\/produit\/voile-de-lutrin-29\/","title":{"rendered":"Voile de lutrin"},"content":{"rendered":"<html><body><p>Voile de lutrin fabriqu\u00e9e artisanalement avec un m\u00e9tier \u00e0 tisser \u00e0 trois trames.<br>\nEffet relief de type tapisserie.<br>\nSaint Fran\u00e7ois est repr\u00e9sent\u00e9 dans la nature avec des colombes, des fleurs, des oiseaux et, en arri\u00e8re-plan, l\u2019\u00e9glise de San Damiano.<br>\nConvient \u00e0 tous les lutrins mesurant 240 x 50 cm<\/p>\n<\/body><\/html>","protected":false},"excerpt":{"rendered":"<p>Voile de lutrin fabriqu\u00e9e artisanalement avec un m\u00e9tier \u00e0 tisser \u00e0 trois trames.<br \/>\nEffet relief de type tapisserie.<br \/>\nSaint Fran\u00e7ois est repr\u00e9sent\u00e9 dans la nature avec des colombes, des fleurs, des oiseaux et, en arri\u00e8re-plan, l&rsquo;\u00e9glise de San Damiano.<br \/>\nConvient \u00e0 tous les lutrins mesurant 240 x 50 cm<\/p>\n","protected":false},"featured_media":141226,"template":"","meta":[],"product_cat":[11772],"product_tag":[15380],"yoast_head":"<!-- This site is optimized with the Yoast SEO plugin v20.4 - https:\/\/yoast.com\/wordpress\/plugins\/seo\/ -->\n<title>Voile de lutrin - voiles de lutrin et Laboratorio Gruppo Liturgico<\/title>\n<meta name=\"description\" content=\"Voile de lutrin fabriqu\u00e9e artisanalement avec un m\u00e9tier \u00e0 tisser \u00e0 trois trames.  Effet relief de type tapisserie. Saint Fran\u00e7ois est repr\u00e9sent\u00e9 dans la nature avec des colombes, des fleurs, des oiseaux et, en arri\u00e8re-plan, l&#039;\u00e9glise de San Damiano. Convient \u00e0 tous les lutrins mesurant 240 x 50 cm\" \/>\n<meta name=\"robots\" content=\"index, follow, max-snippet:-1, max-image-preview:large, max-video-preview:-1\" \/>\n<link rel=\"canonical\" href=\"https:\/\/www.gruppoliturgico.com\/fr\/produit\/voile-de-lutrin-29\/\" \/>\n<meta property=\"og:locale\" content=\"fr_FR\" \/>\n<meta property=\"og:type\" content=\"article\" \/>\n<meta property=\"og:title\" content=\"Voile de lutrin - voiles de lutrin et Laboratorio Gruppo Liturgico\" \/>\n<meta property=\"og:description\" content=\"Voile de lutrin fabriqu\u00e9e artisanalement avec un m\u00e9tier \u00e0 tisser \u00e0 trois trames.  Effet relief de type tapisserie. Saint Fran\u00e7ois est repr\u00e9sent\u00e9 dans la nature avec des colombes, des fleurs, des oiseaux et, en arri\u00e8re-plan, l&#039;\u00e9glise de San Damiano. Convient \u00e0 tous les lutrins mesurant 240 x 50 cm\" \/>\n<meta property=\"og:url\" content=\"https:\/\/www.gruppoliturgico.com\/fr\/produit\/voile-de-lutrin-29\/\" \/>\n<meta property=\"og:site_name\" content=\"Laboratorio Gruppo Liturgico\" \/>\n<meta property=\"og:image\" content=\"https:\/\/www.gruppoliturgico.com\/wp-content\/uploads\/2025\/10\/4143_-438x1024.jpg\" \/>\n\t<meta property=\"og:image:width\" content=\"438\" \/>\n\t<meta property=\"og:image:height\" content=\"1024\" \/>\n\t<meta property=\"og:image:type\" content=\"image\/jpeg\" \/>\n<meta name=\"twitter:card\" content=\"summary_large_image\" \/>\n<script type=\"application\/ld+json\" class=\"yoast-schema-graph\">{\"@context\":\"https:\/\/schema.org\",\"@graph\":[{\"@type\":\"WebPage\",\"@id\":\"https:\/\/www.gruppoliturgico.com\/fr\/produit\/voile-de-lutrin-29\/\",\"url\":\"https:\/\/www.gruppoliturgico.com\/fr\/produit\/voile-de-lutrin-29\/\",\"name\":\"Voile de lutrin - voiles de lutrin et Laboratorio Gruppo Liturgico\",\"isPartOf\":{\"@id\":\"https:\/\/www.gruppoliturgico.com\/es\/#website\"},\"datePublished\":\"2025-10-31T16:03:27+00:00\",\"dateModified\":\"2025-10-31T16:03:27+00:00\",\"description\":\"Voile de lutrin fabriqu\u00e9e artisanalement avec un m\u00e9tier \u00e0 tisser \u00e0 trois trames. Effet relief de type tapisserie. Saint Fran\u00e7ois est repr\u00e9sent\u00e9 dans la nature avec des colombes, des fleurs, des oiseaux et, en arri\u00e8re-plan, l'\u00e9glise de San Damiano. Convient \u00e0 tous les lutrins mesurant 240 x 50 cm\",\"breadcrumb\":{\"@id\":\"https:\/\/www.gruppoliturgico.com\/fr\/produit\/voile-de-lutrin-29\/#breadcrumb\"},\"inLanguage\":\"fr-FR\",\"potentialAction\":[{\"@type\":\"ReadAction\",\"target\":[\"https:\/\/www.gruppoliturgico.com\/fr\/produit\/voile-de-lutrin-29\/\"]}]},{\"@type\":\"BreadcrumbList\",\"@id\":\"https:\/\/www.gruppoliturgico.com\/fr\/produit\/voile-de-lutrin-29\/#breadcrumb\",\"itemListElement\":[{\"@type\":\"ListItem\",\"position\":1,\"name\":\"Home\",\"item\":\"https:\/\/www.gruppoliturgico.com\/fr\/\"},{\"@type\":\"ListItem\",\"position\":2,\"name\":\"Boutique\",\"item\":\"https:\/\/www.gruppoliturgico.com\/fr\/boutique\/\"},{\"@type\":\"ListItem\",\"position\":3,\"name\":\"Voile de lutrin\"}]},{\"@type\":\"WebSite\",\"@id\":\"https:\/\/www.gruppoliturgico.com\/es\/#website\",\"url\":\"https:\/\/www.gruppoliturgico.com\/es\/\",\"name\":\"Laboratorio Gruppo Liturgico\",\"description\":\"Articoli Religiosi online\",\"publisher\":{\"@id\":\"https:\/\/www.gruppoliturgico.com\/es\/#organization\"},\"potentialAction\":[{\"@type\":\"SearchAction\",\"target\":{\"@type\":\"EntryPoint\",\"urlTemplate\":\"https:\/\/www.gruppoliturgico.com\/es\/?s={search_term_string}\"},\"query-input\":\"required name=search_term_string\"}],\"inLanguage\":\"fr-FR\"},{\"@type\":\"Organization\",\"@id\":\"https:\/\/www.gruppoliturgico.com\/es\/#organization\",\"name\":\"Laboratorio Gruppo Liturgico\",\"url\":\"https:\/\/www.gruppoliturgico.com\/es\/\",\"logo\":{\"@type\":\"ImageObject\",\"inLanguage\":\"fr-FR\",\"@id\":\"https:\/\/www.gruppoliturgico.com\/es\/#\/schema\/logo\/image\/\",\"url\":\"https:\/\/www.gruppoliturgico.com\/wp-content\/uploads\/2022\/02\/logo-laboratoriogruppoliturgico.png\",\"contentUrl\":\"https:\/\/www.gruppoliturgico.com\/wp-content\/uploads\/2022\/02\/logo-laboratoriogruppoliturgico.png\",\"width\":400,\"height\":114,\"caption\":\"Laboratorio Gruppo Liturgico\"},\"image\":{\"@id\":\"https:\/\/www.gruppoliturgico.com\/es\/#\/schema\/logo\/image\/\"}}]}<\/script>\n<!-- \/ Yoast SEO plugin. -->","yoast_head_json":{"title":"Voile de lutrin - voiles de lutrin et Laboratorio Gruppo Liturgico","description":"Voile de lutrin fabriqu\u00e9e artisanalement avec un m\u00e9tier \u00e0 tisser \u00e0 trois trames.  Effet relief de type tapisserie. Saint Fran\u00e7ois est repr\u00e9sent\u00e9 dans la nature avec des colombes, des fleurs, des oiseaux et, en arri\u00e8re-plan, l'\u00e9glise de San Damiano. Convient \u00e0 tous les lutrins mesurant 240 x 50 cm","robots":{"index":"index","follow":"follow","max-snippet":"max-snippet:-1","max-image-preview":"max-image-preview:large","max-video-preview":"max-video-preview:-1"},"canonical":"https:\/\/www.gruppoliturgico.com\/fr\/produit\/voile-de-lutrin-29\/","og_locale":"fr_FR","og_type":"article","og_title":"Voile de lutrin - voiles de lutrin et Laboratorio Gruppo Liturgico","og_description":"Voile de lutrin fabriqu\u00e9e artisanalement avec un m\u00e9tier \u00e0 tisser \u00e0 trois trames.  Effet relief de type tapisserie. Saint Fran\u00e7ois est repr\u00e9sent\u00e9 dans la nature avec des colombes, des fleurs, des oiseaux et, en arri\u00e8re-plan, l'\u00e9glise de San Damiano. Convient \u00e0 tous les lutrins mesurant 240 x 50 cm","og_url":"https:\/\/www.gruppoliturgico.com\/fr\/produit\/voile-de-lutrin-29\/","og_site_name":"Laboratorio Gruppo Liturgico","og_image":[{"width":438,"height":1024,"url":"https:\/\/www.gruppoliturgico.com\/wp-content\/uploads\/2025\/10\/4143_-438x1024.jpg","type":"image\/jpeg"}],"twitter_card":"summary_large_image","schema":{"@context":"https:\/\/schema.org","@graph":[{"@type":"WebPage","@id":"https:\/\/www.gruppoliturgico.com\/fr\/produit\/voile-de-lutrin-29\/","url":"https:\/\/www.gruppoliturgico.com\/fr\/produit\/voile-de-lutrin-29\/","name":"Voile de lutrin - voiles de lutrin et Laboratorio Gruppo Liturgico","isPartOf":{"@id":"https:\/\/www.gruppoliturgico.com\/es\/#website"},"datePublished":"2025-10-31T16:03:27+00:00","dateModified":"2025-10-31T16:03:27+00:00","description":"Voile de lutrin fabriqu\u00e9e artisanalement avec un m\u00e9tier \u00e0 tisser \u00e0 trois trames. Effet relief de type tapisserie. Saint Fran\u00e7ois est repr\u00e9sent\u00e9 dans la nature avec des colombes, des fleurs, des oiseaux et, en arri\u00e8re-plan, l'\u00e9glise de San Damiano. Convient \u00e0 tous les lutrins mesurant 240 x 50 cm","breadcrumb":{"@id":"https:\/\/www.gruppoliturgico.com\/fr\/produit\/voile-de-lutrin-29\/#breadcrumb"},"inLanguage":"fr-FR","potentialAction":[{"@type":"ReadAction","target":["https:\/\/www.gruppoliturgico.com\/fr\/produit\/voile-de-lutrin-29\/"]}]},{"@type":"BreadcrumbList","@id":"https:\/\/www.gruppoliturgico.com\/fr\/produit\/voile-de-lutrin-29\/#breadcrumb","itemListElement":[{"@type":"ListItem","position":1,"name":"Home","item":"https:\/\/www.gruppoliturgico.com\/fr\/"},{"@type":"ListItem","position":2,"name":"Boutique","item":"https:\/\/www.gruppoliturgico.com\/fr\/boutique\/"},{"@type":"ListItem","position":3,"name":"Voile de lutrin"}]},{"@type":"WebSite","@id":"https:\/\/www.gruppoliturgico.com\/es\/#website","url":"https:\/\/www.gruppoliturgico.com\/es\/","name":"Laboratorio Gruppo Liturgico","description":"Articoli Religiosi online","publisher":{"@id":"https:\/\/www.gruppoliturgico.com\/es\/#organization"},"potentialAction":[{"@type":"SearchAction","target":{"@type":"EntryPoint","urlTemplate":"https:\/\/www.gruppoliturgico.com\/es\/?s={search_term_string}"},"query-input":"required name=search_term_string"}],"inLanguage":"fr-FR"},{"@type":"Organization","@id":"https:\/\/www.gruppoliturgico.com\/es\/#organization","name":"Laboratorio Gruppo Liturgico","url":"https:\/\/www.gruppoliturgico.com\/es\/","logo":{"@type":"ImageObject","inLanguage":"fr-FR","@id":"https:\/\/www.gruppoliturgico.com\/es\/#\/schema\/logo\/image\/","url":"https:\/\/www.gruppoliturgico.com\/wp-content\/uploads\/2022\/02\/logo-laboratoriogruppoliturgico.png","contentUrl":"https:\/\/www.gruppoliturgico.com\/wp-content\/uploads\/2022\/02\/logo-laboratoriogruppoliturgico.png","width":400,"height":114,"caption":"Laboratorio Gruppo Liturgico"},"image":{"@id":"https:\/\/www.gruppoliturgico.com\/es\/#\/schema\/logo\/image\/"}}]}},"_links":{"self":[{"href":"https:\/\/www.gruppoliturgico.com\/fr\/wp-json\/wp\/v2\/product\/141233"}],"collection":[{"href":"https:\/\/www.gruppoliturgico.com\/fr\/wp-json\/wp\/v2\/product"}],"about":[{"href":"https:\/\/www.gruppoliturgico.com\/fr\/wp-json\/wp\/v2\/types\/product"}],"wp:featuredmedia":[{"embeddable":true,"href":"https:\/\/www.gruppoliturgico.com\/fr\/wp-json\/wp\/v2\/media\/141226"}],"wp:attachment":[{"href":"https:\/\/www.gruppoliturgico.com\/fr\/wp-json\/wp\/v2\/media?parent=141233"}],"wp:term":[{"taxonomy":"product_cat","embeddable":true,"href":"https:\/\/www.gruppoliturgico.com\/fr\/wp-json\/wp\/v2\/product_cat?post=141233"},{"taxonomy":"product_tag","embeddable":true,"href":"https:\/\/www.gruppoliturgico.com\/fr\/wp-json\/wp\/v2\/product_tag?post=141233"}],"curies":[{"name":"wp","href":"https:\/\/api.w.org\/{rel}","templated":true}]}}