{"id":141196,"date":"2025-10-31T16:21:04","date_gmt":"2025-10-31T15:21:04","guid":{"rendered":"https:\/\/www.gruppoliturgico.com\/prodotto\/chasuble-laudato-sii\/"},"modified":"2025-10-31T16:21:04","modified_gmt":"2025-10-31T15:21:04","slug":"chasuble-laudato-sii","status":"publish","type":"product","link":"https:\/\/www.gruppoliturgico.com\/fr\/produit\/chasuble-laudato-sii\/","title":{"rendered":"Chasuble \u00ab\u00a0Laudato sii\u00a0\u00bb"},"content":{"rendered":"<html><body><p>Chasuble en tissu polyester de haute qualit\u00e9, tr\u00e8s doux et l\u00e9ger.<br>\nElle pr\u00e9sente un galon central, orn\u00e9 de passementerie dor\u00e9e, sur lequel est repr\u00e9sent\u00e9 Saint Fran\u00e7ois avec les colombes, le soleil, la lune et les \u00e9toiles, enti\u00e8rement peints avec des couleurs ind\u00e9l\u00e9biles.<br>\nAu dos, le Tau et le symbole de \u00ab sora acqua \u00bb (s\u0153ur eau).<br>\nArticle exclusif produit dans nos ateliers.<\/p>\n<\/body><\/html>","protected":false},"excerpt":{"rendered":"<p>Chasuble en tissu polyester de haute qualit\u00e9, tr\u00e8s doux et l\u00e9ger.<br \/>\nElle pr\u00e9sente un galon central, orn\u00e9 de passementerie dor\u00e9e, sur lequel est repr\u00e9sent\u00e9 Saint Fran\u00e7ois avec les colombes, le soleil, la lune et les \u00e9toiles, enti\u00e8rement peints avec des couleurs ind\u00e9l\u00e9biles.<br \/>\nAu dos, le Tau et le symbole de \u00ab sora acqua \u00bb (s\u0153ur eau).<br \/>\nArticle exclusif produit dans nos ateliers.<\/p>\n","protected":false},"featured_media":141185,"template":"","meta":[],"product_cat":[12244,12256,12472,12468],"product_tag":[15380],"yoast_head":"<!-- This site is optimized with the Yoast SEO plugin v20.4 - https:\/\/yoast.com\/wordpress\/plugins\/seo\/ -->\n<title>Chasuble &quot;Laudato sii&quot; - solennelles, broderie au m\u00e9tier, avec broderie, avec galons et Laboratorio Gruppo Liturgico<\/title>\n<meta name=\"description\" content=\"Chasuble en tissu polyester de haute qualit\u00e9, tr\u00e8s doux et l\u00e9ger. Elle pr\u00e9sente un galon central, orn\u00e9 de passementerie dor\u00e9e, sur lequel est repr\u00e9sent\u00e9 Saint Fran\u00e7ois avec les colombes, le soleil, la lune et les \u00e9toiles, enti\u00e8rement peints avec des couleurs ind\u00e9l\u00e9biles. Au dos, le Tau et le symbole de \u00ab sora acqua \u00bb (s\u0153ur eau). Article exclusif produit dans nos ateliers.\" \/>\n<meta name=\"robots\" content=\"index, follow, max-snippet:-1, max-image-preview:large, max-video-preview:-1\" \/>\n<link rel=\"canonical\" href=\"https:\/\/www.gruppoliturgico.com\/fr\/produit\/chasuble-laudato-sii\/\" \/>\n<meta property=\"og:locale\" content=\"fr_FR\" \/>\n<meta property=\"og:type\" content=\"article\" \/>\n<meta property=\"og:title\" content=\"Chasuble &quot;Laudato sii&quot; - solennelles, broderie au m\u00e9tier, avec broderie, avec galons et Laboratorio Gruppo Liturgico\" \/>\n<meta property=\"og:description\" content=\"Chasuble en tissu polyester de haute qualit\u00e9, tr\u00e8s doux et l\u00e9ger. Elle pr\u00e9sente un galon central, orn\u00e9 de passementerie dor\u00e9e, sur lequel est repr\u00e9sent\u00e9 Saint Fran\u00e7ois avec les colombes, le soleil, la lune et les \u00e9toiles, enti\u00e8rement peints avec des couleurs ind\u00e9l\u00e9biles. Au dos, le Tau et le symbole de \u00ab sora acqua \u00bb (s\u0153ur eau). Article exclusif produit dans nos ateliers.\" \/>\n<meta property=\"og:url\" content=\"https:\/\/www.gruppoliturgico.com\/fr\/produit\/chasuble-laudato-sii\/\" \/>\n<meta property=\"og:site_name\" content=\"Laboratorio Gruppo Liturgico\" \/>\n<meta property=\"og:image\" content=\"https:\/\/www.gruppoliturgico.com\/wp-content\/uploads\/2025\/10\/4138-rit.jpg\" \/>\n\t<meta property=\"og:image:width\" content=\"1348\" \/>\n\t<meta property=\"og:image:height\" content=\"2002\" \/>\n\t<meta property=\"og:image:type\" content=\"image\/jpeg\" \/>\n<meta name=\"twitter:card\" content=\"summary_large_image\" \/>\n<script type=\"application\/ld+json\" class=\"yoast-schema-graph\">{\"@context\":\"https:\/\/schema.org\",\"@graph\":[{\"@type\":\"WebPage\",\"@id\":\"https:\/\/www.gruppoliturgico.com\/fr\/produit\/chasuble-laudato-sii\/\",\"url\":\"https:\/\/www.gruppoliturgico.com\/fr\/produit\/chasuble-laudato-sii\/\",\"name\":\"Chasuble \\\"Laudato sii\\\" - solennelles, broderie au m\u00e9tier, avec broderie, avec galons et Laboratorio Gruppo Liturgico\",\"isPartOf\":{\"@id\":\"https:\/\/www.gruppoliturgico.com\/es\/#website\"},\"datePublished\":\"2025-10-31T15:21:04+00:00\",\"dateModified\":\"2025-10-31T15:21:04+00:00\",\"description\":\"Chasuble en tissu polyester de haute qualit\u00e9, tr\u00e8s doux et l\u00e9ger. Elle pr\u00e9sente un galon central, orn\u00e9 de passementerie dor\u00e9e, sur lequel est repr\u00e9sent\u00e9 Saint Fran\u00e7ois avec les colombes, le soleil, la lune et les \u00e9toiles, enti\u00e8rement peints avec des couleurs ind\u00e9l\u00e9biles. Au dos, le Tau et le symbole de \u00ab sora acqua \u00bb (s\u0153ur eau). Article exclusif produit dans nos ateliers.\",\"breadcrumb\":{\"@id\":\"https:\/\/www.gruppoliturgico.com\/fr\/produit\/chasuble-laudato-sii\/#breadcrumb\"},\"inLanguage\":\"fr-FR\",\"potentialAction\":[{\"@type\":\"ReadAction\",\"target\":[\"https:\/\/www.gruppoliturgico.com\/fr\/produit\/chasuble-laudato-sii\/\"]}]},{\"@type\":\"BreadcrumbList\",\"@id\":\"https:\/\/www.gruppoliturgico.com\/fr\/produit\/chasuble-laudato-sii\/#breadcrumb\",\"itemListElement\":[{\"@type\":\"ListItem\",\"position\":1,\"name\":\"Home\",\"item\":\"https:\/\/www.gruppoliturgico.com\/fr\/\"},{\"@type\":\"ListItem\",\"position\":2,\"name\":\"Boutique\",\"item\":\"https:\/\/www.gruppoliturgico.com\/fr\/boutique\/\"},{\"@type\":\"ListItem\",\"position\":3,\"name\":\"Chasuble \u00ab\u00a0Laudato sii\u00a0\u00bb\"}]},{\"@type\":\"WebSite\",\"@id\":\"https:\/\/www.gruppoliturgico.com\/es\/#website\",\"url\":\"https:\/\/www.gruppoliturgico.com\/es\/\",\"name\":\"Laboratorio Gruppo Liturgico\",\"description\":\"Articoli Religiosi online\",\"publisher\":{\"@id\":\"https:\/\/www.gruppoliturgico.com\/es\/#organization\"},\"potentialAction\":[{\"@type\":\"SearchAction\",\"target\":{\"@type\":\"EntryPoint\",\"urlTemplate\":\"https:\/\/www.gruppoliturgico.com\/es\/?s={search_term_string}\"},\"query-input\":\"required name=search_term_string\"}],\"inLanguage\":\"fr-FR\"},{\"@type\":\"Organization\",\"@id\":\"https:\/\/www.gruppoliturgico.com\/es\/#organization\",\"name\":\"Laboratorio Gruppo Liturgico\",\"url\":\"https:\/\/www.gruppoliturgico.com\/es\/\",\"logo\":{\"@type\":\"ImageObject\",\"inLanguage\":\"fr-FR\",\"@id\":\"https:\/\/www.gruppoliturgico.com\/es\/#\/schema\/logo\/image\/\",\"url\":\"https:\/\/www.gruppoliturgico.com\/wp-content\/uploads\/2022\/02\/logo-laboratoriogruppoliturgico.png\",\"contentUrl\":\"https:\/\/www.gruppoliturgico.com\/wp-content\/uploads\/2022\/02\/logo-laboratoriogruppoliturgico.png\",\"width\":400,\"height\":114,\"caption\":\"Laboratorio Gruppo Liturgico\"},\"image\":{\"@id\":\"https:\/\/www.gruppoliturgico.com\/es\/#\/schema\/logo\/image\/\"}}]}<\/script>\n<!-- \/ Yoast SEO plugin. -->","yoast_head_json":{"title":"Chasuble \"Laudato sii\" - solennelles, broderie au m\u00e9tier, avec broderie, avec galons et Laboratorio Gruppo Liturgico","description":"Chasuble en tissu polyester de haute qualit\u00e9, tr\u00e8s doux et l\u00e9ger. Elle pr\u00e9sente un galon central, orn\u00e9 de passementerie dor\u00e9e, sur lequel est repr\u00e9sent\u00e9 Saint Fran\u00e7ois avec les colombes, le soleil, la lune et les \u00e9toiles, enti\u00e8rement peints avec des couleurs ind\u00e9l\u00e9biles. Au dos, le Tau et le symbole de \u00ab sora acqua \u00bb (s\u0153ur eau). Article exclusif produit dans nos ateliers.","robots":{"index":"index","follow":"follow","max-snippet":"max-snippet:-1","max-image-preview":"max-image-preview:large","max-video-preview":"max-video-preview:-1"},"canonical":"https:\/\/www.gruppoliturgico.com\/fr\/produit\/chasuble-laudato-sii\/","og_locale":"fr_FR","og_type":"article","og_title":"Chasuble \"Laudato sii\" - solennelles, broderie au m\u00e9tier, avec broderie, avec galons et Laboratorio Gruppo Liturgico","og_description":"Chasuble en tissu polyester de haute qualit\u00e9, tr\u00e8s doux et l\u00e9ger. Elle pr\u00e9sente un galon central, orn\u00e9 de passementerie dor\u00e9e, sur lequel est repr\u00e9sent\u00e9 Saint Fran\u00e7ois avec les colombes, le soleil, la lune et les \u00e9toiles, enti\u00e8rement peints avec des couleurs ind\u00e9l\u00e9biles. Au dos, le Tau et le symbole de \u00ab sora acqua \u00bb (s\u0153ur eau). Article exclusif produit dans nos ateliers.","og_url":"https:\/\/www.gruppoliturgico.com\/fr\/produit\/chasuble-laudato-sii\/","og_site_name":"Laboratorio Gruppo Liturgico","og_image":[{"width":1348,"height":2002,"url":"https:\/\/www.gruppoliturgico.com\/wp-content\/uploads\/2025\/10\/4138-rit.jpg","type":"image\/jpeg"}],"twitter_card":"summary_large_image","schema":{"@context":"https:\/\/schema.org","@graph":[{"@type":"WebPage","@id":"https:\/\/www.gruppoliturgico.com\/fr\/produit\/chasuble-laudato-sii\/","url":"https:\/\/www.gruppoliturgico.com\/fr\/produit\/chasuble-laudato-sii\/","name":"Chasuble \"Laudato sii\" - solennelles, broderie au m\u00e9tier, avec broderie, avec galons et Laboratorio Gruppo Liturgico","isPartOf":{"@id":"https:\/\/www.gruppoliturgico.com\/es\/#website"},"datePublished":"2025-10-31T15:21:04+00:00","dateModified":"2025-10-31T15:21:04+00:00","description":"Chasuble en tissu polyester de haute qualit\u00e9, tr\u00e8s doux et l\u00e9ger. Elle pr\u00e9sente un galon central, orn\u00e9 de passementerie dor\u00e9e, sur lequel est repr\u00e9sent\u00e9 Saint Fran\u00e7ois avec les colombes, le soleil, la lune et les \u00e9toiles, enti\u00e8rement peints avec des couleurs ind\u00e9l\u00e9biles. Au dos, le Tau et le symbole de \u00ab sora acqua \u00bb (s\u0153ur eau). Article exclusif produit dans nos ateliers.","breadcrumb":{"@id":"https:\/\/www.gruppoliturgico.com\/fr\/produit\/chasuble-laudato-sii\/#breadcrumb"},"inLanguage":"fr-FR","potentialAction":[{"@type":"ReadAction","target":["https:\/\/www.gruppoliturgico.com\/fr\/produit\/chasuble-laudato-sii\/"]}]},{"@type":"BreadcrumbList","@id":"https:\/\/www.gruppoliturgico.com\/fr\/produit\/chasuble-laudato-sii\/#breadcrumb","itemListElement":[{"@type":"ListItem","position":1,"name":"Home","item":"https:\/\/www.gruppoliturgico.com\/fr\/"},{"@type":"ListItem","position":2,"name":"Boutique","item":"https:\/\/www.gruppoliturgico.com\/fr\/boutique\/"},{"@type":"ListItem","position":3,"name":"Chasuble \u00ab\u00a0Laudato sii\u00a0\u00bb"}]},{"@type":"WebSite","@id":"https:\/\/www.gruppoliturgico.com\/es\/#website","url":"https:\/\/www.gruppoliturgico.com\/es\/","name":"Laboratorio Gruppo Liturgico","description":"Articoli Religiosi online","publisher":{"@id":"https:\/\/www.gruppoliturgico.com\/es\/#organization"},"potentialAction":[{"@type":"SearchAction","target":{"@type":"EntryPoint","urlTemplate":"https:\/\/www.gruppoliturgico.com\/es\/?s={search_term_string}"},"query-input":"required name=search_term_string"}],"inLanguage":"fr-FR"},{"@type":"Organization","@id":"https:\/\/www.gruppoliturgico.com\/es\/#organization","name":"Laboratorio Gruppo Liturgico","url":"https:\/\/www.gruppoliturgico.com\/es\/","logo":{"@type":"ImageObject","inLanguage":"fr-FR","@id":"https:\/\/www.gruppoliturgico.com\/es\/#\/schema\/logo\/image\/","url":"https:\/\/www.gruppoliturgico.com\/wp-content\/uploads\/2022\/02\/logo-laboratoriogruppoliturgico.png","contentUrl":"https:\/\/www.gruppoliturgico.com\/wp-content\/uploads\/2022\/02\/logo-laboratoriogruppoliturgico.png","width":400,"height":114,"caption":"Laboratorio Gruppo Liturgico"},"image":{"@id":"https:\/\/www.gruppoliturgico.com\/es\/#\/schema\/logo\/image\/"}}]}},"_links":{"self":[{"href":"https:\/\/www.gruppoliturgico.com\/fr\/wp-json\/wp\/v2\/product\/141196"}],"collection":[{"href":"https:\/\/www.gruppoliturgico.com\/fr\/wp-json\/wp\/v2\/product"}],"about":[{"href":"https:\/\/www.gruppoliturgico.com\/fr\/wp-json\/wp\/v2\/types\/product"}],"wp:featuredmedia":[{"embeddable":true,"href":"https:\/\/www.gruppoliturgico.com\/fr\/wp-json\/wp\/v2\/media\/141185"}],"wp:attachment":[{"href":"https:\/\/www.gruppoliturgico.com\/fr\/wp-json\/wp\/v2\/media?parent=141196"}],"wp:term":[{"taxonomy":"product_cat","embeddable":true,"href":"https:\/\/www.gruppoliturgico.com\/fr\/wp-json\/wp\/v2\/product_cat?post=141196"},{"taxonomy":"product_tag","embeddable":true,"href":"https:\/\/www.gruppoliturgico.com\/fr\/wp-json\/wp\/v2\/product_tag?post=141196"}],"curies":[{"name":"wp","href":"https:\/\/api.w.org\/{rel}","templated":true}]}}