{"id":141179,"date":"2025-10-31T16:07:23","date_gmt":"2025-10-31T15:07:23","guid":{"rendered":"https:\/\/www.gruppoliturgico.com\/prodotto\/chasuble-st-francis-and-s-te-clare\/"},"modified":"2025-10-31T16:07:23","modified_gmt":"2025-10-31T15:07:23","slug":"chasuble-st-francis-and-s-te-clare","status":"publish","type":"product","link":"https:\/\/www.gruppoliturgico.com\/fr\/produit\/chasuble-st-francis-and-s-te-clare\/","title":{"rendered":"Chasuble St. Fran\u00e7oise et S.te Claire"},"content":{"rendered":"<html><body><p>Chasuble en tissu polyester de haute qualit\u00e9, tr\u00e8s doux et l\u00e9ger.<br>\nElle est orn\u00e9e d\u2019un scapulaire amovible, enti\u00e8rement brod\u00e9 au m\u00e9tier \u00e0 tisser, avec un fond brod\u00e9 de couleurs d\u00e9grad\u00e9es sur les deux c\u00f4t\u00e9s.<br>\nSur le devant, on peut voir l\u2019image de Saint Fran\u00e7ois, tandis que sur le dos, c\u2019est Sainte Claire qui est repr\u00e9sent\u00e9e.<br>\nLe scapulaire peut \u00eatre facilement retir\u00e9 pour \u00eatre adapt\u00e9 \u00e0 une autre chasuble.<\/p>\n<\/body><\/html>","protected":false},"excerpt":{"rendered":"<p>Chasuble en tissu polyester de haute qualit\u00e9, tr\u00e8s doux et l\u00e9ger.<br \/>\nElle est orn\u00e9e d&rsquo;un scapulaire amovible, enti\u00e8rement brod\u00e9 au m\u00e9tier \u00e0 tisser, avec un fond brod\u00e9 de couleurs d\u00e9grad\u00e9es sur les deux c\u00f4t\u00e9s.<br \/>\nSur le devant, on peut voir l&rsquo;image de Saint Fran\u00e7ois, tandis que sur le dos, c&rsquo;est Sainte Claire qui est repr\u00e9sent\u00e9e.<br \/>\nLe scapulaire peut \u00eatre facilement retir\u00e9 pour \u00eatre adapt\u00e9 \u00e0 une autre chasuble.<\/p>\n","protected":false},"featured_media":141168,"template":"","meta":[],"product_cat":[12256],"product_tag":[15380],"yoast_head":"<!-- This site is optimized with the Yoast SEO plugin v20.4 - https:\/\/yoast.com\/wordpress\/plugins\/seo\/ -->\n<title>Chasuble St. Fran\u00e7oise et S.te Claire - broderie au m\u00e9tier et Laboratorio Gruppo Liturgico<\/title>\n<meta name=\"description\" content=\"Chasuble en tissu polyester de haute qualit\u00e9, tr\u00e8s doux et l\u00e9ger. Elle est orn\u00e9e d&#039;un scapulaire amovible, enti\u00e8rement brod\u00e9 au m\u00e9tier \u00e0 tisser, avec un fond brod\u00e9 de couleurs d\u00e9grad\u00e9es sur les deux c\u00f4t\u00e9s. Sur le devant, on peut voir l&#039;image de Saint Fran\u00e7ois, tandis que sur le dos, c&#039;est Sainte Claire qui est repr\u00e9sent\u00e9e. Le scapulaire peut \u00eatre facilement retir\u00e9 pour \u00eatre adapt\u00e9 \u00e0 une autre chasuble.\" \/>\n<meta name=\"robots\" content=\"index, follow, max-snippet:-1, max-image-preview:large, max-video-preview:-1\" \/>\n<link rel=\"canonical\" href=\"https:\/\/www.gruppoliturgico.com\/fr\/produit\/chasuble-st-francis-and-s-te-clare\/\" \/>\n<meta property=\"og:locale\" content=\"fr_FR\" \/>\n<meta property=\"og:type\" content=\"article\" \/>\n<meta property=\"og:title\" content=\"Chasuble St. Fran\u00e7oise et S.te Claire - broderie au m\u00e9tier et Laboratorio Gruppo Liturgico\" \/>\n<meta property=\"og:description\" content=\"Chasuble en tissu polyester de haute qualit\u00e9, tr\u00e8s doux et l\u00e9ger. Elle est orn\u00e9e d&#039;un scapulaire amovible, enti\u00e8rement brod\u00e9 au m\u00e9tier \u00e0 tisser, avec un fond brod\u00e9 de couleurs d\u00e9grad\u00e9es sur les deux c\u00f4t\u00e9s. Sur le devant, on peut voir l&#039;image de Saint Fran\u00e7ois, tandis que sur le dos, c&#039;est Sainte Claire qui est repr\u00e9sent\u00e9e. Le scapulaire peut \u00eatre facilement retir\u00e9 pour \u00eatre adapt\u00e9 \u00e0 une autre chasuble.\" \/>\n<meta property=\"og:url\" content=\"https:\/\/www.gruppoliturgico.com\/fr\/produit\/chasuble-st-francis-and-s-te-clare\/\" \/>\n<meta property=\"og:site_name\" content=\"Laboratorio Gruppo Liturgico\" \/>\n<meta property=\"og:image\" content=\"https:\/\/www.gruppoliturgico.com\/wp-content\/uploads\/2025\/10\/4137-rit.jpg\" \/>\n\t<meta property=\"og:image:width\" content=\"1374\" \/>\n\t<meta property=\"og:image:height\" content=\"2097\" \/>\n\t<meta property=\"og:image:type\" content=\"image\/jpeg\" \/>\n<meta name=\"twitter:card\" content=\"summary_large_image\" \/>\n<script type=\"application\/ld+json\" class=\"yoast-schema-graph\">{\"@context\":\"https:\/\/schema.org\",\"@graph\":[{\"@type\":\"WebPage\",\"@id\":\"https:\/\/www.gruppoliturgico.com\/fr\/produit\/chasuble-st-francis-and-s-te-clare\/\",\"url\":\"https:\/\/www.gruppoliturgico.com\/fr\/produit\/chasuble-st-francis-and-s-te-clare\/\",\"name\":\"Chasuble St. Fran\u00e7oise et S.te Claire - broderie au m\u00e9tier et Laboratorio Gruppo Liturgico\",\"isPartOf\":{\"@id\":\"https:\/\/www.gruppoliturgico.com\/es\/#website\"},\"datePublished\":\"2025-10-31T15:07:23+00:00\",\"dateModified\":\"2025-10-31T15:07:23+00:00\",\"description\":\"Chasuble en tissu polyester de haute qualit\u00e9, tr\u00e8s doux et l\u00e9ger. Elle est orn\u00e9e d'un scapulaire amovible, enti\u00e8rement brod\u00e9 au m\u00e9tier \u00e0 tisser, avec un fond brod\u00e9 de couleurs d\u00e9grad\u00e9es sur les deux c\u00f4t\u00e9s. Sur le devant, on peut voir l'image de Saint Fran\u00e7ois, tandis que sur le dos, c'est Sainte Claire qui est repr\u00e9sent\u00e9e. Le scapulaire peut \u00eatre facilement retir\u00e9 pour \u00eatre adapt\u00e9 \u00e0 une autre chasuble.\",\"breadcrumb\":{\"@id\":\"https:\/\/www.gruppoliturgico.com\/fr\/produit\/chasuble-st-francis-and-s-te-clare\/#breadcrumb\"},\"inLanguage\":\"fr-FR\",\"potentialAction\":[{\"@type\":\"ReadAction\",\"target\":[\"https:\/\/www.gruppoliturgico.com\/fr\/produit\/chasuble-st-francis-and-s-te-clare\/\"]}]},{\"@type\":\"BreadcrumbList\",\"@id\":\"https:\/\/www.gruppoliturgico.com\/fr\/produit\/chasuble-st-francis-and-s-te-clare\/#breadcrumb\",\"itemListElement\":[{\"@type\":\"ListItem\",\"position\":1,\"name\":\"Home\",\"item\":\"https:\/\/www.gruppoliturgico.com\/fr\/\"},{\"@type\":\"ListItem\",\"position\":2,\"name\":\"Boutique\",\"item\":\"https:\/\/www.gruppoliturgico.com\/fr\/boutique\/\"},{\"@type\":\"ListItem\",\"position\":3,\"name\":\"Chasuble St. Fran\u00e7oise et S.te Claire\"}]},{\"@type\":\"WebSite\",\"@id\":\"https:\/\/www.gruppoliturgico.com\/es\/#website\",\"url\":\"https:\/\/www.gruppoliturgico.com\/es\/\",\"name\":\"Laboratorio Gruppo Liturgico\",\"description\":\"Articoli Religiosi online\",\"publisher\":{\"@id\":\"https:\/\/www.gruppoliturgico.com\/es\/#organization\"},\"potentialAction\":[{\"@type\":\"SearchAction\",\"target\":{\"@type\":\"EntryPoint\",\"urlTemplate\":\"https:\/\/www.gruppoliturgico.com\/es\/?s={search_term_string}\"},\"query-input\":\"required name=search_term_string\"}],\"inLanguage\":\"fr-FR\"},{\"@type\":\"Organization\",\"@id\":\"https:\/\/www.gruppoliturgico.com\/es\/#organization\",\"name\":\"Laboratorio Gruppo Liturgico\",\"url\":\"https:\/\/www.gruppoliturgico.com\/es\/\",\"logo\":{\"@type\":\"ImageObject\",\"inLanguage\":\"fr-FR\",\"@id\":\"https:\/\/www.gruppoliturgico.com\/es\/#\/schema\/logo\/image\/\",\"url\":\"https:\/\/www.gruppoliturgico.com\/wp-content\/uploads\/2022\/02\/logo-laboratoriogruppoliturgico.png\",\"contentUrl\":\"https:\/\/www.gruppoliturgico.com\/wp-content\/uploads\/2022\/02\/logo-laboratoriogruppoliturgico.png\",\"width\":400,\"height\":114,\"caption\":\"Laboratorio Gruppo Liturgico\"},\"image\":{\"@id\":\"https:\/\/www.gruppoliturgico.com\/es\/#\/schema\/logo\/image\/\"}}]}<\/script>\n<!-- \/ Yoast SEO plugin. -->","yoast_head_json":{"title":"Chasuble St. Fran\u00e7oise et S.te Claire - broderie au m\u00e9tier et Laboratorio Gruppo Liturgico","description":"Chasuble en tissu polyester de haute qualit\u00e9, tr\u00e8s doux et l\u00e9ger. Elle est orn\u00e9e d'un scapulaire amovible, enti\u00e8rement brod\u00e9 au m\u00e9tier \u00e0 tisser, avec un fond brod\u00e9 de couleurs d\u00e9grad\u00e9es sur les deux c\u00f4t\u00e9s. Sur le devant, on peut voir l'image de Saint Fran\u00e7ois, tandis que sur le dos, c'est Sainte Claire qui est repr\u00e9sent\u00e9e. Le scapulaire peut \u00eatre facilement retir\u00e9 pour \u00eatre adapt\u00e9 \u00e0 une autre chasuble.","robots":{"index":"index","follow":"follow","max-snippet":"max-snippet:-1","max-image-preview":"max-image-preview:large","max-video-preview":"max-video-preview:-1"},"canonical":"https:\/\/www.gruppoliturgico.com\/fr\/produit\/chasuble-st-francis-and-s-te-clare\/","og_locale":"fr_FR","og_type":"article","og_title":"Chasuble St. Fran\u00e7oise et S.te Claire - broderie au m\u00e9tier et Laboratorio Gruppo Liturgico","og_description":"Chasuble en tissu polyester de haute qualit\u00e9, tr\u00e8s doux et l\u00e9ger. Elle est orn\u00e9e d'un scapulaire amovible, enti\u00e8rement brod\u00e9 au m\u00e9tier \u00e0 tisser, avec un fond brod\u00e9 de couleurs d\u00e9grad\u00e9es sur les deux c\u00f4t\u00e9s. Sur le devant, on peut voir l'image de Saint Fran\u00e7ois, tandis que sur le dos, c'est Sainte Claire qui est repr\u00e9sent\u00e9e. Le scapulaire peut \u00eatre facilement retir\u00e9 pour \u00eatre adapt\u00e9 \u00e0 une autre chasuble.","og_url":"https:\/\/www.gruppoliturgico.com\/fr\/produit\/chasuble-st-francis-and-s-te-clare\/","og_site_name":"Laboratorio Gruppo Liturgico","og_image":[{"width":1374,"height":2097,"url":"https:\/\/www.gruppoliturgico.com\/wp-content\/uploads\/2025\/10\/4137-rit.jpg","type":"image\/jpeg"}],"twitter_card":"summary_large_image","schema":{"@context":"https:\/\/schema.org","@graph":[{"@type":"WebPage","@id":"https:\/\/www.gruppoliturgico.com\/fr\/produit\/chasuble-st-francis-and-s-te-clare\/","url":"https:\/\/www.gruppoliturgico.com\/fr\/produit\/chasuble-st-francis-and-s-te-clare\/","name":"Chasuble St. Fran\u00e7oise et S.te Claire - broderie au m\u00e9tier et Laboratorio Gruppo Liturgico","isPartOf":{"@id":"https:\/\/www.gruppoliturgico.com\/es\/#website"},"datePublished":"2025-10-31T15:07:23+00:00","dateModified":"2025-10-31T15:07:23+00:00","description":"Chasuble en tissu polyester de haute qualit\u00e9, tr\u00e8s doux et l\u00e9ger. Elle est orn\u00e9e d'un scapulaire amovible, enti\u00e8rement brod\u00e9 au m\u00e9tier \u00e0 tisser, avec un fond brod\u00e9 de couleurs d\u00e9grad\u00e9es sur les deux c\u00f4t\u00e9s. Sur le devant, on peut voir l'image de Saint Fran\u00e7ois, tandis que sur le dos, c'est Sainte Claire qui est repr\u00e9sent\u00e9e. Le scapulaire peut \u00eatre facilement retir\u00e9 pour \u00eatre adapt\u00e9 \u00e0 une autre chasuble.","breadcrumb":{"@id":"https:\/\/www.gruppoliturgico.com\/fr\/produit\/chasuble-st-francis-and-s-te-clare\/#breadcrumb"},"inLanguage":"fr-FR","potentialAction":[{"@type":"ReadAction","target":["https:\/\/www.gruppoliturgico.com\/fr\/produit\/chasuble-st-francis-and-s-te-clare\/"]}]},{"@type":"BreadcrumbList","@id":"https:\/\/www.gruppoliturgico.com\/fr\/produit\/chasuble-st-francis-and-s-te-clare\/#breadcrumb","itemListElement":[{"@type":"ListItem","position":1,"name":"Home","item":"https:\/\/www.gruppoliturgico.com\/fr\/"},{"@type":"ListItem","position":2,"name":"Boutique","item":"https:\/\/www.gruppoliturgico.com\/fr\/boutique\/"},{"@type":"ListItem","position":3,"name":"Chasuble St. Fran\u00e7oise et S.te Claire"}]},{"@type":"WebSite","@id":"https:\/\/www.gruppoliturgico.com\/es\/#website","url":"https:\/\/www.gruppoliturgico.com\/es\/","name":"Laboratorio Gruppo Liturgico","description":"Articoli Religiosi online","publisher":{"@id":"https:\/\/www.gruppoliturgico.com\/es\/#organization"},"potentialAction":[{"@type":"SearchAction","target":{"@type":"EntryPoint","urlTemplate":"https:\/\/www.gruppoliturgico.com\/es\/?s={search_term_string}"},"query-input":"required name=search_term_string"}],"inLanguage":"fr-FR"},{"@type":"Organization","@id":"https:\/\/www.gruppoliturgico.com\/es\/#organization","name":"Laboratorio Gruppo Liturgico","url":"https:\/\/www.gruppoliturgico.com\/es\/","logo":{"@type":"ImageObject","inLanguage":"fr-FR","@id":"https:\/\/www.gruppoliturgico.com\/es\/#\/schema\/logo\/image\/","url":"https:\/\/www.gruppoliturgico.com\/wp-content\/uploads\/2022\/02\/logo-laboratoriogruppoliturgico.png","contentUrl":"https:\/\/www.gruppoliturgico.com\/wp-content\/uploads\/2022\/02\/logo-laboratoriogruppoliturgico.png","width":400,"height":114,"caption":"Laboratorio Gruppo Liturgico"},"image":{"@id":"https:\/\/www.gruppoliturgico.com\/es\/#\/schema\/logo\/image\/"}}]}},"_links":{"self":[{"href":"https:\/\/www.gruppoliturgico.com\/fr\/wp-json\/wp\/v2\/product\/141179"}],"collection":[{"href":"https:\/\/www.gruppoliturgico.com\/fr\/wp-json\/wp\/v2\/product"}],"about":[{"href":"https:\/\/www.gruppoliturgico.com\/fr\/wp-json\/wp\/v2\/types\/product"}],"wp:featuredmedia":[{"embeddable":true,"href":"https:\/\/www.gruppoliturgico.com\/fr\/wp-json\/wp\/v2\/media\/141168"}],"wp:attachment":[{"href":"https:\/\/www.gruppoliturgico.com\/fr\/wp-json\/wp\/v2\/media?parent=141179"}],"wp:term":[{"taxonomy":"product_cat","embeddable":true,"href":"https:\/\/www.gruppoliturgico.com\/fr\/wp-json\/wp\/v2\/product_cat?post=141179"},{"taxonomy":"product_tag","embeddable":true,"href":"https:\/\/www.gruppoliturgico.com\/fr\/wp-json\/wp\/v2\/product_tag?post=141179"}],"curies":[{"name":"wp","href":"https:\/\/api.w.org\/{rel}","templated":true}]}}