{"id":141163,"date":"2025-10-31T15:53:07","date_gmt":"2025-10-31T14:53:07","guid":{"rendered":"https:\/\/www.gruppoliturgico.com\/prodotto\/chasuble-74\/"},"modified":"2025-10-31T15:56:20","modified_gmt":"2025-10-31T14:56:20","slug":"chasuble-74","status":"publish","type":"product","link":"https:\/\/www.gruppoliturgico.com\/fr\/produit\/chasuble-74\/","title":{"rendered":"Chasuble San Damiano"},"content":{"rendered":"<html><body><p>Chasuble en tissu polyester de haute qualit\u00e9, tr\u00e8s doux et l\u00e9ger.<br>\nElle est orn\u00e9e d\u2019un scapulaire amovible, enti\u00e8rement brod\u00e9 au m\u00e9tier \u00e0 tisser, qui pr\u00e9sente sur les deux c\u00f4t\u00e9s un motif compos\u00e9 de feuilles de vigne et de grappes de raisin entre lesquelles est ins\u00e9r\u00e9e une image classique de Saint Fran\u00e7ois \u00e0 l\u2019avant et le Crucifix de Saint Damien \u00e0 l\u2019arri\u00e8re.<br>\nLe scapulaire peut \u00eatre facilement retir\u00e9 pour \u00eatre adapt\u00e9 \u00e0 une autre chasuble.<\/p>\n<\/body><\/html>","protected":false},"excerpt":{"rendered":"<p>Chasuble en tissu polyester de haute qualit\u00e9, tr\u00e8s doux et l\u00e9ger.<br \/>\nElle est orn\u00e9e d&rsquo;un scapulaire amovible, enti\u00e8rement brod\u00e9 au m\u00e9tier \u00e0 tisser, qui pr\u00e9sente sur les deux c\u00f4t\u00e9s un motif compos\u00e9 de feuilles de vigne et de grappes de raisin entre lesquelles est ins\u00e9r\u00e9e une image classique de Saint Fran\u00e7ois \u00e0 l&rsquo;avant et le Crucifix de Saint Damien \u00e0 l&rsquo;arri\u00e8re.<br \/>\nLe scapulaire peut \u00eatre facilement retir\u00e9 pour \u00eatre adapt\u00e9 \u00e0 une autre chasuble.<\/p>\n","protected":false},"featured_media":141152,"template":"","meta":[],"product_cat":[12256],"product_tag":[15380],"yoast_head":"<!-- This site is optimized with the Yoast SEO plugin v20.4 - https:\/\/yoast.com\/wordpress\/plugins\/seo\/ -->\n<title>Chasuble San Damiano - broderie au m\u00e9tier et Laboratorio Gruppo Liturgico<\/title>\n<meta name=\"description\" content=\"Chasuble en tissu polyester de haute qualit\u00e9, tr\u00e8s doux et l\u00e9ger. Elle est orn\u00e9e d&#039;un scapulaire amovible, enti\u00e8rement brod\u00e9 au m\u00e9tier \u00e0 tisser, qui pr\u00e9sente sur les deux c\u00f4t\u00e9s un motif compos\u00e9 de feuilles de vigne et de grappes de raisin entre lesquelles est ins\u00e9r\u00e9e une image classique de Saint Fran\u00e7ois \u00e0 l&#039;avant et le Crucifix de Saint Damien \u00e0 l&#039;arri\u00e8re. Le scapulaire peut \u00eatre facilement retir\u00e9 pour \u00eatre adapt\u00e9 \u00e0 une autre chasuble.\" \/>\n<meta name=\"robots\" content=\"index, follow, max-snippet:-1, max-image-preview:large, max-video-preview:-1\" \/>\n<link rel=\"canonical\" href=\"https:\/\/www.gruppoliturgico.com\/fr\/produit\/chasuble-74\/\" \/>\n<meta property=\"og:locale\" content=\"fr_FR\" \/>\n<meta property=\"og:type\" content=\"article\" \/>\n<meta property=\"og:title\" content=\"Chasuble San Damiano - broderie au m\u00e9tier et Laboratorio Gruppo Liturgico\" \/>\n<meta property=\"og:description\" content=\"Chasuble en tissu polyester de haute qualit\u00e9, tr\u00e8s doux et l\u00e9ger. Elle est orn\u00e9e d&#039;un scapulaire amovible, enti\u00e8rement brod\u00e9 au m\u00e9tier \u00e0 tisser, qui pr\u00e9sente sur les deux c\u00f4t\u00e9s un motif compos\u00e9 de feuilles de vigne et de grappes de raisin entre lesquelles est ins\u00e9r\u00e9e une image classique de Saint Fran\u00e7ois \u00e0 l&#039;avant et le Crucifix de Saint Damien \u00e0 l&#039;arri\u00e8re. Le scapulaire peut \u00eatre facilement retir\u00e9 pour \u00eatre adapt\u00e9 \u00e0 une autre chasuble.\" \/>\n<meta property=\"og:url\" content=\"https:\/\/www.gruppoliturgico.com\/fr\/produit\/chasuble-74\/\" \/>\n<meta property=\"og:site_name\" content=\"Laboratorio Gruppo Liturgico\" \/>\n<meta property=\"article:modified_time\" content=\"2025-10-31T14:56:20+00:00\" \/>\n<meta property=\"og:image\" content=\"https:\/\/www.gruppoliturgico.com\/wp-content\/uploads\/2025\/10\/4136-3.jpg\" \/>\n\t<meta property=\"og:image:width\" content=\"1356\" \/>\n\t<meta property=\"og:image:height\" content=\"2081\" \/>\n\t<meta property=\"og:image:type\" content=\"image\/jpeg\" \/>\n<meta name=\"twitter:card\" content=\"summary_large_image\" \/>\n<script type=\"application\/ld+json\" class=\"yoast-schema-graph\">{\"@context\":\"https:\/\/schema.org\",\"@graph\":[{\"@type\":\"WebPage\",\"@id\":\"https:\/\/www.gruppoliturgico.com\/fr\/produit\/chasuble-74\/\",\"url\":\"https:\/\/www.gruppoliturgico.com\/fr\/produit\/chasuble-74\/\",\"name\":\"Chasuble San Damiano - broderie au m\u00e9tier et Laboratorio Gruppo Liturgico\",\"isPartOf\":{\"@id\":\"https:\/\/www.gruppoliturgico.com\/es\/#website\"},\"datePublished\":\"2025-10-31T14:53:07+00:00\",\"dateModified\":\"2025-10-31T14:56:20+00:00\",\"description\":\"Chasuble en tissu polyester de haute qualit\u00e9, tr\u00e8s doux et l\u00e9ger. Elle est orn\u00e9e d'un scapulaire amovible, enti\u00e8rement brod\u00e9 au m\u00e9tier \u00e0 tisser, qui pr\u00e9sente sur les deux c\u00f4t\u00e9s un motif compos\u00e9 de feuilles de vigne et de grappes de raisin entre lesquelles est ins\u00e9r\u00e9e une image classique de Saint Fran\u00e7ois \u00e0 l'avant et le Crucifix de Saint Damien \u00e0 l'arri\u00e8re. Le scapulaire peut \u00eatre facilement retir\u00e9 pour \u00eatre adapt\u00e9 \u00e0 une autre chasuble.\",\"breadcrumb\":{\"@id\":\"https:\/\/www.gruppoliturgico.com\/fr\/produit\/chasuble-74\/#breadcrumb\"},\"inLanguage\":\"fr-FR\",\"potentialAction\":[{\"@type\":\"ReadAction\",\"target\":[\"https:\/\/www.gruppoliturgico.com\/fr\/produit\/chasuble-74\/\"]}]},{\"@type\":\"BreadcrumbList\",\"@id\":\"https:\/\/www.gruppoliturgico.com\/fr\/produit\/chasuble-74\/#breadcrumb\",\"itemListElement\":[{\"@type\":\"ListItem\",\"position\":1,\"name\":\"Home\",\"item\":\"https:\/\/www.gruppoliturgico.com\/fr\/\"},{\"@type\":\"ListItem\",\"position\":2,\"name\":\"Boutique\",\"item\":\"https:\/\/www.gruppoliturgico.com\/fr\/boutique\/\"},{\"@type\":\"ListItem\",\"position\":3,\"name\":\"Chasuble San Damiano\"}]},{\"@type\":\"WebSite\",\"@id\":\"https:\/\/www.gruppoliturgico.com\/es\/#website\",\"url\":\"https:\/\/www.gruppoliturgico.com\/es\/\",\"name\":\"Laboratorio Gruppo Liturgico\",\"description\":\"Articoli Religiosi online\",\"publisher\":{\"@id\":\"https:\/\/www.gruppoliturgico.com\/es\/#organization\"},\"potentialAction\":[{\"@type\":\"SearchAction\",\"target\":{\"@type\":\"EntryPoint\",\"urlTemplate\":\"https:\/\/www.gruppoliturgico.com\/es\/?s={search_term_string}\"},\"query-input\":\"required name=search_term_string\"}],\"inLanguage\":\"fr-FR\"},{\"@type\":\"Organization\",\"@id\":\"https:\/\/www.gruppoliturgico.com\/es\/#organization\",\"name\":\"Laboratorio Gruppo Liturgico\",\"url\":\"https:\/\/www.gruppoliturgico.com\/es\/\",\"logo\":{\"@type\":\"ImageObject\",\"inLanguage\":\"fr-FR\",\"@id\":\"https:\/\/www.gruppoliturgico.com\/es\/#\/schema\/logo\/image\/\",\"url\":\"https:\/\/www.gruppoliturgico.com\/wp-content\/uploads\/2022\/02\/logo-laboratoriogruppoliturgico.png\",\"contentUrl\":\"https:\/\/www.gruppoliturgico.com\/wp-content\/uploads\/2022\/02\/logo-laboratoriogruppoliturgico.png\",\"width\":400,\"height\":114,\"caption\":\"Laboratorio Gruppo Liturgico\"},\"image\":{\"@id\":\"https:\/\/www.gruppoliturgico.com\/es\/#\/schema\/logo\/image\/\"}}]}<\/script>\n<!-- \/ Yoast SEO plugin. -->","yoast_head_json":{"title":"Chasuble San Damiano - broderie au m\u00e9tier et Laboratorio Gruppo Liturgico","description":"Chasuble en tissu polyester de haute qualit\u00e9, tr\u00e8s doux et l\u00e9ger. Elle est orn\u00e9e d'un scapulaire amovible, enti\u00e8rement brod\u00e9 au m\u00e9tier \u00e0 tisser, qui pr\u00e9sente sur les deux c\u00f4t\u00e9s un motif compos\u00e9 de feuilles de vigne et de grappes de raisin entre lesquelles est ins\u00e9r\u00e9e une image classique de Saint Fran\u00e7ois \u00e0 l'avant et le Crucifix de Saint Damien \u00e0 l'arri\u00e8re. Le scapulaire peut \u00eatre facilement retir\u00e9 pour \u00eatre adapt\u00e9 \u00e0 une autre chasuble.","robots":{"index":"index","follow":"follow","max-snippet":"max-snippet:-1","max-image-preview":"max-image-preview:large","max-video-preview":"max-video-preview:-1"},"canonical":"https:\/\/www.gruppoliturgico.com\/fr\/produit\/chasuble-74\/","og_locale":"fr_FR","og_type":"article","og_title":"Chasuble San Damiano - broderie au m\u00e9tier et Laboratorio Gruppo Liturgico","og_description":"Chasuble en tissu polyester de haute qualit\u00e9, tr\u00e8s doux et l\u00e9ger. Elle est orn\u00e9e d'un scapulaire amovible, enti\u00e8rement brod\u00e9 au m\u00e9tier \u00e0 tisser, qui pr\u00e9sente sur les deux c\u00f4t\u00e9s un motif compos\u00e9 de feuilles de vigne et de grappes de raisin entre lesquelles est ins\u00e9r\u00e9e une image classique de Saint Fran\u00e7ois \u00e0 l'avant et le Crucifix de Saint Damien \u00e0 l'arri\u00e8re. Le scapulaire peut \u00eatre facilement retir\u00e9 pour \u00eatre adapt\u00e9 \u00e0 une autre chasuble.","og_url":"https:\/\/www.gruppoliturgico.com\/fr\/produit\/chasuble-74\/","og_site_name":"Laboratorio Gruppo Liturgico","article_modified_time":"2025-10-31T14:56:20+00:00","og_image":[{"width":1356,"height":2081,"url":"https:\/\/www.gruppoliturgico.com\/wp-content\/uploads\/2025\/10\/4136-3.jpg","type":"image\/jpeg"}],"twitter_card":"summary_large_image","schema":{"@context":"https:\/\/schema.org","@graph":[{"@type":"WebPage","@id":"https:\/\/www.gruppoliturgico.com\/fr\/produit\/chasuble-74\/","url":"https:\/\/www.gruppoliturgico.com\/fr\/produit\/chasuble-74\/","name":"Chasuble San Damiano - broderie au m\u00e9tier et Laboratorio Gruppo Liturgico","isPartOf":{"@id":"https:\/\/www.gruppoliturgico.com\/es\/#website"},"datePublished":"2025-10-31T14:53:07+00:00","dateModified":"2025-10-31T14:56:20+00:00","description":"Chasuble en tissu polyester de haute qualit\u00e9, tr\u00e8s doux et l\u00e9ger. Elle est orn\u00e9e d'un scapulaire amovible, enti\u00e8rement brod\u00e9 au m\u00e9tier \u00e0 tisser, qui pr\u00e9sente sur les deux c\u00f4t\u00e9s un motif compos\u00e9 de feuilles de vigne et de grappes de raisin entre lesquelles est ins\u00e9r\u00e9e une image classique de Saint Fran\u00e7ois \u00e0 l'avant et le Crucifix de Saint Damien \u00e0 l'arri\u00e8re. Le scapulaire peut \u00eatre facilement retir\u00e9 pour \u00eatre adapt\u00e9 \u00e0 une autre chasuble.","breadcrumb":{"@id":"https:\/\/www.gruppoliturgico.com\/fr\/produit\/chasuble-74\/#breadcrumb"},"inLanguage":"fr-FR","potentialAction":[{"@type":"ReadAction","target":["https:\/\/www.gruppoliturgico.com\/fr\/produit\/chasuble-74\/"]}]},{"@type":"BreadcrumbList","@id":"https:\/\/www.gruppoliturgico.com\/fr\/produit\/chasuble-74\/#breadcrumb","itemListElement":[{"@type":"ListItem","position":1,"name":"Home","item":"https:\/\/www.gruppoliturgico.com\/fr\/"},{"@type":"ListItem","position":2,"name":"Boutique","item":"https:\/\/www.gruppoliturgico.com\/fr\/boutique\/"},{"@type":"ListItem","position":3,"name":"Chasuble San Damiano"}]},{"@type":"WebSite","@id":"https:\/\/www.gruppoliturgico.com\/es\/#website","url":"https:\/\/www.gruppoliturgico.com\/es\/","name":"Laboratorio Gruppo Liturgico","description":"Articoli Religiosi online","publisher":{"@id":"https:\/\/www.gruppoliturgico.com\/es\/#organization"},"potentialAction":[{"@type":"SearchAction","target":{"@type":"EntryPoint","urlTemplate":"https:\/\/www.gruppoliturgico.com\/es\/?s={search_term_string}"},"query-input":"required name=search_term_string"}],"inLanguage":"fr-FR"},{"@type":"Organization","@id":"https:\/\/www.gruppoliturgico.com\/es\/#organization","name":"Laboratorio Gruppo Liturgico","url":"https:\/\/www.gruppoliturgico.com\/es\/","logo":{"@type":"ImageObject","inLanguage":"fr-FR","@id":"https:\/\/www.gruppoliturgico.com\/es\/#\/schema\/logo\/image\/","url":"https:\/\/www.gruppoliturgico.com\/wp-content\/uploads\/2022\/02\/logo-laboratoriogruppoliturgico.png","contentUrl":"https:\/\/www.gruppoliturgico.com\/wp-content\/uploads\/2022\/02\/logo-laboratoriogruppoliturgico.png","width":400,"height":114,"caption":"Laboratorio Gruppo Liturgico"},"image":{"@id":"https:\/\/www.gruppoliturgico.com\/es\/#\/schema\/logo\/image\/"}}]}},"_links":{"self":[{"href":"https:\/\/www.gruppoliturgico.com\/fr\/wp-json\/wp\/v2\/product\/141163"}],"collection":[{"href":"https:\/\/www.gruppoliturgico.com\/fr\/wp-json\/wp\/v2\/product"}],"about":[{"href":"https:\/\/www.gruppoliturgico.com\/fr\/wp-json\/wp\/v2\/types\/product"}],"wp:featuredmedia":[{"embeddable":true,"href":"https:\/\/www.gruppoliturgico.com\/fr\/wp-json\/wp\/v2\/media\/141152"}],"wp:attachment":[{"href":"https:\/\/www.gruppoliturgico.com\/fr\/wp-json\/wp\/v2\/media?parent=141163"}],"wp:term":[{"taxonomy":"product_cat","embeddable":true,"href":"https:\/\/www.gruppoliturgico.com\/fr\/wp-json\/wp\/v2\/product_cat?post=141163"},{"taxonomy":"product_tag","embeddable":true,"href":"https:\/\/www.gruppoliturgico.com\/fr\/wp-json\/wp\/v2\/product_tag?post=141163"}],"curies":[{"name":"wp","href":"https:\/\/api.w.org\/{rel}","templated":true}]}}