{"id":141115,"date":"2025-10-31T11:26:01","date_gmt":"2025-10-31T10:26:01","guid":{"rendered":"https:\/\/www.gruppoliturgico.com\/prodotto\/chasuble-41\/"},"modified":"2025-10-31T11:26:01","modified_gmt":"2025-10-31T10:26:01","slug":"chasuble-41","status":"publish","type":"product","link":"https:\/\/www.gruppoliturgico.com\/fr\/produit\/chasuble-41\/","title":{"rendered":"Chasuble"},"content":{"rendered":"<html><body><p>Chasuble confectionn\u00e9e en toile vaticane, tr\u00e8s l\u00e9g\u00e8re et douce, agr\u00e9able \u00e0 porter.<br>\nElle est orn\u00e9e par un \u00e9l\u00e9gant galon et richement brod\u00e9 de motifs g\u00e9om\u00e9triques et de croix, r\u00e9alis\u00e9 avec des fils dor\u00e9s et argent\u00e9s, et embelli de strass en cristal.<br>\nLa m\u00eame broderie se r\u00e9p\u00e8te sur le col et au dos de la chasuble.<br>\nUn article d\u2019une \u00e9l\u00e9gance absolue.<\/p>\n<\/body><\/html>","protected":false},"excerpt":{"rendered":"<p>Chasuble confectionn\u00e9e en toile vaticane, tr\u00e8s l\u00e9g\u00e8re et douce, agr\u00e9able \u00e0 porter.<br \/>\nElle est orn\u00e9e par un \u00e9l\u00e9gant galon et richement brod\u00e9 de motifs g\u00e9om\u00e9triques et de croix, r\u00e9alis\u00e9 avec des fils dor\u00e9s et argent\u00e9s, et embelli de strass en cristal.<br \/>\nLa m\u00eame broderie se r\u00e9p\u00e8te sur le col et au dos de la chasuble.<br \/>\nUn article d&rsquo;une \u00e9l\u00e9gance absolue.<\/p>\n","protected":false},"featured_media":141112,"template":"","meta":[],"product_cat":[12244],"product_tag":[],"yoast_head":"<!-- This site is optimized with the Yoast SEO plugin v20.4 - https:\/\/yoast.com\/wordpress\/plugins\/seo\/ -->\n<title>Chasuble - solennelles et Laboratorio Gruppo Liturgico<\/title>\n<meta name=\"description\" content=\"Chasuble confectionn\u00e9e en toile vaticane, tr\u00e8s l\u00e9g\u00e8re et douce, agr\u00e9able \u00e0 porter. Elle est orn\u00e9e par un \u00e9l\u00e9gant galon et richement brod\u00e9 de motifs g\u00e9om\u00e9triques et de croix, r\u00e9alis\u00e9 avec des fils dor\u00e9s et argent\u00e9s, et embelli de strass en cristal. La m\u00eame broderie se r\u00e9p\u00e8te sur le col et au dos de la chasuble. Un article d&#039;une \u00e9l\u00e9gance absolue.\" \/>\n<meta name=\"robots\" content=\"index, follow, max-snippet:-1, max-image-preview:large, max-video-preview:-1\" \/>\n<link rel=\"canonical\" href=\"https:\/\/www.gruppoliturgico.com\/fr\/produit\/chasuble-41\/\" \/>\n<meta property=\"og:locale\" content=\"fr_FR\" \/>\n<meta property=\"og:type\" content=\"article\" \/>\n<meta property=\"og:title\" content=\"Chasuble - solennelles et Laboratorio Gruppo Liturgico\" \/>\n<meta property=\"og:description\" content=\"Chasuble confectionn\u00e9e en toile vaticane, tr\u00e8s l\u00e9g\u00e8re et douce, agr\u00e9able \u00e0 porter. Elle est orn\u00e9e par un \u00e9l\u00e9gant galon et richement brod\u00e9 de motifs g\u00e9om\u00e9triques et de croix, r\u00e9alis\u00e9 avec des fils dor\u00e9s et argent\u00e9s, et embelli de strass en cristal. La m\u00eame broderie se r\u00e9p\u00e8te sur le col et au dos de la chasuble. Un article d&#039;une \u00e9l\u00e9gance absolue.\" \/>\n<meta property=\"og:url\" content=\"https:\/\/www.gruppoliturgico.com\/fr\/produit\/chasuble-41\/\" \/>\n<meta property=\"og:site_name\" content=\"Laboratorio Gruppo Liturgico\" \/>\n<meta property=\"og:image\" content=\"https:\/\/www.gruppoliturgico.com\/wp-content\/uploads\/2025\/10\/4134_rit.jpg\" \/>\n\t<meta property=\"og:image:width\" content=\"1373\" \/>\n\t<meta property=\"og:image:height\" content=\"2001\" \/>\n\t<meta property=\"og:image:type\" content=\"image\/jpeg\" \/>\n<meta name=\"twitter:card\" content=\"summary_large_image\" \/>\n<script type=\"application\/ld+json\" class=\"yoast-schema-graph\">{\"@context\":\"https:\/\/schema.org\",\"@graph\":[{\"@type\":\"WebPage\",\"@id\":\"https:\/\/www.gruppoliturgico.com\/fr\/produit\/chasuble-41\/\",\"url\":\"https:\/\/www.gruppoliturgico.com\/fr\/produit\/chasuble-41\/\",\"name\":\"Chasuble - solennelles et Laboratorio Gruppo Liturgico\",\"isPartOf\":{\"@id\":\"https:\/\/www.gruppoliturgico.com\/es\/#website\"},\"datePublished\":\"2025-10-31T10:26:01+00:00\",\"dateModified\":\"2025-10-31T10:26:01+00:00\",\"description\":\"Chasuble confectionn\u00e9e en toile vaticane, tr\u00e8s l\u00e9g\u00e8re et douce, agr\u00e9able \u00e0 porter. Elle est orn\u00e9e par un \u00e9l\u00e9gant galon et richement brod\u00e9 de motifs g\u00e9om\u00e9triques et de croix, r\u00e9alis\u00e9 avec des fils dor\u00e9s et argent\u00e9s, et embelli de strass en cristal. La m\u00eame broderie se r\u00e9p\u00e8te sur le col et au dos de la chasuble. Un article d'une \u00e9l\u00e9gance absolue.\",\"breadcrumb\":{\"@id\":\"https:\/\/www.gruppoliturgico.com\/fr\/produit\/chasuble-41\/#breadcrumb\"},\"inLanguage\":\"fr-FR\",\"potentialAction\":[{\"@type\":\"ReadAction\",\"target\":[\"https:\/\/www.gruppoliturgico.com\/fr\/produit\/chasuble-41\/\"]}]},{\"@type\":\"BreadcrumbList\",\"@id\":\"https:\/\/www.gruppoliturgico.com\/fr\/produit\/chasuble-41\/#breadcrumb\",\"itemListElement\":[{\"@type\":\"ListItem\",\"position\":1,\"name\":\"Home\",\"item\":\"https:\/\/www.gruppoliturgico.com\/fr\/\"},{\"@type\":\"ListItem\",\"position\":2,\"name\":\"Boutique\",\"item\":\"https:\/\/www.gruppoliturgico.com\/fr\/boutique\/\"},{\"@type\":\"ListItem\",\"position\":3,\"name\":\"Chasuble\"}]},{\"@type\":\"WebSite\",\"@id\":\"https:\/\/www.gruppoliturgico.com\/es\/#website\",\"url\":\"https:\/\/www.gruppoliturgico.com\/es\/\",\"name\":\"Laboratorio Gruppo Liturgico\",\"description\":\"Articoli Religiosi online\",\"publisher\":{\"@id\":\"https:\/\/www.gruppoliturgico.com\/es\/#organization\"},\"potentialAction\":[{\"@type\":\"SearchAction\",\"target\":{\"@type\":\"EntryPoint\",\"urlTemplate\":\"https:\/\/www.gruppoliturgico.com\/es\/?s={search_term_string}\"},\"query-input\":\"required name=search_term_string\"}],\"inLanguage\":\"fr-FR\"},{\"@type\":\"Organization\",\"@id\":\"https:\/\/www.gruppoliturgico.com\/es\/#organization\",\"name\":\"Laboratorio Gruppo Liturgico\",\"url\":\"https:\/\/www.gruppoliturgico.com\/es\/\",\"logo\":{\"@type\":\"ImageObject\",\"inLanguage\":\"fr-FR\",\"@id\":\"https:\/\/www.gruppoliturgico.com\/es\/#\/schema\/logo\/image\/\",\"url\":\"https:\/\/www.gruppoliturgico.com\/wp-content\/uploads\/2022\/02\/logo-laboratoriogruppoliturgico.png\",\"contentUrl\":\"https:\/\/www.gruppoliturgico.com\/wp-content\/uploads\/2022\/02\/logo-laboratoriogruppoliturgico.png\",\"width\":400,\"height\":114,\"caption\":\"Laboratorio Gruppo Liturgico\"},\"image\":{\"@id\":\"https:\/\/www.gruppoliturgico.com\/es\/#\/schema\/logo\/image\/\"}}]}<\/script>\n<!-- \/ Yoast SEO plugin. -->","yoast_head_json":{"title":"Chasuble - solennelles et Laboratorio Gruppo Liturgico","description":"Chasuble confectionn\u00e9e en toile vaticane, tr\u00e8s l\u00e9g\u00e8re et douce, agr\u00e9able \u00e0 porter. Elle est orn\u00e9e par un \u00e9l\u00e9gant galon et richement brod\u00e9 de motifs g\u00e9om\u00e9triques et de croix, r\u00e9alis\u00e9 avec des fils dor\u00e9s et argent\u00e9s, et embelli de strass en cristal. La m\u00eame broderie se r\u00e9p\u00e8te sur le col et au dos de la chasuble. Un article d'une \u00e9l\u00e9gance absolue.","robots":{"index":"index","follow":"follow","max-snippet":"max-snippet:-1","max-image-preview":"max-image-preview:large","max-video-preview":"max-video-preview:-1"},"canonical":"https:\/\/www.gruppoliturgico.com\/fr\/produit\/chasuble-41\/","og_locale":"fr_FR","og_type":"article","og_title":"Chasuble - solennelles et Laboratorio Gruppo Liturgico","og_description":"Chasuble confectionn\u00e9e en toile vaticane, tr\u00e8s l\u00e9g\u00e8re et douce, agr\u00e9able \u00e0 porter. Elle est orn\u00e9e par un \u00e9l\u00e9gant galon et richement brod\u00e9 de motifs g\u00e9om\u00e9triques et de croix, r\u00e9alis\u00e9 avec des fils dor\u00e9s et argent\u00e9s, et embelli de strass en cristal. La m\u00eame broderie se r\u00e9p\u00e8te sur le col et au dos de la chasuble. Un article d'une \u00e9l\u00e9gance absolue.","og_url":"https:\/\/www.gruppoliturgico.com\/fr\/produit\/chasuble-41\/","og_site_name":"Laboratorio Gruppo Liturgico","og_image":[{"width":1373,"height":2001,"url":"https:\/\/www.gruppoliturgico.com\/wp-content\/uploads\/2025\/10\/4134_rit.jpg","type":"image\/jpeg"}],"twitter_card":"summary_large_image","schema":{"@context":"https:\/\/schema.org","@graph":[{"@type":"WebPage","@id":"https:\/\/www.gruppoliturgico.com\/fr\/produit\/chasuble-41\/","url":"https:\/\/www.gruppoliturgico.com\/fr\/produit\/chasuble-41\/","name":"Chasuble - solennelles et Laboratorio Gruppo Liturgico","isPartOf":{"@id":"https:\/\/www.gruppoliturgico.com\/es\/#website"},"datePublished":"2025-10-31T10:26:01+00:00","dateModified":"2025-10-31T10:26:01+00:00","description":"Chasuble confectionn\u00e9e en toile vaticane, tr\u00e8s l\u00e9g\u00e8re et douce, agr\u00e9able \u00e0 porter. Elle est orn\u00e9e par un \u00e9l\u00e9gant galon et richement brod\u00e9 de motifs g\u00e9om\u00e9triques et de croix, r\u00e9alis\u00e9 avec des fils dor\u00e9s et argent\u00e9s, et embelli de strass en cristal. La m\u00eame broderie se r\u00e9p\u00e8te sur le col et au dos de la chasuble. Un article d'une \u00e9l\u00e9gance absolue.","breadcrumb":{"@id":"https:\/\/www.gruppoliturgico.com\/fr\/produit\/chasuble-41\/#breadcrumb"},"inLanguage":"fr-FR","potentialAction":[{"@type":"ReadAction","target":["https:\/\/www.gruppoliturgico.com\/fr\/produit\/chasuble-41\/"]}]},{"@type":"BreadcrumbList","@id":"https:\/\/www.gruppoliturgico.com\/fr\/produit\/chasuble-41\/#breadcrumb","itemListElement":[{"@type":"ListItem","position":1,"name":"Home","item":"https:\/\/www.gruppoliturgico.com\/fr\/"},{"@type":"ListItem","position":2,"name":"Boutique","item":"https:\/\/www.gruppoliturgico.com\/fr\/boutique\/"},{"@type":"ListItem","position":3,"name":"Chasuble"}]},{"@type":"WebSite","@id":"https:\/\/www.gruppoliturgico.com\/es\/#website","url":"https:\/\/www.gruppoliturgico.com\/es\/","name":"Laboratorio Gruppo Liturgico","description":"Articoli Religiosi online","publisher":{"@id":"https:\/\/www.gruppoliturgico.com\/es\/#organization"},"potentialAction":[{"@type":"SearchAction","target":{"@type":"EntryPoint","urlTemplate":"https:\/\/www.gruppoliturgico.com\/es\/?s={search_term_string}"},"query-input":"required name=search_term_string"}],"inLanguage":"fr-FR"},{"@type":"Organization","@id":"https:\/\/www.gruppoliturgico.com\/es\/#organization","name":"Laboratorio Gruppo Liturgico","url":"https:\/\/www.gruppoliturgico.com\/es\/","logo":{"@type":"ImageObject","inLanguage":"fr-FR","@id":"https:\/\/www.gruppoliturgico.com\/es\/#\/schema\/logo\/image\/","url":"https:\/\/www.gruppoliturgico.com\/wp-content\/uploads\/2022\/02\/logo-laboratoriogruppoliturgico.png","contentUrl":"https:\/\/www.gruppoliturgico.com\/wp-content\/uploads\/2022\/02\/logo-laboratoriogruppoliturgico.png","width":400,"height":114,"caption":"Laboratorio Gruppo Liturgico"},"image":{"@id":"https:\/\/www.gruppoliturgico.com\/es\/#\/schema\/logo\/image\/"}}]}},"_links":{"self":[{"href":"https:\/\/www.gruppoliturgico.com\/fr\/wp-json\/wp\/v2\/product\/141115"}],"collection":[{"href":"https:\/\/www.gruppoliturgico.com\/fr\/wp-json\/wp\/v2\/product"}],"about":[{"href":"https:\/\/www.gruppoliturgico.com\/fr\/wp-json\/wp\/v2\/types\/product"}],"wp:featuredmedia":[{"embeddable":true,"href":"https:\/\/www.gruppoliturgico.com\/fr\/wp-json\/wp\/v2\/media\/141112"}],"wp:attachment":[{"href":"https:\/\/www.gruppoliturgico.com\/fr\/wp-json\/wp\/v2\/media?parent=141115"}],"wp:term":[{"taxonomy":"product_cat","embeddable":true,"href":"https:\/\/www.gruppoliturgico.com\/fr\/wp-json\/wp\/v2\/product_cat?post=141115"},{"taxonomy":"product_tag","embeddable":true,"href":"https:\/\/www.gruppoliturgico.com\/fr\/wp-json\/wp\/v2\/product_tag?post=141115"}],"curies":[{"name":"wp","href":"https:\/\/api.w.org\/{rel}","templated":true}]}}