{"id":140619,"date":"2025-10-02T16:20:26","date_gmt":"2025-10-02T14:20:26","guid":{"rendered":"https:\/\/www.gruppoliturgico.com\/prodotto\/chasuble-romaine-7\/"},"modified":"2025-10-02T16:20:26","modified_gmt":"2025-10-02T14:20:26","slug":"chasuble-romaine-7","status":"publish","type":"product","link":"https:\/\/www.gruppoliturgico.com\/fr\/produit\/chasuble-romaine-7\/","title":{"rendered":"chasuble romaine"},"content":{"rendered":"<html><body><p>Une v\u00e9ritable \u0153uvre d\u2019art.<br>\nSur un prestigieux tissu de satin dor\u00e9 sont r\u00e9alis\u00e9es de tr\u00e8s fines broderies, \u00e9galement en fil dor\u00e9, en relief.<br>\nLe motif particulier de la broderie est enrichi par des centaines de cristaux multicolores qui conf\u00e8rent \u00e0 ce parement une intensit\u00e9 chromatique particuli\u00e8re.<br>\nSur deux c\u00f4t\u00e9s, on trouve de riches passementeries dor\u00e9es avec un travail en rocaille entrelac\u00e9e.<br>\n\u00c9tole incluse.<br>\nSur demande, il est possible de le r\u00e9aliser sans les cristaux.<\/p>\n<\/body><\/html>","protected":false},"excerpt":{"rendered":"<p>Une v\u00e9ritable \u0153uvre d&rsquo;art.<br \/>\nSur un prestigieux tissu de satin dor\u00e9 sont r\u00e9alis\u00e9es de tr\u00e8s fines broderies, \u00e9galement en fil dor\u00e9, en relief.<br \/>\nLe motif particulier de la broderie est enrichi par des centaines de cristaux multicolores qui conf\u00e8rent \u00e0 ce parement une intensit\u00e9 chromatique particuli\u00e8re.<br \/>\nSur deux c\u00f4t\u00e9s, on trouve de riches passementeries dor\u00e9es avec un travail en rocaille entrelac\u00e9e.<br \/>\n\u00c9tole incluse.<br \/>\nSur demande, il est possible de le r\u00e9aliser sans les cristaux.<\/p>\n","protected":false},"featured_media":140949,"template":"","meta":[],"product_cat":[12280],"product_tag":[],"yoast_head":"<!-- This site is optimized with the Yoast SEO plugin v20.4 - https:\/\/yoast.com\/wordpress\/plugins\/seo\/ -->\n<title>chasuble romaine - chasubles romaines et Laboratorio Gruppo Liturgico<\/title>\n<meta name=\"description\" content=\"Une v\u00e9ritable \u0153uvre d&#039;art. Sur un prestigieux tissu de satin dor\u00e9 sont r\u00e9alis\u00e9es de tr\u00e8s fines broderies, \u00e9galement en fil dor\u00e9, en relief. Le motif particulier de la broderie est enrichi par des centaines de cristaux multicolores qui conf\u00e8rent \u00e0 ce parement une intensit\u00e9 chromatique particuli\u00e8re. Sur deux c\u00f4t\u00e9s, on trouve de riches passementeries dor\u00e9es avec un travail en rocaille entrelac\u00e9e. \u00c9tole incluse. Sur demande, il est possible de le r\u00e9aliser sans les cristaux.\" \/>\n<meta name=\"robots\" content=\"index, follow, max-snippet:-1, max-image-preview:large, max-video-preview:-1\" \/>\n<link rel=\"canonical\" href=\"https:\/\/www.gruppoliturgico.com\/fr\/produit\/chasuble-romaine-7\/\" \/>\n<meta property=\"og:locale\" content=\"fr_FR\" \/>\n<meta property=\"og:type\" content=\"article\" \/>\n<meta property=\"og:title\" content=\"chasuble romaine - chasubles romaines et Laboratorio Gruppo Liturgico\" \/>\n<meta property=\"og:description\" content=\"Une v\u00e9ritable \u0153uvre d&#039;art. Sur un prestigieux tissu de satin dor\u00e9 sont r\u00e9alis\u00e9es de tr\u00e8s fines broderies, \u00e9galement en fil dor\u00e9, en relief. Le motif particulier de la broderie est enrichi par des centaines de cristaux multicolores qui conf\u00e8rent \u00e0 ce parement une intensit\u00e9 chromatique particuli\u00e8re. Sur deux c\u00f4t\u00e9s, on trouve de riches passementeries dor\u00e9es avec un travail en rocaille entrelac\u00e9e. \u00c9tole incluse. Sur demande, il est possible de le r\u00e9aliser sans les cristaux.\" \/>\n<meta property=\"og:url\" content=\"https:\/\/www.gruppoliturgico.com\/fr\/produit\/chasuble-romaine-7\/\" \/>\n<meta property=\"og:site_name\" content=\"Laboratorio Gruppo Liturgico\" \/>\n<meta property=\"og:image\" content=\"https:\/\/www.gruppoliturgico.com\/wp-content\/uploads\/2025\/10\/4128-rit-584x1024.jpg\" \/>\n\t<meta property=\"og:image:width\" content=\"584\" \/>\n\t<meta property=\"og:image:height\" content=\"1024\" \/>\n\t<meta property=\"og:image:type\" content=\"image\/jpeg\" \/>\n<meta name=\"twitter:card\" content=\"summary_large_image\" \/>\n<script type=\"application\/ld+json\" class=\"yoast-schema-graph\">{\"@context\":\"https:\/\/schema.org\",\"@graph\":[{\"@type\":\"WebPage\",\"@id\":\"https:\/\/www.gruppoliturgico.com\/fr\/produit\/chasuble-romaine-7\/\",\"url\":\"https:\/\/www.gruppoliturgico.com\/fr\/produit\/chasuble-romaine-7\/\",\"name\":\"chasuble romaine - chasubles romaines et Laboratorio Gruppo Liturgico\",\"isPartOf\":{\"@id\":\"https:\/\/www.gruppoliturgico.com\/es\/#website\"},\"datePublished\":\"2025-10-02T14:20:26+00:00\",\"dateModified\":\"2025-10-02T14:20:26+00:00\",\"description\":\"Une v\u00e9ritable \u0153uvre d'art. Sur un prestigieux tissu de satin dor\u00e9 sont r\u00e9alis\u00e9es de tr\u00e8s fines broderies, \u00e9galement en fil dor\u00e9, en relief. Le motif particulier de la broderie est enrichi par des centaines de cristaux multicolores qui conf\u00e8rent \u00e0 ce parement une intensit\u00e9 chromatique particuli\u00e8re. Sur deux c\u00f4t\u00e9s, on trouve de riches passementeries dor\u00e9es avec un travail en rocaille entrelac\u00e9e. \u00c9tole incluse. Sur demande, il est possible de le r\u00e9aliser sans les cristaux.\",\"breadcrumb\":{\"@id\":\"https:\/\/www.gruppoliturgico.com\/fr\/produit\/chasuble-romaine-7\/#breadcrumb\"},\"inLanguage\":\"fr-FR\",\"potentialAction\":[{\"@type\":\"ReadAction\",\"target\":[\"https:\/\/www.gruppoliturgico.com\/fr\/produit\/chasuble-romaine-7\/\"]}]},{\"@type\":\"BreadcrumbList\",\"@id\":\"https:\/\/www.gruppoliturgico.com\/fr\/produit\/chasuble-romaine-7\/#breadcrumb\",\"itemListElement\":[{\"@type\":\"ListItem\",\"position\":1,\"name\":\"Home\",\"item\":\"https:\/\/www.gruppoliturgico.com\/fr\/\"},{\"@type\":\"ListItem\",\"position\":2,\"name\":\"Boutique\",\"item\":\"https:\/\/www.gruppoliturgico.com\/fr\/boutique\/\"},{\"@type\":\"ListItem\",\"position\":3,\"name\":\"chasuble romaine\"}]},{\"@type\":\"WebSite\",\"@id\":\"https:\/\/www.gruppoliturgico.com\/es\/#website\",\"url\":\"https:\/\/www.gruppoliturgico.com\/es\/\",\"name\":\"Laboratorio Gruppo Liturgico\",\"description\":\"Articoli Religiosi online\",\"publisher\":{\"@id\":\"https:\/\/www.gruppoliturgico.com\/es\/#organization\"},\"potentialAction\":[{\"@type\":\"SearchAction\",\"target\":{\"@type\":\"EntryPoint\",\"urlTemplate\":\"https:\/\/www.gruppoliturgico.com\/es\/?s={search_term_string}\"},\"query-input\":\"required name=search_term_string\"}],\"inLanguage\":\"fr-FR\"},{\"@type\":\"Organization\",\"@id\":\"https:\/\/www.gruppoliturgico.com\/es\/#organization\",\"name\":\"Laboratorio Gruppo Liturgico\",\"url\":\"https:\/\/www.gruppoliturgico.com\/es\/\",\"logo\":{\"@type\":\"ImageObject\",\"inLanguage\":\"fr-FR\",\"@id\":\"https:\/\/www.gruppoliturgico.com\/es\/#\/schema\/logo\/image\/\",\"url\":\"https:\/\/www.gruppoliturgico.com\/wp-content\/uploads\/2022\/02\/logo-laboratoriogruppoliturgico.png\",\"contentUrl\":\"https:\/\/www.gruppoliturgico.com\/wp-content\/uploads\/2022\/02\/logo-laboratoriogruppoliturgico.png\",\"width\":400,\"height\":114,\"caption\":\"Laboratorio Gruppo Liturgico\"},\"image\":{\"@id\":\"https:\/\/www.gruppoliturgico.com\/es\/#\/schema\/logo\/image\/\"}}]}<\/script>\n<!-- \/ Yoast SEO plugin. -->","yoast_head_json":{"title":"chasuble romaine - chasubles romaines et Laboratorio Gruppo Liturgico","description":"Une v\u00e9ritable \u0153uvre d'art. Sur un prestigieux tissu de satin dor\u00e9 sont r\u00e9alis\u00e9es de tr\u00e8s fines broderies, \u00e9galement en fil dor\u00e9, en relief. Le motif particulier de la broderie est enrichi par des centaines de cristaux multicolores qui conf\u00e8rent \u00e0 ce parement une intensit\u00e9 chromatique particuli\u00e8re. Sur deux c\u00f4t\u00e9s, on trouve de riches passementeries dor\u00e9es avec un travail en rocaille entrelac\u00e9e. \u00c9tole incluse. Sur demande, il est possible de le r\u00e9aliser sans les cristaux.","robots":{"index":"index","follow":"follow","max-snippet":"max-snippet:-1","max-image-preview":"max-image-preview:large","max-video-preview":"max-video-preview:-1"},"canonical":"https:\/\/www.gruppoliturgico.com\/fr\/produit\/chasuble-romaine-7\/","og_locale":"fr_FR","og_type":"article","og_title":"chasuble romaine - chasubles romaines et Laboratorio Gruppo Liturgico","og_description":"Une v\u00e9ritable \u0153uvre d'art. Sur un prestigieux tissu de satin dor\u00e9 sont r\u00e9alis\u00e9es de tr\u00e8s fines broderies, \u00e9galement en fil dor\u00e9, en relief. Le motif particulier de la broderie est enrichi par des centaines de cristaux multicolores qui conf\u00e8rent \u00e0 ce parement une intensit\u00e9 chromatique particuli\u00e8re. Sur deux c\u00f4t\u00e9s, on trouve de riches passementeries dor\u00e9es avec un travail en rocaille entrelac\u00e9e. \u00c9tole incluse. Sur demande, il est possible de le r\u00e9aliser sans les cristaux.","og_url":"https:\/\/www.gruppoliturgico.com\/fr\/produit\/chasuble-romaine-7\/","og_site_name":"Laboratorio Gruppo Liturgico","og_image":[{"width":584,"height":1024,"url":"https:\/\/www.gruppoliturgico.com\/wp-content\/uploads\/2025\/10\/4128-rit-584x1024.jpg","type":"image\/jpeg"}],"twitter_card":"summary_large_image","schema":{"@context":"https:\/\/schema.org","@graph":[{"@type":"WebPage","@id":"https:\/\/www.gruppoliturgico.com\/fr\/produit\/chasuble-romaine-7\/","url":"https:\/\/www.gruppoliturgico.com\/fr\/produit\/chasuble-romaine-7\/","name":"chasuble romaine - chasubles romaines et Laboratorio Gruppo Liturgico","isPartOf":{"@id":"https:\/\/www.gruppoliturgico.com\/es\/#website"},"datePublished":"2025-10-02T14:20:26+00:00","dateModified":"2025-10-02T14:20:26+00:00","description":"Une v\u00e9ritable \u0153uvre d'art. Sur un prestigieux tissu de satin dor\u00e9 sont r\u00e9alis\u00e9es de tr\u00e8s fines broderies, \u00e9galement en fil dor\u00e9, en relief. Le motif particulier de la broderie est enrichi par des centaines de cristaux multicolores qui conf\u00e8rent \u00e0 ce parement une intensit\u00e9 chromatique particuli\u00e8re. Sur deux c\u00f4t\u00e9s, on trouve de riches passementeries dor\u00e9es avec un travail en rocaille entrelac\u00e9e. \u00c9tole incluse. Sur demande, il est possible de le r\u00e9aliser sans les cristaux.","breadcrumb":{"@id":"https:\/\/www.gruppoliturgico.com\/fr\/produit\/chasuble-romaine-7\/#breadcrumb"},"inLanguage":"fr-FR","potentialAction":[{"@type":"ReadAction","target":["https:\/\/www.gruppoliturgico.com\/fr\/produit\/chasuble-romaine-7\/"]}]},{"@type":"BreadcrumbList","@id":"https:\/\/www.gruppoliturgico.com\/fr\/produit\/chasuble-romaine-7\/#breadcrumb","itemListElement":[{"@type":"ListItem","position":1,"name":"Home","item":"https:\/\/www.gruppoliturgico.com\/fr\/"},{"@type":"ListItem","position":2,"name":"Boutique","item":"https:\/\/www.gruppoliturgico.com\/fr\/boutique\/"},{"@type":"ListItem","position":3,"name":"chasuble romaine"}]},{"@type":"WebSite","@id":"https:\/\/www.gruppoliturgico.com\/es\/#website","url":"https:\/\/www.gruppoliturgico.com\/es\/","name":"Laboratorio Gruppo Liturgico","description":"Articoli Religiosi online","publisher":{"@id":"https:\/\/www.gruppoliturgico.com\/es\/#organization"},"potentialAction":[{"@type":"SearchAction","target":{"@type":"EntryPoint","urlTemplate":"https:\/\/www.gruppoliturgico.com\/es\/?s={search_term_string}"},"query-input":"required name=search_term_string"}],"inLanguage":"fr-FR"},{"@type":"Organization","@id":"https:\/\/www.gruppoliturgico.com\/es\/#organization","name":"Laboratorio Gruppo Liturgico","url":"https:\/\/www.gruppoliturgico.com\/es\/","logo":{"@type":"ImageObject","inLanguage":"fr-FR","@id":"https:\/\/www.gruppoliturgico.com\/es\/#\/schema\/logo\/image\/","url":"https:\/\/www.gruppoliturgico.com\/wp-content\/uploads\/2022\/02\/logo-laboratoriogruppoliturgico.png","contentUrl":"https:\/\/www.gruppoliturgico.com\/wp-content\/uploads\/2022\/02\/logo-laboratoriogruppoliturgico.png","width":400,"height":114,"caption":"Laboratorio Gruppo Liturgico"},"image":{"@id":"https:\/\/www.gruppoliturgico.com\/es\/#\/schema\/logo\/image\/"}}]}},"_links":{"self":[{"href":"https:\/\/www.gruppoliturgico.com\/fr\/wp-json\/wp\/v2\/product\/140619"}],"collection":[{"href":"https:\/\/www.gruppoliturgico.com\/fr\/wp-json\/wp\/v2\/product"}],"about":[{"href":"https:\/\/www.gruppoliturgico.com\/fr\/wp-json\/wp\/v2\/types\/product"}],"wp:featuredmedia":[{"embeddable":true,"href":"https:\/\/www.gruppoliturgico.com\/fr\/wp-json\/wp\/v2\/media\/140949"}],"wp:attachment":[{"href":"https:\/\/www.gruppoliturgico.com\/fr\/wp-json\/wp\/v2\/media?parent=140619"}],"wp:term":[{"taxonomy":"product_cat","embeddable":true,"href":"https:\/\/www.gruppoliturgico.com\/fr\/wp-json\/wp\/v2\/product_cat?post=140619"},{"taxonomy":"product_tag","embeddable":true,"href":"https:\/\/www.gruppoliturgico.com\/fr\/wp-json\/wp\/v2\/product_tag?post=140619"}],"curies":[{"name":"wp","href":"https:\/\/api.w.org\/{rel}","templated":true}]}}