{"id":140603,"date":"2025-10-02T16:14:35","date_gmt":"2025-10-02T14:14:35","guid":{"rendered":"https:\/\/www.gruppoliturgico.com\/prodotto\/chasuble-63\/"},"modified":"2025-10-29T17:37:10","modified_gmt":"2025-10-29T16:37:10","slug":"chasuble-63","status":"publish","type":"product","link":"https:\/\/www.gruppoliturgico.com\/fr\/produit\/chasuble-63\/","title":{"rendered":"Chasuble"},"content":{"rendered":"<html><body><p>Une s\u00e9rie de motifs brod\u00e9s se d\u00e9veloppe sur les deux riches galons en satin qui se r\u00e9p\u00e8tent sur les deux c\u00f4t\u00e9s de la chasuble realis\u00e9 en tr\u00e8s fine et l\u00e9g\u00e8re laine saglia.<br>\nLes broderies de croix et de motifs g\u00e9om\u00e9triques sont r\u00e9alis\u00e9es avec des fils d\u2019or et d\u2019argent et sont enrichies de cristaux, de strass et de paillettes.<br>\nLa broderie qui orne le col, \u00e9galement r\u00e9alis\u00e9e avec des fils d\u2019or, d\u2019argent et des perles d\u00e9coratives, est particuli\u00e8rement importante.<br>\nTout l\u2019ourlet est embeli\u00e9 d\u2019une pr\u00e9cieuse passementerie en or et argent avec de perles.<br>\nUn article d\u2019une valeur absolue.<\/p>\n<\/body><\/html>","protected":false},"excerpt":{"rendered":"<p>Une s\u00e9rie de motifs brod\u00e9s se d\u00e9veloppe sur les deux riches galons en satin qui se r\u00e9p\u00e8tent sur les deux c\u00f4t\u00e9s de la chasuble realis\u00e9 en tr\u00e8s fine et l\u00e9g\u00e8re laine saglia.<br \/>\nLes broderies de croix et de motifs g\u00e9om\u00e9triques sont r\u00e9alis\u00e9es avec des fils d&rsquo;or et d&rsquo;argent et sont enrichies de cristaux, de strass et de paillettes.<br \/>\nLa broderie qui orne le col, \u00e9galement r\u00e9alis\u00e9e avec des fils d&rsquo;or, d&rsquo;argent et des perles d\u00e9coratives, est particuli\u00e8rement importante.<br \/>\nTout l&rsquo;ourlet est embeli\u00e9 d&rsquo;une pr\u00e9cieuse passementerie en or et argent avec de perles.<br \/>\nUn article d&rsquo;une valeur absolue.<\/p>\n","protected":false},"featured_media":140928,"template":"","meta":[],"product_cat":[12244],"product_tag":[],"yoast_head":"<!-- This site is optimized with the Yoast SEO plugin v20.4 - https:\/\/yoast.com\/wordpress\/plugins\/seo\/ -->\n<title>Chasuble - solennelles et Laboratorio Gruppo Liturgico<\/title>\n<meta name=\"description\" content=\"Une s\u00e9rie de motifs brod\u00e9s se d\u00e9veloppe sur les deux riches galons en satin qui se r\u00e9p\u00e8tent sur les deux c\u00f4t\u00e9s de la chasuble realis\u00e9 en tr\u00e8s fine et l\u00e9g\u00e8re laine saglia. Les broderies de croix et de motifs g\u00e9om\u00e9triques sont r\u00e9alis\u00e9es avec des fils d&#039;or et d&#039;argent et sont enrichies de cristaux, de strass et de paillettes. La broderie qui orne le col, \u00e9galement r\u00e9alis\u00e9e avec des fils d&#039;or, d&#039;argent et des perles d\u00e9coratives, est particuli\u00e8rement importante. Tout l&#039;ourlet est embeli\u00e9 d&#039;une pr\u00e9cieuse passementerie en or et argent avec de perles. Un article d&#039;une valeur absolue.\" \/>\n<meta name=\"robots\" content=\"index, follow, max-snippet:-1, max-image-preview:large, max-video-preview:-1\" \/>\n<link rel=\"canonical\" href=\"https:\/\/www.gruppoliturgico.com\/fr\/produit\/chasuble-63\/\" \/>\n<meta property=\"og:locale\" content=\"fr_FR\" \/>\n<meta property=\"og:type\" content=\"article\" \/>\n<meta property=\"og:title\" content=\"Chasuble - solennelles et Laboratorio Gruppo Liturgico\" \/>\n<meta property=\"og:description\" content=\"Une s\u00e9rie de motifs brod\u00e9s se d\u00e9veloppe sur les deux riches galons en satin qui se r\u00e9p\u00e8tent sur les deux c\u00f4t\u00e9s de la chasuble realis\u00e9 en tr\u00e8s fine et l\u00e9g\u00e8re laine saglia. Les broderies de croix et de motifs g\u00e9om\u00e9triques sont r\u00e9alis\u00e9es avec des fils d&#039;or et d&#039;argent et sont enrichies de cristaux, de strass et de paillettes. La broderie qui orne le col, \u00e9galement r\u00e9alis\u00e9e avec des fils d&#039;or, d&#039;argent et des perles d\u00e9coratives, est particuli\u00e8rement importante. Tout l&#039;ourlet est embeli\u00e9 d&#039;une pr\u00e9cieuse passementerie en or et argent avec de perles. Un article d&#039;une valeur absolue.\" \/>\n<meta property=\"og:url\" content=\"https:\/\/www.gruppoliturgico.com\/fr\/produit\/chasuble-63\/\" \/>\n<meta property=\"og:site_name\" content=\"Laboratorio Gruppo Liturgico\" \/>\n<meta property=\"article:modified_time\" content=\"2025-10-29T16:37:10+00:00\" \/>\n<meta property=\"og:image\" content=\"https:\/\/www.gruppoliturgico.com\/wp-content\/uploads\/2025\/10\/4126-nv_rit-1.jpg\" \/>\n\t<meta property=\"og:image:width\" content=\"1319\" \/>\n\t<meta property=\"og:image:height\" content=\"2002\" \/>\n\t<meta property=\"og:image:type\" content=\"image\/jpeg\" \/>\n<meta name=\"twitter:card\" content=\"summary_large_image\" \/>\n<meta name=\"twitter:label1\" content=\"Dur\u00e9e de lecture estim\u00e9e\" \/>\n\t<meta name=\"twitter:data1\" content=\"1 minute\" \/>\n<script type=\"application\/ld+json\" class=\"yoast-schema-graph\">{\"@context\":\"https:\/\/schema.org\",\"@graph\":[{\"@type\":\"WebPage\",\"@id\":\"https:\/\/www.gruppoliturgico.com\/fr\/produit\/chasuble-63\/\",\"url\":\"https:\/\/www.gruppoliturgico.com\/fr\/produit\/chasuble-63\/\",\"name\":\"Chasuble - solennelles et Laboratorio Gruppo Liturgico\",\"isPartOf\":{\"@id\":\"https:\/\/www.gruppoliturgico.com\/es\/#website\"},\"datePublished\":\"2025-10-02T14:14:35+00:00\",\"dateModified\":\"2025-10-29T16:37:10+00:00\",\"description\":\"Une s\u00e9rie de motifs brod\u00e9s se d\u00e9veloppe sur les deux riches galons en satin qui se r\u00e9p\u00e8tent sur les deux c\u00f4t\u00e9s de la chasuble realis\u00e9 en tr\u00e8s fine et l\u00e9g\u00e8re laine saglia. Les broderies de croix et de motifs g\u00e9om\u00e9triques sont r\u00e9alis\u00e9es avec des fils d'or et d'argent et sont enrichies de cristaux, de strass et de paillettes. La broderie qui orne le col, \u00e9galement r\u00e9alis\u00e9e avec des fils d'or, d'argent et des perles d\u00e9coratives, est particuli\u00e8rement importante. Tout l'ourlet est embeli\u00e9 d'une pr\u00e9cieuse passementerie en or et argent avec de perles. Un article d'une valeur absolue.\",\"breadcrumb\":{\"@id\":\"https:\/\/www.gruppoliturgico.com\/fr\/produit\/chasuble-63\/#breadcrumb\"},\"inLanguage\":\"fr-FR\",\"potentialAction\":[{\"@type\":\"ReadAction\",\"target\":[\"https:\/\/www.gruppoliturgico.com\/fr\/produit\/chasuble-63\/\"]}]},{\"@type\":\"BreadcrumbList\",\"@id\":\"https:\/\/www.gruppoliturgico.com\/fr\/produit\/chasuble-63\/#breadcrumb\",\"itemListElement\":[{\"@type\":\"ListItem\",\"position\":1,\"name\":\"Home\",\"item\":\"https:\/\/www.gruppoliturgico.com\/fr\/\"},{\"@type\":\"ListItem\",\"position\":2,\"name\":\"Boutique\",\"item\":\"https:\/\/www.gruppoliturgico.com\/fr\/boutique\/\"},{\"@type\":\"ListItem\",\"position\":3,\"name\":\"Chasuble\"}]},{\"@type\":\"WebSite\",\"@id\":\"https:\/\/www.gruppoliturgico.com\/es\/#website\",\"url\":\"https:\/\/www.gruppoliturgico.com\/es\/\",\"name\":\"Laboratorio Gruppo Liturgico\",\"description\":\"Articoli Religiosi online\",\"publisher\":{\"@id\":\"https:\/\/www.gruppoliturgico.com\/es\/#organization\"},\"potentialAction\":[{\"@type\":\"SearchAction\",\"target\":{\"@type\":\"EntryPoint\",\"urlTemplate\":\"https:\/\/www.gruppoliturgico.com\/es\/?s={search_term_string}\"},\"query-input\":\"required name=search_term_string\"}],\"inLanguage\":\"fr-FR\"},{\"@type\":\"Organization\",\"@id\":\"https:\/\/www.gruppoliturgico.com\/es\/#organization\",\"name\":\"Laboratorio Gruppo Liturgico\",\"url\":\"https:\/\/www.gruppoliturgico.com\/es\/\",\"logo\":{\"@type\":\"ImageObject\",\"inLanguage\":\"fr-FR\",\"@id\":\"https:\/\/www.gruppoliturgico.com\/es\/#\/schema\/logo\/image\/\",\"url\":\"https:\/\/www.gruppoliturgico.com\/wp-content\/uploads\/2022\/02\/logo-laboratoriogruppoliturgico.png\",\"contentUrl\":\"https:\/\/www.gruppoliturgico.com\/wp-content\/uploads\/2022\/02\/logo-laboratoriogruppoliturgico.png\",\"width\":400,\"height\":114,\"caption\":\"Laboratorio Gruppo Liturgico\"},\"image\":{\"@id\":\"https:\/\/www.gruppoliturgico.com\/es\/#\/schema\/logo\/image\/\"}}]}<\/script>\n<!-- \/ Yoast SEO plugin. -->","yoast_head_json":{"title":"Chasuble - solennelles et Laboratorio Gruppo Liturgico","description":"Une s\u00e9rie de motifs brod\u00e9s se d\u00e9veloppe sur les deux riches galons en satin qui se r\u00e9p\u00e8tent sur les deux c\u00f4t\u00e9s de la chasuble realis\u00e9 en tr\u00e8s fine et l\u00e9g\u00e8re laine saglia. Les broderies de croix et de motifs g\u00e9om\u00e9triques sont r\u00e9alis\u00e9es avec des fils d'or et d'argent et sont enrichies de cristaux, de strass et de paillettes. La broderie qui orne le col, \u00e9galement r\u00e9alis\u00e9e avec des fils d'or, d'argent et des perles d\u00e9coratives, est particuli\u00e8rement importante. Tout l'ourlet est embeli\u00e9 d'une pr\u00e9cieuse passementerie en or et argent avec de perles. Un article d'une valeur absolue.","robots":{"index":"index","follow":"follow","max-snippet":"max-snippet:-1","max-image-preview":"max-image-preview:large","max-video-preview":"max-video-preview:-1"},"canonical":"https:\/\/www.gruppoliturgico.com\/fr\/produit\/chasuble-63\/","og_locale":"fr_FR","og_type":"article","og_title":"Chasuble - solennelles et Laboratorio Gruppo Liturgico","og_description":"Une s\u00e9rie de motifs brod\u00e9s se d\u00e9veloppe sur les deux riches galons en satin qui se r\u00e9p\u00e8tent sur les deux c\u00f4t\u00e9s de la chasuble realis\u00e9 en tr\u00e8s fine et l\u00e9g\u00e8re laine saglia. Les broderies de croix et de motifs g\u00e9om\u00e9triques sont r\u00e9alis\u00e9es avec des fils d'or et d'argent et sont enrichies de cristaux, de strass et de paillettes. La broderie qui orne le col, \u00e9galement r\u00e9alis\u00e9e avec des fils d'or, d'argent et des perles d\u00e9coratives, est particuli\u00e8rement importante. Tout l'ourlet est embeli\u00e9 d'une pr\u00e9cieuse passementerie en or et argent avec de perles. Un article d'une valeur absolue.","og_url":"https:\/\/www.gruppoliturgico.com\/fr\/produit\/chasuble-63\/","og_site_name":"Laboratorio Gruppo Liturgico","article_modified_time":"2025-10-29T16:37:10+00:00","og_image":[{"width":1319,"height":2002,"url":"https:\/\/www.gruppoliturgico.com\/wp-content\/uploads\/2025\/10\/4126-nv_rit-1.jpg","type":"image\/jpeg"}],"twitter_card":"summary_large_image","twitter_misc":{"Dur\u00e9e de lecture estim\u00e9e":"1 minute"},"schema":{"@context":"https:\/\/schema.org","@graph":[{"@type":"WebPage","@id":"https:\/\/www.gruppoliturgico.com\/fr\/produit\/chasuble-63\/","url":"https:\/\/www.gruppoliturgico.com\/fr\/produit\/chasuble-63\/","name":"Chasuble - solennelles et Laboratorio Gruppo Liturgico","isPartOf":{"@id":"https:\/\/www.gruppoliturgico.com\/es\/#website"},"datePublished":"2025-10-02T14:14:35+00:00","dateModified":"2025-10-29T16:37:10+00:00","description":"Une s\u00e9rie de motifs brod\u00e9s se d\u00e9veloppe sur les deux riches galons en satin qui se r\u00e9p\u00e8tent sur les deux c\u00f4t\u00e9s de la chasuble realis\u00e9 en tr\u00e8s fine et l\u00e9g\u00e8re laine saglia. Les broderies de croix et de motifs g\u00e9om\u00e9triques sont r\u00e9alis\u00e9es avec des fils d'or et d'argent et sont enrichies de cristaux, de strass et de paillettes. La broderie qui orne le col, \u00e9galement r\u00e9alis\u00e9e avec des fils d'or, d'argent et des perles d\u00e9coratives, est particuli\u00e8rement importante. Tout l'ourlet est embeli\u00e9 d'une pr\u00e9cieuse passementerie en or et argent avec de perles. Un article d'une valeur absolue.","breadcrumb":{"@id":"https:\/\/www.gruppoliturgico.com\/fr\/produit\/chasuble-63\/#breadcrumb"},"inLanguage":"fr-FR","potentialAction":[{"@type":"ReadAction","target":["https:\/\/www.gruppoliturgico.com\/fr\/produit\/chasuble-63\/"]}]},{"@type":"BreadcrumbList","@id":"https:\/\/www.gruppoliturgico.com\/fr\/produit\/chasuble-63\/#breadcrumb","itemListElement":[{"@type":"ListItem","position":1,"name":"Home","item":"https:\/\/www.gruppoliturgico.com\/fr\/"},{"@type":"ListItem","position":2,"name":"Boutique","item":"https:\/\/www.gruppoliturgico.com\/fr\/boutique\/"},{"@type":"ListItem","position":3,"name":"Chasuble"}]},{"@type":"WebSite","@id":"https:\/\/www.gruppoliturgico.com\/es\/#website","url":"https:\/\/www.gruppoliturgico.com\/es\/","name":"Laboratorio Gruppo Liturgico","description":"Articoli Religiosi online","publisher":{"@id":"https:\/\/www.gruppoliturgico.com\/es\/#organization"},"potentialAction":[{"@type":"SearchAction","target":{"@type":"EntryPoint","urlTemplate":"https:\/\/www.gruppoliturgico.com\/es\/?s={search_term_string}"},"query-input":"required name=search_term_string"}],"inLanguage":"fr-FR"},{"@type":"Organization","@id":"https:\/\/www.gruppoliturgico.com\/es\/#organization","name":"Laboratorio Gruppo Liturgico","url":"https:\/\/www.gruppoliturgico.com\/es\/","logo":{"@type":"ImageObject","inLanguage":"fr-FR","@id":"https:\/\/www.gruppoliturgico.com\/es\/#\/schema\/logo\/image\/","url":"https:\/\/www.gruppoliturgico.com\/wp-content\/uploads\/2022\/02\/logo-laboratoriogruppoliturgico.png","contentUrl":"https:\/\/www.gruppoliturgico.com\/wp-content\/uploads\/2022\/02\/logo-laboratoriogruppoliturgico.png","width":400,"height":114,"caption":"Laboratorio Gruppo Liturgico"},"image":{"@id":"https:\/\/www.gruppoliturgico.com\/es\/#\/schema\/logo\/image\/"}}]}},"_links":{"self":[{"href":"https:\/\/www.gruppoliturgico.com\/fr\/wp-json\/wp\/v2\/product\/140603"}],"collection":[{"href":"https:\/\/www.gruppoliturgico.com\/fr\/wp-json\/wp\/v2\/product"}],"about":[{"href":"https:\/\/www.gruppoliturgico.com\/fr\/wp-json\/wp\/v2\/types\/product"}],"wp:featuredmedia":[{"embeddable":true,"href":"https:\/\/www.gruppoliturgico.com\/fr\/wp-json\/wp\/v2\/media\/140928"}],"wp:attachment":[{"href":"https:\/\/www.gruppoliturgico.com\/fr\/wp-json\/wp\/v2\/media?parent=140603"}],"wp:term":[{"taxonomy":"product_cat","embeddable":true,"href":"https:\/\/www.gruppoliturgico.com\/fr\/wp-json\/wp\/v2\/product_cat?post=140603"},{"taxonomy":"product_tag","embeddable":true,"href":"https:\/\/www.gruppoliturgico.com\/fr\/wp-json\/wp\/v2\/product_tag?post=140603"}],"curies":[{"name":"wp","href":"https:\/\/api.w.org\/{rel}","templated":true}]}}