{"id":140583,"date":"2025-10-02T16:07:35","date_gmt":"2025-10-02T14:07:35","guid":{"rendered":"https:\/\/www.gruppoliturgico.com\/prodotto\/chasuble-40\/"},"modified":"2025-10-02T16:07:35","modified_gmt":"2025-10-02T14:07:35","slug":"chasuble-40","status":"publish","type":"product","link":"https:\/\/www.gruppoliturgico.com\/fr\/produit\/chasuble-40\/","title":{"rendered":""},"content":{"rendered":"<html><body><p>Cette chasuble est r\u00e9alis\u00e9e dans un tissu tr\u00e8s l\u00e9ger en pure laine.<br>\nElle est orn\u00e9e, sur les deux c\u00f4t\u00e9s, d\u2019un entrelacement particulier de broderies et enrichie de centaines de cristaux multicolores qui conf\u00e8rent \u00e0 ce v\u00eatement liturgique une intensit\u00e9 chromatique particuli\u00e8re.<br>\nCe travail se r\u00e9p\u00e8te sur l\u2019imposant col.<br>\nCompl\u00e8te avec \u00e9tole.<br>\nUne v\u00e9ritable \u0153uvre d\u2019art.<br>\nSur demande, elle peut \u00e9galement \u00eatre r\u00e9alis\u00e9e sans cristaux.<\/p>\n<\/body><\/html>","protected":false},"excerpt":{"rendered":"<p>Cette chasuble est r\u00e9alis\u00e9e dans un tissu tr\u00e8s l\u00e9ger en pure laine.<br \/>\nElle est orn\u00e9e, sur les deux c\u00f4t\u00e9s, d&rsquo;un entrelacement particulier de broderies et enrichie de centaines de cristaux multicolores qui conf\u00e8rent \u00e0 ce v\u00eatement liturgique une intensit\u00e9 chromatique particuli\u00e8re.<br \/>\nCe travail se r\u00e9p\u00e8te sur l&rsquo;imposant col.<br \/>\nCompl\u00e8te avec \u00e9tole.<br \/>\nUne v\u00e9ritable \u0153uvre d&rsquo;art.<br \/>\nSur demande, elle peut \u00e9galement \u00eatre r\u00e9alis\u00e9e sans cristaux.<\/p>\n","protected":false},"featured_media":140824,"template":"","meta":[],"product_cat":[12244],"product_tag":[],"yoast_head":"<!-- This site is optimized with the Yoast SEO plugin v20.4 - https:\/\/yoast.com\/wordpress\/plugins\/seo\/ -->\n<title>- solennelles et Laboratorio Gruppo Liturgico<\/title>\n<meta name=\"description\" content=\"Cette chasuble est r\u00e9alis\u00e9e dans un tissu tr\u00e8s l\u00e9ger en pure laine. Elle est orn\u00e9e, sur les deux c\u00f4t\u00e9s, d&#039;un entrelacement particulier de broderies et enrichie de centaines de cristaux multicolores qui conf\u00e8rent \u00e0 ce v\u00eatement liturgique une intensit\u00e9 chromatique particuli\u00e8re. Ce travail se r\u00e9p\u00e8te sur l&#039;imposant col. Compl\u00e8te avec \u00e9tole. Une v\u00e9ritable \u0153uvre d&#039;art. Sur demande, elle peut \u00e9galement \u00eatre r\u00e9alis\u00e9e sans cristaux.\" \/>\n<meta name=\"robots\" content=\"index, follow, max-snippet:-1, max-image-preview:large, max-video-preview:-1\" \/>\n<link rel=\"canonical\" href=\"https:\/\/www.gruppoliturgico.com\/fr\/produit\/chasuble-40\/\" \/>\n<meta property=\"og:locale\" content=\"fr_FR\" \/>\n<meta property=\"og:type\" content=\"article\" \/>\n<meta property=\"og:title\" content=\"- solennelles et Laboratorio Gruppo Liturgico\" \/>\n<meta property=\"og:description\" content=\"Cette chasuble est r\u00e9alis\u00e9e dans un tissu tr\u00e8s l\u00e9ger en pure laine. Elle est orn\u00e9e, sur les deux c\u00f4t\u00e9s, d&#039;un entrelacement particulier de broderies et enrichie de centaines de cristaux multicolores qui conf\u00e8rent \u00e0 ce v\u00eatement liturgique une intensit\u00e9 chromatique particuli\u00e8re. Ce travail se r\u00e9p\u00e8te sur l&#039;imposant col. Compl\u00e8te avec \u00e9tole. Une v\u00e9ritable \u0153uvre d&#039;art. Sur demande, elle peut \u00e9galement \u00eatre r\u00e9alis\u00e9e sans cristaux.\" \/>\n<meta property=\"og:url\" content=\"https:\/\/www.gruppoliturgico.com\/fr\/produit\/chasuble-40\/\" \/>\n<meta property=\"og:site_name\" content=\"Laboratorio Gruppo Liturgico\" \/>\n<meta property=\"og:image\" content=\"https:\/\/www.gruppoliturgico.com\/wp-content\/uploads\/2025\/10\/4127_rit.jpg\" \/>\n\t<meta property=\"og:image:width\" content=\"1167\" \/>\n\t<meta property=\"og:image:height\" content=\"1939\" \/>\n\t<meta property=\"og:image:type\" content=\"image\/jpeg\" \/>\n<meta name=\"twitter:card\" content=\"summary_large_image\" \/>\n<script type=\"application\/ld+json\" class=\"yoast-schema-graph\">{\"@context\":\"https:\/\/schema.org\",\"@graph\":[{\"@type\":\"WebPage\",\"@id\":\"https:\/\/www.gruppoliturgico.com\/fr\/produit\/chasuble-40\/\",\"url\":\"https:\/\/www.gruppoliturgico.com\/fr\/produit\/chasuble-40\/\",\"name\":\"- solennelles et Laboratorio Gruppo Liturgico\",\"isPartOf\":{\"@id\":\"https:\/\/www.gruppoliturgico.com\/es\/#website\"},\"datePublished\":\"2025-10-02T14:07:35+00:00\",\"dateModified\":\"2025-10-02T14:07:35+00:00\",\"description\":\"Cette chasuble est r\u00e9alis\u00e9e dans un tissu tr\u00e8s l\u00e9ger en pure laine. Elle est orn\u00e9e, sur les deux c\u00f4t\u00e9s, d'un entrelacement particulier de broderies et enrichie de centaines de cristaux multicolores qui conf\u00e8rent \u00e0 ce v\u00eatement liturgique une intensit\u00e9 chromatique particuli\u00e8re. Ce travail se r\u00e9p\u00e8te sur l'imposant col. Compl\u00e8te avec \u00e9tole. Une v\u00e9ritable \u0153uvre d'art. Sur demande, elle peut \u00e9galement \u00eatre r\u00e9alis\u00e9e sans cristaux.\",\"breadcrumb\":{\"@id\":\"https:\/\/www.gruppoliturgico.com\/fr\/produit\/chasuble-40\/#breadcrumb\"},\"inLanguage\":\"fr-FR\",\"potentialAction\":[{\"@type\":\"ReadAction\",\"target\":[\"https:\/\/www.gruppoliturgico.com\/fr\/produit\/chasuble-40\/\"]}]},{\"@type\":\"BreadcrumbList\",\"@id\":\"https:\/\/www.gruppoliturgico.com\/fr\/produit\/chasuble-40\/#breadcrumb\",\"itemListElement\":[{\"@type\":\"ListItem\",\"position\":1,\"name\":\"Home\",\"item\":\"https:\/\/www.gruppoliturgico.com\/fr\/\"},{\"@type\":\"ListItem\",\"position\":2,\"name\":\"Boutique\",\"item\":\"https:\/\/www.gruppoliturgico.com\/fr\/boutique\/\"}]},{\"@type\":\"WebSite\",\"@id\":\"https:\/\/www.gruppoliturgico.com\/es\/#website\",\"url\":\"https:\/\/www.gruppoliturgico.com\/es\/\",\"name\":\"Laboratorio Gruppo Liturgico\",\"description\":\"Articoli Religiosi online\",\"publisher\":{\"@id\":\"https:\/\/www.gruppoliturgico.com\/es\/#organization\"},\"potentialAction\":[{\"@type\":\"SearchAction\",\"target\":{\"@type\":\"EntryPoint\",\"urlTemplate\":\"https:\/\/www.gruppoliturgico.com\/es\/?s={search_term_string}\"},\"query-input\":\"required name=search_term_string\"}],\"inLanguage\":\"fr-FR\"},{\"@type\":\"Organization\",\"@id\":\"https:\/\/www.gruppoliturgico.com\/es\/#organization\",\"name\":\"Laboratorio Gruppo Liturgico\",\"url\":\"https:\/\/www.gruppoliturgico.com\/es\/\",\"logo\":{\"@type\":\"ImageObject\",\"inLanguage\":\"fr-FR\",\"@id\":\"https:\/\/www.gruppoliturgico.com\/es\/#\/schema\/logo\/image\/\",\"url\":\"https:\/\/www.gruppoliturgico.com\/wp-content\/uploads\/2022\/02\/logo-laboratoriogruppoliturgico.png\",\"contentUrl\":\"https:\/\/www.gruppoliturgico.com\/wp-content\/uploads\/2022\/02\/logo-laboratoriogruppoliturgico.png\",\"width\":400,\"height\":114,\"caption\":\"Laboratorio Gruppo Liturgico\"},\"image\":{\"@id\":\"https:\/\/www.gruppoliturgico.com\/es\/#\/schema\/logo\/image\/\"}}]}<\/script>\n<!-- \/ Yoast SEO plugin. -->","yoast_head_json":{"title":"- solennelles et Laboratorio Gruppo Liturgico","description":"Cette chasuble est r\u00e9alis\u00e9e dans un tissu tr\u00e8s l\u00e9ger en pure laine. Elle est orn\u00e9e, sur les deux c\u00f4t\u00e9s, d'un entrelacement particulier de broderies et enrichie de centaines de cristaux multicolores qui conf\u00e8rent \u00e0 ce v\u00eatement liturgique une intensit\u00e9 chromatique particuli\u00e8re. Ce travail se r\u00e9p\u00e8te sur l'imposant col. Compl\u00e8te avec \u00e9tole. Une v\u00e9ritable \u0153uvre d'art. Sur demande, elle peut \u00e9galement \u00eatre r\u00e9alis\u00e9e sans cristaux.","robots":{"index":"index","follow":"follow","max-snippet":"max-snippet:-1","max-image-preview":"max-image-preview:large","max-video-preview":"max-video-preview:-1"},"canonical":"https:\/\/www.gruppoliturgico.com\/fr\/produit\/chasuble-40\/","og_locale":"fr_FR","og_type":"article","og_title":"- solennelles et Laboratorio Gruppo Liturgico","og_description":"Cette chasuble est r\u00e9alis\u00e9e dans un tissu tr\u00e8s l\u00e9ger en pure laine. Elle est orn\u00e9e, sur les deux c\u00f4t\u00e9s, d'un entrelacement particulier de broderies et enrichie de centaines de cristaux multicolores qui conf\u00e8rent \u00e0 ce v\u00eatement liturgique une intensit\u00e9 chromatique particuli\u00e8re. Ce travail se r\u00e9p\u00e8te sur l'imposant col. Compl\u00e8te avec \u00e9tole. Une v\u00e9ritable \u0153uvre d'art. Sur demande, elle peut \u00e9galement \u00eatre r\u00e9alis\u00e9e sans cristaux.","og_url":"https:\/\/www.gruppoliturgico.com\/fr\/produit\/chasuble-40\/","og_site_name":"Laboratorio Gruppo Liturgico","og_image":[{"width":1167,"height":1939,"url":"https:\/\/www.gruppoliturgico.com\/wp-content\/uploads\/2025\/10\/4127_rit.jpg","type":"image\/jpeg"}],"twitter_card":"summary_large_image","schema":{"@context":"https:\/\/schema.org","@graph":[{"@type":"WebPage","@id":"https:\/\/www.gruppoliturgico.com\/fr\/produit\/chasuble-40\/","url":"https:\/\/www.gruppoliturgico.com\/fr\/produit\/chasuble-40\/","name":"- solennelles et Laboratorio Gruppo Liturgico","isPartOf":{"@id":"https:\/\/www.gruppoliturgico.com\/es\/#website"},"datePublished":"2025-10-02T14:07:35+00:00","dateModified":"2025-10-02T14:07:35+00:00","description":"Cette chasuble est r\u00e9alis\u00e9e dans un tissu tr\u00e8s l\u00e9ger en pure laine. Elle est orn\u00e9e, sur les deux c\u00f4t\u00e9s, d'un entrelacement particulier de broderies et enrichie de centaines de cristaux multicolores qui conf\u00e8rent \u00e0 ce v\u00eatement liturgique une intensit\u00e9 chromatique particuli\u00e8re. Ce travail se r\u00e9p\u00e8te sur l'imposant col. Compl\u00e8te avec \u00e9tole. Une v\u00e9ritable \u0153uvre d'art. Sur demande, elle peut \u00e9galement \u00eatre r\u00e9alis\u00e9e sans cristaux.","breadcrumb":{"@id":"https:\/\/www.gruppoliturgico.com\/fr\/produit\/chasuble-40\/#breadcrumb"},"inLanguage":"fr-FR","potentialAction":[{"@type":"ReadAction","target":["https:\/\/www.gruppoliturgico.com\/fr\/produit\/chasuble-40\/"]}]},{"@type":"BreadcrumbList","@id":"https:\/\/www.gruppoliturgico.com\/fr\/produit\/chasuble-40\/#breadcrumb","itemListElement":[{"@type":"ListItem","position":1,"name":"Home","item":"https:\/\/www.gruppoliturgico.com\/fr\/"},{"@type":"ListItem","position":2,"name":"Boutique","item":"https:\/\/www.gruppoliturgico.com\/fr\/boutique\/"}]},{"@type":"WebSite","@id":"https:\/\/www.gruppoliturgico.com\/es\/#website","url":"https:\/\/www.gruppoliturgico.com\/es\/","name":"Laboratorio Gruppo Liturgico","description":"Articoli Religiosi online","publisher":{"@id":"https:\/\/www.gruppoliturgico.com\/es\/#organization"},"potentialAction":[{"@type":"SearchAction","target":{"@type":"EntryPoint","urlTemplate":"https:\/\/www.gruppoliturgico.com\/es\/?s={search_term_string}"},"query-input":"required name=search_term_string"}],"inLanguage":"fr-FR"},{"@type":"Organization","@id":"https:\/\/www.gruppoliturgico.com\/es\/#organization","name":"Laboratorio Gruppo Liturgico","url":"https:\/\/www.gruppoliturgico.com\/es\/","logo":{"@type":"ImageObject","inLanguage":"fr-FR","@id":"https:\/\/www.gruppoliturgico.com\/es\/#\/schema\/logo\/image\/","url":"https:\/\/www.gruppoliturgico.com\/wp-content\/uploads\/2022\/02\/logo-laboratoriogruppoliturgico.png","contentUrl":"https:\/\/www.gruppoliturgico.com\/wp-content\/uploads\/2022\/02\/logo-laboratoriogruppoliturgico.png","width":400,"height":114,"caption":"Laboratorio Gruppo Liturgico"},"image":{"@id":"https:\/\/www.gruppoliturgico.com\/es\/#\/schema\/logo\/image\/"}}]}},"_links":{"self":[{"href":"https:\/\/www.gruppoliturgico.com\/fr\/wp-json\/wp\/v2\/product\/140583"}],"collection":[{"href":"https:\/\/www.gruppoliturgico.com\/fr\/wp-json\/wp\/v2\/product"}],"about":[{"href":"https:\/\/www.gruppoliturgico.com\/fr\/wp-json\/wp\/v2\/types\/product"}],"wp:featuredmedia":[{"embeddable":true,"href":"https:\/\/www.gruppoliturgico.com\/fr\/wp-json\/wp\/v2\/media\/140824"}],"wp:attachment":[{"href":"https:\/\/www.gruppoliturgico.com\/fr\/wp-json\/wp\/v2\/media?parent=140583"}],"wp:term":[{"taxonomy":"product_cat","embeddable":true,"href":"https:\/\/www.gruppoliturgico.com\/fr\/wp-json\/wp\/v2\/product_cat?post=140583"},{"taxonomy":"product_tag","embeddable":true,"href":"https:\/\/www.gruppoliturgico.com\/fr\/wp-json\/wp\/v2\/product_tag?post=140583"}],"curies":[{"name":"wp","href":"https:\/\/api.w.org\/{rel}","templated":true}]}}