{"id":140539,"date":"2025-10-01T16:17:48","date_gmt":"2025-10-01T14:17:48","guid":{"rendered":"https:\/\/www.gruppoliturgico.com\/prodotto\/chasuble-romaine-5\/"},"modified":"2025-10-01T16:22:57","modified_gmt":"2025-10-01T14:22:57","slug":"chasuble-romaine-5","status":"publish","type":"product","link":"https:\/\/www.gruppoliturgico.com\/fr\/produit\/chasuble-romaine-5\/","title":{"rendered":"chasuble romaine"},"content":{"rendered":"<html><body><p>Magnifique chasuble romaine confectionn\u00e9e dans un tissu brocart dor\u00e9 de grande qualit\u00e9, produit par un artisan grec.<br>\nElle est orn\u00e9e et embellie par une riche passementerie dor\u00e9e.<br>\nElle est fournie avec l\u2019\u00e9tole, le manipule, la bourse et le voile de calice.<\/p>\n<\/body><\/html>","protected":false},"excerpt":{"rendered":"<p>Magnifique chasuble romaine confectionn\u00e9e dans un tissu brocart dor\u00e9 de grande qualit\u00e9, produit par un artisan grec.<br \/>\nElle est orn\u00e9e et embellie par une riche passementerie dor\u00e9e.<br \/>\nElle est fournie avec l&rsquo;\u00e9tole, le manipule, la bourse et le voile de calice.<\/p>\n","protected":false},"featured_media":140524,"template":"","meta":[],"product_cat":[12280],"product_tag":[],"yoast_head":"<!-- This site is optimized with the Yoast SEO plugin v20.4 - https:\/\/yoast.com\/wordpress\/plugins\/seo\/ -->\n<title>chasuble romaine - chasubles romaines et Laboratorio Gruppo Liturgico<\/title>\n<meta name=\"description\" content=\"Magnifique chasuble romaine confectionn\u00e9e dans un tissu brocart dor\u00e9 de grande qualit\u00e9, produit par un artisan grec. Elle est orn\u00e9e et embellie par une riche passementerie dor\u00e9e. Elle est fournie avec l&#039;\u00e9tole, le manipule, la bourse et le voile de calice.\" \/>\n<meta name=\"robots\" content=\"index, follow, max-snippet:-1, max-image-preview:large, max-video-preview:-1\" \/>\n<link rel=\"canonical\" href=\"https:\/\/www.gruppoliturgico.com\/fr\/produit\/chasuble-romaine-5\/\" \/>\n<meta property=\"og:locale\" content=\"fr_FR\" \/>\n<meta property=\"og:type\" content=\"article\" \/>\n<meta property=\"og:title\" content=\"chasuble romaine - chasubles romaines et Laboratorio Gruppo Liturgico\" \/>\n<meta property=\"og:description\" content=\"Magnifique chasuble romaine confectionn\u00e9e dans un tissu brocart dor\u00e9 de grande qualit\u00e9, produit par un artisan grec. Elle est orn\u00e9e et embellie par une riche passementerie dor\u00e9e. Elle est fournie avec l&#039;\u00e9tole, le manipule, la bourse et le voile de calice.\" \/>\n<meta property=\"og:url\" content=\"https:\/\/www.gruppoliturgico.com\/fr\/produit\/chasuble-romaine-5\/\" \/>\n<meta property=\"og:site_name\" content=\"Laboratorio Gruppo Liturgico\" \/>\n<meta property=\"article:modified_time\" content=\"2025-10-01T14:22:57+00:00\" \/>\n<meta property=\"og:image\" content=\"https:\/\/www.gruppoliturgico.com\/wp-content\/uploads\/2025\/10\/4133_rit-568x1024.jpg\" \/>\n\t<meta property=\"og:image:width\" content=\"568\" \/>\n\t<meta property=\"og:image:height\" content=\"1024\" \/>\n\t<meta property=\"og:image:type\" content=\"image\/jpeg\" \/>\n<meta name=\"twitter:card\" content=\"summary_large_image\" \/>\n<script type=\"application\/ld+json\" class=\"yoast-schema-graph\">{\"@context\":\"https:\/\/schema.org\",\"@graph\":[{\"@type\":\"WebPage\",\"@id\":\"https:\/\/www.gruppoliturgico.com\/fr\/produit\/chasuble-romaine-5\/\",\"url\":\"https:\/\/www.gruppoliturgico.com\/fr\/produit\/chasuble-romaine-5\/\",\"name\":\"chasuble romaine - chasubles romaines et Laboratorio Gruppo Liturgico\",\"isPartOf\":{\"@id\":\"https:\/\/www.gruppoliturgico.com\/es\/#website\"},\"datePublished\":\"2025-10-01T14:17:48+00:00\",\"dateModified\":\"2025-10-01T14:22:57+00:00\",\"description\":\"Magnifique chasuble romaine confectionn\u00e9e dans un tissu brocart dor\u00e9 de grande qualit\u00e9, produit par un artisan grec. Elle est orn\u00e9e et embellie par une riche passementerie dor\u00e9e. Elle est fournie avec l'\u00e9tole, le manipule, la bourse et le voile de calice.\",\"breadcrumb\":{\"@id\":\"https:\/\/www.gruppoliturgico.com\/fr\/produit\/chasuble-romaine-5\/#breadcrumb\"},\"inLanguage\":\"fr-FR\",\"potentialAction\":[{\"@type\":\"ReadAction\",\"target\":[\"https:\/\/www.gruppoliturgico.com\/fr\/produit\/chasuble-romaine-5\/\"]}]},{\"@type\":\"BreadcrumbList\",\"@id\":\"https:\/\/www.gruppoliturgico.com\/fr\/produit\/chasuble-romaine-5\/#breadcrumb\",\"itemListElement\":[{\"@type\":\"ListItem\",\"position\":1,\"name\":\"Home\",\"item\":\"https:\/\/www.gruppoliturgico.com\/fr\/\"},{\"@type\":\"ListItem\",\"position\":2,\"name\":\"Boutique\",\"item\":\"https:\/\/www.gruppoliturgico.com\/fr\/boutique\/\"},{\"@type\":\"ListItem\",\"position\":3,\"name\":\"chasuble romaine\"}]},{\"@type\":\"WebSite\",\"@id\":\"https:\/\/www.gruppoliturgico.com\/es\/#website\",\"url\":\"https:\/\/www.gruppoliturgico.com\/es\/\",\"name\":\"Laboratorio Gruppo Liturgico\",\"description\":\"Articoli Religiosi online\",\"publisher\":{\"@id\":\"https:\/\/www.gruppoliturgico.com\/es\/#organization\"},\"potentialAction\":[{\"@type\":\"SearchAction\",\"target\":{\"@type\":\"EntryPoint\",\"urlTemplate\":\"https:\/\/www.gruppoliturgico.com\/es\/?s={search_term_string}\"},\"query-input\":\"required name=search_term_string\"}],\"inLanguage\":\"fr-FR\"},{\"@type\":\"Organization\",\"@id\":\"https:\/\/www.gruppoliturgico.com\/es\/#organization\",\"name\":\"Laboratorio Gruppo Liturgico\",\"url\":\"https:\/\/www.gruppoliturgico.com\/es\/\",\"logo\":{\"@type\":\"ImageObject\",\"inLanguage\":\"fr-FR\",\"@id\":\"https:\/\/www.gruppoliturgico.com\/es\/#\/schema\/logo\/image\/\",\"url\":\"https:\/\/www.gruppoliturgico.com\/wp-content\/uploads\/2022\/02\/logo-laboratoriogruppoliturgico.png\",\"contentUrl\":\"https:\/\/www.gruppoliturgico.com\/wp-content\/uploads\/2022\/02\/logo-laboratoriogruppoliturgico.png\",\"width\":400,\"height\":114,\"caption\":\"Laboratorio Gruppo Liturgico\"},\"image\":{\"@id\":\"https:\/\/www.gruppoliturgico.com\/es\/#\/schema\/logo\/image\/\"}}]}<\/script>\n<!-- \/ Yoast SEO plugin. -->","yoast_head_json":{"title":"chasuble romaine - chasubles romaines et Laboratorio Gruppo Liturgico","description":"Magnifique chasuble romaine confectionn\u00e9e dans un tissu brocart dor\u00e9 de grande qualit\u00e9, produit par un artisan grec. Elle est orn\u00e9e et embellie par une riche passementerie dor\u00e9e. Elle est fournie avec l'\u00e9tole, le manipule, la bourse et le voile de calice.","robots":{"index":"index","follow":"follow","max-snippet":"max-snippet:-1","max-image-preview":"max-image-preview:large","max-video-preview":"max-video-preview:-1"},"canonical":"https:\/\/www.gruppoliturgico.com\/fr\/produit\/chasuble-romaine-5\/","og_locale":"fr_FR","og_type":"article","og_title":"chasuble romaine - chasubles romaines et Laboratorio Gruppo Liturgico","og_description":"Magnifique chasuble romaine confectionn\u00e9e dans un tissu brocart dor\u00e9 de grande qualit\u00e9, produit par un artisan grec. Elle est orn\u00e9e et embellie par une riche passementerie dor\u00e9e. Elle est fournie avec l'\u00e9tole, le manipule, la bourse et le voile de calice.","og_url":"https:\/\/www.gruppoliturgico.com\/fr\/produit\/chasuble-romaine-5\/","og_site_name":"Laboratorio Gruppo Liturgico","article_modified_time":"2025-10-01T14:22:57+00:00","og_image":[{"width":568,"height":1024,"url":"https:\/\/www.gruppoliturgico.com\/wp-content\/uploads\/2025\/10\/4133_rit-568x1024.jpg","type":"image\/jpeg"}],"twitter_card":"summary_large_image","schema":{"@context":"https:\/\/schema.org","@graph":[{"@type":"WebPage","@id":"https:\/\/www.gruppoliturgico.com\/fr\/produit\/chasuble-romaine-5\/","url":"https:\/\/www.gruppoliturgico.com\/fr\/produit\/chasuble-romaine-5\/","name":"chasuble romaine - chasubles romaines et Laboratorio Gruppo Liturgico","isPartOf":{"@id":"https:\/\/www.gruppoliturgico.com\/es\/#website"},"datePublished":"2025-10-01T14:17:48+00:00","dateModified":"2025-10-01T14:22:57+00:00","description":"Magnifique chasuble romaine confectionn\u00e9e dans un tissu brocart dor\u00e9 de grande qualit\u00e9, produit par un artisan grec. Elle est orn\u00e9e et embellie par une riche passementerie dor\u00e9e. Elle est fournie avec l'\u00e9tole, le manipule, la bourse et le voile de calice.","breadcrumb":{"@id":"https:\/\/www.gruppoliturgico.com\/fr\/produit\/chasuble-romaine-5\/#breadcrumb"},"inLanguage":"fr-FR","potentialAction":[{"@type":"ReadAction","target":["https:\/\/www.gruppoliturgico.com\/fr\/produit\/chasuble-romaine-5\/"]}]},{"@type":"BreadcrumbList","@id":"https:\/\/www.gruppoliturgico.com\/fr\/produit\/chasuble-romaine-5\/#breadcrumb","itemListElement":[{"@type":"ListItem","position":1,"name":"Home","item":"https:\/\/www.gruppoliturgico.com\/fr\/"},{"@type":"ListItem","position":2,"name":"Boutique","item":"https:\/\/www.gruppoliturgico.com\/fr\/boutique\/"},{"@type":"ListItem","position":3,"name":"chasuble romaine"}]},{"@type":"WebSite","@id":"https:\/\/www.gruppoliturgico.com\/es\/#website","url":"https:\/\/www.gruppoliturgico.com\/es\/","name":"Laboratorio Gruppo Liturgico","description":"Articoli Religiosi online","publisher":{"@id":"https:\/\/www.gruppoliturgico.com\/es\/#organization"},"potentialAction":[{"@type":"SearchAction","target":{"@type":"EntryPoint","urlTemplate":"https:\/\/www.gruppoliturgico.com\/es\/?s={search_term_string}"},"query-input":"required name=search_term_string"}],"inLanguage":"fr-FR"},{"@type":"Organization","@id":"https:\/\/www.gruppoliturgico.com\/es\/#organization","name":"Laboratorio Gruppo Liturgico","url":"https:\/\/www.gruppoliturgico.com\/es\/","logo":{"@type":"ImageObject","inLanguage":"fr-FR","@id":"https:\/\/www.gruppoliturgico.com\/es\/#\/schema\/logo\/image\/","url":"https:\/\/www.gruppoliturgico.com\/wp-content\/uploads\/2022\/02\/logo-laboratoriogruppoliturgico.png","contentUrl":"https:\/\/www.gruppoliturgico.com\/wp-content\/uploads\/2022\/02\/logo-laboratoriogruppoliturgico.png","width":400,"height":114,"caption":"Laboratorio Gruppo Liturgico"},"image":{"@id":"https:\/\/www.gruppoliturgico.com\/es\/#\/schema\/logo\/image\/"}}]}},"_links":{"self":[{"href":"https:\/\/www.gruppoliturgico.com\/fr\/wp-json\/wp\/v2\/product\/140539"}],"collection":[{"href":"https:\/\/www.gruppoliturgico.com\/fr\/wp-json\/wp\/v2\/product"}],"about":[{"href":"https:\/\/www.gruppoliturgico.com\/fr\/wp-json\/wp\/v2\/types\/product"}],"wp:featuredmedia":[{"embeddable":true,"href":"https:\/\/www.gruppoliturgico.com\/fr\/wp-json\/wp\/v2\/media\/140524"}],"wp:attachment":[{"href":"https:\/\/www.gruppoliturgico.com\/fr\/wp-json\/wp\/v2\/media?parent=140539"}],"wp:term":[{"taxonomy":"product_cat","embeddable":true,"href":"https:\/\/www.gruppoliturgico.com\/fr\/wp-json\/wp\/v2\/product_cat?post=140539"},{"taxonomy":"product_tag","embeddable":true,"href":"https:\/\/www.gruppoliturgico.com\/fr\/wp-json\/wp\/v2\/product_tag?post=140539"}],"curies":[{"name":"wp","href":"https:\/\/api.w.org\/{rel}","templated":true}]}}