{"id":140499,"date":"2025-10-01T15:36:09","date_gmt":"2025-10-01T13:36:09","guid":{"rendered":"https:\/\/www.gruppoliturgico.com\/prodotto\/calice-17\/"},"modified":"2025-10-01T15:36:09","modified_gmt":"2025-10-01T13:36:09","slug":"calice-17","status":"publish","type":"product","link":"https:\/\/www.gruppoliturgico.com\/fr\/produit\/calice-17\/","title":{"rendered":"Calice"},"content":{"rendered":"<html><body><p>Magnifique calice de style ancien enti\u00e8rement r\u00e9alis\u00e9 selon la technique de la cire perdue.<br>\nIl pr\u00e9sente sur la coupe et sur le pied diff\u00e9rents symboles li\u00e9s au Chemin de Croix.<br>\nDes t\u00eates d\u2019anges ornementales sont pr\u00e9sentes sur le pied et sur la base avec des grappes de raisin et des feuilles de vigne.<br>\nDorures et argentures de haute qualit\u00e9.<br>\nHauteur 30 cm.<br>\nDiam\u00e8tre de la coupe 9 cm<\/p>\n<\/body><\/html>","protected":false},"excerpt":{"rendered":"<p>Magnifique calice de style ancien enti\u00e8rement r\u00e9alis\u00e9 selon la technique de la cire perdue.<br \/>\nIl pr\u00e9sente sur la coupe et sur le pied diff\u00e9rents symboles li\u00e9s au Chemin de Croix.<br \/>\nDes t\u00eates d&rsquo;anges ornementales sont pr\u00e9sentes sur le pied et sur la base avec des grappes de raisin et des feuilles de vigne.<br \/>\nDorures et argentures de haute qualit\u00e9.<br \/>\nHauteur 30 cm.<br \/>\nDiam\u00e8tre de la coupe 9 cm<\/p>\n","protected":false},"featured_media":140488,"template":"","meta":[],"product_cat":[12028],"product_tag":[],"yoast_head":"<!-- This site is optimized with the Yoast SEO plugin v20.4 - https:\/\/yoast.com\/wordpress\/plugins\/seo\/ -->\n<title>Calice - collection calices et Laboratorio Gruppo Liturgico<\/title>\n<meta name=\"description\" content=\"Magnifique calice de style ancien enti\u00e8rement r\u00e9alis\u00e9 selon la technique de la cire perdue. Il pr\u00e9sente sur la coupe et sur le pied diff\u00e9rents symboles li\u00e9s au Chemin de Croix. Des t\u00eates d&#039;anges ornementales sont pr\u00e9sentes sur le pied et sur la base avec des grappes de raisin et des feuilles de vigne. Dorures et argentures de haute qualit\u00e9. Hauteur 30 cm. Diam\u00e8tre de la coupe 9 cm\" \/>\n<meta name=\"robots\" content=\"index, follow, max-snippet:-1, max-image-preview:large, max-video-preview:-1\" \/>\n<link rel=\"canonical\" href=\"https:\/\/www.gruppoliturgico.com\/fr\/produit\/calice-17\/\" \/>\n<meta property=\"og:locale\" content=\"fr_FR\" \/>\n<meta property=\"og:type\" content=\"article\" \/>\n<meta property=\"og:title\" content=\"Calice - collection calices et Laboratorio Gruppo Liturgico\" \/>\n<meta property=\"og:description\" content=\"Magnifique calice de style ancien enti\u00e8rement r\u00e9alis\u00e9 selon la technique de la cire perdue. Il pr\u00e9sente sur la coupe et sur le pied diff\u00e9rents symboles li\u00e9s au Chemin de Croix. Des t\u00eates d&#039;anges ornementales sont pr\u00e9sentes sur le pied et sur la base avec des grappes de raisin et des feuilles de vigne. Dorures et argentures de haute qualit\u00e9. Hauteur 30 cm. Diam\u00e8tre de la coupe 9 cm\" \/>\n<meta property=\"og:url\" content=\"https:\/\/www.gruppoliturgico.com\/fr\/produit\/calice-17\/\" \/>\n<meta property=\"og:site_name\" content=\"Laboratorio Gruppo Liturgico\" \/>\n<meta property=\"og:image\" content=\"https:\/\/www.gruppoliturgico.com\/wp-content\/uploads\/2025\/10\/4117-2.jpg\" \/>\n\t<meta property=\"og:image:width\" content=\"944\" \/>\n\t<meta property=\"og:image:height\" content=\"2000\" \/>\n\t<meta property=\"og:image:type\" content=\"image\/jpeg\" \/>\n<meta name=\"twitter:card\" content=\"summary_large_image\" \/>\n<script type=\"application\/ld+json\" class=\"yoast-schema-graph\">{\"@context\":\"https:\/\/schema.org\",\"@graph\":[{\"@type\":\"WebPage\",\"@id\":\"https:\/\/www.gruppoliturgico.com\/fr\/produit\/calice-17\/\",\"url\":\"https:\/\/www.gruppoliturgico.com\/fr\/produit\/calice-17\/\",\"name\":\"Calice - collection calices et Laboratorio Gruppo Liturgico\",\"isPartOf\":{\"@id\":\"https:\/\/www.gruppoliturgico.com\/es\/#website\"},\"datePublished\":\"2025-10-01T13:36:09+00:00\",\"dateModified\":\"2025-10-01T13:36:09+00:00\",\"description\":\"Magnifique calice de style ancien enti\u00e8rement r\u00e9alis\u00e9 selon la technique de la cire perdue. Il pr\u00e9sente sur la coupe et sur le pied diff\u00e9rents symboles li\u00e9s au Chemin de Croix. Des t\u00eates d'anges ornementales sont pr\u00e9sentes sur le pied et sur la base avec des grappes de raisin et des feuilles de vigne. Dorures et argentures de haute qualit\u00e9. Hauteur 30 cm. Diam\u00e8tre de la coupe 9 cm\",\"breadcrumb\":{\"@id\":\"https:\/\/www.gruppoliturgico.com\/fr\/produit\/calice-17\/#breadcrumb\"},\"inLanguage\":\"fr-FR\",\"potentialAction\":[{\"@type\":\"ReadAction\",\"target\":[\"https:\/\/www.gruppoliturgico.com\/fr\/produit\/calice-17\/\"]}]},{\"@type\":\"BreadcrumbList\",\"@id\":\"https:\/\/www.gruppoliturgico.com\/fr\/produit\/calice-17\/#breadcrumb\",\"itemListElement\":[{\"@type\":\"ListItem\",\"position\":1,\"name\":\"Home\",\"item\":\"https:\/\/www.gruppoliturgico.com\/fr\/\"},{\"@type\":\"ListItem\",\"position\":2,\"name\":\"Boutique\",\"item\":\"https:\/\/www.gruppoliturgico.com\/fr\/boutique\/\"},{\"@type\":\"ListItem\",\"position\":3,\"name\":\"Calice\"}]},{\"@type\":\"WebSite\",\"@id\":\"https:\/\/www.gruppoliturgico.com\/es\/#website\",\"url\":\"https:\/\/www.gruppoliturgico.com\/es\/\",\"name\":\"Laboratorio Gruppo Liturgico\",\"description\":\"Articoli Religiosi online\",\"publisher\":{\"@id\":\"https:\/\/www.gruppoliturgico.com\/es\/#organization\"},\"potentialAction\":[{\"@type\":\"SearchAction\",\"target\":{\"@type\":\"EntryPoint\",\"urlTemplate\":\"https:\/\/www.gruppoliturgico.com\/es\/?s={search_term_string}\"},\"query-input\":\"required name=search_term_string\"}],\"inLanguage\":\"fr-FR\"},{\"@type\":\"Organization\",\"@id\":\"https:\/\/www.gruppoliturgico.com\/es\/#organization\",\"name\":\"Laboratorio Gruppo Liturgico\",\"url\":\"https:\/\/www.gruppoliturgico.com\/es\/\",\"logo\":{\"@type\":\"ImageObject\",\"inLanguage\":\"fr-FR\",\"@id\":\"https:\/\/www.gruppoliturgico.com\/es\/#\/schema\/logo\/image\/\",\"url\":\"https:\/\/www.gruppoliturgico.com\/wp-content\/uploads\/2022\/02\/logo-laboratoriogruppoliturgico.png\",\"contentUrl\":\"https:\/\/www.gruppoliturgico.com\/wp-content\/uploads\/2022\/02\/logo-laboratoriogruppoliturgico.png\",\"width\":400,\"height\":114,\"caption\":\"Laboratorio Gruppo Liturgico\"},\"image\":{\"@id\":\"https:\/\/www.gruppoliturgico.com\/es\/#\/schema\/logo\/image\/\"}}]}<\/script>\n<!-- \/ Yoast SEO plugin. -->","yoast_head_json":{"title":"Calice - collection calices et Laboratorio Gruppo Liturgico","description":"Magnifique calice de style ancien enti\u00e8rement r\u00e9alis\u00e9 selon la technique de la cire perdue. Il pr\u00e9sente sur la coupe et sur le pied diff\u00e9rents symboles li\u00e9s au Chemin de Croix. Des t\u00eates d'anges ornementales sont pr\u00e9sentes sur le pied et sur la base avec des grappes de raisin et des feuilles de vigne. Dorures et argentures de haute qualit\u00e9. Hauteur 30 cm. Diam\u00e8tre de la coupe 9 cm","robots":{"index":"index","follow":"follow","max-snippet":"max-snippet:-1","max-image-preview":"max-image-preview:large","max-video-preview":"max-video-preview:-1"},"canonical":"https:\/\/www.gruppoliturgico.com\/fr\/produit\/calice-17\/","og_locale":"fr_FR","og_type":"article","og_title":"Calice - collection calices et Laboratorio Gruppo Liturgico","og_description":"Magnifique calice de style ancien enti\u00e8rement r\u00e9alis\u00e9 selon la technique de la cire perdue. Il pr\u00e9sente sur la coupe et sur le pied diff\u00e9rents symboles li\u00e9s au Chemin de Croix. Des t\u00eates d'anges ornementales sont pr\u00e9sentes sur le pied et sur la base avec des grappes de raisin et des feuilles de vigne. Dorures et argentures de haute qualit\u00e9. Hauteur 30 cm. Diam\u00e8tre de la coupe 9 cm","og_url":"https:\/\/www.gruppoliturgico.com\/fr\/produit\/calice-17\/","og_site_name":"Laboratorio Gruppo Liturgico","og_image":[{"width":944,"height":2000,"url":"https:\/\/www.gruppoliturgico.com\/wp-content\/uploads\/2025\/10\/4117-2.jpg","type":"image\/jpeg"}],"twitter_card":"summary_large_image","schema":{"@context":"https:\/\/schema.org","@graph":[{"@type":"WebPage","@id":"https:\/\/www.gruppoliturgico.com\/fr\/produit\/calice-17\/","url":"https:\/\/www.gruppoliturgico.com\/fr\/produit\/calice-17\/","name":"Calice - collection calices et Laboratorio Gruppo Liturgico","isPartOf":{"@id":"https:\/\/www.gruppoliturgico.com\/es\/#website"},"datePublished":"2025-10-01T13:36:09+00:00","dateModified":"2025-10-01T13:36:09+00:00","description":"Magnifique calice de style ancien enti\u00e8rement r\u00e9alis\u00e9 selon la technique de la cire perdue. Il pr\u00e9sente sur la coupe et sur le pied diff\u00e9rents symboles li\u00e9s au Chemin de Croix. Des t\u00eates d'anges ornementales sont pr\u00e9sentes sur le pied et sur la base avec des grappes de raisin et des feuilles de vigne. Dorures et argentures de haute qualit\u00e9. Hauteur 30 cm. Diam\u00e8tre de la coupe 9 cm","breadcrumb":{"@id":"https:\/\/www.gruppoliturgico.com\/fr\/produit\/calice-17\/#breadcrumb"},"inLanguage":"fr-FR","potentialAction":[{"@type":"ReadAction","target":["https:\/\/www.gruppoliturgico.com\/fr\/produit\/calice-17\/"]}]},{"@type":"BreadcrumbList","@id":"https:\/\/www.gruppoliturgico.com\/fr\/produit\/calice-17\/#breadcrumb","itemListElement":[{"@type":"ListItem","position":1,"name":"Home","item":"https:\/\/www.gruppoliturgico.com\/fr\/"},{"@type":"ListItem","position":2,"name":"Boutique","item":"https:\/\/www.gruppoliturgico.com\/fr\/boutique\/"},{"@type":"ListItem","position":3,"name":"Calice"}]},{"@type":"WebSite","@id":"https:\/\/www.gruppoliturgico.com\/es\/#website","url":"https:\/\/www.gruppoliturgico.com\/es\/","name":"Laboratorio Gruppo Liturgico","description":"Articoli Religiosi online","publisher":{"@id":"https:\/\/www.gruppoliturgico.com\/es\/#organization"},"potentialAction":[{"@type":"SearchAction","target":{"@type":"EntryPoint","urlTemplate":"https:\/\/www.gruppoliturgico.com\/es\/?s={search_term_string}"},"query-input":"required name=search_term_string"}],"inLanguage":"fr-FR"},{"@type":"Organization","@id":"https:\/\/www.gruppoliturgico.com\/es\/#organization","name":"Laboratorio Gruppo Liturgico","url":"https:\/\/www.gruppoliturgico.com\/es\/","logo":{"@type":"ImageObject","inLanguage":"fr-FR","@id":"https:\/\/www.gruppoliturgico.com\/es\/#\/schema\/logo\/image\/","url":"https:\/\/www.gruppoliturgico.com\/wp-content\/uploads\/2022\/02\/logo-laboratoriogruppoliturgico.png","contentUrl":"https:\/\/www.gruppoliturgico.com\/wp-content\/uploads\/2022\/02\/logo-laboratoriogruppoliturgico.png","width":400,"height":114,"caption":"Laboratorio Gruppo Liturgico"},"image":{"@id":"https:\/\/www.gruppoliturgico.com\/es\/#\/schema\/logo\/image\/"}}]}},"_links":{"self":[{"href":"https:\/\/www.gruppoliturgico.com\/fr\/wp-json\/wp\/v2\/product\/140499"}],"collection":[{"href":"https:\/\/www.gruppoliturgico.com\/fr\/wp-json\/wp\/v2\/product"}],"about":[{"href":"https:\/\/www.gruppoliturgico.com\/fr\/wp-json\/wp\/v2\/types\/product"}],"wp:featuredmedia":[{"embeddable":true,"href":"https:\/\/www.gruppoliturgico.com\/fr\/wp-json\/wp\/v2\/media\/140488"}],"wp:attachment":[{"href":"https:\/\/www.gruppoliturgico.com\/fr\/wp-json\/wp\/v2\/media?parent=140499"}],"wp:term":[{"taxonomy":"product_cat","embeddable":true,"href":"https:\/\/www.gruppoliturgico.com\/fr\/wp-json\/wp\/v2\/product_cat?post=140499"},{"taxonomy":"product_tag","embeddable":true,"href":"https:\/\/www.gruppoliturgico.com\/fr\/wp-json\/wp\/v2\/product_tag?post=140499"}],"curies":[{"name":"wp","href":"https:\/\/api.w.org\/{rel}","templated":true}]}}