{"id":140474,"date":"2025-10-01T15:15:25","date_gmt":"2025-10-01T13:15:25","guid":{"rendered":"https:\/\/www.gruppoliturgico.com\/prodotto\/140474\/"},"modified":"2025-10-01T15:18:06","modified_gmt":"2025-10-01T13:18:06","slug":"140474","status":"publish","type":"product","link":"https:\/\/www.gruppoliturgico.com\/fr\/produit\/140474\/","title":{"rendered":"Calice"},"content":{"rendered":"<html><body><p>Calice enti\u00e8rement r\u00e9alis\u00e9 en laiton dor\u00e9 de grande qualit\u00e9.<br>\nLa tige et la base sont enti\u00e8rement satin\u00e9s \u00e0 la main.<br>\nNoeud central en fonte massive repr\u00e9sentant \u00ab La C\u00e8ne \u00bb.<br>\nDorures de haute qualit\u00e9.<br>\nHauteur 20 cm<br>\nCoupe dor\u00e9e \u00e0 l\u2019or fin, diam\u00e8tre\u00a0 cm 10<\/p>\n<\/body><\/html>","protected":false},"excerpt":{"rendered":"<p>Calice enti\u00e8rement r\u00e9alis\u00e9 en laiton dor\u00e9 de grande qualit\u00e9.<br \/>\nLa tige et la base sont enti\u00e8rement satin\u00e9s \u00e0 la main.<br \/>\nNoeud central en fonte massive repr\u00e9sentant \u00ab La C\u00e8ne \u00bb.<br \/>\nDorures de haute qualit\u00e9.<br \/>\nHauteur 20 cm<br \/>\nCoupe dor\u00e9e \u00e0 l&rsquo;or fin, diam\u00e8tre\u00a0 cm 10<\/p>\n","protected":false},"featured_media":140471,"template":"","meta":[],"product_cat":[12028],"product_tag":[],"yoast_head":"<!-- This site is optimized with the Yoast SEO plugin v20.4 - https:\/\/yoast.com\/wordpress\/plugins\/seo\/ -->\n<title>Calice - collection calices et Laboratorio Gruppo Liturgico<\/title>\n<meta name=\"description\" content=\"Calice enti\u00e8rement r\u00e9alis\u00e9 en laiton dor\u00e9 de grande qualit\u00e9. La tige et la base sont enti\u00e8rement satin\u00e9s \u00e0 la main. Noeud central en fonte massive repr\u00e9sentant \u00ab La C\u00e8ne \u00bb. Dorures de haute qualit\u00e9. Hauteur 20 cm Coupe dor\u00e9e \u00e0 l&#039;or fin, diam\u00e8tre\u00a0 cm 10\" \/>\n<meta name=\"robots\" content=\"index, follow, max-snippet:-1, max-image-preview:large, max-video-preview:-1\" \/>\n<link rel=\"canonical\" href=\"https:\/\/www.gruppoliturgico.com\/fr\/produit\/140474\/\" \/>\n<meta property=\"og:locale\" content=\"fr_FR\" \/>\n<meta property=\"og:type\" content=\"article\" \/>\n<meta property=\"og:title\" content=\"Calice - collection calices et Laboratorio Gruppo Liturgico\" \/>\n<meta property=\"og:description\" content=\"Calice enti\u00e8rement r\u00e9alis\u00e9 en laiton dor\u00e9 de grande qualit\u00e9. La tige et la base sont enti\u00e8rement satin\u00e9s \u00e0 la main. Noeud central en fonte massive repr\u00e9sentant \u00ab La C\u00e8ne \u00bb. Dorures de haute qualit\u00e9. Hauteur 20 cm Coupe dor\u00e9e \u00e0 l&#039;or fin, diam\u00e8tre\u00a0 cm 10\" \/>\n<meta property=\"og:url\" content=\"https:\/\/www.gruppoliturgico.com\/fr\/produit\/140474\/\" \/>\n<meta property=\"og:site_name\" content=\"Laboratorio Gruppo Liturgico\" \/>\n<meta property=\"article:modified_time\" content=\"2025-10-01T13:18:06+00:00\" \/>\n<meta property=\"og:image\" content=\"https:\/\/www.gruppoliturgico.com\/wp-content\/uploads\/2025\/10\/4115.jpg\" \/>\n\t<meta property=\"og:image:width\" content=\"1123\" \/>\n\t<meta property=\"og:image:height\" content=\"2000\" \/>\n\t<meta property=\"og:image:type\" content=\"image\/jpeg\" \/>\n<meta name=\"twitter:card\" content=\"summary_large_image\" \/>\n<script type=\"application\/ld+json\" class=\"yoast-schema-graph\">{\"@context\":\"https:\/\/schema.org\",\"@graph\":[{\"@type\":\"WebPage\",\"@id\":\"https:\/\/www.gruppoliturgico.com\/fr\/produit\/140474\/\",\"url\":\"https:\/\/www.gruppoliturgico.com\/fr\/produit\/140474\/\",\"name\":\"Calice - collection calices et Laboratorio Gruppo Liturgico\",\"isPartOf\":{\"@id\":\"https:\/\/www.gruppoliturgico.com\/es\/#website\"},\"datePublished\":\"2025-10-01T13:15:25+00:00\",\"dateModified\":\"2025-10-01T13:18:06+00:00\",\"description\":\"Calice enti\u00e8rement r\u00e9alis\u00e9 en laiton dor\u00e9 de grande qualit\u00e9. La tige et la base sont enti\u00e8rement satin\u00e9s \u00e0 la main. Noeud central en fonte massive repr\u00e9sentant \u00ab La C\u00e8ne \u00bb. Dorures de haute qualit\u00e9. Hauteur 20 cm Coupe dor\u00e9e \u00e0 l'or fin, diam\u00e8tre\u00a0 cm 10\",\"breadcrumb\":{\"@id\":\"https:\/\/www.gruppoliturgico.com\/fr\/produit\/140474\/#breadcrumb\"},\"inLanguage\":\"fr-FR\",\"potentialAction\":[{\"@type\":\"ReadAction\",\"target\":[\"https:\/\/www.gruppoliturgico.com\/fr\/produit\/140474\/\"]}]},{\"@type\":\"BreadcrumbList\",\"@id\":\"https:\/\/www.gruppoliturgico.com\/fr\/produit\/140474\/#breadcrumb\",\"itemListElement\":[{\"@type\":\"ListItem\",\"position\":1,\"name\":\"Home\",\"item\":\"https:\/\/www.gruppoliturgico.com\/fr\/\"},{\"@type\":\"ListItem\",\"position\":2,\"name\":\"Boutique\",\"item\":\"https:\/\/www.gruppoliturgico.com\/fr\/boutique\/\"},{\"@type\":\"ListItem\",\"position\":3,\"name\":\"Calice\"}]},{\"@type\":\"WebSite\",\"@id\":\"https:\/\/www.gruppoliturgico.com\/es\/#website\",\"url\":\"https:\/\/www.gruppoliturgico.com\/es\/\",\"name\":\"Laboratorio Gruppo Liturgico\",\"description\":\"Articoli Religiosi online\",\"publisher\":{\"@id\":\"https:\/\/www.gruppoliturgico.com\/es\/#organization\"},\"potentialAction\":[{\"@type\":\"SearchAction\",\"target\":{\"@type\":\"EntryPoint\",\"urlTemplate\":\"https:\/\/www.gruppoliturgico.com\/es\/?s={search_term_string}\"},\"query-input\":\"required name=search_term_string\"}],\"inLanguage\":\"fr-FR\"},{\"@type\":\"Organization\",\"@id\":\"https:\/\/www.gruppoliturgico.com\/es\/#organization\",\"name\":\"Laboratorio Gruppo Liturgico\",\"url\":\"https:\/\/www.gruppoliturgico.com\/es\/\",\"logo\":{\"@type\":\"ImageObject\",\"inLanguage\":\"fr-FR\",\"@id\":\"https:\/\/www.gruppoliturgico.com\/es\/#\/schema\/logo\/image\/\",\"url\":\"https:\/\/www.gruppoliturgico.com\/wp-content\/uploads\/2022\/02\/logo-laboratoriogruppoliturgico.png\",\"contentUrl\":\"https:\/\/www.gruppoliturgico.com\/wp-content\/uploads\/2022\/02\/logo-laboratoriogruppoliturgico.png\",\"width\":400,\"height\":114,\"caption\":\"Laboratorio Gruppo Liturgico\"},\"image\":{\"@id\":\"https:\/\/www.gruppoliturgico.com\/es\/#\/schema\/logo\/image\/\"}}]}<\/script>\n<!-- \/ Yoast SEO plugin. -->","yoast_head_json":{"title":"Calice - collection calices et Laboratorio Gruppo Liturgico","description":"Calice enti\u00e8rement r\u00e9alis\u00e9 en laiton dor\u00e9 de grande qualit\u00e9. La tige et la base sont enti\u00e8rement satin\u00e9s \u00e0 la main. Noeud central en fonte massive repr\u00e9sentant \u00ab La C\u00e8ne \u00bb. Dorures de haute qualit\u00e9. Hauteur 20 cm Coupe dor\u00e9e \u00e0 l'or fin, diam\u00e8tre\u00a0 cm 10","robots":{"index":"index","follow":"follow","max-snippet":"max-snippet:-1","max-image-preview":"max-image-preview:large","max-video-preview":"max-video-preview:-1"},"canonical":"https:\/\/www.gruppoliturgico.com\/fr\/produit\/140474\/","og_locale":"fr_FR","og_type":"article","og_title":"Calice - collection calices et Laboratorio Gruppo Liturgico","og_description":"Calice enti\u00e8rement r\u00e9alis\u00e9 en laiton dor\u00e9 de grande qualit\u00e9. La tige et la base sont enti\u00e8rement satin\u00e9s \u00e0 la main. Noeud central en fonte massive repr\u00e9sentant \u00ab La C\u00e8ne \u00bb. Dorures de haute qualit\u00e9. Hauteur 20 cm Coupe dor\u00e9e \u00e0 l'or fin, diam\u00e8tre\u00a0 cm 10","og_url":"https:\/\/www.gruppoliturgico.com\/fr\/produit\/140474\/","og_site_name":"Laboratorio Gruppo Liturgico","article_modified_time":"2025-10-01T13:18:06+00:00","og_image":[{"width":1123,"height":2000,"url":"https:\/\/www.gruppoliturgico.com\/wp-content\/uploads\/2025\/10\/4115.jpg","type":"image\/jpeg"}],"twitter_card":"summary_large_image","schema":{"@context":"https:\/\/schema.org","@graph":[{"@type":"WebPage","@id":"https:\/\/www.gruppoliturgico.com\/fr\/produit\/140474\/","url":"https:\/\/www.gruppoliturgico.com\/fr\/produit\/140474\/","name":"Calice - collection calices et Laboratorio Gruppo Liturgico","isPartOf":{"@id":"https:\/\/www.gruppoliturgico.com\/es\/#website"},"datePublished":"2025-10-01T13:15:25+00:00","dateModified":"2025-10-01T13:18:06+00:00","description":"Calice enti\u00e8rement r\u00e9alis\u00e9 en laiton dor\u00e9 de grande qualit\u00e9. La tige et la base sont enti\u00e8rement satin\u00e9s \u00e0 la main. Noeud central en fonte massive repr\u00e9sentant \u00ab La C\u00e8ne \u00bb. Dorures de haute qualit\u00e9. Hauteur 20 cm Coupe dor\u00e9e \u00e0 l'or fin, diam\u00e8tre\u00a0 cm 10","breadcrumb":{"@id":"https:\/\/www.gruppoliturgico.com\/fr\/produit\/140474\/#breadcrumb"},"inLanguage":"fr-FR","potentialAction":[{"@type":"ReadAction","target":["https:\/\/www.gruppoliturgico.com\/fr\/produit\/140474\/"]}]},{"@type":"BreadcrumbList","@id":"https:\/\/www.gruppoliturgico.com\/fr\/produit\/140474\/#breadcrumb","itemListElement":[{"@type":"ListItem","position":1,"name":"Home","item":"https:\/\/www.gruppoliturgico.com\/fr\/"},{"@type":"ListItem","position":2,"name":"Boutique","item":"https:\/\/www.gruppoliturgico.com\/fr\/boutique\/"},{"@type":"ListItem","position":3,"name":"Calice"}]},{"@type":"WebSite","@id":"https:\/\/www.gruppoliturgico.com\/es\/#website","url":"https:\/\/www.gruppoliturgico.com\/es\/","name":"Laboratorio Gruppo Liturgico","description":"Articoli Religiosi online","publisher":{"@id":"https:\/\/www.gruppoliturgico.com\/es\/#organization"},"potentialAction":[{"@type":"SearchAction","target":{"@type":"EntryPoint","urlTemplate":"https:\/\/www.gruppoliturgico.com\/es\/?s={search_term_string}"},"query-input":"required name=search_term_string"}],"inLanguage":"fr-FR"},{"@type":"Organization","@id":"https:\/\/www.gruppoliturgico.com\/es\/#organization","name":"Laboratorio Gruppo Liturgico","url":"https:\/\/www.gruppoliturgico.com\/es\/","logo":{"@type":"ImageObject","inLanguage":"fr-FR","@id":"https:\/\/www.gruppoliturgico.com\/es\/#\/schema\/logo\/image\/","url":"https:\/\/www.gruppoliturgico.com\/wp-content\/uploads\/2022\/02\/logo-laboratoriogruppoliturgico.png","contentUrl":"https:\/\/www.gruppoliturgico.com\/wp-content\/uploads\/2022\/02\/logo-laboratoriogruppoliturgico.png","width":400,"height":114,"caption":"Laboratorio Gruppo Liturgico"},"image":{"@id":"https:\/\/www.gruppoliturgico.com\/es\/#\/schema\/logo\/image\/"}}]}},"_links":{"self":[{"href":"https:\/\/www.gruppoliturgico.com\/fr\/wp-json\/wp\/v2\/product\/140474"}],"collection":[{"href":"https:\/\/www.gruppoliturgico.com\/fr\/wp-json\/wp\/v2\/product"}],"about":[{"href":"https:\/\/www.gruppoliturgico.com\/fr\/wp-json\/wp\/v2\/types\/product"}],"wp:featuredmedia":[{"embeddable":true,"href":"https:\/\/www.gruppoliturgico.com\/fr\/wp-json\/wp\/v2\/media\/140471"}],"wp:attachment":[{"href":"https:\/\/www.gruppoliturgico.com\/fr\/wp-json\/wp\/v2\/media?parent=140474"}],"wp:term":[{"taxonomy":"product_cat","embeddable":true,"href":"https:\/\/www.gruppoliturgico.com\/fr\/wp-json\/wp\/v2\/product_cat?post=140474"},{"taxonomy":"product_tag","embeddable":true,"href":"https:\/\/www.gruppoliturgico.com\/fr\/wp-json\/wp\/v2\/product_tag?post=140474"}],"curies":[{"name":"wp","href":"https:\/\/api.w.org\/{rel}","templated":true}]}}