{"id":140457,"date":"2025-10-01T11:32:13","date_gmt":"2025-10-01T09:32:13","guid":{"rendered":"https:\/\/www.gruppoliturgico.com\/prodotto\/calice-13\/"},"modified":"2025-10-01T11:32:13","modified_gmt":"2025-10-01T09:32:13","slug":"calice-13","status":"publish","type":"product","link":"https:\/\/www.gruppoliturgico.com\/fr\/produit\/calice-13\/","title":{"rendered":"Calice"},"content":{"rendered":"<html><body><p>Calice enti\u00e8rement r\u00e9alis\u00e9 en pr\u00e9cieux laiton dor\u00e9.<br>\nLa tige se distingue par sa pr\u00e9cieuse et massive fusion repr\u00e9sentant des \u00e9pis de bl\u00e9 et des grappes de raisin avec des feuilles de vigne.<br>\nLa base est enti\u00e8rement martel\u00e9e \u00e0 la main.<br>\nDorures de haute qualit\u00e9.<br>\nHauteur 17 cm.<br>\nCoupe dor\u00e9e \u00e0 l\u2019or fin, diam\u00e8tre cm 9<\/p>\n<\/body><\/html>","protected":false},"excerpt":{"rendered":"<p>Calice enti\u00e8rement r\u00e9alis\u00e9 en pr\u00e9cieux laiton dor\u00e9.<br \/>\nLa tige se distingue par sa pr\u00e9cieuse et massive fusion repr\u00e9sentant des \u00e9pis de bl\u00e9 et des grappes de raisin avec des feuilles de vigne.<br \/>\nLa base est enti\u00e8rement martel\u00e9e \u00e0 la main.<br \/>\nDorures de haute qualit\u00e9.<br \/>\nHauteur 17 cm.<br \/>\nCoupe dor\u00e9e \u00e0 l&rsquo;or fin, diam\u00e8tre cm 9<\/p>\n","protected":false},"featured_media":140454,"template":"","meta":[],"product_cat":[12028],"product_tag":[],"yoast_head":"<!-- This site is optimized with the Yoast SEO plugin v20.4 - https:\/\/yoast.com\/wordpress\/plugins\/seo\/ -->\n<title>Calice - collection calices et Laboratorio Gruppo Liturgico<\/title>\n<meta name=\"description\" content=\"Calice enti\u00e8rement r\u00e9alis\u00e9 en pr\u00e9cieux laiton dor\u00e9. La tige se distingue par sa pr\u00e9cieuse et massive fusion repr\u00e9sentant des \u00e9pis de bl\u00e9 et des grappes de raisin avec des feuilles de vigne. La base est enti\u00e8rement martel\u00e9e \u00e0 la main. Dorures de haute qualit\u00e9. Hauteur 17 cm. Coupe dor\u00e9e \u00e0 l&#039;or fin, diam\u00e8tre cm 9\" \/>\n<meta name=\"robots\" content=\"index, follow, max-snippet:-1, max-image-preview:large, max-video-preview:-1\" \/>\n<link rel=\"canonical\" href=\"https:\/\/www.gruppoliturgico.com\/fr\/produit\/calice-13\/\" \/>\n<meta property=\"og:locale\" content=\"fr_FR\" \/>\n<meta property=\"og:type\" content=\"article\" \/>\n<meta property=\"og:title\" content=\"Calice - collection calices et Laboratorio Gruppo Liturgico\" \/>\n<meta property=\"og:description\" content=\"Calice enti\u00e8rement r\u00e9alis\u00e9 en pr\u00e9cieux laiton dor\u00e9. La tige se distingue par sa pr\u00e9cieuse et massive fusion repr\u00e9sentant des \u00e9pis de bl\u00e9 et des grappes de raisin avec des feuilles de vigne. La base est enti\u00e8rement martel\u00e9e \u00e0 la main. Dorures de haute qualit\u00e9. Hauteur 17 cm. Coupe dor\u00e9e \u00e0 l&#039;or fin, diam\u00e8tre cm 9\" \/>\n<meta property=\"og:url\" content=\"https:\/\/www.gruppoliturgico.com\/fr\/produit\/calice-13\/\" \/>\n<meta property=\"og:site_name\" content=\"Laboratorio Gruppo Liturgico\" \/>\n<meta property=\"og:image\" content=\"https:\/\/www.gruppoliturgico.com\/wp-content\/uploads\/2025\/10\/4113-1.jpg\" \/>\n\t<meta property=\"og:image:width\" content=\"1072\" \/>\n\t<meta property=\"og:image:height\" content=\"2000\" \/>\n\t<meta property=\"og:image:type\" content=\"image\/jpeg\" \/>\n<meta name=\"twitter:card\" content=\"summary_large_image\" \/>\n<script type=\"application\/ld+json\" class=\"yoast-schema-graph\">{\"@context\":\"https:\/\/schema.org\",\"@graph\":[{\"@type\":\"WebPage\",\"@id\":\"https:\/\/www.gruppoliturgico.com\/fr\/produit\/calice-13\/\",\"url\":\"https:\/\/www.gruppoliturgico.com\/fr\/produit\/calice-13\/\",\"name\":\"Calice - collection calices et Laboratorio Gruppo Liturgico\",\"isPartOf\":{\"@id\":\"https:\/\/www.gruppoliturgico.com\/es\/#website\"},\"datePublished\":\"2025-10-01T09:32:13+00:00\",\"dateModified\":\"2025-10-01T09:32:13+00:00\",\"description\":\"Calice enti\u00e8rement r\u00e9alis\u00e9 en pr\u00e9cieux laiton dor\u00e9. La tige se distingue par sa pr\u00e9cieuse et massive fusion repr\u00e9sentant des \u00e9pis de bl\u00e9 et des grappes de raisin avec des feuilles de vigne. La base est enti\u00e8rement martel\u00e9e \u00e0 la main. Dorures de haute qualit\u00e9. Hauteur 17 cm. Coupe dor\u00e9e \u00e0 l'or fin, diam\u00e8tre cm 9\",\"breadcrumb\":{\"@id\":\"https:\/\/www.gruppoliturgico.com\/fr\/produit\/calice-13\/#breadcrumb\"},\"inLanguage\":\"fr-FR\",\"potentialAction\":[{\"@type\":\"ReadAction\",\"target\":[\"https:\/\/www.gruppoliturgico.com\/fr\/produit\/calice-13\/\"]}]},{\"@type\":\"BreadcrumbList\",\"@id\":\"https:\/\/www.gruppoliturgico.com\/fr\/produit\/calice-13\/#breadcrumb\",\"itemListElement\":[{\"@type\":\"ListItem\",\"position\":1,\"name\":\"Home\",\"item\":\"https:\/\/www.gruppoliturgico.com\/fr\/\"},{\"@type\":\"ListItem\",\"position\":2,\"name\":\"Boutique\",\"item\":\"https:\/\/www.gruppoliturgico.com\/fr\/boutique\/\"},{\"@type\":\"ListItem\",\"position\":3,\"name\":\"Calice\"}]},{\"@type\":\"WebSite\",\"@id\":\"https:\/\/www.gruppoliturgico.com\/es\/#website\",\"url\":\"https:\/\/www.gruppoliturgico.com\/es\/\",\"name\":\"Laboratorio Gruppo Liturgico\",\"description\":\"Articoli Religiosi online\",\"publisher\":{\"@id\":\"https:\/\/www.gruppoliturgico.com\/es\/#organization\"},\"potentialAction\":[{\"@type\":\"SearchAction\",\"target\":{\"@type\":\"EntryPoint\",\"urlTemplate\":\"https:\/\/www.gruppoliturgico.com\/es\/?s={search_term_string}\"},\"query-input\":\"required name=search_term_string\"}],\"inLanguage\":\"fr-FR\"},{\"@type\":\"Organization\",\"@id\":\"https:\/\/www.gruppoliturgico.com\/es\/#organization\",\"name\":\"Laboratorio Gruppo Liturgico\",\"url\":\"https:\/\/www.gruppoliturgico.com\/es\/\",\"logo\":{\"@type\":\"ImageObject\",\"inLanguage\":\"fr-FR\",\"@id\":\"https:\/\/www.gruppoliturgico.com\/es\/#\/schema\/logo\/image\/\",\"url\":\"https:\/\/www.gruppoliturgico.com\/wp-content\/uploads\/2022\/02\/logo-laboratoriogruppoliturgico.png\",\"contentUrl\":\"https:\/\/www.gruppoliturgico.com\/wp-content\/uploads\/2022\/02\/logo-laboratoriogruppoliturgico.png\",\"width\":400,\"height\":114,\"caption\":\"Laboratorio Gruppo Liturgico\"},\"image\":{\"@id\":\"https:\/\/www.gruppoliturgico.com\/es\/#\/schema\/logo\/image\/\"}}]}<\/script>\n<!-- \/ Yoast SEO plugin. -->","yoast_head_json":{"title":"Calice - collection calices et Laboratorio Gruppo Liturgico","description":"Calice enti\u00e8rement r\u00e9alis\u00e9 en pr\u00e9cieux laiton dor\u00e9. La tige se distingue par sa pr\u00e9cieuse et massive fusion repr\u00e9sentant des \u00e9pis de bl\u00e9 et des grappes de raisin avec des feuilles de vigne. La base est enti\u00e8rement martel\u00e9e \u00e0 la main. Dorures de haute qualit\u00e9. Hauteur 17 cm. Coupe dor\u00e9e \u00e0 l'or fin, diam\u00e8tre cm 9","robots":{"index":"index","follow":"follow","max-snippet":"max-snippet:-1","max-image-preview":"max-image-preview:large","max-video-preview":"max-video-preview:-1"},"canonical":"https:\/\/www.gruppoliturgico.com\/fr\/produit\/calice-13\/","og_locale":"fr_FR","og_type":"article","og_title":"Calice - collection calices et Laboratorio Gruppo Liturgico","og_description":"Calice enti\u00e8rement r\u00e9alis\u00e9 en pr\u00e9cieux laiton dor\u00e9. La tige se distingue par sa pr\u00e9cieuse et massive fusion repr\u00e9sentant des \u00e9pis de bl\u00e9 et des grappes de raisin avec des feuilles de vigne. La base est enti\u00e8rement martel\u00e9e \u00e0 la main. Dorures de haute qualit\u00e9. Hauteur 17 cm. Coupe dor\u00e9e \u00e0 l'or fin, diam\u00e8tre cm 9","og_url":"https:\/\/www.gruppoliturgico.com\/fr\/produit\/calice-13\/","og_site_name":"Laboratorio Gruppo Liturgico","og_image":[{"width":1072,"height":2000,"url":"https:\/\/www.gruppoliturgico.com\/wp-content\/uploads\/2025\/10\/4113-1.jpg","type":"image\/jpeg"}],"twitter_card":"summary_large_image","schema":{"@context":"https:\/\/schema.org","@graph":[{"@type":"WebPage","@id":"https:\/\/www.gruppoliturgico.com\/fr\/produit\/calice-13\/","url":"https:\/\/www.gruppoliturgico.com\/fr\/produit\/calice-13\/","name":"Calice - collection calices et Laboratorio Gruppo Liturgico","isPartOf":{"@id":"https:\/\/www.gruppoliturgico.com\/es\/#website"},"datePublished":"2025-10-01T09:32:13+00:00","dateModified":"2025-10-01T09:32:13+00:00","description":"Calice enti\u00e8rement r\u00e9alis\u00e9 en pr\u00e9cieux laiton dor\u00e9. La tige se distingue par sa pr\u00e9cieuse et massive fusion repr\u00e9sentant des \u00e9pis de bl\u00e9 et des grappes de raisin avec des feuilles de vigne. La base est enti\u00e8rement martel\u00e9e \u00e0 la main. Dorures de haute qualit\u00e9. Hauteur 17 cm. Coupe dor\u00e9e \u00e0 l'or fin, diam\u00e8tre cm 9","breadcrumb":{"@id":"https:\/\/www.gruppoliturgico.com\/fr\/produit\/calice-13\/#breadcrumb"},"inLanguage":"fr-FR","potentialAction":[{"@type":"ReadAction","target":["https:\/\/www.gruppoliturgico.com\/fr\/produit\/calice-13\/"]}]},{"@type":"BreadcrumbList","@id":"https:\/\/www.gruppoliturgico.com\/fr\/produit\/calice-13\/#breadcrumb","itemListElement":[{"@type":"ListItem","position":1,"name":"Home","item":"https:\/\/www.gruppoliturgico.com\/fr\/"},{"@type":"ListItem","position":2,"name":"Boutique","item":"https:\/\/www.gruppoliturgico.com\/fr\/boutique\/"},{"@type":"ListItem","position":3,"name":"Calice"}]},{"@type":"WebSite","@id":"https:\/\/www.gruppoliturgico.com\/es\/#website","url":"https:\/\/www.gruppoliturgico.com\/es\/","name":"Laboratorio Gruppo Liturgico","description":"Articoli Religiosi online","publisher":{"@id":"https:\/\/www.gruppoliturgico.com\/es\/#organization"},"potentialAction":[{"@type":"SearchAction","target":{"@type":"EntryPoint","urlTemplate":"https:\/\/www.gruppoliturgico.com\/es\/?s={search_term_string}"},"query-input":"required name=search_term_string"}],"inLanguage":"fr-FR"},{"@type":"Organization","@id":"https:\/\/www.gruppoliturgico.com\/es\/#organization","name":"Laboratorio Gruppo Liturgico","url":"https:\/\/www.gruppoliturgico.com\/es\/","logo":{"@type":"ImageObject","inLanguage":"fr-FR","@id":"https:\/\/www.gruppoliturgico.com\/es\/#\/schema\/logo\/image\/","url":"https:\/\/www.gruppoliturgico.com\/wp-content\/uploads\/2022\/02\/logo-laboratoriogruppoliturgico.png","contentUrl":"https:\/\/www.gruppoliturgico.com\/wp-content\/uploads\/2022\/02\/logo-laboratoriogruppoliturgico.png","width":400,"height":114,"caption":"Laboratorio Gruppo Liturgico"},"image":{"@id":"https:\/\/www.gruppoliturgico.com\/es\/#\/schema\/logo\/image\/"}}]}},"_links":{"self":[{"href":"https:\/\/www.gruppoliturgico.com\/fr\/wp-json\/wp\/v2\/product\/140457"}],"collection":[{"href":"https:\/\/www.gruppoliturgico.com\/fr\/wp-json\/wp\/v2\/product"}],"about":[{"href":"https:\/\/www.gruppoliturgico.com\/fr\/wp-json\/wp\/v2\/types\/product"}],"wp:featuredmedia":[{"embeddable":true,"href":"https:\/\/www.gruppoliturgico.com\/fr\/wp-json\/wp\/v2\/media\/140454"}],"wp:attachment":[{"href":"https:\/\/www.gruppoliturgico.com\/fr\/wp-json\/wp\/v2\/media?parent=140457"}],"wp:term":[{"taxonomy":"product_cat","embeddable":true,"href":"https:\/\/www.gruppoliturgico.com\/fr\/wp-json\/wp\/v2\/product_cat?post=140457"},{"taxonomy":"product_tag","embeddable":true,"href":"https:\/\/www.gruppoliturgico.com\/fr\/wp-json\/wp\/v2\/product_tag?post=140457"}],"curies":[{"name":"wp","href":"https:\/\/api.w.org\/{rel}","templated":true}]}}