{"id":140373,"date":"2025-09-30T10:29:35","date_gmt":"2025-09-30T08:29:35","guid":{"rendered":"https:\/\/www.gruppoliturgico.com\/prodotto\/chape-17\/"},"modified":"2025-09-30T10:29:35","modified_gmt":"2025-09-30T08:29:35","slug":"chape-17","status":"publish","type":"product","link":"https:\/\/www.gruppoliturgico.com\/fr\/produit\/chape-17\/","title":{"rendered":"Chape"},"content":{"rendered":"<html><body><p>Chape en tissu polyester.<br>\nElle est orn\u00e9e d\u2019un pr\u00e9cieux galon de la m\u00eame couleur que la couleur liturgique choisie.<br>\nGarnitures dor\u00e9es et frange ornementale.<br>\nL\u2019\u00e9tole est incluse.<br>\nDisponible en blanc et violet, autres couleurs sur demande.<\/p>\n<p>\u00a0<\/p>\n<\/body><\/html>","protected":false},"excerpt":{"rendered":"<p>Chape en tissu polyester.<br \/>\nElle est orn\u00e9e d\u2019un pr\u00e9cieux galon de la m\u00eame couleur que la couleur liturgique choisie.<br \/>\nGarnitures dor\u00e9es et frange ornementale.<br \/>\nL\u2019\u00e9tole est incluse.<br \/>\nDisponible en blanc et violet, autres couleurs sur demande.<\/p>\n","protected":false},"featured_media":140350,"template":"","meta":[],"product_cat":[12288],"product_tag":[],"yoast_head":"<!-- This site is optimized with the Yoast SEO plugin v20.4 - https:\/\/yoast.com\/wordpress\/plugins\/seo\/ -->\n<title>Chape - chapes et Laboratorio Gruppo Liturgico<\/title>\n<meta name=\"description\" content=\"Chape en tissu polyester. Elle est orn\u00e9e d\u2019un pr\u00e9cieux galon de la m\u00eame couleur que la couleur liturgique choisie. Garnitures dor\u00e9es et frange ornementale. L\u2019\u00e9tole est incluse. Disponible en blanc et violet, autres couleurs sur demande.\" \/>\n<meta name=\"robots\" content=\"index, follow, max-snippet:-1, max-image-preview:large, max-video-preview:-1\" \/>\n<link rel=\"canonical\" href=\"https:\/\/www.gruppoliturgico.com\/fr\/produit\/chape-17\/\" \/>\n<meta property=\"og:locale\" content=\"fr_FR\" \/>\n<meta property=\"og:type\" content=\"article\" \/>\n<meta property=\"og:title\" content=\"Chape - chapes et Laboratorio Gruppo Liturgico\" \/>\n<meta property=\"og:description\" content=\"Chape en tissu polyester. Elle est orn\u00e9e d\u2019un pr\u00e9cieux galon de la m\u00eame couleur que la couleur liturgique choisie. Garnitures dor\u00e9es et frange ornementale. L\u2019\u00e9tole est incluse. Disponible en blanc et violet, autres couleurs sur demande.\" \/>\n<meta property=\"og:url\" content=\"https:\/\/www.gruppoliturgico.com\/fr\/produit\/chape-17\/\" \/>\n<meta property=\"og:site_name\" content=\"Laboratorio Gruppo Liturgico\" \/>\n<meta property=\"og:image\" content=\"https:\/\/www.gruppoliturgico.com\/wp-content\/uploads\/2025\/09\/4131-bianco_rit.jpg\" \/>\n\t<meta property=\"og:image:width\" content=\"1121\" \/>\n\t<meta property=\"og:image:height\" content=\"1800\" \/>\n\t<meta property=\"og:image:type\" content=\"image\/jpeg\" \/>\n<meta name=\"twitter:card\" content=\"summary_large_image\" \/>\n<script type=\"application\/ld+json\" class=\"yoast-schema-graph\">{\"@context\":\"https:\/\/schema.org\",\"@graph\":[{\"@type\":\"WebPage\",\"@id\":\"https:\/\/www.gruppoliturgico.com\/fr\/produit\/chape-17\/\",\"url\":\"https:\/\/www.gruppoliturgico.com\/fr\/produit\/chape-17\/\",\"name\":\"Chape - chapes et Laboratorio Gruppo Liturgico\",\"isPartOf\":{\"@id\":\"https:\/\/www.gruppoliturgico.com\/es\/#website\"},\"datePublished\":\"2025-09-30T08:29:35+00:00\",\"dateModified\":\"2025-09-30T08:29:35+00:00\",\"description\":\"Chape en tissu polyester. Elle est orn\u00e9e d\u2019un pr\u00e9cieux galon de la m\u00eame couleur que la couleur liturgique choisie. Garnitures dor\u00e9es et frange ornementale. L\u2019\u00e9tole est incluse. Disponible en blanc et violet, autres couleurs sur demande.\",\"breadcrumb\":{\"@id\":\"https:\/\/www.gruppoliturgico.com\/fr\/produit\/chape-17\/#breadcrumb\"},\"inLanguage\":\"fr-FR\",\"potentialAction\":[{\"@type\":\"ReadAction\",\"target\":[\"https:\/\/www.gruppoliturgico.com\/fr\/produit\/chape-17\/\"]}]},{\"@type\":\"BreadcrumbList\",\"@id\":\"https:\/\/www.gruppoliturgico.com\/fr\/produit\/chape-17\/#breadcrumb\",\"itemListElement\":[{\"@type\":\"ListItem\",\"position\":1,\"name\":\"Home\",\"item\":\"https:\/\/www.gruppoliturgico.com\/fr\/\"},{\"@type\":\"ListItem\",\"position\":2,\"name\":\"Boutique\",\"item\":\"https:\/\/www.gruppoliturgico.com\/fr\/boutique\/\"},{\"@type\":\"ListItem\",\"position\":3,\"name\":\"Chape\"}]},{\"@type\":\"WebSite\",\"@id\":\"https:\/\/www.gruppoliturgico.com\/es\/#website\",\"url\":\"https:\/\/www.gruppoliturgico.com\/es\/\",\"name\":\"Laboratorio Gruppo Liturgico\",\"description\":\"Articoli Religiosi online\",\"publisher\":{\"@id\":\"https:\/\/www.gruppoliturgico.com\/es\/#organization\"},\"potentialAction\":[{\"@type\":\"SearchAction\",\"target\":{\"@type\":\"EntryPoint\",\"urlTemplate\":\"https:\/\/www.gruppoliturgico.com\/es\/?s={search_term_string}\"},\"query-input\":\"required name=search_term_string\"}],\"inLanguage\":\"fr-FR\"},{\"@type\":\"Organization\",\"@id\":\"https:\/\/www.gruppoliturgico.com\/es\/#organization\",\"name\":\"Laboratorio Gruppo Liturgico\",\"url\":\"https:\/\/www.gruppoliturgico.com\/es\/\",\"logo\":{\"@type\":\"ImageObject\",\"inLanguage\":\"fr-FR\",\"@id\":\"https:\/\/www.gruppoliturgico.com\/es\/#\/schema\/logo\/image\/\",\"url\":\"https:\/\/www.gruppoliturgico.com\/wp-content\/uploads\/2022\/02\/logo-laboratoriogruppoliturgico.png\",\"contentUrl\":\"https:\/\/www.gruppoliturgico.com\/wp-content\/uploads\/2022\/02\/logo-laboratoriogruppoliturgico.png\",\"width\":400,\"height\":114,\"caption\":\"Laboratorio Gruppo Liturgico\"},\"image\":{\"@id\":\"https:\/\/www.gruppoliturgico.com\/es\/#\/schema\/logo\/image\/\"}}]}<\/script>\n<!-- \/ Yoast SEO plugin. -->","yoast_head_json":{"title":"Chape - chapes et Laboratorio Gruppo Liturgico","description":"Chape en tissu polyester. Elle est orn\u00e9e d\u2019un pr\u00e9cieux galon de la m\u00eame couleur que la couleur liturgique choisie. Garnitures dor\u00e9es et frange ornementale. L\u2019\u00e9tole est incluse. Disponible en blanc et violet, autres couleurs sur demande.","robots":{"index":"index","follow":"follow","max-snippet":"max-snippet:-1","max-image-preview":"max-image-preview:large","max-video-preview":"max-video-preview:-1"},"canonical":"https:\/\/www.gruppoliturgico.com\/fr\/produit\/chape-17\/","og_locale":"fr_FR","og_type":"article","og_title":"Chape - chapes et Laboratorio Gruppo Liturgico","og_description":"Chape en tissu polyester. Elle est orn\u00e9e d\u2019un pr\u00e9cieux galon de la m\u00eame couleur que la couleur liturgique choisie. Garnitures dor\u00e9es et frange ornementale. L\u2019\u00e9tole est incluse. Disponible en blanc et violet, autres couleurs sur demande.","og_url":"https:\/\/www.gruppoliturgico.com\/fr\/produit\/chape-17\/","og_site_name":"Laboratorio Gruppo Liturgico","og_image":[{"width":1121,"height":1800,"url":"https:\/\/www.gruppoliturgico.com\/wp-content\/uploads\/2025\/09\/4131-bianco_rit.jpg","type":"image\/jpeg"}],"twitter_card":"summary_large_image","schema":{"@context":"https:\/\/schema.org","@graph":[{"@type":"WebPage","@id":"https:\/\/www.gruppoliturgico.com\/fr\/produit\/chape-17\/","url":"https:\/\/www.gruppoliturgico.com\/fr\/produit\/chape-17\/","name":"Chape - chapes et Laboratorio Gruppo Liturgico","isPartOf":{"@id":"https:\/\/www.gruppoliturgico.com\/es\/#website"},"datePublished":"2025-09-30T08:29:35+00:00","dateModified":"2025-09-30T08:29:35+00:00","description":"Chape en tissu polyester. Elle est orn\u00e9e d\u2019un pr\u00e9cieux galon de la m\u00eame couleur que la couleur liturgique choisie. Garnitures dor\u00e9es et frange ornementale. L\u2019\u00e9tole est incluse. Disponible en blanc et violet, autres couleurs sur demande.","breadcrumb":{"@id":"https:\/\/www.gruppoliturgico.com\/fr\/produit\/chape-17\/#breadcrumb"},"inLanguage":"fr-FR","potentialAction":[{"@type":"ReadAction","target":["https:\/\/www.gruppoliturgico.com\/fr\/produit\/chape-17\/"]}]},{"@type":"BreadcrumbList","@id":"https:\/\/www.gruppoliturgico.com\/fr\/produit\/chape-17\/#breadcrumb","itemListElement":[{"@type":"ListItem","position":1,"name":"Home","item":"https:\/\/www.gruppoliturgico.com\/fr\/"},{"@type":"ListItem","position":2,"name":"Boutique","item":"https:\/\/www.gruppoliturgico.com\/fr\/boutique\/"},{"@type":"ListItem","position":3,"name":"Chape"}]},{"@type":"WebSite","@id":"https:\/\/www.gruppoliturgico.com\/es\/#website","url":"https:\/\/www.gruppoliturgico.com\/es\/","name":"Laboratorio Gruppo Liturgico","description":"Articoli Religiosi online","publisher":{"@id":"https:\/\/www.gruppoliturgico.com\/es\/#organization"},"potentialAction":[{"@type":"SearchAction","target":{"@type":"EntryPoint","urlTemplate":"https:\/\/www.gruppoliturgico.com\/es\/?s={search_term_string}"},"query-input":"required name=search_term_string"}],"inLanguage":"fr-FR"},{"@type":"Organization","@id":"https:\/\/www.gruppoliturgico.com\/es\/#organization","name":"Laboratorio Gruppo Liturgico","url":"https:\/\/www.gruppoliturgico.com\/es\/","logo":{"@type":"ImageObject","inLanguage":"fr-FR","@id":"https:\/\/www.gruppoliturgico.com\/es\/#\/schema\/logo\/image\/","url":"https:\/\/www.gruppoliturgico.com\/wp-content\/uploads\/2022\/02\/logo-laboratoriogruppoliturgico.png","contentUrl":"https:\/\/www.gruppoliturgico.com\/wp-content\/uploads\/2022\/02\/logo-laboratoriogruppoliturgico.png","width":400,"height":114,"caption":"Laboratorio Gruppo Liturgico"},"image":{"@id":"https:\/\/www.gruppoliturgico.com\/es\/#\/schema\/logo\/image\/"}}]}},"_links":{"self":[{"href":"https:\/\/www.gruppoliturgico.com\/fr\/wp-json\/wp\/v2\/product\/140373"}],"collection":[{"href":"https:\/\/www.gruppoliturgico.com\/fr\/wp-json\/wp\/v2\/product"}],"about":[{"href":"https:\/\/www.gruppoliturgico.com\/fr\/wp-json\/wp\/v2\/types\/product"}],"wp:featuredmedia":[{"embeddable":true,"href":"https:\/\/www.gruppoliturgico.com\/fr\/wp-json\/wp\/v2\/media\/140350"}],"wp:attachment":[{"href":"https:\/\/www.gruppoliturgico.com\/fr\/wp-json\/wp\/v2\/media?parent=140373"}],"wp:term":[{"taxonomy":"product_cat","embeddable":true,"href":"https:\/\/www.gruppoliturgico.com\/fr\/wp-json\/wp\/v2\/product_cat?post=140373"},{"taxonomy":"product_tag","embeddable":true,"href":"https:\/\/www.gruppoliturgico.com\/fr\/wp-json\/wp\/v2\/product_tag?post=140373"}],"curies":[{"name":"wp","href":"https:\/\/api.w.org\/{rel}","templated":true}]}}