{"id":140343,"date":"2025-09-30T09:47:33","date_gmt":"2025-09-30T07:47:33","guid":{"rendered":"https:\/\/www.gruppoliturgico.com\/prodotto\/chasuble-mariale-5\/"},"modified":"2025-09-30T09:47:33","modified_gmt":"2025-09-30T07:47:33","slug":"chasuble-mariale-5","status":"publish","type":"product","link":"https:\/\/www.gruppoliturgico.com\/fr\/produit\/chasuble-mariale-5\/","title":{"rendered":"Chasuble mariale"},"content":{"rendered":"<html><body><p>Chasuble confectionn\u00e9e dans un tissu de haute qualit\u00e9, doux et \u00e9l\u00e9gant.<br>\nLa composition est un m\u00e9lange de fibres naturelles, telles que le lin, \u00a0la soie, la viscose et le bambou entrelac\u00e9es avec du fil dor\u00e9, ce qui rend ce parement extr\u00eamement l\u00e9ger, respirant et particuli\u00e8rement brillant.<br>\nLe galon central de 19 centim\u00e8tres de largeur se r\u00e9p\u00e8te sur les deux c\u00f4t\u00e9s et montre \u00a0de d\u00e9licates broderies de fleurs et un monogramme marial.<br>\nToutes les finitions sont r\u00e9alis\u00e9es \u00e0 la main.<br>\nElle a une coupe ample, mesure 130 cm de longueur et 145 cm de largeur.<br>\nElle est compl\u00e8te avec une \u00e9tole.<\/p>\n<\/body><\/html>","protected":false},"excerpt":{"rendered":"<p>Chasuble confectionn\u00e9e dans un tissu de haute qualit\u00e9, doux et \u00e9l\u00e9gant.<br \/>\nLa composition est un m\u00e9lange de fibres naturelles, telles que le lin, \u00a0la soie, la viscose et le bambou entrelac\u00e9es avec du fil dor\u00e9, ce qui rend ce parement extr\u00eamement l\u00e9ger, respirant et particuli\u00e8rement brillant.<br \/>\nLe galon central de 19 centim\u00e8tres de largeur se r\u00e9p\u00e8te sur les deux c\u00f4t\u00e9s et montre \u00a0de d\u00e9licates broderies de fleurs et un monogramme marial.<br \/>\nToutes les finitions sont r\u00e9alis\u00e9es \u00e0 la main.<br \/>\nElle a une coupe ample, mesure 130 cm de longueur et 145 cm de largeur.<br \/>\nElle est compl\u00e8te avec une \u00e9tole.<\/p>\n","protected":false},"featured_media":140336,"template":"","meta":[],"product_cat":[12264],"product_tag":[],"yoast_head":"<!-- This site is optimized with the Yoast SEO plugin v20.4 - https:\/\/yoast.com\/wordpress\/plugins\/seo\/ -->\n<title>Chasuble mariale - mariales et Laboratorio Gruppo Liturgico<\/title>\n<meta name=\"description\" content=\"Chasuble confectionn\u00e9e dans un tissu de haute qualit\u00e9, doux et \u00e9l\u00e9gant. La composition est un m\u00e9lange de fibres naturelles, telles que le lin, \u00a0la soie, la viscose et le bambou entrelac\u00e9es avec du fil dor\u00e9, ce qui rend ce parement extr\u00eamement l\u00e9ger, respirant et particuli\u00e8rement brillant. Le galon central de 19 centim\u00e8tres de largeur se r\u00e9p\u00e8te sur les deux c\u00f4t\u00e9s et montre \u00a0de d\u00e9licates broderies de fleurs et un monogramme marial. Toutes les finitions sont r\u00e9alis\u00e9es \u00e0 la main. Elle a une coupe ample, mesure 130 cm de longueur et 145 cm de largeur. Elle est compl\u00e8te avec une \u00e9tole.\" \/>\n<meta name=\"robots\" content=\"index, follow, max-snippet:-1, max-image-preview:large, max-video-preview:-1\" \/>\n<link rel=\"canonical\" href=\"https:\/\/www.gruppoliturgico.com\/fr\/produit\/chasuble-mariale-5\/\" \/>\n<meta property=\"og:locale\" content=\"fr_FR\" \/>\n<meta property=\"og:type\" content=\"article\" \/>\n<meta property=\"og:title\" content=\"Chasuble mariale - mariales et Laboratorio Gruppo Liturgico\" \/>\n<meta property=\"og:description\" content=\"Chasuble confectionn\u00e9e dans un tissu de haute qualit\u00e9, doux et \u00e9l\u00e9gant. La composition est un m\u00e9lange de fibres naturelles, telles que le lin, \u00a0la soie, la viscose et le bambou entrelac\u00e9es avec du fil dor\u00e9, ce qui rend ce parement extr\u00eamement l\u00e9ger, respirant et particuli\u00e8rement brillant. Le galon central de 19 centim\u00e8tres de largeur se r\u00e9p\u00e8te sur les deux c\u00f4t\u00e9s et montre \u00a0de d\u00e9licates broderies de fleurs et un monogramme marial. Toutes les finitions sont r\u00e9alis\u00e9es \u00e0 la main. Elle a une coupe ample, mesure 130 cm de longueur et 145 cm de largeur. Elle est compl\u00e8te avec une \u00e9tole.\" \/>\n<meta property=\"og:url\" content=\"https:\/\/www.gruppoliturgico.com\/fr\/produit\/chasuble-mariale-5\/\" \/>\n<meta property=\"og:site_name\" content=\"Laboratorio Gruppo Liturgico\" \/>\n<meta property=\"og:image\" content=\"https:\/\/www.gruppoliturgico.com\/wp-content\/uploads\/2025\/09\/4123-rit.jpg\" \/>\n\t<meta property=\"og:image:width\" content=\"1244\" \/>\n\t<meta property=\"og:image:height\" content=\"2001\" \/>\n\t<meta property=\"og:image:type\" content=\"image\/jpeg\" \/>\n<meta name=\"twitter:card\" content=\"summary_large_image\" \/>\n<meta name=\"twitter:label1\" content=\"Dur\u00e9e de lecture estim\u00e9e\" \/>\n\t<meta name=\"twitter:data1\" content=\"1 minute\" \/>\n<script type=\"application\/ld+json\" class=\"yoast-schema-graph\">{\"@context\":\"https:\/\/schema.org\",\"@graph\":[{\"@type\":\"WebPage\",\"@id\":\"https:\/\/www.gruppoliturgico.com\/fr\/produit\/chasuble-mariale-5\/\",\"url\":\"https:\/\/www.gruppoliturgico.com\/fr\/produit\/chasuble-mariale-5\/\",\"name\":\"Chasuble mariale - mariales et Laboratorio Gruppo Liturgico\",\"isPartOf\":{\"@id\":\"https:\/\/www.gruppoliturgico.com\/es\/#website\"},\"datePublished\":\"2025-09-30T07:47:33+00:00\",\"dateModified\":\"2025-09-30T07:47:33+00:00\",\"description\":\"Chasuble confectionn\u00e9e dans un tissu de haute qualit\u00e9, doux et \u00e9l\u00e9gant. La composition est un m\u00e9lange de fibres naturelles, telles que le lin, \u00a0la soie, la viscose et le bambou entrelac\u00e9es avec du fil dor\u00e9, ce qui rend ce parement extr\u00eamement l\u00e9ger, respirant et particuli\u00e8rement brillant. Le galon central de 19 centim\u00e8tres de largeur se r\u00e9p\u00e8te sur les deux c\u00f4t\u00e9s et montre \u00a0de d\u00e9licates broderies de fleurs et un monogramme marial. Toutes les finitions sont r\u00e9alis\u00e9es \u00e0 la main. Elle a une coupe ample, mesure 130 cm de longueur et 145 cm de largeur. Elle est compl\u00e8te avec une \u00e9tole.\",\"breadcrumb\":{\"@id\":\"https:\/\/www.gruppoliturgico.com\/fr\/produit\/chasuble-mariale-5\/#breadcrumb\"},\"inLanguage\":\"fr-FR\",\"potentialAction\":[{\"@type\":\"ReadAction\",\"target\":[\"https:\/\/www.gruppoliturgico.com\/fr\/produit\/chasuble-mariale-5\/\"]}]},{\"@type\":\"BreadcrumbList\",\"@id\":\"https:\/\/www.gruppoliturgico.com\/fr\/produit\/chasuble-mariale-5\/#breadcrumb\",\"itemListElement\":[{\"@type\":\"ListItem\",\"position\":1,\"name\":\"Home\",\"item\":\"https:\/\/www.gruppoliturgico.com\/fr\/\"},{\"@type\":\"ListItem\",\"position\":2,\"name\":\"Boutique\",\"item\":\"https:\/\/www.gruppoliturgico.com\/fr\/boutique\/\"},{\"@type\":\"ListItem\",\"position\":3,\"name\":\"Chasuble mariale\"}]},{\"@type\":\"WebSite\",\"@id\":\"https:\/\/www.gruppoliturgico.com\/es\/#website\",\"url\":\"https:\/\/www.gruppoliturgico.com\/es\/\",\"name\":\"Laboratorio Gruppo Liturgico\",\"description\":\"Articoli Religiosi online\",\"publisher\":{\"@id\":\"https:\/\/www.gruppoliturgico.com\/es\/#organization\"},\"potentialAction\":[{\"@type\":\"SearchAction\",\"target\":{\"@type\":\"EntryPoint\",\"urlTemplate\":\"https:\/\/www.gruppoliturgico.com\/es\/?s={search_term_string}\"},\"query-input\":\"required name=search_term_string\"}],\"inLanguage\":\"fr-FR\"},{\"@type\":\"Organization\",\"@id\":\"https:\/\/www.gruppoliturgico.com\/es\/#organization\",\"name\":\"Laboratorio Gruppo Liturgico\",\"url\":\"https:\/\/www.gruppoliturgico.com\/es\/\",\"logo\":{\"@type\":\"ImageObject\",\"inLanguage\":\"fr-FR\",\"@id\":\"https:\/\/www.gruppoliturgico.com\/es\/#\/schema\/logo\/image\/\",\"url\":\"https:\/\/www.gruppoliturgico.com\/wp-content\/uploads\/2022\/02\/logo-laboratoriogruppoliturgico.png\",\"contentUrl\":\"https:\/\/www.gruppoliturgico.com\/wp-content\/uploads\/2022\/02\/logo-laboratoriogruppoliturgico.png\",\"width\":400,\"height\":114,\"caption\":\"Laboratorio Gruppo Liturgico\"},\"image\":{\"@id\":\"https:\/\/www.gruppoliturgico.com\/es\/#\/schema\/logo\/image\/\"}}]}<\/script>\n<!-- \/ Yoast SEO plugin. -->","yoast_head_json":{"title":"Chasuble mariale - mariales et Laboratorio Gruppo Liturgico","description":"Chasuble confectionn\u00e9e dans un tissu de haute qualit\u00e9, doux et \u00e9l\u00e9gant. La composition est un m\u00e9lange de fibres naturelles, telles que le lin, \u00a0la soie, la viscose et le bambou entrelac\u00e9es avec du fil dor\u00e9, ce qui rend ce parement extr\u00eamement l\u00e9ger, respirant et particuli\u00e8rement brillant. Le galon central de 19 centim\u00e8tres de largeur se r\u00e9p\u00e8te sur les deux c\u00f4t\u00e9s et montre \u00a0de d\u00e9licates broderies de fleurs et un monogramme marial. Toutes les finitions sont r\u00e9alis\u00e9es \u00e0 la main. Elle a une coupe ample, mesure 130 cm de longueur et 145 cm de largeur. Elle est compl\u00e8te avec une \u00e9tole.","robots":{"index":"index","follow":"follow","max-snippet":"max-snippet:-1","max-image-preview":"max-image-preview:large","max-video-preview":"max-video-preview:-1"},"canonical":"https:\/\/www.gruppoliturgico.com\/fr\/produit\/chasuble-mariale-5\/","og_locale":"fr_FR","og_type":"article","og_title":"Chasuble mariale - mariales et Laboratorio Gruppo Liturgico","og_description":"Chasuble confectionn\u00e9e dans un tissu de haute qualit\u00e9, doux et \u00e9l\u00e9gant. La composition est un m\u00e9lange de fibres naturelles, telles que le lin, \u00a0la soie, la viscose et le bambou entrelac\u00e9es avec du fil dor\u00e9, ce qui rend ce parement extr\u00eamement l\u00e9ger, respirant et particuli\u00e8rement brillant. Le galon central de 19 centim\u00e8tres de largeur se r\u00e9p\u00e8te sur les deux c\u00f4t\u00e9s et montre \u00a0de d\u00e9licates broderies de fleurs et un monogramme marial. Toutes les finitions sont r\u00e9alis\u00e9es \u00e0 la main. Elle a une coupe ample, mesure 130 cm de longueur et 145 cm de largeur. Elle est compl\u00e8te avec une \u00e9tole.","og_url":"https:\/\/www.gruppoliturgico.com\/fr\/produit\/chasuble-mariale-5\/","og_site_name":"Laboratorio Gruppo Liturgico","og_image":[{"width":1244,"height":2001,"url":"https:\/\/www.gruppoliturgico.com\/wp-content\/uploads\/2025\/09\/4123-rit.jpg","type":"image\/jpeg"}],"twitter_card":"summary_large_image","twitter_misc":{"Dur\u00e9e de lecture estim\u00e9e":"1 minute"},"schema":{"@context":"https:\/\/schema.org","@graph":[{"@type":"WebPage","@id":"https:\/\/www.gruppoliturgico.com\/fr\/produit\/chasuble-mariale-5\/","url":"https:\/\/www.gruppoliturgico.com\/fr\/produit\/chasuble-mariale-5\/","name":"Chasuble mariale - mariales et Laboratorio Gruppo Liturgico","isPartOf":{"@id":"https:\/\/www.gruppoliturgico.com\/es\/#website"},"datePublished":"2025-09-30T07:47:33+00:00","dateModified":"2025-09-30T07:47:33+00:00","description":"Chasuble confectionn\u00e9e dans un tissu de haute qualit\u00e9, doux et \u00e9l\u00e9gant. La composition est un m\u00e9lange de fibres naturelles, telles que le lin, \u00a0la soie, la viscose et le bambou entrelac\u00e9es avec du fil dor\u00e9, ce qui rend ce parement extr\u00eamement l\u00e9ger, respirant et particuli\u00e8rement brillant. Le galon central de 19 centim\u00e8tres de largeur se r\u00e9p\u00e8te sur les deux c\u00f4t\u00e9s et montre \u00a0de d\u00e9licates broderies de fleurs et un monogramme marial. Toutes les finitions sont r\u00e9alis\u00e9es \u00e0 la main. Elle a une coupe ample, mesure 130 cm de longueur et 145 cm de largeur. Elle est compl\u00e8te avec une \u00e9tole.","breadcrumb":{"@id":"https:\/\/www.gruppoliturgico.com\/fr\/produit\/chasuble-mariale-5\/#breadcrumb"},"inLanguage":"fr-FR","potentialAction":[{"@type":"ReadAction","target":["https:\/\/www.gruppoliturgico.com\/fr\/produit\/chasuble-mariale-5\/"]}]},{"@type":"BreadcrumbList","@id":"https:\/\/www.gruppoliturgico.com\/fr\/produit\/chasuble-mariale-5\/#breadcrumb","itemListElement":[{"@type":"ListItem","position":1,"name":"Home","item":"https:\/\/www.gruppoliturgico.com\/fr\/"},{"@type":"ListItem","position":2,"name":"Boutique","item":"https:\/\/www.gruppoliturgico.com\/fr\/boutique\/"},{"@type":"ListItem","position":3,"name":"Chasuble mariale"}]},{"@type":"WebSite","@id":"https:\/\/www.gruppoliturgico.com\/es\/#website","url":"https:\/\/www.gruppoliturgico.com\/es\/","name":"Laboratorio Gruppo Liturgico","description":"Articoli Religiosi online","publisher":{"@id":"https:\/\/www.gruppoliturgico.com\/es\/#organization"},"potentialAction":[{"@type":"SearchAction","target":{"@type":"EntryPoint","urlTemplate":"https:\/\/www.gruppoliturgico.com\/es\/?s={search_term_string}"},"query-input":"required name=search_term_string"}],"inLanguage":"fr-FR"},{"@type":"Organization","@id":"https:\/\/www.gruppoliturgico.com\/es\/#organization","name":"Laboratorio Gruppo Liturgico","url":"https:\/\/www.gruppoliturgico.com\/es\/","logo":{"@type":"ImageObject","inLanguage":"fr-FR","@id":"https:\/\/www.gruppoliturgico.com\/es\/#\/schema\/logo\/image\/","url":"https:\/\/www.gruppoliturgico.com\/wp-content\/uploads\/2022\/02\/logo-laboratoriogruppoliturgico.png","contentUrl":"https:\/\/www.gruppoliturgico.com\/wp-content\/uploads\/2022\/02\/logo-laboratoriogruppoliturgico.png","width":400,"height":114,"caption":"Laboratorio Gruppo Liturgico"},"image":{"@id":"https:\/\/www.gruppoliturgico.com\/es\/#\/schema\/logo\/image\/"}}]}},"_links":{"self":[{"href":"https:\/\/www.gruppoliturgico.com\/fr\/wp-json\/wp\/v2\/product\/140343"}],"collection":[{"href":"https:\/\/www.gruppoliturgico.com\/fr\/wp-json\/wp\/v2\/product"}],"about":[{"href":"https:\/\/www.gruppoliturgico.com\/fr\/wp-json\/wp\/v2\/types\/product"}],"wp:featuredmedia":[{"embeddable":true,"href":"https:\/\/www.gruppoliturgico.com\/fr\/wp-json\/wp\/v2\/media\/140336"}],"wp:attachment":[{"href":"https:\/\/www.gruppoliturgico.com\/fr\/wp-json\/wp\/v2\/media?parent=140343"}],"wp:term":[{"taxonomy":"product_cat","embeddable":true,"href":"https:\/\/www.gruppoliturgico.com\/fr\/wp-json\/wp\/v2\/product_cat?post=140343"},{"taxonomy":"product_tag","embeddable":true,"href":"https:\/\/www.gruppoliturgico.com\/fr\/wp-json\/wp\/v2\/product_tag?post=140343"}],"curies":[{"name":"wp","href":"https:\/\/api.w.org\/{rel}","templated":true}]}}