{"id":140323,"date":"2025-09-30T09:15:28","date_gmt":"2025-09-30T07:15:28","guid":{"rendered":"https:\/\/www.gruppoliturgico.com\/prodotto\/chasuble-mariale-4\/"},"modified":"2025-09-30T09:18:29","modified_gmt":"2025-09-30T07:18:29","slug":"chasuble-mariale-4","status":"publish","type":"product","link":"https:\/\/www.gruppoliturgico.com\/fr\/produit\/chasuble-mariale-4\/","title":{"rendered":"Chasuble mariale"},"content":{"rendered":"<html><body><p>Chasuble riche et originale confectionn\u00e9e dans un tissu doux de haute qualit\u00e9 compos\u00e9 de viscose, de lin, de soie et de polyester entrelac\u00e9s avec du fil dor\u00e9 qui lui conf\u00e8re un \u00e9clat particulier.<br>\nLa chasuble pr\u00e9sente sur les deux c\u00f4t\u00e9s une broderie \u00e9labor\u00e9e et d\u00e9licate r\u00e9alis\u00e9e avec des fils aux couleurs douces, avec au centre le monogramme marial.<br>\nElle a une coupe ample, mesure 130 cm de long et 145 cm de large.<br>\n\u00c9tole incluse.<\/p>\n<\/body><\/html>","protected":false},"excerpt":{"rendered":"<p>Chasuble riche et originale confectionn\u00e9e dans un tissu doux de haute qualit\u00e9 compos\u00e9 de viscose, de lin, de soie et de polyester entrelac\u00e9s avec du fil dor\u00e9 qui lui conf\u00e8re un \u00e9clat particulier.<br \/>\nLa chasuble pr\u00e9sente sur les deux c\u00f4t\u00e9s une broderie \u00e9labor\u00e9e et d\u00e9licate r\u00e9alis\u00e9e avec des fils aux couleurs douces, avec au centre le monogramme marial.<br \/>\nElle a une coupe ample, mesure 130 cm de long et 145 cm de large.<br \/>\n\u00c9tole incluse.<\/p>\n","protected":false},"featured_media":140320,"template":"","meta":[],"product_cat":[12264],"product_tag":[],"yoast_head":"<!-- This site is optimized with the Yoast SEO plugin v20.4 - https:\/\/yoast.com\/wordpress\/plugins\/seo\/ -->\n<title>Chasuble mariale - mariales et Laboratorio Gruppo Liturgico<\/title>\n<meta name=\"description\" content=\"Chasuble riche et originale confectionn\u00e9e dans un tissu doux de haute qualit\u00e9 compos\u00e9 de viscose, de lin, de soie et de polyester entrelac\u00e9s avec du fil dor\u00e9 qui lui conf\u00e8re un \u00e9clat particulier. La chasuble pr\u00e9sente sur les deux c\u00f4t\u00e9s une broderie \u00e9labor\u00e9e et d\u00e9licate r\u00e9alis\u00e9e avec des fils aux couleurs douces, avec au centre le monogramme marial. Elle a une coupe ample, mesure 130 cm de long et 145 cm de large. \u00c9tole incluse.\" \/>\n<meta name=\"robots\" content=\"index, follow, max-snippet:-1, max-image-preview:large, max-video-preview:-1\" \/>\n<link rel=\"canonical\" href=\"https:\/\/www.gruppoliturgico.com\/fr\/produit\/chasuble-mariale-4\/\" \/>\n<meta property=\"og:locale\" content=\"fr_FR\" \/>\n<meta property=\"og:type\" content=\"article\" \/>\n<meta property=\"og:title\" content=\"Chasuble mariale - mariales et Laboratorio Gruppo Liturgico\" \/>\n<meta property=\"og:description\" content=\"Chasuble riche et originale confectionn\u00e9e dans un tissu doux de haute qualit\u00e9 compos\u00e9 de viscose, de lin, de soie et de polyester entrelac\u00e9s avec du fil dor\u00e9 qui lui conf\u00e8re un \u00e9clat particulier. La chasuble pr\u00e9sente sur les deux c\u00f4t\u00e9s une broderie \u00e9labor\u00e9e et d\u00e9licate r\u00e9alis\u00e9e avec des fils aux couleurs douces, avec au centre le monogramme marial. Elle a une coupe ample, mesure 130 cm de long et 145 cm de large. \u00c9tole incluse.\" \/>\n<meta property=\"og:url\" content=\"https:\/\/www.gruppoliturgico.com\/fr\/produit\/chasuble-mariale-4\/\" \/>\n<meta property=\"og:site_name\" content=\"Laboratorio Gruppo Liturgico\" \/>\n<meta property=\"article:modified_time\" content=\"2025-09-30T07:18:29+00:00\" \/>\n<meta property=\"og:image\" content=\"https:\/\/www.gruppoliturgico.com\/wp-content\/uploads\/2025\/09\/4122-rit.jpg\" \/>\n\t<meta property=\"og:image:width\" content=\"1346\" \/>\n\t<meta property=\"og:image:height\" content=\"2002\" \/>\n\t<meta property=\"og:image:type\" content=\"image\/jpeg\" \/>\n<meta name=\"twitter:card\" content=\"summary_large_image\" \/>\n<script type=\"application\/ld+json\" class=\"yoast-schema-graph\">{\"@context\":\"https:\/\/schema.org\",\"@graph\":[{\"@type\":\"WebPage\",\"@id\":\"https:\/\/www.gruppoliturgico.com\/fr\/produit\/chasuble-mariale-4\/\",\"url\":\"https:\/\/www.gruppoliturgico.com\/fr\/produit\/chasuble-mariale-4\/\",\"name\":\"Chasuble mariale - mariales et Laboratorio Gruppo Liturgico\",\"isPartOf\":{\"@id\":\"https:\/\/www.gruppoliturgico.com\/es\/#website\"},\"datePublished\":\"2025-09-30T07:15:28+00:00\",\"dateModified\":\"2025-09-30T07:18:29+00:00\",\"description\":\"Chasuble riche et originale confectionn\u00e9e dans un tissu doux de haute qualit\u00e9 compos\u00e9 de viscose, de lin, de soie et de polyester entrelac\u00e9s avec du fil dor\u00e9 qui lui conf\u00e8re un \u00e9clat particulier. La chasuble pr\u00e9sente sur les deux c\u00f4t\u00e9s une broderie \u00e9labor\u00e9e et d\u00e9licate r\u00e9alis\u00e9e avec des fils aux couleurs douces, avec au centre le monogramme marial. Elle a une coupe ample, mesure 130 cm de long et 145 cm de large. \u00c9tole incluse.\",\"breadcrumb\":{\"@id\":\"https:\/\/www.gruppoliturgico.com\/fr\/produit\/chasuble-mariale-4\/#breadcrumb\"},\"inLanguage\":\"fr-FR\",\"potentialAction\":[{\"@type\":\"ReadAction\",\"target\":[\"https:\/\/www.gruppoliturgico.com\/fr\/produit\/chasuble-mariale-4\/\"]}]},{\"@type\":\"BreadcrumbList\",\"@id\":\"https:\/\/www.gruppoliturgico.com\/fr\/produit\/chasuble-mariale-4\/#breadcrumb\",\"itemListElement\":[{\"@type\":\"ListItem\",\"position\":1,\"name\":\"Home\",\"item\":\"https:\/\/www.gruppoliturgico.com\/fr\/\"},{\"@type\":\"ListItem\",\"position\":2,\"name\":\"Boutique\",\"item\":\"https:\/\/www.gruppoliturgico.com\/fr\/boutique\/\"},{\"@type\":\"ListItem\",\"position\":3,\"name\":\"Chasuble mariale\"}]},{\"@type\":\"WebSite\",\"@id\":\"https:\/\/www.gruppoliturgico.com\/es\/#website\",\"url\":\"https:\/\/www.gruppoliturgico.com\/es\/\",\"name\":\"Laboratorio Gruppo Liturgico\",\"description\":\"Articoli Religiosi online\",\"publisher\":{\"@id\":\"https:\/\/www.gruppoliturgico.com\/es\/#organization\"},\"potentialAction\":[{\"@type\":\"SearchAction\",\"target\":{\"@type\":\"EntryPoint\",\"urlTemplate\":\"https:\/\/www.gruppoliturgico.com\/es\/?s={search_term_string}\"},\"query-input\":\"required name=search_term_string\"}],\"inLanguage\":\"fr-FR\"},{\"@type\":\"Organization\",\"@id\":\"https:\/\/www.gruppoliturgico.com\/es\/#organization\",\"name\":\"Laboratorio Gruppo Liturgico\",\"url\":\"https:\/\/www.gruppoliturgico.com\/es\/\",\"logo\":{\"@type\":\"ImageObject\",\"inLanguage\":\"fr-FR\",\"@id\":\"https:\/\/www.gruppoliturgico.com\/es\/#\/schema\/logo\/image\/\",\"url\":\"https:\/\/www.gruppoliturgico.com\/wp-content\/uploads\/2022\/02\/logo-laboratoriogruppoliturgico.png\",\"contentUrl\":\"https:\/\/www.gruppoliturgico.com\/wp-content\/uploads\/2022\/02\/logo-laboratoriogruppoliturgico.png\",\"width\":400,\"height\":114,\"caption\":\"Laboratorio Gruppo Liturgico\"},\"image\":{\"@id\":\"https:\/\/www.gruppoliturgico.com\/es\/#\/schema\/logo\/image\/\"}}]}<\/script>\n<!-- \/ Yoast SEO plugin. -->","yoast_head_json":{"title":"Chasuble mariale - mariales et Laboratorio Gruppo Liturgico","description":"Chasuble riche et originale confectionn\u00e9e dans un tissu doux de haute qualit\u00e9 compos\u00e9 de viscose, de lin, de soie et de polyester entrelac\u00e9s avec du fil dor\u00e9 qui lui conf\u00e8re un \u00e9clat particulier. La chasuble pr\u00e9sente sur les deux c\u00f4t\u00e9s une broderie \u00e9labor\u00e9e et d\u00e9licate r\u00e9alis\u00e9e avec des fils aux couleurs douces, avec au centre le monogramme marial. Elle a une coupe ample, mesure 130 cm de long et 145 cm de large. \u00c9tole incluse.","robots":{"index":"index","follow":"follow","max-snippet":"max-snippet:-1","max-image-preview":"max-image-preview:large","max-video-preview":"max-video-preview:-1"},"canonical":"https:\/\/www.gruppoliturgico.com\/fr\/produit\/chasuble-mariale-4\/","og_locale":"fr_FR","og_type":"article","og_title":"Chasuble mariale - mariales et Laboratorio Gruppo Liturgico","og_description":"Chasuble riche et originale confectionn\u00e9e dans un tissu doux de haute qualit\u00e9 compos\u00e9 de viscose, de lin, de soie et de polyester entrelac\u00e9s avec du fil dor\u00e9 qui lui conf\u00e8re un \u00e9clat particulier. La chasuble pr\u00e9sente sur les deux c\u00f4t\u00e9s une broderie \u00e9labor\u00e9e et d\u00e9licate r\u00e9alis\u00e9e avec des fils aux couleurs douces, avec au centre le monogramme marial. Elle a une coupe ample, mesure 130 cm de long et 145 cm de large. \u00c9tole incluse.","og_url":"https:\/\/www.gruppoliturgico.com\/fr\/produit\/chasuble-mariale-4\/","og_site_name":"Laboratorio Gruppo Liturgico","article_modified_time":"2025-09-30T07:18:29+00:00","og_image":[{"width":1346,"height":2002,"url":"https:\/\/www.gruppoliturgico.com\/wp-content\/uploads\/2025\/09\/4122-rit.jpg","type":"image\/jpeg"}],"twitter_card":"summary_large_image","schema":{"@context":"https:\/\/schema.org","@graph":[{"@type":"WebPage","@id":"https:\/\/www.gruppoliturgico.com\/fr\/produit\/chasuble-mariale-4\/","url":"https:\/\/www.gruppoliturgico.com\/fr\/produit\/chasuble-mariale-4\/","name":"Chasuble mariale - mariales et Laboratorio Gruppo Liturgico","isPartOf":{"@id":"https:\/\/www.gruppoliturgico.com\/es\/#website"},"datePublished":"2025-09-30T07:15:28+00:00","dateModified":"2025-09-30T07:18:29+00:00","description":"Chasuble riche et originale confectionn\u00e9e dans un tissu doux de haute qualit\u00e9 compos\u00e9 de viscose, de lin, de soie et de polyester entrelac\u00e9s avec du fil dor\u00e9 qui lui conf\u00e8re un \u00e9clat particulier. La chasuble pr\u00e9sente sur les deux c\u00f4t\u00e9s une broderie \u00e9labor\u00e9e et d\u00e9licate r\u00e9alis\u00e9e avec des fils aux couleurs douces, avec au centre le monogramme marial. Elle a une coupe ample, mesure 130 cm de long et 145 cm de large. \u00c9tole incluse.","breadcrumb":{"@id":"https:\/\/www.gruppoliturgico.com\/fr\/produit\/chasuble-mariale-4\/#breadcrumb"},"inLanguage":"fr-FR","potentialAction":[{"@type":"ReadAction","target":["https:\/\/www.gruppoliturgico.com\/fr\/produit\/chasuble-mariale-4\/"]}]},{"@type":"BreadcrumbList","@id":"https:\/\/www.gruppoliturgico.com\/fr\/produit\/chasuble-mariale-4\/#breadcrumb","itemListElement":[{"@type":"ListItem","position":1,"name":"Home","item":"https:\/\/www.gruppoliturgico.com\/fr\/"},{"@type":"ListItem","position":2,"name":"Boutique","item":"https:\/\/www.gruppoliturgico.com\/fr\/boutique\/"},{"@type":"ListItem","position":3,"name":"Chasuble mariale"}]},{"@type":"WebSite","@id":"https:\/\/www.gruppoliturgico.com\/es\/#website","url":"https:\/\/www.gruppoliturgico.com\/es\/","name":"Laboratorio Gruppo Liturgico","description":"Articoli Religiosi online","publisher":{"@id":"https:\/\/www.gruppoliturgico.com\/es\/#organization"},"potentialAction":[{"@type":"SearchAction","target":{"@type":"EntryPoint","urlTemplate":"https:\/\/www.gruppoliturgico.com\/es\/?s={search_term_string}"},"query-input":"required name=search_term_string"}],"inLanguage":"fr-FR"},{"@type":"Organization","@id":"https:\/\/www.gruppoliturgico.com\/es\/#organization","name":"Laboratorio Gruppo Liturgico","url":"https:\/\/www.gruppoliturgico.com\/es\/","logo":{"@type":"ImageObject","inLanguage":"fr-FR","@id":"https:\/\/www.gruppoliturgico.com\/es\/#\/schema\/logo\/image\/","url":"https:\/\/www.gruppoliturgico.com\/wp-content\/uploads\/2022\/02\/logo-laboratoriogruppoliturgico.png","contentUrl":"https:\/\/www.gruppoliturgico.com\/wp-content\/uploads\/2022\/02\/logo-laboratoriogruppoliturgico.png","width":400,"height":114,"caption":"Laboratorio Gruppo Liturgico"},"image":{"@id":"https:\/\/www.gruppoliturgico.com\/es\/#\/schema\/logo\/image\/"}}]}},"_links":{"self":[{"href":"https:\/\/www.gruppoliturgico.com\/fr\/wp-json\/wp\/v2\/product\/140323"}],"collection":[{"href":"https:\/\/www.gruppoliturgico.com\/fr\/wp-json\/wp\/v2\/product"}],"about":[{"href":"https:\/\/www.gruppoliturgico.com\/fr\/wp-json\/wp\/v2\/types\/product"}],"wp:featuredmedia":[{"embeddable":true,"href":"https:\/\/www.gruppoliturgico.com\/fr\/wp-json\/wp\/v2\/media\/140320"}],"wp:attachment":[{"href":"https:\/\/www.gruppoliturgico.com\/fr\/wp-json\/wp\/v2\/media?parent=140323"}],"wp:term":[{"taxonomy":"product_cat","embeddable":true,"href":"https:\/\/www.gruppoliturgico.com\/fr\/wp-json\/wp\/v2\/product_cat?post=140323"},{"taxonomy":"product_tag","embeddable":true,"href":"https:\/\/www.gruppoliturgico.com\/fr\/wp-json\/wp\/v2\/product_tag?post=140323"}],"curies":[{"name":"wp","href":"https:\/\/api.w.org\/{rel}","templated":true}]}}