{"id":140304,"date":"2025-09-29T17:35:06","date_gmt":"2025-09-29T15:35:06","guid":{"rendered":"https:\/\/www.gruppoliturgico.com\/prodotto\/chasuble-39\/"},"modified":"2025-09-30T09:51:58","modified_gmt":"2025-09-30T07:51:58","slug":"chasuble-39","status":"publish","type":"product","link":"https:\/\/www.gruppoliturgico.com\/fr\/produit\/chasuble-39\/","title":{"rendered":"chasuble mariale"},"content":{"rendered":"<html><body><p>Prestigieuse chasuble adapt\u00e9e aux solennit\u00e9s mariales, confectionn\u00e9e dans un tissu jacquard doux et raffin\u00e9 de haute qualit\u00e9, de couleur \u00e9cru, enti\u00e8rement brod\u00e9 de motifs floraux comme pour les tissus damass\u00e9s.<br>\nSa composition est un m\u00e9lange de fibres naturelles, telles que le lin, la soie, et de viscose.<br>\nCette chasuble pr\u00e9sente une somptueuse broderie en fil bleu et dor\u00e9, pr\u00e9sente sur le col et dans la bande centrale, qui se r\u00e9p\u00e8te sur les deux c\u00f4t\u00e9s, compl\u00e9t\u00e9e par des strass d\u00e9coratifs.<br>\nRiche passementerie tress\u00e9e couleur or antique.<br>\nToutes les finitions sont r\u00e9alis\u00e9es \u00e0 la main.<br>\nElle a une coupe ample, mesure 130 cm de long et 145 cm de large.<br>\nElle est accompagn\u00e9e d\u2019une \u00e9tole richement brod\u00e9e qui peut \u00e9galement \u00eatre utilis\u00e9e s\u00e9par\u00e9ment.<br>\nUn parement absolus\u00a0 d\u2019\u00e9l\u00e9gance et prestige.<\/p>\n<\/body><\/html>","protected":false},"excerpt":{"rendered":"<p>Prestigieuse chasuble adapt\u00e9e aux solennit\u00e9s mariales, confectionn\u00e9e dans un tissu jacquard doux et raffin\u00e9 de haute qualit\u00e9, de couleur \u00e9cru, enti\u00e8rement brod\u00e9 de motifs floraux comme pour les tissus damass\u00e9s.<br \/>\nSa composition est un m\u00e9lange de fibres naturelles, telles que le lin, la soie, et de viscose.<br \/>\nCette chasuble pr\u00e9sente une somptueuse broderie en fil bleu et dor\u00e9, pr\u00e9sente sur le col et dans la bande centrale, qui se r\u00e9p\u00e8te sur les deux c\u00f4t\u00e9s, compl\u00e9t\u00e9e par des strass d\u00e9coratifs.<br \/>\nRiche passementerie tress\u00e9e couleur or antique.<br \/>\nToutes les finitions sont r\u00e9alis\u00e9es \u00e0 la main.<br \/>\nElle a une coupe ample, mesure 130 cm de long et 145 cm de large.<br \/>\nElle est accompagn\u00e9e d&rsquo;une \u00e9tole richement brod\u00e9e qui peut \u00e9galement \u00eatre utilis\u00e9e s\u00e9par\u00e9ment.<br \/>\nUn parement absolus\u00a0 d&rsquo;\u00e9l\u00e9gance et prestige.<\/p>\n","protected":false},"featured_media":140932,"template":"","meta":[],"product_cat":[12244,12264],"product_tag":[],"yoast_head":"<!-- This site is optimized with the Yoast SEO plugin v20.4 - https:\/\/yoast.com\/wordpress\/plugins\/seo\/ -->\n<title>chasuble mariale - solennelles, mariales et Laboratorio Gruppo Liturgico<\/title>\n<meta name=\"description\" content=\"Prestigieuse chasuble adapt\u00e9e aux solennit\u00e9s mariales, confectionn\u00e9e dans un tissu jacquard doux et raffin\u00e9 de haute qualit\u00e9, de couleur \u00e9cru, enti\u00e8rement brod\u00e9 de motifs floraux comme pour les tissus damass\u00e9s. Sa composition est un m\u00e9lange de fibres naturelles, telles que le lin, la soie, et de viscose. Cette chasuble pr\u00e9sente une somptueuse broderie en fil bleu et dor\u00e9, pr\u00e9sente sur le col et dans la bande centrale, qui se r\u00e9p\u00e8te sur les deux c\u00f4t\u00e9s, compl\u00e9t\u00e9e par des strass d\u00e9coratifs. Riche passementerie tress\u00e9e couleur or antique. Toutes les finitions sont r\u00e9alis\u00e9es \u00e0 la main. Elle a une coupe ample, mesure 130 cm de long et 145 cm de large. Elle est accompagn\u00e9e d&#039;une \u00e9tole richement brod\u00e9e qui peut \u00e9galement \u00eatre utilis\u00e9e s\u00e9par\u00e9ment. Un parement absolus\u00a0 d&#039;\u00e9l\u00e9gance et prestige.\" \/>\n<meta name=\"robots\" content=\"index, follow, max-snippet:-1, max-image-preview:large, max-video-preview:-1\" \/>\n<link rel=\"canonical\" href=\"https:\/\/www.gruppoliturgico.com\/fr\/produit\/chasuble-39\/\" \/>\n<meta property=\"og:locale\" content=\"fr_FR\" \/>\n<meta property=\"og:type\" content=\"article\" \/>\n<meta property=\"og:title\" content=\"chasuble mariale - solennelles, mariales et Laboratorio Gruppo Liturgico\" \/>\n<meta property=\"og:description\" content=\"Prestigieuse chasuble adapt\u00e9e aux solennit\u00e9s mariales, confectionn\u00e9e dans un tissu jacquard doux et raffin\u00e9 de haute qualit\u00e9, de couleur \u00e9cru, enti\u00e8rement brod\u00e9 de motifs floraux comme pour les tissus damass\u00e9s. Sa composition est un m\u00e9lange de fibres naturelles, telles que le lin, la soie, et de viscose. Cette chasuble pr\u00e9sente une somptueuse broderie en fil bleu et dor\u00e9, pr\u00e9sente sur le col et dans la bande centrale, qui se r\u00e9p\u00e8te sur les deux c\u00f4t\u00e9s, compl\u00e9t\u00e9e par des strass d\u00e9coratifs. Riche passementerie tress\u00e9e couleur or antique. Toutes les finitions sont r\u00e9alis\u00e9es \u00e0 la main. Elle a une coupe ample, mesure 130 cm de long et 145 cm de large. Elle est accompagn\u00e9e d&#039;une \u00e9tole richement brod\u00e9e qui peut \u00e9galement \u00eatre utilis\u00e9e s\u00e9par\u00e9ment. Un parement absolus\u00a0 d&#039;\u00e9l\u00e9gance et prestige.\" \/>\n<meta property=\"og:url\" content=\"https:\/\/www.gruppoliturgico.com\/fr\/produit\/chasuble-39\/\" \/>\n<meta property=\"og:site_name\" content=\"Laboratorio Gruppo Liturgico\" \/>\n<meta property=\"article:modified_time\" content=\"2025-09-30T07:51:58+00:00\" \/>\n<meta property=\"og:image\" content=\"https:\/\/www.gruppoliturgico.com\/wp-content\/uploads\/2025\/09\/4120-rit.jpg\" \/>\n\t<meta property=\"og:image:width\" content=\"1496\" \/>\n\t<meta property=\"og:image:height\" content=\"2001\" \/>\n\t<meta property=\"og:image:type\" content=\"image\/jpeg\" \/>\n<meta name=\"twitter:card\" content=\"summary_large_image\" \/>\n<meta name=\"twitter:label1\" content=\"Dur\u00e9e de lecture estim\u00e9e\" \/>\n\t<meta name=\"twitter:data1\" content=\"1 minute\" \/>\n<script type=\"application\/ld+json\" class=\"yoast-schema-graph\">{\"@context\":\"https:\/\/schema.org\",\"@graph\":[{\"@type\":\"WebPage\",\"@id\":\"https:\/\/www.gruppoliturgico.com\/fr\/produit\/chasuble-39\/\",\"url\":\"https:\/\/www.gruppoliturgico.com\/fr\/produit\/chasuble-39\/\",\"name\":\"chasuble mariale - solennelles, mariales et Laboratorio Gruppo Liturgico\",\"isPartOf\":{\"@id\":\"https:\/\/www.gruppoliturgico.com\/es\/#website\"},\"datePublished\":\"2025-09-29T15:35:06+00:00\",\"dateModified\":\"2025-09-30T07:51:58+00:00\",\"description\":\"Prestigieuse chasuble adapt\u00e9e aux solennit\u00e9s mariales, confectionn\u00e9e dans un tissu jacquard doux et raffin\u00e9 de haute qualit\u00e9, de couleur \u00e9cru, enti\u00e8rement brod\u00e9 de motifs floraux comme pour les tissus damass\u00e9s. Sa composition est un m\u00e9lange de fibres naturelles, telles que le lin, la soie, et de viscose. Cette chasuble pr\u00e9sente une somptueuse broderie en fil bleu et dor\u00e9, pr\u00e9sente sur le col et dans la bande centrale, qui se r\u00e9p\u00e8te sur les deux c\u00f4t\u00e9s, compl\u00e9t\u00e9e par des strass d\u00e9coratifs. Riche passementerie tress\u00e9e couleur or antique. Toutes les finitions sont r\u00e9alis\u00e9es \u00e0 la main. Elle a une coupe ample, mesure 130 cm de long et 145 cm de large. Elle est accompagn\u00e9e d'une \u00e9tole richement brod\u00e9e qui peut \u00e9galement \u00eatre utilis\u00e9e s\u00e9par\u00e9ment. Un parement absolus\u00a0 d'\u00e9l\u00e9gance et prestige.\",\"breadcrumb\":{\"@id\":\"https:\/\/www.gruppoliturgico.com\/fr\/produit\/chasuble-39\/#breadcrumb\"},\"inLanguage\":\"fr-FR\",\"potentialAction\":[{\"@type\":\"ReadAction\",\"target\":[\"https:\/\/www.gruppoliturgico.com\/fr\/produit\/chasuble-39\/\"]}]},{\"@type\":\"BreadcrumbList\",\"@id\":\"https:\/\/www.gruppoliturgico.com\/fr\/produit\/chasuble-39\/#breadcrumb\",\"itemListElement\":[{\"@type\":\"ListItem\",\"position\":1,\"name\":\"Home\",\"item\":\"https:\/\/www.gruppoliturgico.com\/fr\/\"},{\"@type\":\"ListItem\",\"position\":2,\"name\":\"Boutique\",\"item\":\"https:\/\/www.gruppoliturgico.com\/fr\/boutique\/\"},{\"@type\":\"ListItem\",\"position\":3,\"name\":\"chasuble mariale\"}]},{\"@type\":\"WebSite\",\"@id\":\"https:\/\/www.gruppoliturgico.com\/es\/#website\",\"url\":\"https:\/\/www.gruppoliturgico.com\/es\/\",\"name\":\"Laboratorio Gruppo Liturgico\",\"description\":\"Articoli Religiosi online\",\"publisher\":{\"@id\":\"https:\/\/www.gruppoliturgico.com\/es\/#organization\"},\"potentialAction\":[{\"@type\":\"SearchAction\",\"target\":{\"@type\":\"EntryPoint\",\"urlTemplate\":\"https:\/\/www.gruppoliturgico.com\/es\/?s={search_term_string}\"},\"query-input\":\"required name=search_term_string\"}],\"inLanguage\":\"fr-FR\"},{\"@type\":\"Organization\",\"@id\":\"https:\/\/www.gruppoliturgico.com\/es\/#organization\",\"name\":\"Laboratorio Gruppo Liturgico\",\"url\":\"https:\/\/www.gruppoliturgico.com\/es\/\",\"logo\":{\"@type\":\"ImageObject\",\"inLanguage\":\"fr-FR\",\"@id\":\"https:\/\/www.gruppoliturgico.com\/es\/#\/schema\/logo\/image\/\",\"url\":\"https:\/\/www.gruppoliturgico.com\/wp-content\/uploads\/2022\/02\/logo-laboratoriogruppoliturgico.png\",\"contentUrl\":\"https:\/\/www.gruppoliturgico.com\/wp-content\/uploads\/2022\/02\/logo-laboratoriogruppoliturgico.png\",\"width\":400,\"height\":114,\"caption\":\"Laboratorio Gruppo Liturgico\"},\"image\":{\"@id\":\"https:\/\/www.gruppoliturgico.com\/es\/#\/schema\/logo\/image\/\"}}]}<\/script>\n<!-- \/ Yoast SEO plugin. -->","yoast_head_json":{"title":"chasuble mariale - solennelles, mariales et Laboratorio Gruppo Liturgico","description":"Prestigieuse chasuble adapt\u00e9e aux solennit\u00e9s mariales, confectionn\u00e9e dans un tissu jacquard doux et raffin\u00e9 de haute qualit\u00e9, de couleur \u00e9cru, enti\u00e8rement brod\u00e9 de motifs floraux comme pour les tissus damass\u00e9s. Sa composition est un m\u00e9lange de fibres naturelles, telles que le lin, la soie, et de viscose. Cette chasuble pr\u00e9sente une somptueuse broderie en fil bleu et dor\u00e9, pr\u00e9sente sur le col et dans la bande centrale, qui se r\u00e9p\u00e8te sur les deux c\u00f4t\u00e9s, compl\u00e9t\u00e9e par des strass d\u00e9coratifs. Riche passementerie tress\u00e9e couleur or antique. Toutes les finitions sont r\u00e9alis\u00e9es \u00e0 la main. Elle a une coupe ample, mesure 130 cm de long et 145 cm de large. Elle est accompagn\u00e9e d'une \u00e9tole richement brod\u00e9e qui peut \u00e9galement \u00eatre utilis\u00e9e s\u00e9par\u00e9ment. Un parement absolus\u00a0 d'\u00e9l\u00e9gance et prestige.","robots":{"index":"index","follow":"follow","max-snippet":"max-snippet:-1","max-image-preview":"max-image-preview:large","max-video-preview":"max-video-preview:-1"},"canonical":"https:\/\/www.gruppoliturgico.com\/fr\/produit\/chasuble-39\/","og_locale":"fr_FR","og_type":"article","og_title":"chasuble mariale - solennelles, mariales et Laboratorio Gruppo Liturgico","og_description":"Prestigieuse chasuble adapt\u00e9e aux solennit\u00e9s mariales, confectionn\u00e9e dans un tissu jacquard doux et raffin\u00e9 de haute qualit\u00e9, de couleur \u00e9cru, enti\u00e8rement brod\u00e9 de motifs floraux comme pour les tissus damass\u00e9s. Sa composition est un m\u00e9lange de fibres naturelles, telles que le lin, la soie, et de viscose. Cette chasuble pr\u00e9sente une somptueuse broderie en fil bleu et dor\u00e9, pr\u00e9sente sur le col et dans la bande centrale, qui se r\u00e9p\u00e8te sur les deux c\u00f4t\u00e9s, compl\u00e9t\u00e9e par des strass d\u00e9coratifs. Riche passementerie tress\u00e9e couleur or antique. Toutes les finitions sont r\u00e9alis\u00e9es \u00e0 la main. Elle a une coupe ample, mesure 130 cm de long et 145 cm de large. Elle est accompagn\u00e9e d'une \u00e9tole richement brod\u00e9e qui peut \u00e9galement \u00eatre utilis\u00e9e s\u00e9par\u00e9ment. Un parement absolus\u00a0 d'\u00e9l\u00e9gance et prestige.","og_url":"https:\/\/www.gruppoliturgico.com\/fr\/produit\/chasuble-39\/","og_site_name":"Laboratorio Gruppo Liturgico","article_modified_time":"2025-09-30T07:51:58+00:00","og_image":[{"width":1496,"height":2001,"url":"https:\/\/www.gruppoliturgico.com\/wp-content\/uploads\/2025\/09\/4120-rit.jpg","type":"image\/jpeg"}],"twitter_card":"summary_large_image","twitter_misc":{"Dur\u00e9e de lecture estim\u00e9e":"1 minute"},"schema":{"@context":"https:\/\/schema.org","@graph":[{"@type":"WebPage","@id":"https:\/\/www.gruppoliturgico.com\/fr\/produit\/chasuble-39\/","url":"https:\/\/www.gruppoliturgico.com\/fr\/produit\/chasuble-39\/","name":"chasuble mariale - solennelles, mariales et Laboratorio Gruppo Liturgico","isPartOf":{"@id":"https:\/\/www.gruppoliturgico.com\/es\/#website"},"datePublished":"2025-09-29T15:35:06+00:00","dateModified":"2025-09-30T07:51:58+00:00","description":"Prestigieuse chasuble adapt\u00e9e aux solennit\u00e9s mariales, confectionn\u00e9e dans un tissu jacquard doux et raffin\u00e9 de haute qualit\u00e9, de couleur \u00e9cru, enti\u00e8rement brod\u00e9 de motifs floraux comme pour les tissus damass\u00e9s. Sa composition est un m\u00e9lange de fibres naturelles, telles que le lin, la soie, et de viscose. Cette chasuble pr\u00e9sente une somptueuse broderie en fil bleu et dor\u00e9, pr\u00e9sente sur le col et dans la bande centrale, qui se r\u00e9p\u00e8te sur les deux c\u00f4t\u00e9s, compl\u00e9t\u00e9e par des strass d\u00e9coratifs. Riche passementerie tress\u00e9e couleur or antique. Toutes les finitions sont r\u00e9alis\u00e9es \u00e0 la main. Elle a une coupe ample, mesure 130 cm de long et 145 cm de large. Elle est accompagn\u00e9e d'une \u00e9tole richement brod\u00e9e qui peut \u00e9galement \u00eatre utilis\u00e9e s\u00e9par\u00e9ment. Un parement absolus\u00a0 d'\u00e9l\u00e9gance et prestige.","breadcrumb":{"@id":"https:\/\/www.gruppoliturgico.com\/fr\/produit\/chasuble-39\/#breadcrumb"},"inLanguage":"fr-FR","potentialAction":[{"@type":"ReadAction","target":["https:\/\/www.gruppoliturgico.com\/fr\/produit\/chasuble-39\/"]}]},{"@type":"BreadcrumbList","@id":"https:\/\/www.gruppoliturgico.com\/fr\/produit\/chasuble-39\/#breadcrumb","itemListElement":[{"@type":"ListItem","position":1,"name":"Home","item":"https:\/\/www.gruppoliturgico.com\/fr\/"},{"@type":"ListItem","position":2,"name":"Boutique","item":"https:\/\/www.gruppoliturgico.com\/fr\/boutique\/"},{"@type":"ListItem","position":3,"name":"chasuble mariale"}]},{"@type":"WebSite","@id":"https:\/\/www.gruppoliturgico.com\/es\/#website","url":"https:\/\/www.gruppoliturgico.com\/es\/","name":"Laboratorio Gruppo Liturgico","description":"Articoli Religiosi online","publisher":{"@id":"https:\/\/www.gruppoliturgico.com\/es\/#organization"},"potentialAction":[{"@type":"SearchAction","target":{"@type":"EntryPoint","urlTemplate":"https:\/\/www.gruppoliturgico.com\/es\/?s={search_term_string}"},"query-input":"required name=search_term_string"}],"inLanguage":"fr-FR"},{"@type":"Organization","@id":"https:\/\/www.gruppoliturgico.com\/es\/#organization","name":"Laboratorio Gruppo Liturgico","url":"https:\/\/www.gruppoliturgico.com\/es\/","logo":{"@type":"ImageObject","inLanguage":"fr-FR","@id":"https:\/\/www.gruppoliturgico.com\/es\/#\/schema\/logo\/image\/","url":"https:\/\/www.gruppoliturgico.com\/wp-content\/uploads\/2022\/02\/logo-laboratoriogruppoliturgico.png","contentUrl":"https:\/\/www.gruppoliturgico.com\/wp-content\/uploads\/2022\/02\/logo-laboratoriogruppoliturgico.png","width":400,"height":114,"caption":"Laboratorio Gruppo Liturgico"},"image":{"@id":"https:\/\/www.gruppoliturgico.com\/es\/#\/schema\/logo\/image\/"}}]}},"_links":{"self":[{"href":"https:\/\/www.gruppoliturgico.com\/fr\/wp-json\/wp\/v2\/product\/140304"}],"collection":[{"href":"https:\/\/www.gruppoliturgico.com\/fr\/wp-json\/wp\/v2\/product"}],"about":[{"href":"https:\/\/www.gruppoliturgico.com\/fr\/wp-json\/wp\/v2\/types\/product"}],"wp:featuredmedia":[{"embeddable":true,"href":"https:\/\/www.gruppoliturgico.com\/fr\/wp-json\/wp\/v2\/media\/140932"}],"wp:attachment":[{"href":"https:\/\/www.gruppoliturgico.com\/fr\/wp-json\/wp\/v2\/media?parent=140304"}],"wp:term":[{"taxonomy":"product_cat","embeddable":true,"href":"https:\/\/www.gruppoliturgico.com\/fr\/wp-json\/wp\/v2\/product_cat?post=140304"},{"taxonomy":"product_tag","embeddable":true,"href":"https:\/\/www.gruppoliturgico.com\/fr\/wp-json\/wp\/v2\/product_tag?post=140304"}],"curies":[{"name":"wp","href":"https:\/\/api.w.org\/{rel}","templated":true}]}}