{"id":138531,"date":"2025-02-12T15:35:04","date_gmt":"2025-02-12T14:35:04","guid":{"rendered":"https:\/\/www.gruppoliturgico.com\/prodotto\/linge-dautel-23\/"},"modified":"2025-02-12T15:35:04","modified_gmt":"2025-02-12T14:35:04","slug":"linge-dautel-23","status":"publish","type":"product","link":"https:\/\/www.gruppoliturgico.com\/fr\/produit\/linge-dautel-23\/","title":{"rendered":"Linge d\u2019autel"},"content":{"rendered":"<html><body><p>Linge d\u2019autel en pur lin richement brod\u00e9 de fils d\u2019or.<br>\nTous les ourlets sont enti\u00e8rement garnis de fines broderies dor\u00e9es.<br>\nCompos\u00e9 de quatre pi\u00e8ces : purificatoire, manuterge, corporal, pale..<br>\nDimensions de la pale pour calice : 20 x 20 cm<\/p>\n<\/body><\/html>","protected":false},"excerpt":{"rendered":"<p>Linge d\u2019autel en pur lin richement brod\u00e9 de fils d\u2019or.<br \/>\nTous les ourlets sont enti\u00e8rement garnis de fines broderies dor\u00e9es.<br \/>\nCompos\u00e9 de quatre pi\u00e8ces : purificatoire, manuterge, corporal, pale..<br \/>\nDimensions de la pale pour calice : 20 x 20 cm<\/p>\n","protected":false},"featured_media":138528,"template":"","meta":[],"product_cat":[12212],"product_tag":[],"yoast_head":"<!-- This site is optimized with the Yoast SEO plugin v20.4 - https:\/\/yoast.com\/wordpress\/plugins\/seo\/ -->\n<title>Linge d\u2019autel - linges d&#039;autel et Laboratorio Gruppo Liturgico<\/title>\n<meta name=\"description\" content=\"Linge d\u2019autel en pur lin richement brod\u00e9 de fils d\u2019or. Tous les ourlets sont enti\u00e8rement garnis de fines broderies dor\u00e9es. Compos\u00e9 de quatre pi\u00e8ces : purificatoire, manuterge, corporal, pale.. Dimensions de la pale pour calice : 20 x 20 cm\" \/>\n<meta name=\"robots\" content=\"index, follow, max-snippet:-1, max-image-preview:large, max-video-preview:-1\" \/>\n<link rel=\"canonical\" href=\"https:\/\/www.gruppoliturgico.com\/fr\/produit\/linge-dautel-23\/\" \/>\n<meta property=\"og:locale\" content=\"fr_FR\" \/>\n<meta property=\"og:type\" content=\"article\" \/>\n<meta property=\"og:title\" content=\"Linge d\u2019autel - linges d&#039;autel et Laboratorio Gruppo Liturgico\" \/>\n<meta property=\"og:description\" content=\"Linge d\u2019autel en pur lin richement brod\u00e9 de fils d\u2019or. Tous les ourlets sont enti\u00e8rement garnis de fines broderies dor\u00e9es. Compos\u00e9 de quatre pi\u00e8ces : purificatoire, manuterge, corporal, pale.. Dimensions de la pale pour calice : 20 x 20 cm\" \/>\n<meta property=\"og:url\" content=\"https:\/\/www.gruppoliturgico.com\/fr\/produit\/linge-dautel-23\/\" \/>\n<meta property=\"og:site_name\" content=\"Laboratorio Gruppo Liturgico\" \/>\n<meta property=\"og:image\" content=\"https:\/\/www.gruppoliturgico.com\/wp-content\/uploads\/2025\/02\/4103-1024x911.jpg\" \/>\n\t<meta property=\"og:image:width\" content=\"1024\" \/>\n\t<meta property=\"og:image:height\" content=\"911\" \/>\n\t<meta property=\"og:image:type\" content=\"image\/jpeg\" \/>\n<meta name=\"twitter:card\" content=\"summary_large_image\" \/>\n<script type=\"application\/ld+json\" class=\"yoast-schema-graph\">{\"@context\":\"https:\/\/schema.org\",\"@graph\":[{\"@type\":\"WebPage\",\"@id\":\"https:\/\/www.gruppoliturgico.com\/fr\/produit\/linge-dautel-23\/\",\"url\":\"https:\/\/www.gruppoliturgico.com\/fr\/produit\/linge-dautel-23\/\",\"name\":\"Linge d\u2019autel - linges d'autel et Laboratorio Gruppo Liturgico\",\"isPartOf\":{\"@id\":\"https:\/\/www.gruppoliturgico.com\/es\/#website\"},\"datePublished\":\"2025-02-12T14:35:04+00:00\",\"dateModified\":\"2025-02-12T14:35:04+00:00\",\"description\":\"Linge d\u2019autel en pur lin richement brod\u00e9 de fils d\u2019or. Tous les ourlets sont enti\u00e8rement garnis de fines broderies dor\u00e9es. Compos\u00e9 de quatre pi\u00e8ces : purificatoire, manuterge, corporal, pale.. Dimensions de la pale pour calice : 20 x 20 cm\",\"breadcrumb\":{\"@id\":\"https:\/\/www.gruppoliturgico.com\/fr\/produit\/linge-dautel-23\/#breadcrumb\"},\"inLanguage\":\"fr-FR\",\"potentialAction\":[{\"@type\":\"ReadAction\",\"target\":[\"https:\/\/www.gruppoliturgico.com\/fr\/produit\/linge-dautel-23\/\"]}]},{\"@type\":\"BreadcrumbList\",\"@id\":\"https:\/\/www.gruppoliturgico.com\/fr\/produit\/linge-dautel-23\/#breadcrumb\",\"itemListElement\":[{\"@type\":\"ListItem\",\"position\":1,\"name\":\"Home\",\"item\":\"https:\/\/www.gruppoliturgico.com\/fr\/\"},{\"@type\":\"ListItem\",\"position\":2,\"name\":\"Boutique\",\"item\":\"https:\/\/www.gruppoliturgico.com\/fr\/boutique\/\"},{\"@type\":\"ListItem\",\"position\":3,\"name\":\"Linge d\u2019autel\"}]},{\"@type\":\"WebSite\",\"@id\":\"https:\/\/www.gruppoliturgico.com\/es\/#website\",\"url\":\"https:\/\/www.gruppoliturgico.com\/es\/\",\"name\":\"Laboratorio Gruppo Liturgico\",\"description\":\"Articoli Religiosi online\",\"publisher\":{\"@id\":\"https:\/\/www.gruppoliturgico.com\/es\/#organization\"},\"potentialAction\":[{\"@type\":\"SearchAction\",\"target\":{\"@type\":\"EntryPoint\",\"urlTemplate\":\"https:\/\/www.gruppoliturgico.com\/es\/?s={search_term_string}\"},\"query-input\":\"required name=search_term_string\"}],\"inLanguage\":\"fr-FR\"},{\"@type\":\"Organization\",\"@id\":\"https:\/\/www.gruppoliturgico.com\/es\/#organization\",\"name\":\"Laboratorio Gruppo Liturgico\",\"url\":\"https:\/\/www.gruppoliturgico.com\/es\/\",\"logo\":{\"@type\":\"ImageObject\",\"inLanguage\":\"fr-FR\",\"@id\":\"https:\/\/www.gruppoliturgico.com\/es\/#\/schema\/logo\/image\/\",\"url\":\"https:\/\/www.gruppoliturgico.com\/wp-content\/uploads\/2022\/02\/logo-laboratoriogruppoliturgico.png\",\"contentUrl\":\"https:\/\/www.gruppoliturgico.com\/wp-content\/uploads\/2022\/02\/logo-laboratoriogruppoliturgico.png\",\"width\":400,\"height\":114,\"caption\":\"Laboratorio Gruppo Liturgico\"},\"image\":{\"@id\":\"https:\/\/www.gruppoliturgico.com\/es\/#\/schema\/logo\/image\/\"}}]}<\/script>\n<!-- \/ Yoast SEO plugin. -->","yoast_head_json":{"title":"Linge d\u2019autel - linges d'autel et Laboratorio Gruppo Liturgico","description":"Linge d\u2019autel en pur lin richement brod\u00e9 de fils d\u2019or. Tous les ourlets sont enti\u00e8rement garnis de fines broderies dor\u00e9es. Compos\u00e9 de quatre pi\u00e8ces : purificatoire, manuterge, corporal, pale.. Dimensions de la pale pour calice : 20 x 20 cm","robots":{"index":"index","follow":"follow","max-snippet":"max-snippet:-1","max-image-preview":"max-image-preview:large","max-video-preview":"max-video-preview:-1"},"canonical":"https:\/\/www.gruppoliturgico.com\/fr\/produit\/linge-dautel-23\/","og_locale":"fr_FR","og_type":"article","og_title":"Linge d\u2019autel - linges d'autel et Laboratorio Gruppo Liturgico","og_description":"Linge d\u2019autel en pur lin richement brod\u00e9 de fils d\u2019or. Tous les ourlets sont enti\u00e8rement garnis de fines broderies dor\u00e9es. Compos\u00e9 de quatre pi\u00e8ces : purificatoire, manuterge, corporal, pale.. Dimensions de la pale pour calice : 20 x 20 cm","og_url":"https:\/\/www.gruppoliturgico.com\/fr\/produit\/linge-dautel-23\/","og_site_name":"Laboratorio Gruppo Liturgico","og_image":[{"width":1024,"height":911,"url":"https:\/\/www.gruppoliturgico.com\/wp-content\/uploads\/2025\/02\/4103-1024x911.jpg","type":"image\/jpeg"}],"twitter_card":"summary_large_image","schema":{"@context":"https:\/\/schema.org","@graph":[{"@type":"WebPage","@id":"https:\/\/www.gruppoliturgico.com\/fr\/produit\/linge-dautel-23\/","url":"https:\/\/www.gruppoliturgico.com\/fr\/produit\/linge-dautel-23\/","name":"Linge d\u2019autel - linges d'autel et Laboratorio Gruppo Liturgico","isPartOf":{"@id":"https:\/\/www.gruppoliturgico.com\/es\/#website"},"datePublished":"2025-02-12T14:35:04+00:00","dateModified":"2025-02-12T14:35:04+00:00","description":"Linge d\u2019autel en pur lin richement brod\u00e9 de fils d\u2019or. Tous les ourlets sont enti\u00e8rement garnis de fines broderies dor\u00e9es. Compos\u00e9 de quatre pi\u00e8ces : purificatoire, manuterge, corporal, pale.. Dimensions de la pale pour calice : 20 x 20 cm","breadcrumb":{"@id":"https:\/\/www.gruppoliturgico.com\/fr\/produit\/linge-dautel-23\/#breadcrumb"},"inLanguage":"fr-FR","potentialAction":[{"@type":"ReadAction","target":["https:\/\/www.gruppoliturgico.com\/fr\/produit\/linge-dautel-23\/"]}]},{"@type":"BreadcrumbList","@id":"https:\/\/www.gruppoliturgico.com\/fr\/produit\/linge-dautel-23\/#breadcrumb","itemListElement":[{"@type":"ListItem","position":1,"name":"Home","item":"https:\/\/www.gruppoliturgico.com\/fr\/"},{"@type":"ListItem","position":2,"name":"Boutique","item":"https:\/\/www.gruppoliturgico.com\/fr\/boutique\/"},{"@type":"ListItem","position":3,"name":"Linge d\u2019autel"}]},{"@type":"WebSite","@id":"https:\/\/www.gruppoliturgico.com\/es\/#website","url":"https:\/\/www.gruppoliturgico.com\/es\/","name":"Laboratorio Gruppo Liturgico","description":"Articoli Religiosi online","publisher":{"@id":"https:\/\/www.gruppoliturgico.com\/es\/#organization"},"potentialAction":[{"@type":"SearchAction","target":{"@type":"EntryPoint","urlTemplate":"https:\/\/www.gruppoliturgico.com\/es\/?s={search_term_string}"},"query-input":"required name=search_term_string"}],"inLanguage":"fr-FR"},{"@type":"Organization","@id":"https:\/\/www.gruppoliturgico.com\/es\/#organization","name":"Laboratorio Gruppo Liturgico","url":"https:\/\/www.gruppoliturgico.com\/es\/","logo":{"@type":"ImageObject","inLanguage":"fr-FR","@id":"https:\/\/www.gruppoliturgico.com\/es\/#\/schema\/logo\/image\/","url":"https:\/\/www.gruppoliturgico.com\/wp-content\/uploads\/2022\/02\/logo-laboratoriogruppoliturgico.png","contentUrl":"https:\/\/www.gruppoliturgico.com\/wp-content\/uploads\/2022\/02\/logo-laboratoriogruppoliturgico.png","width":400,"height":114,"caption":"Laboratorio Gruppo Liturgico"},"image":{"@id":"https:\/\/www.gruppoliturgico.com\/es\/#\/schema\/logo\/image\/"}}]}},"_links":{"self":[{"href":"https:\/\/www.gruppoliturgico.com\/fr\/wp-json\/wp\/v2\/product\/138531"}],"collection":[{"href":"https:\/\/www.gruppoliturgico.com\/fr\/wp-json\/wp\/v2\/product"}],"about":[{"href":"https:\/\/www.gruppoliturgico.com\/fr\/wp-json\/wp\/v2\/types\/product"}],"wp:featuredmedia":[{"embeddable":true,"href":"https:\/\/www.gruppoliturgico.com\/fr\/wp-json\/wp\/v2\/media\/138528"}],"wp:attachment":[{"href":"https:\/\/www.gruppoliturgico.com\/fr\/wp-json\/wp\/v2\/media?parent=138531"}],"wp:term":[{"taxonomy":"product_cat","embeddable":true,"href":"https:\/\/www.gruppoliturgico.com\/fr\/wp-json\/wp\/v2\/product_cat?post=138531"},{"taxonomy":"product_tag","embeddable":true,"href":"https:\/\/www.gruppoliturgico.com\/fr\/wp-json\/wp\/v2\/product_tag?post=138531"}],"curies":[{"name":"wp","href":"https:\/\/api.w.org\/{rel}","templated":true}]}}