{"id":138452,"date":"2025-02-11T11:47:18","date_gmt":"2025-02-11T10:47:18","guid":{"rendered":"https:\/\/www.gruppoliturgico.com\/prodotto\/pale-de-calice-3\/"},"modified":"2025-02-11T15:19:01","modified_gmt":"2025-02-11T14:19:01","slug":"pale-de-calice-3","status":"publish","type":"product","link":"https:\/\/www.gruppoliturgico.com\/fr\/produit\/pale-de-calice-3\/","title":{"rendered":"Pale de calice"},"content":{"rendered":"<html><body><p>Pale de calice richement brod\u00e9e de fils d\u2019or et de soie.<br>\nR\u00e9alis\u00e9e en fin tissu jacquard, elle est orn\u00e9e de pierres color\u00e9es.<br>\nLa bordure est enti\u00e8rement profil\u00e9e d\u2019une fine broderie dor\u00e9e.<br>\nDimensions : 20 x 20 cm<\/p>\n<\/body><\/html>","protected":false},"excerpt":{"rendered":"<p>Pale de calice richement brod\u00e9e de fils d&rsquo;or et de soie.<br \/>\nR\u00e9alis\u00e9e en fin tissu jacquard, elle est orn\u00e9e de pierres color\u00e9es.<br \/>\nLa bordure est enti\u00e8rement profil\u00e9e d&rsquo;une fine broderie dor\u00e9e.<br \/>\nDimensions : 20 x 20 cm<\/p>\n","protected":false},"featured_media":138441,"template":"","meta":[],"product_cat":[12216],"product_tag":[],"yoast_head":"<!-- This site is optimized with the Yoast SEO plugin v20.4 - https:\/\/yoast.com\/wordpress\/plugins\/seo\/ -->\n<title>Pale de calice - pales et Laboratorio Gruppo Liturgico<\/title>\n<meta name=\"description\" content=\"Pale de calice richement brod\u00e9e de fils d&#039;or et de soie. R\u00e9alis\u00e9e en fin tissu jacquard, elle est orn\u00e9e de pierres color\u00e9es. La bordure est enti\u00e8rement profil\u00e9e d&#039;une fine broderie dor\u00e9e. Dimensions : 20 x 20 cm\" \/>\n<meta name=\"robots\" content=\"index, follow, max-snippet:-1, max-image-preview:large, max-video-preview:-1\" \/>\n<link rel=\"canonical\" href=\"https:\/\/www.gruppoliturgico.com\/fr\/produit\/pale-de-calice-3\/\" \/>\n<meta property=\"og:locale\" content=\"fr_FR\" \/>\n<meta property=\"og:type\" content=\"article\" \/>\n<meta property=\"og:title\" content=\"Pale de calice - pales et Laboratorio Gruppo Liturgico\" \/>\n<meta property=\"og:description\" content=\"Pale de calice richement brod\u00e9e de fils d&#039;or et de soie. R\u00e9alis\u00e9e en fin tissu jacquard, elle est orn\u00e9e de pierres color\u00e9es. La bordure est enti\u00e8rement profil\u00e9e d&#039;une fine broderie dor\u00e9e. Dimensions : 20 x 20 cm\" \/>\n<meta property=\"og:url\" content=\"https:\/\/www.gruppoliturgico.com\/fr\/produit\/pale-de-calice-3\/\" \/>\n<meta property=\"og:site_name\" content=\"Laboratorio Gruppo Liturgico\" \/>\n<meta property=\"article:modified_time\" content=\"2025-02-11T14:19:01+00:00\" \/>\n<meta property=\"og:image\" content=\"https:\/\/www.gruppoliturgico.com\/wp-content\/uploads\/2025\/02\/4107-3-1024x965.jpg\" \/>\n\t<meta property=\"og:image:width\" content=\"1024\" \/>\n\t<meta property=\"og:image:height\" content=\"965\" \/>\n\t<meta property=\"og:image:type\" content=\"image\/jpeg\" \/>\n<meta name=\"twitter:card\" content=\"summary_large_image\" \/>\n<script type=\"application\/ld+json\" class=\"yoast-schema-graph\">{\"@context\":\"https:\/\/schema.org\",\"@graph\":[{\"@type\":\"WebPage\",\"@id\":\"https:\/\/www.gruppoliturgico.com\/fr\/produit\/pale-de-calice-3\/\",\"url\":\"https:\/\/www.gruppoliturgico.com\/fr\/produit\/pale-de-calice-3\/\",\"name\":\"Pale de calice - pales et Laboratorio Gruppo Liturgico\",\"isPartOf\":{\"@id\":\"https:\/\/www.gruppoliturgico.com\/es\/#website\"},\"datePublished\":\"2025-02-11T10:47:18+00:00\",\"dateModified\":\"2025-02-11T14:19:01+00:00\",\"description\":\"Pale de calice richement brod\u00e9e de fils d'or et de soie. R\u00e9alis\u00e9e en fin tissu jacquard, elle est orn\u00e9e de pierres color\u00e9es. La bordure est enti\u00e8rement profil\u00e9e d'une fine broderie dor\u00e9e. Dimensions : 20 x 20 cm\",\"breadcrumb\":{\"@id\":\"https:\/\/www.gruppoliturgico.com\/fr\/produit\/pale-de-calice-3\/#breadcrumb\"},\"inLanguage\":\"fr-FR\",\"potentialAction\":[{\"@type\":\"ReadAction\",\"target\":[\"https:\/\/www.gruppoliturgico.com\/fr\/produit\/pale-de-calice-3\/\"]}]},{\"@type\":\"BreadcrumbList\",\"@id\":\"https:\/\/www.gruppoliturgico.com\/fr\/produit\/pale-de-calice-3\/#breadcrumb\",\"itemListElement\":[{\"@type\":\"ListItem\",\"position\":1,\"name\":\"Home\",\"item\":\"https:\/\/www.gruppoliturgico.com\/fr\/\"},{\"@type\":\"ListItem\",\"position\":2,\"name\":\"Boutique\",\"item\":\"https:\/\/www.gruppoliturgico.com\/fr\/boutique\/\"},{\"@type\":\"ListItem\",\"position\":3,\"name\":\"Pale de calice\"}]},{\"@type\":\"WebSite\",\"@id\":\"https:\/\/www.gruppoliturgico.com\/es\/#website\",\"url\":\"https:\/\/www.gruppoliturgico.com\/es\/\",\"name\":\"Laboratorio Gruppo Liturgico\",\"description\":\"Articoli Religiosi online\",\"publisher\":{\"@id\":\"https:\/\/www.gruppoliturgico.com\/es\/#organization\"},\"potentialAction\":[{\"@type\":\"SearchAction\",\"target\":{\"@type\":\"EntryPoint\",\"urlTemplate\":\"https:\/\/www.gruppoliturgico.com\/es\/?s={search_term_string}\"},\"query-input\":\"required name=search_term_string\"}],\"inLanguage\":\"fr-FR\"},{\"@type\":\"Organization\",\"@id\":\"https:\/\/www.gruppoliturgico.com\/es\/#organization\",\"name\":\"Laboratorio Gruppo Liturgico\",\"url\":\"https:\/\/www.gruppoliturgico.com\/es\/\",\"logo\":{\"@type\":\"ImageObject\",\"inLanguage\":\"fr-FR\",\"@id\":\"https:\/\/www.gruppoliturgico.com\/es\/#\/schema\/logo\/image\/\",\"url\":\"https:\/\/www.gruppoliturgico.com\/wp-content\/uploads\/2022\/02\/logo-laboratoriogruppoliturgico.png\",\"contentUrl\":\"https:\/\/www.gruppoliturgico.com\/wp-content\/uploads\/2022\/02\/logo-laboratoriogruppoliturgico.png\",\"width\":400,\"height\":114,\"caption\":\"Laboratorio Gruppo Liturgico\"},\"image\":{\"@id\":\"https:\/\/www.gruppoliturgico.com\/es\/#\/schema\/logo\/image\/\"}}]}<\/script>\n<!-- \/ Yoast SEO plugin. -->","yoast_head_json":{"title":"Pale de calice - pales et Laboratorio Gruppo Liturgico","description":"Pale de calice richement brod\u00e9e de fils d'or et de soie. R\u00e9alis\u00e9e en fin tissu jacquard, elle est orn\u00e9e de pierres color\u00e9es. La bordure est enti\u00e8rement profil\u00e9e d'une fine broderie dor\u00e9e. Dimensions : 20 x 20 cm","robots":{"index":"index","follow":"follow","max-snippet":"max-snippet:-1","max-image-preview":"max-image-preview:large","max-video-preview":"max-video-preview:-1"},"canonical":"https:\/\/www.gruppoliturgico.com\/fr\/produit\/pale-de-calice-3\/","og_locale":"fr_FR","og_type":"article","og_title":"Pale de calice - pales et Laboratorio Gruppo Liturgico","og_description":"Pale de calice richement brod\u00e9e de fils d'or et de soie. R\u00e9alis\u00e9e en fin tissu jacquard, elle est orn\u00e9e de pierres color\u00e9es. La bordure est enti\u00e8rement profil\u00e9e d'une fine broderie dor\u00e9e. Dimensions : 20 x 20 cm","og_url":"https:\/\/www.gruppoliturgico.com\/fr\/produit\/pale-de-calice-3\/","og_site_name":"Laboratorio Gruppo Liturgico","article_modified_time":"2025-02-11T14:19:01+00:00","og_image":[{"width":1024,"height":965,"url":"https:\/\/www.gruppoliturgico.com\/wp-content\/uploads\/2025\/02\/4107-3-1024x965.jpg","type":"image\/jpeg"}],"twitter_card":"summary_large_image","schema":{"@context":"https:\/\/schema.org","@graph":[{"@type":"WebPage","@id":"https:\/\/www.gruppoliturgico.com\/fr\/produit\/pale-de-calice-3\/","url":"https:\/\/www.gruppoliturgico.com\/fr\/produit\/pale-de-calice-3\/","name":"Pale de calice - pales et Laboratorio Gruppo Liturgico","isPartOf":{"@id":"https:\/\/www.gruppoliturgico.com\/es\/#website"},"datePublished":"2025-02-11T10:47:18+00:00","dateModified":"2025-02-11T14:19:01+00:00","description":"Pale de calice richement brod\u00e9e de fils d'or et de soie. R\u00e9alis\u00e9e en fin tissu jacquard, elle est orn\u00e9e de pierres color\u00e9es. La bordure est enti\u00e8rement profil\u00e9e d'une fine broderie dor\u00e9e. Dimensions : 20 x 20 cm","breadcrumb":{"@id":"https:\/\/www.gruppoliturgico.com\/fr\/produit\/pale-de-calice-3\/#breadcrumb"},"inLanguage":"fr-FR","potentialAction":[{"@type":"ReadAction","target":["https:\/\/www.gruppoliturgico.com\/fr\/produit\/pale-de-calice-3\/"]}]},{"@type":"BreadcrumbList","@id":"https:\/\/www.gruppoliturgico.com\/fr\/produit\/pale-de-calice-3\/#breadcrumb","itemListElement":[{"@type":"ListItem","position":1,"name":"Home","item":"https:\/\/www.gruppoliturgico.com\/fr\/"},{"@type":"ListItem","position":2,"name":"Boutique","item":"https:\/\/www.gruppoliturgico.com\/fr\/boutique\/"},{"@type":"ListItem","position":3,"name":"Pale de calice"}]},{"@type":"WebSite","@id":"https:\/\/www.gruppoliturgico.com\/es\/#website","url":"https:\/\/www.gruppoliturgico.com\/es\/","name":"Laboratorio Gruppo Liturgico","description":"Articoli Religiosi online","publisher":{"@id":"https:\/\/www.gruppoliturgico.com\/es\/#organization"},"potentialAction":[{"@type":"SearchAction","target":{"@type":"EntryPoint","urlTemplate":"https:\/\/www.gruppoliturgico.com\/es\/?s={search_term_string}"},"query-input":"required name=search_term_string"}],"inLanguage":"fr-FR"},{"@type":"Organization","@id":"https:\/\/www.gruppoliturgico.com\/es\/#organization","name":"Laboratorio Gruppo Liturgico","url":"https:\/\/www.gruppoliturgico.com\/es\/","logo":{"@type":"ImageObject","inLanguage":"fr-FR","@id":"https:\/\/www.gruppoliturgico.com\/es\/#\/schema\/logo\/image\/","url":"https:\/\/www.gruppoliturgico.com\/wp-content\/uploads\/2022\/02\/logo-laboratoriogruppoliturgico.png","contentUrl":"https:\/\/www.gruppoliturgico.com\/wp-content\/uploads\/2022\/02\/logo-laboratoriogruppoliturgico.png","width":400,"height":114,"caption":"Laboratorio Gruppo Liturgico"},"image":{"@id":"https:\/\/www.gruppoliturgico.com\/es\/#\/schema\/logo\/image\/"}}]}},"_links":{"self":[{"href":"https:\/\/www.gruppoliturgico.com\/fr\/wp-json\/wp\/v2\/product\/138452"}],"collection":[{"href":"https:\/\/www.gruppoliturgico.com\/fr\/wp-json\/wp\/v2\/product"}],"about":[{"href":"https:\/\/www.gruppoliturgico.com\/fr\/wp-json\/wp\/v2\/types\/product"}],"wp:featuredmedia":[{"embeddable":true,"href":"https:\/\/www.gruppoliturgico.com\/fr\/wp-json\/wp\/v2\/media\/138441"}],"wp:attachment":[{"href":"https:\/\/www.gruppoliturgico.com\/fr\/wp-json\/wp\/v2\/media?parent=138452"}],"wp:term":[{"taxonomy":"product_cat","embeddable":true,"href":"https:\/\/www.gruppoliturgico.com\/fr\/wp-json\/wp\/v2\/product_cat?post=138452"},{"taxonomy":"product_tag","embeddable":true,"href":"https:\/\/www.gruppoliturgico.com\/fr\/wp-json\/wp\/v2\/product_tag?post=138452"}],"curies":[{"name":"wp","href":"https:\/\/api.w.org\/{rel}","templated":true}]}}