{"id":137929,"date":"2024-12-21T10:04:08","date_gmt":"2024-12-21T09:04:08","guid":{"rendered":"https:\/\/www.gruppoliturgico.com\/prodotto\/ostensoir-raisins-et-epis-de-ble\/"},"modified":"2024-12-21T10:04:08","modified_gmt":"2024-12-21T09:04:08","slug":"ostensoir-raisins-et-epis-de-ble","status":"publish","type":"product","link":"https:\/\/www.gruppoliturgico.com\/fr\/produit\/ostensoir-raisins-et-epis-de-ble\/","title":{"rendered":"Ostensoir \u00ab Raisins et \u00e9pis de bl\u00e9\u201d"},"content":{"rendered":"<html><body><p>Ostensoir de prestige en fonte de laiton avec des parties en bronze, comportant diverses pi\u00e8ces cisel\u00e9es \u00e0 la main.<br>\nDeux tons or et argent.<br>\nLa custode est orn\u00e9e de nombreuses t\u00eates d\u2019anges moul\u00e9es et de pierres semi-pr\u00e9cieuses ornementales.<br>\nLes rayons sont enrichis d\u2019un d\u00e9cor d\u2019\u00e9pis de bl\u00e9 et de grappes de raisin qui se r\u00e9p\u00e8te dans le n\u0153ud central.<br>\nLa base est richement cisel\u00e9e \u00e0 la main.<br>\nHauteur cm 47 \u2013 diam\u00e8tre de l\u2019aur\u00e9ole cm 28<br>\nIl peut accueillir une hostie au diam\u00e8tre de cm 7,5.<\/p>\n<p>\u00a0<\/p>\n<\/body><\/html>","protected":false},"excerpt":{"rendered":"<p>Ostensoir de prestige en fonte de laiton avec des parties en bronze, comportant diverses pi\u00e8ces cisel\u00e9es \u00e0 la main.<br \/>\nDeux tons or et argent.<br \/>\nLa custode est orn\u00e9e de nombreuses t\u00eates d&rsquo;anges moul\u00e9es et de pierres semi-pr\u00e9cieuses ornementales.<br \/>\nLes rayons sont enrichis d&rsquo;un d\u00e9cor d&rsquo;\u00e9pis de bl\u00e9 et de grappes de raisin qui se r\u00e9p\u00e8te dans le n\u0153ud central.<br \/>\nLa base est richement cisel\u00e9e \u00e0 la main.<br \/>\nHauteur cm 47 &#8211; diam\u00e8tre de l&rsquo;aur\u00e9ole cm 28<br \/>\nIl peut accueillir une hostie au diam\u00e8tre de cm 7,5.<\/p>\n","protected":false},"featured_media":137925,"template":"","meta":[],"product_cat":[12064],"product_tag":[],"yoast_head":"<!-- This site is optimized with the Yoast SEO plugin v20.4 - https:\/\/yoast.com\/wordpress\/plugins\/seo\/ -->\n<title>Ostensoir \u00ab Raisins et \u00e9pis de bl\u00e9\u201d - ostensoirs et Laboratorio Gruppo Liturgico<\/title>\n<meta name=\"description\" content=\"Ostensoir de prestige en fonte de laiton avec des parties en bronze, comportant diverses pi\u00e8ces cisel\u00e9es \u00e0 la main. Deux tons or et argent. La custode est orn\u00e9e de nombreuses t\u00eates d&#039;anges moul\u00e9es et de pierres semi-pr\u00e9cieuses ornementales. Les rayons sont enrichis d&#039;un d\u00e9cor d&#039;\u00e9pis de bl\u00e9 et de grappes de raisin qui se r\u00e9p\u00e8te dans le n\u0153ud central. La base est richement cisel\u00e9e \u00e0 la main. Hauteur cm 47 - diam\u00e8tre de l&#039;aur\u00e9ole cm 28 Il peut accueillir une hostie au diam\u00e8tre de cm 7,5.\" \/>\n<meta name=\"robots\" content=\"index, follow, max-snippet:-1, max-image-preview:large, max-video-preview:-1\" \/>\n<link rel=\"canonical\" href=\"https:\/\/www.gruppoliturgico.com\/fr\/produit\/ostensoir-raisins-et-epis-de-ble\/\" \/>\n<meta property=\"og:locale\" content=\"fr_FR\" \/>\n<meta property=\"og:type\" content=\"article\" \/>\n<meta property=\"og:title\" content=\"Ostensoir \u00ab Raisins et \u00e9pis de bl\u00e9\u201d - ostensoirs et Laboratorio Gruppo Liturgico\" \/>\n<meta property=\"og:description\" content=\"Ostensoir de prestige en fonte de laiton avec des parties en bronze, comportant diverses pi\u00e8ces cisel\u00e9es \u00e0 la main. Deux tons or et argent. La custode est orn\u00e9e de nombreuses t\u00eates d&#039;anges moul\u00e9es et de pierres semi-pr\u00e9cieuses ornementales. Les rayons sont enrichis d&#039;un d\u00e9cor d&#039;\u00e9pis de bl\u00e9 et de grappes de raisin qui se r\u00e9p\u00e8te dans le n\u0153ud central. La base est richement cisel\u00e9e \u00e0 la main. Hauteur cm 47 - diam\u00e8tre de l&#039;aur\u00e9ole cm 28 Il peut accueillir une hostie au diam\u00e8tre de cm 7,5.\" \/>\n<meta property=\"og:url\" content=\"https:\/\/www.gruppoliturgico.com\/fr\/produit\/ostensoir-raisins-et-epis-de-ble\/\" \/>\n<meta property=\"og:site_name\" content=\"Laboratorio Gruppo Liturgico\" \/>\n<meta property=\"og:image\" content=\"https:\/\/www.gruppoliturgico.com\/wp-content\/uploads\/2024\/12\/4097.jpg\" \/>\n\t<meta property=\"og:image:width\" content=\"1121\" \/>\n\t<meta property=\"og:image:height\" content=\"1876\" \/>\n\t<meta property=\"og:image:type\" content=\"image\/jpeg\" \/>\n<meta name=\"twitter:card\" content=\"summary_large_image\" \/>\n<script type=\"application\/ld+json\" class=\"yoast-schema-graph\">{\"@context\":\"https:\/\/schema.org\",\"@graph\":[{\"@type\":\"WebPage\",\"@id\":\"https:\/\/www.gruppoliturgico.com\/fr\/produit\/ostensoir-raisins-et-epis-de-ble\/\",\"url\":\"https:\/\/www.gruppoliturgico.com\/fr\/produit\/ostensoir-raisins-et-epis-de-ble\/\",\"name\":\"Ostensoir \u00ab Raisins et \u00e9pis de bl\u00e9\u201d - ostensoirs et Laboratorio Gruppo Liturgico\",\"isPartOf\":{\"@id\":\"https:\/\/www.gruppoliturgico.com\/es\/#website\"},\"datePublished\":\"2024-12-21T09:04:08+00:00\",\"dateModified\":\"2024-12-21T09:04:08+00:00\",\"description\":\"Ostensoir de prestige en fonte de laiton avec des parties en bronze, comportant diverses pi\u00e8ces cisel\u00e9es \u00e0 la main. Deux tons or et argent. La custode est orn\u00e9e de nombreuses t\u00eates d'anges moul\u00e9es et de pierres semi-pr\u00e9cieuses ornementales. Les rayons sont enrichis d'un d\u00e9cor d'\u00e9pis de bl\u00e9 et de grappes de raisin qui se r\u00e9p\u00e8te dans le n\u0153ud central. La base est richement cisel\u00e9e \u00e0 la main. Hauteur cm 47 - diam\u00e8tre de l'aur\u00e9ole cm 28 Il peut accueillir une hostie au diam\u00e8tre de cm 7,5.\",\"breadcrumb\":{\"@id\":\"https:\/\/www.gruppoliturgico.com\/fr\/produit\/ostensoir-raisins-et-epis-de-ble\/#breadcrumb\"},\"inLanguage\":\"fr-FR\",\"potentialAction\":[{\"@type\":\"ReadAction\",\"target\":[\"https:\/\/www.gruppoliturgico.com\/fr\/produit\/ostensoir-raisins-et-epis-de-ble\/\"]}]},{\"@type\":\"BreadcrumbList\",\"@id\":\"https:\/\/www.gruppoliturgico.com\/fr\/produit\/ostensoir-raisins-et-epis-de-ble\/#breadcrumb\",\"itemListElement\":[{\"@type\":\"ListItem\",\"position\":1,\"name\":\"Home\",\"item\":\"https:\/\/www.gruppoliturgico.com\/fr\/\"},{\"@type\":\"ListItem\",\"position\":2,\"name\":\"Boutique\",\"item\":\"https:\/\/www.gruppoliturgico.com\/fr\/boutique\/\"},{\"@type\":\"ListItem\",\"position\":3,\"name\":\"Ostensoir \u00ab Raisins et \u00e9pis de bl\u00e9\u201d\"}]},{\"@type\":\"WebSite\",\"@id\":\"https:\/\/www.gruppoliturgico.com\/es\/#website\",\"url\":\"https:\/\/www.gruppoliturgico.com\/es\/\",\"name\":\"Laboratorio Gruppo Liturgico\",\"description\":\"Articoli Religiosi online\",\"publisher\":{\"@id\":\"https:\/\/www.gruppoliturgico.com\/es\/#organization\"},\"potentialAction\":[{\"@type\":\"SearchAction\",\"target\":{\"@type\":\"EntryPoint\",\"urlTemplate\":\"https:\/\/www.gruppoliturgico.com\/es\/?s={search_term_string}\"},\"query-input\":\"required name=search_term_string\"}],\"inLanguage\":\"fr-FR\"},{\"@type\":\"Organization\",\"@id\":\"https:\/\/www.gruppoliturgico.com\/es\/#organization\",\"name\":\"Laboratorio Gruppo Liturgico\",\"url\":\"https:\/\/www.gruppoliturgico.com\/es\/\",\"logo\":{\"@type\":\"ImageObject\",\"inLanguage\":\"fr-FR\",\"@id\":\"https:\/\/www.gruppoliturgico.com\/es\/#\/schema\/logo\/image\/\",\"url\":\"https:\/\/www.gruppoliturgico.com\/wp-content\/uploads\/2022\/02\/logo-laboratoriogruppoliturgico.png\",\"contentUrl\":\"https:\/\/www.gruppoliturgico.com\/wp-content\/uploads\/2022\/02\/logo-laboratoriogruppoliturgico.png\",\"width\":400,\"height\":114,\"caption\":\"Laboratorio Gruppo Liturgico\"},\"image\":{\"@id\":\"https:\/\/www.gruppoliturgico.com\/es\/#\/schema\/logo\/image\/\"}}]}<\/script>\n<!-- \/ Yoast SEO plugin. -->","yoast_head_json":{"title":"Ostensoir \u00ab Raisins et \u00e9pis de bl\u00e9\u201d - ostensoirs et Laboratorio Gruppo Liturgico","description":"Ostensoir de prestige en fonte de laiton avec des parties en bronze, comportant diverses pi\u00e8ces cisel\u00e9es \u00e0 la main. Deux tons or et argent. La custode est orn\u00e9e de nombreuses t\u00eates d'anges moul\u00e9es et de pierres semi-pr\u00e9cieuses ornementales. Les rayons sont enrichis d'un d\u00e9cor d'\u00e9pis de bl\u00e9 et de grappes de raisin qui se r\u00e9p\u00e8te dans le n\u0153ud central. La base est richement cisel\u00e9e \u00e0 la main. Hauteur cm 47 - diam\u00e8tre de l'aur\u00e9ole cm 28 Il peut accueillir une hostie au diam\u00e8tre de cm 7,5.","robots":{"index":"index","follow":"follow","max-snippet":"max-snippet:-1","max-image-preview":"max-image-preview:large","max-video-preview":"max-video-preview:-1"},"canonical":"https:\/\/www.gruppoliturgico.com\/fr\/produit\/ostensoir-raisins-et-epis-de-ble\/","og_locale":"fr_FR","og_type":"article","og_title":"Ostensoir \u00ab Raisins et \u00e9pis de bl\u00e9\u201d - ostensoirs et Laboratorio Gruppo Liturgico","og_description":"Ostensoir de prestige en fonte de laiton avec des parties en bronze, comportant diverses pi\u00e8ces cisel\u00e9es \u00e0 la main. Deux tons or et argent. La custode est orn\u00e9e de nombreuses t\u00eates d'anges moul\u00e9es et de pierres semi-pr\u00e9cieuses ornementales. Les rayons sont enrichis d'un d\u00e9cor d'\u00e9pis de bl\u00e9 et de grappes de raisin qui se r\u00e9p\u00e8te dans le n\u0153ud central. La base est richement cisel\u00e9e \u00e0 la main. Hauteur cm 47 - diam\u00e8tre de l'aur\u00e9ole cm 28 Il peut accueillir une hostie au diam\u00e8tre de cm 7,5.","og_url":"https:\/\/www.gruppoliturgico.com\/fr\/produit\/ostensoir-raisins-et-epis-de-ble\/","og_site_name":"Laboratorio Gruppo Liturgico","og_image":[{"width":1121,"height":1876,"url":"https:\/\/www.gruppoliturgico.com\/wp-content\/uploads\/2024\/12\/4097.jpg","type":"image\/jpeg"}],"twitter_card":"summary_large_image","schema":{"@context":"https:\/\/schema.org","@graph":[{"@type":"WebPage","@id":"https:\/\/www.gruppoliturgico.com\/fr\/produit\/ostensoir-raisins-et-epis-de-ble\/","url":"https:\/\/www.gruppoliturgico.com\/fr\/produit\/ostensoir-raisins-et-epis-de-ble\/","name":"Ostensoir \u00ab Raisins et \u00e9pis de bl\u00e9\u201d - ostensoirs et Laboratorio Gruppo Liturgico","isPartOf":{"@id":"https:\/\/www.gruppoliturgico.com\/es\/#website"},"datePublished":"2024-12-21T09:04:08+00:00","dateModified":"2024-12-21T09:04:08+00:00","description":"Ostensoir de prestige en fonte de laiton avec des parties en bronze, comportant diverses pi\u00e8ces cisel\u00e9es \u00e0 la main. Deux tons or et argent. La custode est orn\u00e9e de nombreuses t\u00eates d'anges moul\u00e9es et de pierres semi-pr\u00e9cieuses ornementales. Les rayons sont enrichis d'un d\u00e9cor d'\u00e9pis de bl\u00e9 et de grappes de raisin qui se r\u00e9p\u00e8te dans le n\u0153ud central. La base est richement cisel\u00e9e \u00e0 la main. Hauteur cm 47 - diam\u00e8tre de l'aur\u00e9ole cm 28 Il peut accueillir une hostie au diam\u00e8tre de cm 7,5.","breadcrumb":{"@id":"https:\/\/www.gruppoliturgico.com\/fr\/produit\/ostensoir-raisins-et-epis-de-ble\/#breadcrumb"},"inLanguage":"fr-FR","potentialAction":[{"@type":"ReadAction","target":["https:\/\/www.gruppoliturgico.com\/fr\/produit\/ostensoir-raisins-et-epis-de-ble\/"]}]},{"@type":"BreadcrumbList","@id":"https:\/\/www.gruppoliturgico.com\/fr\/produit\/ostensoir-raisins-et-epis-de-ble\/#breadcrumb","itemListElement":[{"@type":"ListItem","position":1,"name":"Home","item":"https:\/\/www.gruppoliturgico.com\/fr\/"},{"@type":"ListItem","position":2,"name":"Boutique","item":"https:\/\/www.gruppoliturgico.com\/fr\/boutique\/"},{"@type":"ListItem","position":3,"name":"Ostensoir \u00ab Raisins et \u00e9pis de bl\u00e9\u201d"}]},{"@type":"WebSite","@id":"https:\/\/www.gruppoliturgico.com\/es\/#website","url":"https:\/\/www.gruppoliturgico.com\/es\/","name":"Laboratorio Gruppo Liturgico","description":"Articoli Religiosi online","publisher":{"@id":"https:\/\/www.gruppoliturgico.com\/es\/#organization"},"potentialAction":[{"@type":"SearchAction","target":{"@type":"EntryPoint","urlTemplate":"https:\/\/www.gruppoliturgico.com\/es\/?s={search_term_string}"},"query-input":"required name=search_term_string"}],"inLanguage":"fr-FR"},{"@type":"Organization","@id":"https:\/\/www.gruppoliturgico.com\/es\/#organization","name":"Laboratorio Gruppo Liturgico","url":"https:\/\/www.gruppoliturgico.com\/es\/","logo":{"@type":"ImageObject","inLanguage":"fr-FR","@id":"https:\/\/www.gruppoliturgico.com\/es\/#\/schema\/logo\/image\/","url":"https:\/\/www.gruppoliturgico.com\/wp-content\/uploads\/2022\/02\/logo-laboratoriogruppoliturgico.png","contentUrl":"https:\/\/www.gruppoliturgico.com\/wp-content\/uploads\/2022\/02\/logo-laboratoriogruppoliturgico.png","width":400,"height":114,"caption":"Laboratorio Gruppo Liturgico"},"image":{"@id":"https:\/\/www.gruppoliturgico.com\/es\/#\/schema\/logo\/image\/"}}]}},"_links":{"self":[{"href":"https:\/\/www.gruppoliturgico.com\/fr\/wp-json\/wp\/v2\/product\/137929"}],"collection":[{"href":"https:\/\/www.gruppoliturgico.com\/fr\/wp-json\/wp\/v2\/product"}],"about":[{"href":"https:\/\/www.gruppoliturgico.com\/fr\/wp-json\/wp\/v2\/types\/product"}],"wp:featuredmedia":[{"embeddable":true,"href":"https:\/\/www.gruppoliturgico.com\/fr\/wp-json\/wp\/v2\/media\/137925"}],"wp:attachment":[{"href":"https:\/\/www.gruppoliturgico.com\/fr\/wp-json\/wp\/v2\/media?parent=137929"}],"wp:term":[{"taxonomy":"product_cat","embeddable":true,"href":"https:\/\/www.gruppoliturgico.com\/fr\/wp-json\/wp\/v2\/product_cat?post=137929"},{"taxonomy":"product_tag","embeddable":true,"href":"https:\/\/www.gruppoliturgico.com\/fr\/wp-json\/wp\/v2\/product_tag?post=137929"}],"curies":[{"name":"wp","href":"https:\/\/api.w.org\/{rel}","templated":true}]}}