{"id":137904,"date":"2024-12-20T16:45:23","date_gmt":"2024-12-20T15:45:23","guid":{"rendered":"https:\/\/www.gruppoliturgico.com\/prodotto\/calice-vie-de-jesus\/"},"modified":"2024-12-20T16:45:23","modified_gmt":"2024-12-20T15:45:23","slug":"calice-vie-de-jesus","status":"publish","type":"product","link":"https:\/\/www.gruppoliturgico.com\/fr\/produit\/calice-vie-de-jesus\/","title":{"rendered":"Calice \u201cVie de J\u00e9sus\u201d"},"content":{"rendered":"<html><body><p>Prestigieux calice en fonte de laiton et de bronze.<br>\nEnti\u00e8rement cisel\u00e9, il comporte huit panneaux repr\u00e9sentant sur la base la Nativit\u00e9, J\u00e9sus au Temple, J\u00e9sus au Jardin des Oliviers et sur la coupe la Descente du Saint-Esprit, la Primaut\u00e9 de Pierre, la Crucifixion et la R\u00e9surrection.<br>\nPierres dures ornementales.<br>\nDeux tons or-argent.<br>\nHauteur 23,5 cm \u2013 diam\u00e8tre de la coupe 9 cm<\/p>\n<\/body><\/html>","protected":false},"excerpt":{"rendered":"<p>Prestigieux calice en fonte de laiton et de bronze.<br \/>\nEnti\u00e8rement cisel\u00e9, il comporte huit panneaux repr\u00e9sentant sur la base la Nativit\u00e9, J\u00e9sus au Temple, J\u00e9sus au Jardin des Oliviers et sur la coupe la Descente du Saint-Esprit, la Primaut\u00e9 de Pierre, la Crucifixion et la R\u00e9surrection.<br \/>\nPierres dures ornementales.<br \/>\nDeux tons or-argent.<br \/>\nHauteur 23,5 cm &#8211; diam\u00e8tre de la coupe 9 cm<\/p>\n","protected":false},"featured_media":137889,"template":"","meta":[],"product_cat":[12028],"product_tag":[],"yoast_head":"<!-- This site is optimized with the Yoast SEO plugin v20.4 - https:\/\/yoast.com\/wordpress\/plugins\/seo\/ -->\n<title>Calice \u201cVie de J\u00e9sus\u201d - collection calices et Laboratorio Gruppo Liturgico<\/title>\n<meta name=\"description\" content=\"Prestigieux calice en fonte de laiton et de bronze. Enti\u00e8rement cisel\u00e9, il comporte huit panneaux repr\u00e9sentant sur la base la Nativit\u00e9, J\u00e9sus au Temple, J\u00e9sus au Jardin des Oliviers et sur la coupe la Descente du Saint-Esprit, la Primaut\u00e9 de Pierre, la Crucifixion et la R\u00e9surrection. Pierres dures ornementales. Deux tons or-argent. Hauteur 23,5 cm - diam\u00e8tre de la coupe 9 cm\" \/>\n<meta name=\"robots\" content=\"index, follow, max-snippet:-1, max-image-preview:large, max-video-preview:-1\" \/>\n<link rel=\"canonical\" href=\"https:\/\/www.gruppoliturgico.com\/fr\/produit\/calice-vie-de-jesus\/\" \/>\n<meta property=\"og:locale\" content=\"fr_FR\" \/>\n<meta property=\"og:type\" content=\"article\" \/>\n<meta property=\"og:title\" content=\"Calice \u201cVie de J\u00e9sus\u201d - collection calices et Laboratorio Gruppo Liturgico\" \/>\n<meta property=\"og:description\" content=\"Prestigieux calice en fonte de laiton et de bronze. Enti\u00e8rement cisel\u00e9, il comporte huit panneaux repr\u00e9sentant sur la base la Nativit\u00e9, J\u00e9sus au Temple, J\u00e9sus au Jardin des Oliviers et sur la coupe la Descente du Saint-Esprit, la Primaut\u00e9 de Pierre, la Crucifixion et la R\u00e9surrection. Pierres dures ornementales. Deux tons or-argent. Hauteur 23,5 cm - diam\u00e8tre de la coupe 9 cm\" \/>\n<meta property=\"og:url\" content=\"https:\/\/www.gruppoliturgico.com\/fr\/produit\/calice-vie-de-jesus\/\" \/>\n<meta property=\"og:site_name\" content=\"Laboratorio Gruppo Liturgico\" \/>\n<meta property=\"og:image\" content=\"https:\/\/www.gruppoliturgico.com\/wp-content\/uploads\/2024\/12\/4095-Ultima-Cena.jpg\" \/>\n\t<meta property=\"og:image:width\" content=\"1044\" \/>\n\t<meta property=\"og:image:height\" content=\"2000\" \/>\n\t<meta property=\"og:image:type\" content=\"image\/jpeg\" \/>\n<meta name=\"twitter:card\" content=\"summary_large_image\" \/>\n<script type=\"application\/ld+json\" class=\"yoast-schema-graph\">{\"@context\":\"https:\/\/schema.org\",\"@graph\":[{\"@type\":\"WebPage\",\"@id\":\"https:\/\/www.gruppoliturgico.com\/fr\/produit\/calice-vie-de-jesus\/\",\"url\":\"https:\/\/www.gruppoliturgico.com\/fr\/produit\/calice-vie-de-jesus\/\",\"name\":\"Calice \u201cVie de J\u00e9sus\u201d - collection calices et Laboratorio Gruppo Liturgico\",\"isPartOf\":{\"@id\":\"https:\/\/www.gruppoliturgico.com\/es\/#website\"},\"datePublished\":\"2024-12-20T15:45:23+00:00\",\"dateModified\":\"2024-12-20T15:45:23+00:00\",\"description\":\"Prestigieux calice en fonte de laiton et de bronze. Enti\u00e8rement cisel\u00e9, il comporte huit panneaux repr\u00e9sentant sur la base la Nativit\u00e9, J\u00e9sus au Temple, J\u00e9sus au Jardin des Oliviers et sur la coupe la Descente du Saint-Esprit, la Primaut\u00e9 de Pierre, la Crucifixion et la R\u00e9surrection. Pierres dures ornementales. Deux tons or-argent. Hauteur 23,5 cm - diam\u00e8tre de la coupe 9 cm\",\"breadcrumb\":{\"@id\":\"https:\/\/www.gruppoliturgico.com\/fr\/produit\/calice-vie-de-jesus\/#breadcrumb\"},\"inLanguage\":\"fr-FR\",\"potentialAction\":[{\"@type\":\"ReadAction\",\"target\":[\"https:\/\/www.gruppoliturgico.com\/fr\/produit\/calice-vie-de-jesus\/\"]}]},{\"@type\":\"BreadcrumbList\",\"@id\":\"https:\/\/www.gruppoliturgico.com\/fr\/produit\/calice-vie-de-jesus\/#breadcrumb\",\"itemListElement\":[{\"@type\":\"ListItem\",\"position\":1,\"name\":\"Home\",\"item\":\"https:\/\/www.gruppoliturgico.com\/fr\/\"},{\"@type\":\"ListItem\",\"position\":2,\"name\":\"Boutique\",\"item\":\"https:\/\/www.gruppoliturgico.com\/fr\/boutique\/\"},{\"@type\":\"ListItem\",\"position\":3,\"name\":\"Calice \u201cVie de J\u00e9sus\u201d\"}]},{\"@type\":\"WebSite\",\"@id\":\"https:\/\/www.gruppoliturgico.com\/es\/#website\",\"url\":\"https:\/\/www.gruppoliturgico.com\/es\/\",\"name\":\"Laboratorio Gruppo Liturgico\",\"description\":\"Articoli Religiosi online\",\"publisher\":{\"@id\":\"https:\/\/www.gruppoliturgico.com\/es\/#organization\"},\"potentialAction\":[{\"@type\":\"SearchAction\",\"target\":{\"@type\":\"EntryPoint\",\"urlTemplate\":\"https:\/\/www.gruppoliturgico.com\/es\/?s={search_term_string}\"},\"query-input\":\"required name=search_term_string\"}],\"inLanguage\":\"fr-FR\"},{\"@type\":\"Organization\",\"@id\":\"https:\/\/www.gruppoliturgico.com\/es\/#organization\",\"name\":\"Laboratorio Gruppo Liturgico\",\"url\":\"https:\/\/www.gruppoliturgico.com\/es\/\",\"logo\":{\"@type\":\"ImageObject\",\"inLanguage\":\"fr-FR\",\"@id\":\"https:\/\/www.gruppoliturgico.com\/es\/#\/schema\/logo\/image\/\",\"url\":\"https:\/\/www.gruppoliturgico.com\/wp-content\/uploads\/2022\/02\/logo-laboratoriogruppoliturgico.png\",\"contentUrl\":\"https:\/\/www.gruppoliturgico.com\/wp-content\/uploads\/2022\/02\/logo-laboratoriogruppoliturgico.png\",\"width\":400,\"height\":114,\"caption\":\"Laboratorio Gruppo Liturgico\"},\"image\":{\"@id\":\"https:\/\/www.gruppoliturgico.com\/es\/#\/schema\/logo\/image\/\"}}]}<\/script>\n<!-- \/ Yoast SEO plugin. -->","yoast_head_json":{"title":"Calice \u201cVie de J\u00e9sus\u201d - collection calices et Laboratorio Gruppo Liturgico","description":"Prestigieux calice en fonte de laiton et de bronze. Enti\u00e8rement cisel\u00e9, il comporte huit panneaux repr\u00e9sentant sur la base la Nativit\u00e9, J\u00e9sus au Temple, J\u00e9sus au Jardin des Oliviers et sur la coupe la Descente du Saint-Esprit, la Primaut\u00e9 de Pierre, la Crucifixion et la R\u00e9surrection. Pierres dures ornementales. Deux tons or-argent. Hauteur 23,5 cm - diam\u00e8tre de la coupe 9 cm","robots":{"index":"index","follow":"follow","max-snippet":"max-snippet:-1","max-image-preview":"max-image-preview:large","max-video-preview":"max-video-preview:-1"},"canonical":"https:\/\/www.gruppoliturgico.com\/fr\/produit\/calice-vie-de-jesus\/","og_locale":"fr_FR","og_type":"article","og_title":"Calice \u201cVie de J\u00e9sus\u201d - collection calices et Laboratorio Gruppo Liturgico","og_description":"Prestigieux calice en fonte de laiton et de bronze. Enti\u00e8rement cisel\u00e9, il comporte huit panneaux repr\u00e9sentant sur la base la Nativit\u00e9, J\u00e9sus au Temple, J\u00e9sus au Jardin des Oliviers et sur la coupe la Descente du Saint-Esprit, la Primaut\u00e9 de Pierre, la Crucifixion et la R\u00e9surrection. Pierres dures ornementales. Deux tons or-argent. Hauteur 23,5 cm - diam\u00e8tre de la coupe 9 cm","og_url":"https:\/\/www.gruppoliturgico.com\/fr\/produit\/calice-vie-de-jesus\/","og_site_name":"Laboratorio Gruppo Liturgico","og_image":[{"width":1044,"height":2000,"url":"https:\/\/www.gruppoliturgico.com\/wp-content\/uploads\/2024\/12\/4095-Ultima-Cena.jpg","type":"image\/jpeg"}],"twitter_card":"summary_large_image","schema":{"@context":"https:\/\/schema.org","@graph":[{"@type":"WebPage","@id":"https:\/\/www.gruppoliturgico.com\/fr\/produit\/calice-vie-de-jesus\/","url":"https:\/\/www.gruppoliturgico.com\/fr\/produit\/calice-vie-de-jesus\/","name":"Calice \u201cVie de J\u00e9sus\u201d - collection calices et Laboratorio Gruppo Liturgico","isPartOf":{"@id":"https:\/\/www.gruppoliturgico.com\/es\/#website"},"datePublished":"2024-12-20T15:45:23+00:00","dateModified":"2024-12-20T15:45:23+00:00","description":"Prestigieux calice en fonte de laiton et de bronze. Enti\u00e8rement cisel\u00e9, il comporte huit panneaux repr\u00e9sentant sur la base la Nativit\u00e9, J\u00e9sus au Temple, J\u00e9sus au Jardin des Oliviers et sur la coupe la Descente du Saint-Esprit, la Primaut\u00e9 de Pierre, la Crucifixion et la R\u00e9surrection. Pierres dures ornementales. Deux tons or-argent. Hauteur 23,5 cm - diam\u00e8tre de la coupe 9 cm","breadcrumb":{"@id":"https:\/\/www.gruppoliturgico.com\/fr\/produit\/calice-vie-de-jesus\/#breadcrumb"},"inLanguage":"fr-FR","potentialAction":[{"@type":"ReadAction","target":["https:\/\/www.gruppoliturgico.com\/fr\/produit\/calice-vie-de-jesus\/"]}]},{"@type":"BreadcrumbList","@id":"https:\/\/www.gruppoliturgico.com\/fr\/produit\/calice-vie-de-jesus\/#breadcrumb","itemListElement":[{"@type":"ListItem","position":1,"name":"Home","item":"https:\/\/www.gruppoliturgico.com\/fr\/"},{"@type":"ListItem","position":2,"name":"Boutique","item":"https:\/\/www.gruppoliturgico.com\/fr\/boutique\/"},{"@type":"ListItem","position":3,"name":"Calice \u201cVie de J\u00e9sus\u201d"}]},{"@type":"WebSite","@id":"https:\/\/www.gruppoliturgico.com\/es\/#website","url":"https:\/\/www.gruppoliturgico.com\/es\/","name":"Laboratorio Gruppo Liturgico","description":"Articoli Religiosi online","publisher":{"@id":"https:\/\/www.gruppoliturgico.com\/es\/#organization"},"potentialAction":[{"@type":"SearchAction","target":{"@type":"EntryPoint","urlTemplate":"https:\/\/www.gruppoliturgico.com\/es\/?s={search_term_string}"},"query-input":"required name=search_term_string"}],"inLanguage":"fr-FR"},{"@type":"Organization","@id":"https:\/\/www.gruppoliturgico.com\/es\/#organization","name":"Laboratorio Gruppo Liturgico","url":"https:\/\/www.gruppoliturgico.com\/es\/","logo":{"@type":"ImageObject","inLanguage":"fr-FR","@id":"https:\/\/www.gruppoliturgico.com\/es\/#\/schema\/logo\/image\/","url":"https:\/\/www.gruppoliturgico.com\/wp-content\/uploads\/2022\/02\/logo-laboratoriogruppoliturgico.png","contentUrl":"https:\/\/www.gruppoliturgico.com\/wp-content\/uploads\/2022\/02\/logo-laboratoriogruppoliturgico.png","width":400,"height":114,"caption":"Laboratorio Gruppo Liturgico"},"image":{"@id":"https:\/\/www.gruppoliturgico.com\/es\/#\/schema\/logo\/image\/"}}]}},"_links":{"self":[{"href":"https:\/\/www.gruppoliturgico.com\/fr\/wp-json\/wp\/v2\/product\/137904"}],"collection":[{"href":"https:\/\/www.gruppoliturgico.com\/fr\/wp-json\/wp\/v2\/product"}],"about":[{"href":"https:\/\/www.gruppoliturgico.com\/fr\/wp-json\/wp\/v2\/types\/product"}],"wp:featuredmedia":[{"embeddable":true,"href":"https:\/\/www.gruppoliturgico.com\/fr\/wp-json\/wp\/v2\/media\/137889"}],"wp:attachment":[{"href":"https:\/\/www.gruppoliturgico.com\/fr\/wp-json\/wp\/v2\/media?parent=137904"}],"wp:term":[{"taxonomy":"product_cat","embeddable":true,"href":"https:\/\/www.gruppoliturgico.com\/fr\/wp-json\/wp\/v2\/product_cat?post=137904"},{"taxonomy":"product_tag","embeddable":true,"href":"https:\/\/www.gruppoliturgico.com\/fr\/wp-json\/wp\/v2\/product_tag?post=137904"}],"curies":[{"name":"wp","href":"https:\/\/api.w.org\/{rel}","templated":true}]}}