{"id":137604,"date":"2024-12-03T17:17:55","date_gmt":"2024-12-03T16:17:55","guid":{"rendered":"https:\/\/www.gruppoliturgico.com\/prodotto\/pentecost-chasuble\/"},"modified":"2024-12-03T17:17:55","modified_gmt":"2024-12-03T16:17:55","slug":"pentecost-chasuble","status":"publish","type":"product","link":"https:\/\/www.gruppoliturgico.com\/fr\/produit\/pentecost-chasuble\/","title":{"rendered":"Chasule pour la Pentec\u00f4te"},"content":{"rendered":"<html><body><p>Magnifique chasuble en laine, soie et autres fibres naturelles.<br>\nL\u00e9g\u00e8re et extr\u00eamement douce.<br>\nElle pr\u00e9sente une broderie riche et \u00e9labor\u00e9e d\u2019une croix entour\u00e9e d\u2019ornements nuanc\u00e9s qui se r\u00e9p\u00e8te tout au long de la chasuble.<br>\nElle pr\u00e9sente une coupe large, mesurant 130 cm de long et 145 cm de large.<br>\nElle est orn\u00e9e de passementeries dor\u00e9es.<\/p>\n<\/body><\/html>","protected":false},"excerpt":{"rendered":"<p>Magnifique chasuble en laine, soie et autres fibres naturelles.<br \/>\nL\u00e9g\u00e8re et extr\u00eamement douce.<br \/>\nElle pr\u00e9sente une broderie riche et \u00e9labor\u00e9e d\u2019une croix entour\u00e9e d\u2019ornements nuanc\u00e9s qui se r\u00e9p\u00e8te tout au long de la chasuble.<br \/>\nElle pr\u00e9sente une coupe large, mesurant 130 cm de long et 145 cm de large.<br \/>\nElle est orn\u00e9e de passementeries dor\u00e9es.<\/p>\n","protected":false},"featured_media":137616,"template":"","meta":[],"product_cat":[12244,12256],"product_tag":[],"yoast_head":"<!-- This site is optimized with the Yoast SEO plugin v20.4 - https:\/\/yoast.com\/wordpress\/plugins\/seo\/ -->\n<title>Chasule pour la Pentec\u00f4te - solennelles, broderie au m\u00e9tier et Laboratorio Gruppo Liturgico<\/title>\n<meta name=\"description\" content=\"Magnifique chasuble en laine, soie et autres fibres naturelles. L\u00e9g\u00e8re et extr\u00eamement douce. Elle pr\u00e9sente une broderie riche et \u00e9labor\u00e9e d\u2019une croix entour\u00e9e d\u2019ornements nuanc\u00e9s qui se r\u00e9p\u00e8te tout au long de la chasuble. Elle pr\u00e9sente une coupe large, mesurant 130 cm de long et 145 cm de large. Elle est orn\u00e9e de passementeries dor\u00e9es.\" \/>\n<meta name=\"robots\" content=\"index, follow, max-snippet:-1, max-image-preview:large, max-video-preview:-1\" \/>\n<link rel=\"canonical\" href=\"https:\/\/www.gruppoliturgico.com\/fr\/produit\/pentecost-chasuble\/\" \/>\n<meta property=\"og:locale\" content=\"fr_FR\" \/>\n<meta property=\"og:type\" content=\"article\" \/>\n<meta property=\"og:title\" content=\"Chasule pour la Pentec\u00f4te - solennelles, broderie au m\u00e9tier et Laboratorio Gruppo Liturgico\" \/>\n<meta property=\"og:description\" content=\"Magnifique chasuble en laine, soie et autres fibres naturelles. L\u00e9g\u00e8re et extr\u00eamement douce. Elle pr\u00e9sente une broderie riche et \u00e9labor\u00e9e d\u2019une croix entour\u00e9e d\u2019ornements nuanc\u00e9s qui se r\u00e9p\u00e8te tout au long de la chasuble. Elle pr\u00e9sente une coupe large, mesurant 130 cm de long et 145 cm de large. Elle est orn\u00e9e de passementeries dor\u00e9es.\" \/>\n<meta property=\"og:url\" content=\"https:\/\/www.gruppoliturgico.com\/fr\/produit\/pentecost-chasuble\/\" \/>\n<meta property=\"og:site_name\" content=\"Laboratorio Gruppo Liturgico\" \/>\n<meta property=\"og:image\" content=\"https:\/\/www.gruppoliturgico.com\/wp-content\/uploads\/2024\/12\/3971-rosso-nv-3.jpg\" \/>\n\t<meta property=\"og:image:width\" content=\"1424\" \/>\n\t<meta property=\"og:image:height\" content=\"2000\" \/>\n\t<meta property=\"og:image:type\" content=\"image\/jpeg\" \/>\n<meta name=\"twitter:card\" content=\"summary_large_image\" \/>\n<script type=\"application\/ld+json\" class=\"yoast-schema-graph\">{\"@context\":\"https:\/\/schema.org\",\"@graph\":[{\"@type\":\"WebPage\",\"@id\":\"https:\/\/www.gruppoliturgico.com\/fr\/produit\/pentecost-chasuble\/\",\"url\":\"https:\/\/www.gruppoliturgico.com\/fr\/produit\/pentecost-chasuble\/\",\"name\":\"Chasule pour la Pentec\u00f4te - solennelles, broderie au m\u00e9tier et Laboratorio Gruppo Liturgico\",\"isPartOf\":{\"@id\":\"https:\/\/www.gruppoliturgico.com\/es\/#website\"},\"datePublished\":\"2024-12-03T16:17:55+00:00\",\"dateModified\":\"2024-12-03T16:17:55+00:00\",\"description\":\"Magnifique chasuble en laine, soie et autres fibres naturelles. L\u00e9g\u00e8re et extr\u00eamement douce. Elle pr\u00e9sente une broderie riche et \u00e9labor\u00e9e d\u2019une croix entour\u00e9e d\u2019ornements nuanc\u00e9s qui se r\u00e9p\u00e8te tout au long de la chasuble. Elle pr\u00e9sente une coupe large, mesurant 130 cm de long et 145 cm de large. Elle est orn\u00e9e de passementeries dor\u00e9es.\",\"breadcrumb\":{\"@id\":\"https:\/\/www.gruppoliturgico.com\/fr\/produit\/pentecost-chasuble\/#breadcrumb\"},\"inLanguage\":\"fr-FR\",\"potentialAction\":[{\"@type\":\"ReadAction\",\"target\":[\"https:\/\/www.gruppoliturgico.com\/fr\/produit\/pentecost-chasuble\/\"]}]},{\"@type\":\"BreadcrumbList\",\"@id\":\"https:\/\/www.gruppoliturgico.com\/fr\/produit\/pentecost-chasuble\/#breadcrumb\",\"itemListElement\":[{\"@type\":\"ListItem\",\"position\":1,\"name\":\"Home\",\"item\":\"https:\/\/www.gruppoliturgico.com\/fr\/\"},{\"@type\":\"ListItem\",\"position\":2,\"name\":\"Boutique\",\"item\":\"https:\/\/www.gruppoliturgico.com\/fr\/boutique\/\"},{\"@type\":\"ListItem\",\"position\":3,\"name\":\"Chasule pour la Pentec\u00f4te\"}]},{\"@type\":\"WebSite\",\"@id\":\"https:\/\/www.gruppoliturgico.com\/es\/#website\",\"url\":\"https:\/\/www.gruppoliturgico.com\/es\/\",\"name\":\"Laboratorio Gruppo Liturgico\",\"description\":\"Articoli Religiosi online\",\"publisher\":{\"@id\":\"https:\/\/www.gruppoliturgico.com\/es\/#organization\"},\"potentialAction\":[{\"@type\":\"SearchAction\",\"target\":{\"@type\":\"EntryPoint\",\"urlTemplate\":\"https:\/\/www.gruppoliturgico.com\/es\/?s={search_term_string}\"},\"query-input\":\"required name=search_term_string\"}],\"inLanguage\":\"fr-FR\"},{\"@type\":\"Organization\",\"@id\":\"https:\/\/www.gruppoliturgico.com\/es\/#organization\",\"name\":\"Laboratorio Gruppo Liturgico\",\"url\":\"https:\/\/www.gruppoliturgico.com\/es\/\",\"logo\":{\"@type\":\"ImageObject\",\"inLanguage\":\"fr-FR\",\"@id\":\"https:\/\/www.gruppoliturgico.com\/es\/#\/schema\/logo\/image\/\",\"url\":\"https:\/\/www.gruppoliturgico.com\/wp-content\/uploads\/2022\/02\/logo-laboratoriogruppoliturgico.png\",\"contentUrl\":\"https:\/\/www.gruppoliturgico.com\/wp-content\/uploads\/2022\/02\/logo-laboratoriogruppoliturgico.png\",\"width\":400,\"height\":114,\"caption\":\"Laboratorio Gruppo Liturgico\"},\"image\":{\"@id\":\"https:\/\/www.gruppoliturgico.com\/es\/#\/schema\/logo\/image\/\"}}]}<\/script>\n<!-- \/ Yoast SEO plugin. -->","yoast_head_json":{"title":"Chasule pour la Pentec\u00f4te - solennelles, broderie au m\u00e9tier et Laboratorio Gruppo Liturgico","description":"Magnifique chasuble en laine, soie et autres fibres naturelles. L\u00e9g\u00e8re et extr\u00eamement douce. Elle pr\u00e9sente une broderie riche et \u00e9labor\u00e9e d\u2019une croix entour\u00e9e d\u2019ornements nuanc\u00e9s qui se r\u00e9p\u00e8te tout au long de la chasuble. Elle pr\u00e9sente une coupe large, mesurant 130 cm de long et 145 cm de large. Elle est orn\u00e9e de passementeries dor\u00e9es.","robots":{"index":"index","follow":"follow","max-snippet":"max-snippet:-1","max-image-preview":"max-image-preview:large","max-video-preview":"max-video-preview:-1"},"canonical":"https:\/\/www.gruppoliturgico.com\/fr\/produit\/pentecost-chasuble\/","og_locale":"fr_FR","og_type":"article","og_title":"Chasule pour la Pentec\u00f4te - solennelles, broderie au m\u00e9tier et Laboratorio Gruppo Liturgico","og_description":"Magnifique chasuble en laine, soie et autres fibres naturelles. L\u00e9g\u00e8re et extr\u00eamement douce. Elle pr\u00e9sente une broderie riche et \u00e9labor\u00e9e d\u2019une croix entour\u00e9e d\u2019ornements nuanc\u00e9s qui se r\u00e9p\u00e8te tout au long de la chasuble. Elle pr\u00e9sente une coupe large, mesurant 130 cm de long et 145 cm de large. Elle est orn\u00e9e de passementeries dor\u00e9es.","og_url":"https:\/\/www.gruppoliturgico.com\/fr\/produit\/pentecost-chasuble\/","og_site_name":"Laboratorio Gruppo Liturgico","og_image":[{"width":1424,"height":2000,"url":"https:\/\/www.gruppoliturgico.com\/wp-content\/uploads\/2024\/12\/3971-rosso-nv-3.jpg","type":"image\/jpeg"}],"twitter_card":"summary_large_image","schema":{"@context":"https:\/\/schema.org","@graph":[{"@type":"WebPage","@id":"https:\/\/www.gruppoliturgico.com\/fr\/produit\/pentecost-chasuble\/","url":"https:\/\/www.gruppoliturgico.com\/fr\/produit\/pentecost-chasuble\/","name":"Chasule pour la Pentec\u00f4te - solennelles, broderie au m\u00e9tier et Laboratorio Gruppo Liturgico","isPartOf":{"@id":"https:\/\/www.gruppoliturgico.com\/es\/#website"},"datePublished":"2024-12-03T16:17:55+00:00","dateModified":"2024-12-03T16:17:55+00:00","description":"Magnifique chasuble en laine, soie et autres fibres naturelles. L\u00e9g\u00e8re et extr\u00eamement douce. Elle pr\u00e9sente une broderie riche et \u00e9labor\u00e9e d\u2019une croix entour\u00e9e d\u2019ornements nuanc\u00e9s qui se r\u00e9p\u00e8te tout au long de la chasuble. Elle pr\u00e9sente une coupe large, mesurant 130 cm de long et 145 cm de large. Elle est orn\u00e9e de passementeries dor\u00e9es.","breadcrumb":{"@id":"https:\/\/www.gruppoliturgico.com\/fr\/produit\/pentecost-chasuble\/#breadcrumb"},"inLanguage":"fr-FR","potentialAction":[{"@type":"ReadAction","target":["https:\/\/www.gruppoliturgico.com\/fr\/produit\/pentecost-chasuble\/"]}]},{"@type":"BreadcrumbList","@id":"https:\/\/www.gruppoliturgico.com\/fr\/produit\/pentecost-chasuble\/#breadcrumb","itemListElement":[{"@type":"ListItem","position":1,"name":"Home","item":"https:\/\/www.gruppoliturgico.com\/fr\/"},{"@type":"ListItem","position":2,"name":"Boutique","item":"https:\/\/www.gruppoliturgico.com\/fr\/boutique\/"},{"@type":"ListItem","position":3,"name":"Chasule pour la Pentec\u00f4te"}]},{"@type":"WebSite","@id":"https:\/\/www.gruppoliturgico.com\/es\/#website","url":"https:\/\/www.gruppoliturgico.com\/es\/","name":"Laboratorio Gruppo Liturgico","description":"Articoli Religiosi online","publisher":{"@id":"https:\/\/www.gruppoliturgico.com\/es\/#organization"},"potentialAction":[{"@type":"SearchAction","target":{"@type":"EntryPoint","urlTemplate":"https:\/\/www.gruppoliturgico.com\/es\/?s={search_term_string}"},"query-input":"required name=search_term_string"}],"inLanguage":"fr-FR"},{"@type":"Organization","@id":"https:\/\/www.gruppoliturgico.com\/es\/#organization","name":"Laboratorio Gruppo Liturgico","url":"https:\/\/www.gruppoliturgico.com\/es\/","logo":{"@type":"ImageObject","inLanguage":"fr-FR","@id":"https:\/\/www.gruppoliturgico.com\/es\/#\/schema\/logo\/image\/","url":"https:\/\/www.gruppoliturgico.com\/wp-content\/uploads\/2022\/02\/logo-laboratoriogruppoliturgico.png","contentUrl":"https:\/\/www.gruppoliturgico.com\/wp-content\/uploads\/2022\/02\/logo-laboratoriogruppoliturgico.png","width":400,"height":114,"caption":"Laboratorio Gruppo Liturgico"},"image":{"@id":"https:\/\/www.gruppoliturgico.com\/es\/#\/schema\/logo\/image\/"}}]}},"_links":{"self":[{"href":"https:\/\/www.gruppoliturgico.com\/fr\/wp-json\/wp\/v2\/product\/137604"}],"collection":[{"href":"https:\/\/www.gruppoliturgico.com\/fr\/wp-json\/wp\/v2\/product"}],"about":[{"href":"https:\/\/www.gruppoliturgico.com\/fr\/wp-json\/wp\/v2\/types\/product"}],"wp:featuredmedia":[{"embeddable":true,"href":"https:\/\/www.gruppoliturgico.com\/fr\/wp-json\/wp\/v2\/media\/137616"}],"wp:attachment":[{"href":"https:\/\/www.gruppoliturgico.com\/fr\/wp-json\/wp\/v2\/media?parent=137604"}],"wp:term":[{"taxonomy":"product_cat","embeddable":true,"href":"https:\/\/www.gruppoliturgico.com\/fr\/wp-json\/wp\/v2\/product_cat?post=137604"},{"taxonomy":"product_tag","embeddable":true,"href":"https:\/\/www.gruppoliturgico.com\/fr\/wp-json\/wp\/v2\/product_tag?post=137604"}],"curies":[{"name":"wp","href":"https:\/\/api.w.org\/{rel}","templated":true}]}}