{"id":137524,"date":"2024-11-29T16:38:39","date_gmt":"2024-11-29T15:38:39","guid":{"rendered":"https:\/\/www.gruppoliturgico.com\/prodotto\/anneau-episcopal-sainte-couronne\/"},"modified":"2024-11-29T16:38:39","modified_gmt":"2024-11-29T15:38:39","slug":"anneau-episcopal-sainte-couronne","status":"publish","type":"product","link":"https:\/\/www.gruppoliturgico.com\/fr\/produit\/anneau-episcopal-sainte-couronne\/","title":{"rendered":"Anneau \u00e8piscopal \u00ab Sainte Couronne \u00bb"},"content":{"rendered":"<html><body><p>Important travail artisanal enti\u00e8rement r\u00e9alis\u00e9 en argent cisel\u00e9 \u00e0 la main.<br>\nLa pierre est une am\u00e9thyste.<br>\nVersion en argent naturel.<br>\nS\u2019adapte \u00e0 toutes les tailles car elle est r\u00e9glable.<\/p>\n<\/body><\/html>","protected":false},"excerpt":{"rendered":"<p>Important travail artisanal enti\u00e8rement r\u00e9alis\u00e9 en argent cisel\u00e9 \u00e0 la main.<br \/>\nLa pierre est une am\u00e9thyste.<br \/>\nVersion en argent naturel.<br \/>\nS&rsquo;adapte \u00e0 toutes les tailles car elle est r\u00e9glable.<\/p>\n","protected":false},"featured_media":137517,"template":"","meta":[],"product_cat":[12112],"product_tag":[],"yoast_head":"<!-- This site is optimized with the Yoast SEO plugin v20.4 - https:\/\/yoast.com\/wordpress\/plugins\/seo\/ -->\n<title>Anneau \u00e8piscopal \u00ab Sainte Couronne \u00bb - anneaux \u00e9piscopaux et Laboratorio Gruppo Liturgico<\/title>\n<meta name=\"description\" content=\"Important travail artisanal enti\u00e8rement r\u00e9alis\u00e9 en argent cisel\u00e9 \u00e0 la main. La pierre est une am\u00e9thyste. Version en argent naturel. S&#039;adapte \u00e0 toutes les tailles car elle est r\u00e9glable.\" \/>\n<meta name=\"robots\" content=\"index, follow, max-snippet:-1, max-image-preview:large, max-video-preview:-1\" \/>\n<link rel=\"canonical\" href=\"https:\/\/www.gruppoliturgico.com\/fr\/produit\/anneau-episcopal-sainte-couronne\/\" \/>\n<meta property=\"og:locale\" content=\"fr_FR\" \/>\n<meta property=\"og:type\" content=\"article\" \/>\n<meta property=\"og:title\" content=\"Anneau \u00e8piscopal \u00ab Sainte Couronne \u00bb - anneaux \u00e9piscopaux et Laboratorio Gruppo Liturgico\" \/>\n<meta property=\"og:description\" content=\"Important travail artisanal enti\u00e8rement r\u00e9alis\u00e9 en argent cisel\u00e9 \u00e0 la main. La pierre est une am\u00e9thyste. Version en argent naturel. S&#039;adapte \u00e0 toutes les tailles car elle est r\u00e9glable.\" \/>\n<meta property=\"og:url\" content=\"https:\/\/www.gruppoliturgico.com\/fr\/produit\/anneau-episcopal-sainte-couronne\/\" \/>\n<meta property=\"og:site_name\" content=\"Laboratorio Gruppo Liturgico\" \/>\n<meta property=\"og:image\" content=\"https:\/\/www.gruppoliturgico.com\/wp-content\/uploads\/2024\/11\/485-arg-1.jpg\" \/>\n\t<meta property=\"og:image:width\" content=\"2000\" \/>\n\t<meta property=\"og:image:height\" content=\"1905\" \/>\n\t<meta property=\"og:image:type\" content=\"image\/jpeg\" \/>\n<meta name=\"twitter:card\" content=\"summary_large_image\" \/>\n<script type=\"application\/ld+json\" class=\"yoast-schema-graph\">{\"@context\":\"https:\/\/schema.org\",\"@graph\":[{\"@type\":\"WebPage\",\"@id\":\"https:\/\/www.gruppoliturgico.com\/fr\/produit\/anneau-episcopal-sainte-couronne\/\",\"url\":\"https:\/\/www.gruppoliturgico.com\/fr\/produit\/anneau-episcopal-sainte-couronne\/\",\"name\":\"Anneau \u00e8piscopal \u00ab Sainte Couronne \u00bb - anneaux \u00e9piscopaux et Laboratorio Gruppo Liturgico\",\"isPartOf\":{\"@id\":\"https:\/\/www.gruppoliturgico.com\/es\/#website\"},\"datePublished\":\"2024-11-29T15:38:39+00:00\",\"dateModified\":\"2024-11-29T15:38:39+00:00\",\"description\":\"Important travail artisanal enti\u00e8rement r\u00e9alis\u00e9 en argent cisel\u00e9 \u00e0 la main. La pierre est une am\u00e9thyste. Version en argent naturel. S'adapte \u00e0 toutes les tailles car elle est r\u00e9glable.\",\"breadcrumb\":{\"@id\":\"https:\/\/www.gruppoliturgico.com\/fr\/produit\/anneau-episcopal-sainte-couronne\/#breadcrumb\"},\"inLanguage\":\"fr-FR\",\"potentialAction\":[{\"@type\":\"ReadAction\",\"target\":[\"https:\/\/www.gruppoliturgico.com\/fr\/produit\/anneau-episcopal-sainte-couronne\/\"]}]},{\"@type\":\"BreadcrumbList\",\"@id\":\"https:\/\/www.gruppoliturgico.com\/fr\/produit\/anneau-episcopal-sainte-couronne\/#breadcrumb\",\"itemListElement\":[{\"@type\":\"ListItem\",\"position\":1,\"name\":\"Home\",\"item\":\"https:\/\/www.gruppoliturgico.com\/fr\/\"},{\"@type\":\"ListItem\",\"position\":2,\"name\":\"Boutique\",\"item\":\"https:\/\/www.gruppoliturgico.com\/fr\/boutique\/\"},{\"@type\":\"ListItem\",\"position\":3,\"name\":\"Anneau \u00e8piscopal \u00ab Sainte Couronne \u00bb\"}]},{\"@type\":\"WebSite\",\"@id\":\"https:\/\/www.gruppoliturgico.com\/es\/#website\",\"url\":\"https:\/\/www.gruppoliturgico.com\/es\/\",\"name\":\"Laboratorio Gruppo Liturgico\",\"description\":\"Articoli Religiosi online\",\"publisher\":{\"@id\":\"https:\/\/www.gruppoliturgico.com\/es\/#organization\"},\"potentialAction\":[{\"@type\":\"SearchAction\",\"target\":{\"@type\":\"EntryPoint\",\"urlTemplate\":\"https:\/\/www.gruppoliturgico.com\/es\/?s={search_term_string}\"},\"query-input\":\"required name=search_term_string\"}],\"inLanguage\":\"fr-FR\"},{\"@type\":\"Organization\",\"@id\":\"https:\/\/www.gruppoliturgico.com\/es\/#organization\",\"name\":\"Laboratorio Gruppo Liturgico\",\"url\":\"https:\/\/www.gruppoliturgico.com\/es\/\",\"logo\":{\"@type\":\"ImageObject\",\"inLanguage\":\"fr-FR\",\"@id\":\"https:\/\/www.gruppoliturgico.com\/es\/#\/schema\/logo\/image\/\",\"url\":\"https:\/\/www.gruppoliturgico.com\/wp-content\/uploads\/2022\/02\/logo-laboratoriogruppoliturgico.png\",\"contentUrl\":\"https:\/\/www.gruppoliturgico.com\/wp-content\/uploads\/2022\/02\/logo-laboratoriogruppoliturgico.png\",\"width\":400,\"height\":114,\"caption\":\"Laboratorio Gruppo Liturgico\"},\"image\":{\"@id\":\"https:\/\/www.gruppoliturgico.com\/es\/#\/schema\/logo\/image\/\"}}]}<\/script>\n<!-- \/ Yoast SEO plugin. -->","yoast_head_json":{"title":"Anneau \u00e8piscopal \u00ab Sainte Couronne \u00bb - anneaux \u00e9piscopaux et Laboratorio Gruppo Liturgico","description":"Important travail artisanal enti\u00e8rement r\u00e9alis\u00e9 en argent cisel\u00e9 \u00e0 la main. La pierre est une am\u00e9thyste. Version en argent naturel. S'adapte \u00e0 toutes les tailles car elle est r\u00e9glable.","robots":{"index":"index","follow":"follow","max-snippet":"max-snippet:-1","max-image-preview":"max-image-preview:large","max-video-preview":"max-video-preview:-1"},"canonical":"https:\/\/www.gruppoliturgico.com\/fr\/produit\/anneau-episcopal-sainte-couronne\/","og_locale":"fr_FR","og_type":"article","og_title":"Anneau \u00e8piscopal \u00ab Sainte Couronne \u00bb - anneaux \u00e9piscopaux et Laboratorio Gruppo Liturgico","og_description":"Important travail artisanal enti\u00e8rement r\u00e9alis\u00e9 en argent cisel\u00e9 \u00e0 la main. La pierre est une am\u00e9thyste. Version en argent naturel. S'adapte \u00e0 toutes les tailles car elle est r\u00e9glable.","og_url":"https:\/\/www.gruppoliturgico.com\/fr\/produit\/anneau-episcopal-sainte-couronne\/","og_site_name":"Laboratorio Gruppo Liturgico","og_image":[{"width":2000,"height":1905,"url":"https:\/\/www.gruppoliturgico.com\/wp-content\/uploads\/2024\/11\/485-arg-1.jpg","type":"image\/jpeg"}],"twitter_card":"summary_large_image","schema":{"@context":"https:\/\/schema.org","@graph":[{"@type":"WebPage","@id":"https:\/\/www.gruppoliturgico.com\/fr\/produit\/anneau-episcopal-sainte-couronne\/","url":"https:\/\/www.gruppoliturgico.com\/fr\/produit\/anneau-episcopal-sainte-couronne\/","name":"Anneau \u00e8piscopal \u00ab Sainte Couronne \u00bb - anneaux \u00e9piscopaux et Laboratorio Gruppo Liturgico","isPartOf":{"@id":"https:\/\/www.gruppoliturgico.com\/es\/#website"},"datePublished":"2024-11-29T15:38:39+00:00","dateModified":"2024-11-29T15:38:39+00:00","description":"Important travail artisanal enti\u00e8rement r\u00e9alis\u00e9 en argent cisel\u00e9 \u00e0 la main. La pierre est une am\u00e9thyste. Version en argent naturel. S'adapte \u00e0 toutes les tailles car elle est r\u00e9glable.","breadcrumb":{"@id":"https:\/\/www.gruppoliturgico.com\/fr\/produit\/anneau-episcopal-sainte-couronne\/#breadcrumb"},"inLanguage":"fr-FR","potentialAction":[{"@type":"ReadAction","target":["https:\/\/www.gruppoliturgico.com\/fr\/produit\/anneau-episcopal-sainte-couronne\/"]}]},{"@type":"BreadcrumbList","@id":"https:\/\/www.gruppoliturgico.com\/fr\/produit\/anneau-episcopal-sainte-couronne\/#breadcrumb","itemListElement":[{"@type":"ListItem","position":1,"name":"Home","item":"https:\/\/www.gruppoliturgico.com\/fr\/"},{"@type":"ListItem","position":2,"name":"Boutique","item":"https:\/\/www.gruppoliturgico.com\/fr\/boutique\/"},{"@type":"ListItem","position":3,"name":"Anneau \u00e8piscopal \u00ab Sainte Couronne \u00bb"}]},{"@type":"WebSite","@id":"https:\/\/www.gruppoliturgico.com\/es\/#website","url":"https:\/\/www.gruppoliturgico.com\/es\/","name":"Laboratorio Gruppo Liturgico","description":"Articoli Religiosi online","publisher":{"@id":"https:\/\/www.gruppoliturgico.com\/es\/#organization"},"potentialAction":[{"@type":"SearchAction","target":{"@type":"EntryPoint","urlTemplate":"https:\/\/www.gruppoliturgico.com\/es\/?s={search_term_string}"},"query-input":"required name=search_term_string"}],"inLanguage":"fr-FR"},{"@type":"Organization","@id":"https:\/\/www.gruppoliturgico.com\/es\/#organization","name":"Laboratorio Gruppo Liturgico","url":"https:\/\/www.gruppoliturgico.com\/es\/","logo":{"@type":"ImageObject","inLanguage":"fr-FR","@id":"https:\/\/www.gruppoliturgico.com\/es\/#\/schema\/logo\/image\/","url":"https:\/\/www.gruppoliturgico.com\/wp-content\/uploads\/2022\/02\/logo-laboratoriogruppoliturgico.png","contentUrl":"https:\/\/www.gruppoliturgico.com\/wp-content\/uploads\/2022\/02\/logo-laboratoriogruppoliturgico.png","width":400,"height":114,"caption":"Laboratorio Gruppo Liturgico"},"image":{"@id":"https:\/\/www.gruppoliturgico.com\/es\/#\/schema\/logo\/image\/"}}]}},"_links":{"self":[{"href":"https:\/\/www.gruppoliturgico.com\/fr\/wp-json\/wp\/v2\/product\/137524"}],"collection":[{"href":"https:\/\/www.gruppoliturgico.com\/fr\/wp-json\/wp\/v2\/product"}],"about":[{"href":"https:\/\/www.gruppoliturgico.com\/fr\/wp-json\/wp\/v2\/types\/product"}],"wp:featuredmedia":[{"embeddable":true,"href":"https:\/\/www.gruppoliturgico.com\/fr\/wp-json\/wp\/v2\/media\/137517"}],"wp:attachment":[{"href":"https:\/\/www.gruppoliturgico.com\/fr\/wp-json\/wp\/v2\/media?parent=137524"}],"wp:term":[{"taxonomy":"product_cat","embeddable":true,"href":"https:\/\/www.gruppoliturgico.com\/fr\/wp-json\/wp\/v2\/product_cat?post=137524"},{"taxonomy":"product_tag","embeddable":true,"href":"https:\/\/www.gruppoliturgico.com\/fr\/wp-json\/wp\/v2\/product_tag?post=137524"}],"curies":[{"name":"wp","href":"https:\/\/api.w.org\/{rel}","templated":true}]}}