{"id":137512,"date":"2024-11-29T15:57:21","date_gmt":"2024-11-29T14:57:21","guid":{"rendered":"https:\/\/www.gruppoliturgico.com\/prodotto\/crosse-3\/"},"modified":"2024-11-29T15:57:21","modified_gmt":"2024-11-29T14:57:21","slug":"crosse-3","status":"publish","type":"product","link":"https:\/\/www.gruppoliturgico.com\/fr\/produit\/crosse-3\/","title":{"rendered":"Crosse"},"content":{"rendered":"<html><body><p>Crosse d\u2019\u00e9v\u00eaque en laiton argent\u00e9.<br>\nMagnifique travail d\u2019artisanat avec des feuilles d\u2019olivier coul\u00e9es \u00e0 la cire perdue et des ciselures \u00e0 la main.<br>\nImportante pierre de n\u0153ud centrale.<br>\nLe plaqu\u00e9 argent peut \u00e9galement \u00eatre fourni dans d\u2019autres couleurs.<br>\nHauteur 40 cm.<br>\nLivr\u00e9 avec une tige m\u00e9tallique de 150 cm divisible en trois parties.<br>\nMallette de transport incluse.<\/p>\n<\/body><\/html>","protected":false},"excerpt":{"rendered":"<p>Crosse d&rsquo;\u00e9v\u00eaque en laiton argent\u00e9.<br \/>\nMagnifique travail d&rsquo;artisanat avec des feuilles d&rsquo;olivier coul\u00e9es \u00e0 la cire perdue et des ciselures \u00e0 la main.<br \/>\nImportante pierre de n\u0153ud centrale.<br \/>\nLe plaqu\u00e9 argent peut \u00e9galement \u00eatre fourni dans d&rsquo;autres couleurs.<br \/>\nHauteur 40 cm.<br \/>\nLivr\u00e9 avec une tige m\u00e9tallique de 150 cm divisible en trois parties.<br \/>\nMallette de transport incluse.<\/p>\n","protected":false},"featured_media":137509,"template":"","meta":[],"product_cat":[12120],"product_tag":[],"yoast_head":"<!-- This site is optimized with the Yoast SEO plugin v20.4 - https:\/\/yoast.com\/wordpress\/plugins\/seo\/ -->\n<title>Crosse - crosses et Laboratorio Gruppo Liturgico<\/title>\n<meta name=\"description\" content=\"Crosse d&#039;\u00e9v\u00eaque en laiton argent\u00e9. Magnifique travail d&#039;artisanat avec des feuilles d&#039;olivier coul\u00e9es \u00e0 la cire perdue et des ciselures \u00e0 la main. Importante pierre de n\u0153ud centrale. Le plaqu\u00e9 argent peut \u00e9galement \u00eatre fourni dans d&#039;autres couleurs. Hauteur 40 cm. Livr\u00e9 avec une tige m\u00e9tallique de 150 cm divisible en trois parties. Mallette de transport incluse.\" \/>\n<meta name=\"robots\" content=\"index, follow, max-snippet:-1, max-image-preview:large, max-video-preview:-1\" \/>\n<link rel=\"canonical\" href=\"https:\/\/www.gruppoliturgico.com\/fr\/produit\/crosse-3\/\" \/>\n<meta property=\"og:locale\" content=\"fr_FR\" \/>\n<meta property=\"og:type\" content=\"article\" \/>\n<meta property=\"og:title\" content=\"Crosse - crosses et Laboratorio Gruppo Liturgico\" \/>\n<meta property=\"og:description\" content=\"Crosse d&#039;\u00e9v\u00eaque en laiton argent\u00e9. Magnifique travail d&#039;artisanat avec des feuilles d&#039;olivier coul\u00e9es \u00e0 la cire perdue et des ciselures \u00e0 la main. Importante pierre de n\u0153ud centrale. Le plaqu\u00e9 argent peut \u00e9galement \u00eatre fourni dans d&#039;autres couleurs. Hauteur 40 cm. Livr\u00e9 avec une tige m\u00e9tallique de 150 cm divisible en trois parties. Mallette de transport incluse.\" \/>\n<meta property=\"og:url\" content=\"https:\/\/www.gruppoliturgico.com\/fr\/produit\/crosse-3\/\" \/>\n<meta property=\"og:site_name\" content=\"Laboratorio Gruppo Liturgico\" \/>\n<meta property=\"og:image\" content=\"https:\/\/www.gruppoliturgico.com\/wp-content\/uploads\/2024\/11\/4086-1.jpg\" \/>\n\t<meta property=\"og:image:width\" content=\"1157\" \/>\n\t<meta property=\"og:image:height\" content=\"2000\" \/>\n\t<meta property=\"og:image:type\" content=\"image\/jpeg\" \/>\n<meta name=\"twitter:card\" content=\"summary_large_image\" \/>\n<script type=\"application\/ld+json\" class=\"yoast-schema-graph\">{\"@context\":\"https:\/\/schema.org\",\"@graph\":[{\"@type\":\"WebPage\",\"@id\":\"https:\/\/www.gruppoliturgico.com\/fr\/produit\/crosse-3\/\",\"url\":\"https:\/\/www.gruppoliturgico.com\/fr\/produit\/crosse-3\/\",\"name\":\"Crosse - crosses et Laboratorio Gruppo Liturgico\",\"isPartOf\":{\"@id\":\"https:\/\/www.gruppoliturgico.com\/es\/#website\"},\"datePublished\":\"2024-11-29T14:57:21+00:00\",\"dateModified\":\"2024-11-29T14:57:21+00:00\",\"description\":\"Crosse d'\u00e9v\u00eaque en laiton argent\u00e9. Magnifique travail d'artisanat avec des feuilles d'olivier coul\u00e9es \u00e0 la cire perdue et des ciselures \u00e0 la main. Importante pierre de n\u0153ud centrale. Le plaqu\u00e9 argent peut \u00e9galement \u00eatre fourni dans d'autres couleurs. Hauteur 40 cm. Livr\u00e9 avec une tige m\u00e9tallique de 150 cm divisible en trois parties. Mallette de transport incluse.\",\"breadcrumb\":{\"@id\":\"https:\/\/www.gruppoliturgico.com\/fr\/produit\/crosse-3\/#breadcrumb\"},\"inLanguage\":\"fr-FR\",\"potentialAction\":[{\"@type\":\"ReadAction\",\"target\":[\"https:\/\/www.gruppoliturgico.com\/fr\/produit\/crosse-3\/\"]}]},{\"@type\":\"BreadcrumbList\",\"@id\":\"https:\/\/www.gruppoliturgico.com\/fr\/produit\/crosse-3\/#breadcrumb\",\"itemListElement\":[{\"@type\":\"ListItem\",\"position\":1,\"name\":\"Home\",\"item\":\"https:\/\/www.gruppoliturgico.com\/fr\/\"},{\"@type\":\"ListItem\",\"position\":2,\"name\":\"Boutique\",\"item\":\"https:\/\/www.gruppoliturgico.com\/fr\/boutique\/\"},{\"@type\":\"ListItem\",\"position\":3,\"name\":\"Crosse\"}]},{\"@type\":\"WebSite\",\"@id\":\"https:\/\/www.gruppoliturgico.com\/es\/#website\",\"url\":\"https:\/\/www.gruppoliturgico.com\/es\/\",\"name\":\"Laboratorio Gruppo Liturgico\",\"description\":\"Articoli Religiosi online\",\"publisher\":{\"@id\":\"https:\/\/www.gruppoliturgico.com\/es\/#organization\"},\"potentialAction\":[{\"@type\":\"SearchAction\",\"target\":{\"@type\":\"EntryPoint\",\"urlTemplate\":\"https:\/\/www.gruppoliturgico.com\/es\/?s={search_term_string}\"},\"query-input\":\"required name=search_term_string\"}],\"inLanguage\":\"fr-FR\"},{\"@type\":\"Organization\",\"@id\":\"https:\/\/www.gruppoliturgico.com\/es\/#organization\",\"name\":\"Laboratorio Gruppo Liturgico\",\"url\":\"https:\/\/www.gruppoliturgico.com\/es\/\",\"logo\":{\"@type\":\"ImageObject\",\"inLanguage\":\"fr-FR\",\"@id\":\"https:\/\/www.gruppoliturgico.com\/es\/#\/schema\/logo\/image\/\",\"url\":\"https:\/\/www.gruppoliturgico.com\/wp-content\/uploads\/2022\/02\/logo-laboratoriogruppoliturgico.png\",\"contentUrl\":\"https:\/\/www.gruppoliturgico.com\/wp-content\/uploads\/2022\/02\/logo-laboratoriogruppoliturgico.png\",\"width\":400,\"height\":114,\"caption\":\"Laboratorio Gruppo Liturgico\"},\"image\":{\"@id\":\"https:\/\/www.gruppoliturgico.com\/es\/#\/schema\/logo\/image\/\"}}]}<\/script>\n<!-- \/ Yoast SEO plugin. -->","yoast_head_json":{"title":"Crosse - crosses et Laboratorio Gruppo Liturgico","description":"Crosse d'\u00e9v\u00eaque en laiton argent\u00e9. Magnifique travail d'artisanat avec des feuilles d'olivier coul\u00e9es \u00e0 la cire perdue et des ciselures \u00e0 la main. Importante pierre de n\u0153ud centrale. Le plaqu\u00e9 argent peut \u00e9galement \u00eatre fourni dans d'autres couleurs. Hauteur 40 cm. Livr\u00e9 avec une tige m\u00e9tallique de 150 cm divisible en trois parties. Mallette de transport incluse.","robots":{"index":"index","follow":"follow","max-snippet":"max-snippet:-1","max-image-preview":"max-image-preview:large","max-video-preview":"max-video-preview:-1"},"canonical":"https:\/\/www.gruppoliturgico.com\/fr\/produit\/crosse-3\/","og_locale":"fr_FR","og_type":"article","og_title":"Crosse - crosses et Laboratorio Gruppo Liturgico","og_description":"Crosse d'\u00e9v\u00eaque en laiton argent\u00e9. Magnifique travail d'artisanat avec des feuilles d'olivier coul\u00e9es \u00e0 la cire perdue et des ciselures \u00e0 la main. Importante pierre de n\u0153ud centrale. Le plaqu\u00e9 argent peut \u00e9galement \u00eatre fourni dans d'autres couleurs. Hauteur 40 cm. Livr\u00e9 avec une tige m\u00e9tallique de 150 cm divisible en trois parties. Mallette de transport incluse.","og_url":"https:\/\/www.gruppoliturgico.com\/fr\/produit\/crosse-3\/","og_site_name":"Laboratorio Gruppo Liturgico","og_image":[{"width":1157,"height":2000,"url":"https:\/\/www.gruppoliturgico.com\/wp-content\/uploads\/2024\/11\/4086-1.jpg","type":"image\/jpeg"}],"twitter_card":"summary_large_image","schema":{"@context":"https:\/\/schema.org","@graph":[{"@type":"WebPage","@id":"https:\/\/www.gruppoliturgico.com\/fr\/produit\/crosse-3\/","url":"https:\/\/www.gruppoliturgico.com\/fr\/produit\/crosse-3\/","name":"Crosse - crosses et Laboratorio Gruppo Liturgico","isPartOf":{"@id":"https:\/\/www.gruppoliturgico.com\/es\/#website"},"datePublished":"2024-11-29T14:57:21+00:00","dateModified":"2024-11-29T14:57:21+00:00","description":"Crosse d'\u00e9v\u00eaque en laiton argent\u00e9. Magnifique travail d'artisanat avec des feuilles d'olivier coul\u00e9es \u00e0 la cire perdue et des ciselures \u00e0 la main. Importante pierre de n\u0153ud centrale. Le plaqu\u00e9 argent peut \u00e9galement \u00eatre fourni dans d'autres couleurs. Hauteur 40 cm. Livr\u00e9 avec une tige m\u00e9tallique de 150 cm divisible en trois parties. Mallette de transport incluse.","breadcrumb":{"@id":"https:\/\/www.gruppoliturgico.com\/fr\/produit\/crosse-3\/#breadcrumb"},"inLanguage":"fr-FR","potentialAction":[{"@type":"ReadAction","target":["https:\/\/www.gruppoliturgico.com\/fr\/produit\/crosse-3\/"]}]},{"@type":"BreadcrumbList","@id":"https:\/\/www.gruppoliturgico.com\/fr\/produit\/crosse-3\/#breadcrumb","itemListElement":[{"@type":"ListItem","position":1,"name":"Home","item":"https:\/\/www.gruppoliturgico.com\/fr\/"},{"@type":"ListItem","position":2,"name":"Boutique","item":"https:\/\/www.gruppoliturgico.com\/fr\/boutique\/"},{"@type":"ListItem","position":3,"name":"Crosse"}]},{"@type":"WebSite","@id":"https:\/\/www.gruppoliturgico.com\/es\/#website","url":"https:\/\/www.gruppoliturgico.com\/es\/","name":"Laboratorio Gruppo Liturgico","description":"Articoli Religiosi online","publisher":{"@id":"https:\/\/www.gruppoliturgico.com\/es\/#organization"},"potentialAction":[{"@type":"SearchAction","target":{"@type":"EntryPoint","urlTemplate":"https:\/\/www.gruppoliturgico.com\/es\/?s={search_term_string}"},"query-input":"required name=search_term_string"}],"inLanguage":"fr-FR"},{"@type":"Organization","@id":"https:\/\/www.gruppoliturgico.com\/es\/#organization","name":"Laboratorio Gruppo Liturgico","url":"https:\/\/www.gruppoliturgico.com\/es\/","logo":{"@type":"ImageObject","inLanguage":"fr-FR","@id":"https:\/\/www.gruppoliturgico.com\/es\/#\/schema\/logo\/image\/","url":"https:\/\/www.gruppoliturgico.com\/wp-content\/uploads\/2022\/02\/logo-laboratoriogruppoliturgico.png","contentUrl":"https:\/\/www.gruppoliturgico.com\/wp-content\/uploads\/2022\/02\/logo-laboratoriogruppoliturgico.png","width":400,"height":114,"caption":"Laboratorio Gruppo Liturgico"},"image":{"@id":"https:\/\/www.gruppoliturgico.com\/es\/#\/schema\/logo\/image\/"}}]}},"_links":{"self":[{"href":"https:\/\/www.gruppoliturgico.com\/fr\/wp-json\/wp\/v2\/product\/137512"}],"collection":[{"href":"https:\/\/www.gruppoliturgico.com\/fr\/wp-json\/wp\/v2\/product"}],"about":[{"href":"https:\/\/www.gruppoliturgico.com\/fr\/wp-json\/wp\/v2\/types\/product"}],"wp:featuredmedia":[{"embeddable":true,"href":"https:\/\/www.gruppoliturgico.com\/fr\/wp-json\/wp\/v2\/media\/137509"}],"wp:attachment":[{"href":"https:\/\/www.gruppoliturgico.com\/fr\/wp-json\/wp\/v2\/media?parent=137512"}],"wp:term":[{"taxonomy":"product_cat","embeddable":true,"href":"https:\/\/www.gruppoliturgico.com\/fr\/wp-json\/wp\/v2\/product_cat?post=137512"},{"taxonomy":"product_tag","embeddable":true,"href":"https:\/\/www.gruppoliturgico.com\/fr\/wp-json\/wp\/v2\/product_tag?post=137512"}],"curies":[{"name":"wp","href":"https:\/\/api.w.org\/{rel}","templated":true}]}}