{"id":137417,"date":"2024-11-21T15:31:37","date_gmt":"2024-11-21T14:31:37","guid":{"rendered":"https:\/\/www.gruppoliturgico.com\/prodotto\/croix-pectorale-en-argent\/"},"modified":"2026-04-23T10:48:30","modified_gmt":"2026-04-23T08:48:30","slug":"croix-pectorale-en-argent","status":"publish","type":"product","link":"https:\/\/www.gruppoliturgico.com\/fr\/produit\/croix-pectorale-en-argent\/","title":{"rendered":"Croix pectorale en argent"},"content":{"rendered":"<html><body><p>Croix pectorale en argent pur avec un relief de feuilles d\u2019acanthe cisel\u00e9 \u00e0 la main.<br>\nLa pierre ornementale est une am\u00e9thyste.<br>\nComplete avec \u00e9tui.<br>\nLe prix ne comprend pas la cha\u00eenette.<br>\nDimensions : 10 x 7 cm<\/p>\n<\/body><\/html>","protected":false},"excerpt":{"rendered":"<p>Croix pectorale en argent pur avec un relief de feuilles d&rsquo;acanthe cisel\u00e9 \u00e0 la main.<br \/>\nLa pierre ornementale est une am\u00e9thyste.<br \/>\nComplete avec \u00e9tui.<br \/>\nLe prix ne comprend pas la cha\u00eenette.<br \/>\nDimensions : 10 x 7 cm<\/p>\n","protected":false},"featured_media":137414,"template":"","meta":[],"product_cat":[12116],"product_tag":[],"yoast_head":"<!-- This site is optimized with the Yoast SEO plugin v20.4 - https:\/\/yoast.com\/wordpress\/plugins\/seo\/ -->\n<title>Croix pectorale en argent - croix pectorales et Laboratorio Gruppo Liturgico<\/title>\n<meta name=\"description\" content=\"Croix pectorale en argent pur avec un relief de feuilles d&#039;acanthe cisel\u00e9 \u00e0 la main. La pierre ornementale est une am\u00e9thyste. Complete avec \u00e9tui. Le prix ne comprend pas la cha\u00eenette. Dimensions : 10 x 7 cm\" \/>\n<meta name=\"robots\" content=\"index, follow, max-snippet:-1, max-image-preview:large, max-video-preview:-1\" \/>\n<link rel=\"canonical\" href=\"https:\/\/www.gruppoliturgico.com\/fr\/produit\/croix-pectorale-en-argent\/\" \/>\n<meta property=\"og:locale\" content=\"fr_FR\" \/>\n<meta property=\"og:type\" content=\"article\" \/>\n<meta property=\"og:title\" content=\"Croix pectorale en argent - croix pectorales et Laboratorio Gruppo Liturgico\" \/>\n<meta property=\"og:description\" content=\"Croix pectorale en argent pur avec un relief de feuilles d&#039;acanthe cisel\u00e9 \u00e0 la main. La pierre ornementale est une am\u00e9thyste. Complete avec \u00e9tui. Le prix ne comprend pas la cha\u00eenette. Dimensions : 10 x 7 cm\" \/>\n<meta property=\"og:url\" content=\"https:\/\/www.gruppoliturgico.com\/fr\/produit\/croix-pectorale-en-argent\/\" \/>\n<meta property=\"og:site_name\" content=\"Laboratorio Gruppo Liturgico\" \/>\n<meta property=\"article:modified_time\" content=\"2026-04-23T08:48:30+00:00\" \/>\n<meta property=\"og:image\" content=\"https:\/\/www.gruppoliturgico.com\/wp-content\/uploads\/2024\/11\/4084-1.jpg\" \/>\n\t<meta property=\"og:image:width\" content=\"1345\" \/>\n\t<meta property=\"og:image:height\" content=\"2000\" \/>\n\t<meta property=\"og:image:type\" content=\"image\/jpeg\" \/>\n<meta name=\"twitter:card\" content=\"summary_large_image\" \/>\n<script type=\"application\/ld+json\" class=\"yoast-schema-graph\">{\"@context\":\"https:\/\/schema.org\",\"@graph\":[{\"@type\":\"WebPage\",\"@id\":\"https:\/\/www.gruppoliturgico.com\/fr\/produit\/croix-pectorale-en-argent\/\",\"url\":\"https:\/\/www.gruppoliturgico.com\/fr\/produit\/croix-pectorale-en-argent\/\",\"name\":\"Croix pectorale en argent - croix pectorales et Laboratorio Gruppo Liturgico\",\"isPartOf\":{\"@id\":\"https:\/\/www.gruppoliturgico.com\/es\/#website\"},\"datePublished\":\"2024-11-21T14:31:37+00:00\",\"dateModified\":\"2026-04-23T08:48:30+00:00\",\"description\":\"Croix pectorale en argent pur avec un relief de feuilles d'acanthe cisel\u00e9 \u00e0 la main. La pierre ornementale est une am\u00e9thyste. Complete avec \u00e9tui. Le prix ne comprend pas la cha\u00eenette. Dimensions : 10 x 7 cm\",\"breadcrumb\":{\"@id\":\"https:\/\/www.gruppoliturgico.com\/fr\/produit\/croix-pectorale-en-argent\/#breadcrumb\"},\"inLanguage\":\"fr-FR\",\"potentialAction\":[{\"@type\":\"ReadAction\",\"target\":[\"https:\/\/www.gruppoliturgico.com\/fr\/produit\/croix-pectorale-en-argent\/\"]}]},{\"@type\":\"BreadcrumbList\",\"@id\":\"https:\/\/www.gruppoliturgico.com\/fr\/produit\/croix-pectorale-en-argent\/#breadcrumb\",\"itemListElement\":[{\"@type\":\"ListItem\",\"position\":1,\"name\":\"Home\",\"item\":\"https:\/\/www.gruppoliturgico.com\/fr\/\"},{\"@type\":\"ListItem\",\"position\":2,\"name\":\"Boutique\",\"item\":\"https:\/\/www.gruppoliturgico.com\/fr\/boutique\/\"},{\"@type\":\"ListItem\",\"position\":3,\"name\":\"Croix pectorale en argent\"}]},{\"@type\":\"WebSite\",\"@id\":\"https:\/\/www.gruppoliturgico.com\/es\/#website\",\"url\":\"https:\/\/www.gruppoliturgico.com\/es\/\",\"name\":\"Laboratorio Gruppo Liturgico\",\"description\":\"Articoli Religiosi online\",\"publisher\":{\"@id\":\"https:\/\/www.gruppoliturgico.com\/es\/#organization\"},\"potentialAction\":[{\"@type\":\"SearchAction\",\"target\":{\"@type\":\"EntryPoint\",\"urlTemplate\":\"https:\/\/www.gruppoliturgico.com\/es\/?s={search_term_string}\"},\"query-input\":\"required name=search_term_string\"}],\"inLanguage\":\"fr-FR\"},{\"@type\":\"Organization\",\"@id\":\"https:\/\/www.gruppoliturgico.com\/es\/#organization\",\"name\":\"Laboratorio Gruppo Liturgico\",\"url\":\"https:\/\/www.gruppoliturgico.com\/es\/\",\"logo\":{\"@type\":\"ImageObject\",\"inLanguage\":\"fr-FR\",\"@id\":\"https:\/\/www.gruppoliturgico.com\/es\/#\/schema\/logo\/image\/\",\"url\":\"https:\/\/www.gruppoliturgico.com\/wp-content\/uploads\/2022\/02\/logo-laboratoriogruppoliturgico.png\",\"contentUrl\":\"https:\/\/www.gruppoliturgico.com\/wp-content\/uploads\/2022\/02\/logo-laboratoriogruppoliturgico.png\",\"width\":400,\"height\":114,\"caption\":\"Laboratorio Gruppo Liturgico\"},\"image\":{\"@id\":\"https:\/\/www.gruppoliturgico.com\/es\/#\/schema\/logo\/image\/\"}}]}<\/script>\n<!-- \/ Yoast SEO plugin. -->","yoast_head_json":{"title":"Croix pectorale en argent - croix pectorales et Laboratorio Gruppo Liturgico","description":"Croix pectorale en argent pur avec un relief de feuilles d'acanthe cisel\u00e9 \u00e0 la main. La pierre ornementale est une am\u00e9thyste. Complete avec \u00e9tui. Le prix ne comprend pas la cha\u00eenette. Dimensions : 10 x 7 cm","robots":{"index":"index","follow":"follow","max-snippet":"max-snippet:-1","max-image-preview":"max-image-preview:large","max-video-preview":"max-video-preview:-1"},"canonical":"https:\/\/www.gruppoliturgico.com\/fr\/produit\/croix-pectorale-en-argent\/","og_locale":"fr_FR","og_type":"article","og_title":"Croix pectorale en argent - croix pectorales et Laboratorio Gruppo Liturgico","og_description":"Croix pectorale en argent pur avec un relief de feuilles d'acanthe cisel\u00e9 \u00e0 la main. La pierre ornementale est une am\u00e9thyste. Complete avec \u00e9tui. Le prix ne comprend pas la cha\u00eenette. Dimensions : 10 x 7 cm","og_url":"https:\/\/www.gruppoliturgico.com\/fr\/produit\/croix-pectorale-en-argent\/","og_site_name":"Laboratorio Gruppo Liturgico","article_modified_time":"2026-04-23T08:48:30+00:00","og_image":[{"width":1345,"height":2000,"url":"https:\/\/www.gruppoliturgico.com\/wp-content\/uploads\/2024\/11\/4084-1.jpg","type":"image\/jpeg"}],"twitter_card":"summary_large_image","schema":{"@context":"https:\/\/schema.org","@graph":[{"@type":"WebPage","@id":"https:\/\/www.gruppoliturgico.com\/fr\/produit\/croix-pectorale-en-argent\/","url":"https:\/\/www.gruppoliturgico.com\/fr\/produit\/croix-pectorale-en-argent\/","name":"Croix pectorale en argent - croix pectorales et Laboratorio Gruppo Liturgico","isPartOf":{"@id":"https:\/\/www.gruppoliturgico.com\/es\/#website"},"datePublished":"2024-11-21T14:31:37+00:00","dateModified":"2026-04-23T08:48:30+00:00","description":"Croix pectorale en argent pur avec un relief de feuilles d'acanthe cisel\u00e9 \u00e0 la main. La pierre ornementale est une am\u00e9thyste. Complete avec \u00e9tui. Le prix ne comprend pas la cha\u00eenette. Dimensions : 10 x 7 cm","breadcrumb":{"@id":"https:\/\/www.gruppoliturgico.com\/fr\/produit\/croix-pectorale-en-argent\/#breadcrumb"},"inLanguage":"fr-FR","potentialAction":[{"@type":"ReadAction","target":["https:\/\/www.gruppoliturgico.com\/fr\/produit\/croix-pectorale-en-argent\/"]}]},{"@type":"BreadcrumbList","@id":"https:\/\/www.gruppoliturgico.com\/fr\/produit\/croix-pectorale-en-argent\/#breadcrumb","itemListElement":[{"@type":"ListItem","position":1,"name":"Home","item":"https:\/\/www.gruppoliturgico.com\/fr\/"},{"@type":"ListItem","position":2,"name":"Boutique","item":"https:\/\/www.gruppoliturgico.com\/fr\/boutique\/"},{"@type":"ListItem","position":3,"name":"Croix pectorale en argent"}]},{"@type":"WebSite","@id":"https:\/\/www.gruppoliturgico.com\/es\/#website","url":"https:\/\/www.gruppoliturgico.com\/es\/","name":"Laboratorio Gruppo Liturgico","description":"Articoli Religiosi online","publisher":{"@id":"https:\/\/www.gruppoliturgico.com\/es\/#organization"},"potentialAction":[{"@type":"SearchAction","target":{"@type":"EntryPoint","urlTemplate":"https:\/\/www.gruppoliturgico.com\/es\/?s={search_term_string}"},"query-input":"required name=search_term_string"}],"inLanguage":"fr-FR"},{"@type":"Organization","@id":"https:\/\/www.gruppoliturgico.com\/es\/#organization","name":"Laboratorio Gruppo Liturgico","url":"https:\/\/www.gruppoliturgico.com\/es\/","logo":{"@type":"ImageObject","inLanguage":"fr-FR","@id":"https:\/\/www.gruppoliturgico.com\/es\/#\/schema\/logo\/image\/","url":"https:\/\/www.gruppoliturgico.com\/wp-content\/uploads\/2022\/02\/logo-laboratoriogruppoliturgico.png","contentUrl":"https:\/\/www.gruppoliturgico.com\/wp-content\/uploads\/2022\/02\/logo-laboratoriogruppoliturgico.png","width":400,"height":114,"caption":"Laboratorio Gruppo Liturgico"},"image":{"@id":"https:\/\/www.gruppoliturgico.com\/es\/#\/schema\/logo\/image\/"}}]}},"_links":{"self":[{"href":"https:\/\/www.gruppoliturgico.com\/fr\/wp-json\/wp\/v2\/product\/137417"}],"collection":[{"href":"https:\/\/www.gruppoliturgico.com\/fr\/wp-json\/wp\/v2\/product"}],"about":[{"href":"https:\/\/www.gruppoliturgico.com\/fr\/wp-json\/wp\/v2\/types\/product"}],"wp:featuredmedia":[{"embeddable":true,"href":"https:\/\/www.gruppoliturgico.com\/fr\/wp-json\/wp\/v2\/media\/137414"}],"wp:attachment":[{"href":"https:\/\/www.gruppoliturgico.com\/fr\/wp-json\/wp\/v2\/media?parent=137417"}],"wp:term":[{"taxonomy":"product_cat","embeddable":true,"href":"https:\/\/www.gruppoliturgico.com\/fr\/wp-json\/wp\/v2\/product_cat?post=137417"},{"taxonomy":"product_tag","embeddable":true,"href":"https:\/\/www.gruppoliturgico.com\/fr\/wp-json\/wp\/v2\/product_tag?post=137417"}],"curies":[{"name":"wp","href":"https:\/\/api.w.org\/{rel}","templated":true}]}}