{"id":137383,"date":"2024-11-20T14:53:02","date_gmt":"2024-11-20T13:53:02","guid":{"rendered":"https:\/\/www.gruppoliturgico.com\/prodotto\/tabernacle-en-bois-dolivier-2\/"},"modified":"2024-11-20T14:53:02","modified_gmt":"2024-11-20T13:53:02","slug":"tabernacle-en-bois-dolivier-2","status":"publish","type":"product","link":"https:\/\/www.gruppoliturgico.com\/fr\/produit\/tabernacle-en-bois-dolivier-2\/","title":{"rendered":"Tabernacle en bois d&rsquo;olivier"},"content":{"rendered":"<html><body><p>Tabernacle simple en bois d\u2019olivier construit enti\u00e8rement \u00e0 la main par des artisans ombriens.<br>\nDimensions ext\u00e9rieures cm 25 x 25 x 27<br>\nDimensions int\u00e9rieures 23 x 23 x 25<\/p>\n<\/body><\/html>","protected":false},"excerpt":{"rendered":"<p>Tabernacle simple en bois d&rsquo;olivier construit enti\u00e8rement \u00e0 la main par des artisans ombriens.<br \/>\nDimensions ext\u00e9rieures cm 25 x 25 x 27<br \/>\nDimensions int\u00e9rieures 23 x 23 x 25<\/p>\n","protected":false},"featured_media":137372,"template":"","meta":[],"product_cat":[12076],"product_tag":[],"yoast_head":"<!-- This site is optimized with the Yoast SEO plugin v20.4 - https:\/\/yoast.com\/wordpress\/plugins\/seo\/ -->\n<title>Tabernacle en bois d&#039;olivier - Tabernacles en bois et Laboratorio Gruppo Liturgico<\/title>\n<meta name=\"description\" content=\"Tabernacle simple en bois d&#039;olivier construit enti\u00e8rement \u00e0 la main par des artisans ombriens. Dimensions ext\u00e9rieures cm 25 x 25 x 27 Dimensions int\u00e9rieures 23 x 23 x 25\" \/>\n<meta name=\"robots\" content=\"index, follow, max-snippet:-1, max-image-preview:large, max-video-preview:-1\" \/>\n<link rel=\"canonical\" href=\"https:\/\/www.gruppoliturgico.com\/fr\/produit\/tabernacle-en-bois-dolivier-2\/\" \/>\n<meta property=\"og:locale\" content=\"fr_FR\" \/>\n<meta property=\"og:type\" content=\"article\" \/>\n<meta property=\"og:title\" content=\"Tabernacle en bois d&#039;olivier - Tabernacles en bois et Laboratorio Gruppo Liturgico\" \/>\n<meta property=\"og:description\" content=\"Tabernacle simple en bois d&#039;olivier construit enti\u00e8rement \u00e0 la main par des artisans ombriens. Dimensions ext\u00e9rieures cm 25 x 25 x 27 Dimensions int\u00e9rieures 23 x 23 x 25\" \/>\n<meta property=\"og:url\" content=\"https:\/\/www.gruppoliturgico.com\/fr\/produit\/tabernacle-en-bois-dolivier-2\/\" \/>\n<meta property=\"og:site_name\" content=\"Laboratorio Gruppo Liturgico\" \/>\n<meta property=\"og:image\" content=\"https:\/\/www.gruppoliturgico.com\/wp-content\/uploads\/2024\/11\/4067_1.jpg\" \/>\n\t<meta property=\"og:image:width\" content=\"2000\" \/>\n\t<meta property=\"og:image:height\" content=\"1975\" \/>\n\t<meta property=\"og:image:type\" content=\"image\/jpeg\" \/>\n<meta name=\"twitter:card\" content=\"summary_large_image\" \/>\n<script type=\"application\/ld+json\" class=\"yoast-schema-graph\">{\"@context\":\"https:\/\/schema.org\",\"@graph\":[{\"@type\":\"WebPage\",\"@id\":\"https:\/\/www.gruppoliturgico.com\/fr\/produit\/tabernacle-en-bois-dolivier-2\/\",\"url\":\"https:\/\/www.gruppoliturgico.com\/fr\/produit\/tabernacle-en-bois-dolivier-2\/\",\"name\":\"Tabernacle en bois d'olivier - Tabernacles en bois et Laboratorio Gruppo Liturgico\",\"isPartOf\":{\"@id\":\"https:\/\/www.gruppoliturgico.com\/es\/#website\"},\"datePublished\":\"2024-11-20T13:53:02+00:00\",\"dateModified\":\"2024-11-20T13:53:02+00:00\",\"description\":\"Tabernacle simple en bois d'olivier construit enti\u00e8rement \u00e0 la main par des artisans ombriens. Dimensions ext\u00e9rieures cm 25 x 25 x 27 Dimensions int\u00e9rieures 23 x 23 x 25\",\"breadcrumb\":{\"@id\":\"https:\/\/www.gruppoliturgico.com\/fr\/produit\/tabernacle-en-bois-dolivier-2\/#breadcrumb\"},\"inLanguage\":\"fr-FR\",\"potentialAction\":[{\"@type\":\"ReadAction\",\"target\":[\"https:\/\/www.gruppoliturgico.com\/fr\/produit\/tabernacle-en-bois-dolivier-2\/\"]}]},{\"@type\":\"BreadcrumbList\",\"@id\":\"https:\/\/www.gruppoliturgico.com\/fr\/produit\/tabernacle-en-bois-dolivier-2\/#breadcrumb\",\"itemListElement\":[{\"@type\":\"ListItem\",\"position\":1,\"name\":\"Home\",\"item\":\"https:\/\/www.gruppoliturgico.com\/fr\/\"},{\"@type\":\"ListItem\",\"position\":2,\"name\":\"Boutique\",\"item\":\"https:\/\/www.gruppoliturgico.com\/fr\/boutique\/\"},{\"@type\":\"ListItem\",\"position\":3,\"name\":\"Tabernacle en bois d&#8217;olivier\"}]},{\"@type\":\"WebSite\",\"@id\":\"https:\/\/www.gruppoliturgico.com\/es\/#website\",\"url\":\"https:\/\/www.gruppoliturgico.com\/es\/\",\"name\":\"Laboratorio Gruppo Liturgico\",\"description\":\"Articoli Religiosi online\",\"publisher\":{\"@id\":\"https:\/\/www.gruppoliturgico.com\/es\/#organization\"},\"potentialAction\":[{\"@type\":\"SearchAction\",\"target\":{\"@type\":\"EntryPoint\",\"urlTemplate\":\"https:\/\/www.gruppoliturgico.com\/es\/?s={search_term_string}\"},\"query-input\":\"required name=search_term_string\"}],\"inLanguage\":\"fr-FR\"},{\"@type\":\"Organization\",\"@id\":\"https:\/\/www.gruppoliturgico.com\/es\/#organization\",\"name\":\"Laboratorio Gruppo Liturgico\",\"url\":\"https:\/\/www.gruppoliturgico.com\/es\/\",\"logo\":{\"@type\":\"ImageObject\",\"inLanguage\":\"fr-FR\",\"@id\":\"https:\/\/www.gruppoliturgico.com\/es\/#\/schema\/logo\/image\/\",\"url\":\"https:\/\/www.gruppoliturgico.com\/wp-content\/uploads\/2022\/02\/logo-laboratoriogruppoliturgico.png\",\"contentUrl\":\"https:\/\/www.gruppoliturgico.com\/wp-content\/uploads\/2022\/02\/logo-laboratoriogruppoliturgico.png\",\"width\":400,\"height\":114,\"caption\":\"Laboratorio Gruppo Liturgico\"},\"image\":{\"@id\":\"https:\/\/www.gruppoliturgico.com\/es\/#\/schema\/logo\/image\/\"}}]}<\/script>\n<!-- \/ Yoast SEO plugin. -->","yoast_head_json":{"title":"Tabernacle en bois d'olivier - Tabernacles en bois et Laboratorio Gruppo Liturgico","description":"Tabernacle simple en bois d'olivier construit enti\u00e8rement \u00e0 la main par des artisans ombriens. Dimensions ext\u00e9rieures cm 25 x 25 x 27 Dimensions int\u00e9rieures 23 x 23 x 25","robots":{"index":"index","follow":"follow","max-snippet":"max-snippet:-1","max-image-preview":"max-image-preview:large","max-video-preview":"max-video-preview:-1"},"canonical":"https:\/\/www.gruppoliturgico.com\/fr\/produit\/tabernacle-en-bois-dolivier-2\/","og_locale":"fr_FR","og_type":"article","og_title":"Tabernacle en bois d'olivier - Tabernacles en bois et Laboratorio Gruppo Liturgico","og_description":"Tabernacle simple en bois d'olivier construit enti\u00e8rement \u00e0 la main par des artisans ombriens. Dimensions ext\u00e9rieures cm 25 x 25 x 27 Dimensions int\u00e9rieures 23 x 23 x 25","og_url":"https:\/\/www.gruppoliturgico.com\/fr\/produit\/tabernacle-en-bois-dolivier-2\/","og_site_name":"Laboratorio Gruppo Liturgico","og_image":[{"width":2000,"height":1975,"url":"https:\/\/www.gruppoliturgico.com\/wp-content\/uploads\/2024\/11\/4067_1.jpg","type":"image\/jpeg"}],"twitter_card":"summary_large_image","schema":{"@context":"https:\/\/schema.org","@graph":[{"@type":"WebPage","@id":"https:\/\/www.gruppoliturgico.com\/fr\/produit\/tabernacle-en-bois-dolivier-2\/","url":"https:\/\/www.gruppoliturgico.com\/fr\/produit\/tabernacle-en-bois-dolivier-2\/","name":"Tabernacle en bois d'olivier - Tabernacles en bois et Laboratorio Gruppo Liturgico","isPartOf":{"@id":"https:\/\/www.gruppoliturgico.com\/es\/#website"},"datePublished":"2024-11-20T13:53:02+00:00","dateModified":"2024-11-20T13:53:02+00:00","description":"Tabernacle simple en bois d'olivier construit enti\u00e8rement \u00e0 la main par des artisans ombriens. Dimensions ext\u00e9rieures cm 25 x 25 x 27 Dimensions int\u00e9rieures 23 x 23 x 25","breadcrumb":{"@id":"https:\/\/www.gruppoliturgico.com\/fr\/produit\/tabernacle-en-bois-dolivier-2\/#breadcrumb"},"inLanguage":"fr-FR","potentialAction":[{"@type":"ReadAction","target":["https:\/\/www.gruppoliturgico.com\/fr\/produit\/tabernacle-en-bois-dolivier-2\/"]}]},{"@type":"BreadcrumbList","@id":"https:\/\/www.gruppoliturgico.com\/fr\/produit\/tabernacle-en-bois-dolivier-2\/#breadcrumb","itemListElement":[{"@type":"ListItem","position":1,"name":"Home","item":"https:\/\/www.gruppoliturgico.com\/fr\/"},{"@type":"ListItem","position":2,"name":"Boutique","item":"https:\/\/www.gruppoliturgico.com\/fr\/boutique\/"},{"@type":"ListItem","position":3,"name":"Tabernacle en bois d&#8217;olivier"}]},{"@type":"WebSite","@id":"https:\/\/www.gruppoliturgico.com\/es\/#website","url":"https:\/\/www.gruppoliturgico.com\/es\/","name":"Laboratorio Gruppo Liturgico","description":"Articoli Religiosi online","publisher":{"@id":"https:\/\/www.gruppoliturgico.com\/es\/#organization"},"potentialAction":[{"@type":"SearchAction","target":{"@type":"EntryPoint","urlTemplate":"https:\/\/www.gruppoliturgico.com\/es\/?s={search_term_string}"},"query-input":"required name=search_term_string"}],"inLanguage":"fr-FR"},{"@type":"Organization","@id":"https:\/\/www.gruppoliturgico.com\/es\/#organization","name":"Laboratorio Gruppo Liturgico","url":"https:\/\/www.gruppoliturgico.com\/es\/","logo":{"@type":"ImageObject","inLanguage":"fr-FR","@id":"https:\/\/www.gruppoliturgico.com\/es\/#\/schema\/logo\/image\/","url":"https:\/\/www.gruppoliturgico.com\/wp-content\/uploads\/2022\/02\/logo-laboratoriogruppoliturgico.png","contentUrl":"https:\/\/www.gruppoliturgico.com\/wp-content\/uploads\/2022\/02\/logo-laboratoriogruppoliturgico.png","width":400,"height":114,"caption":"Laboratorio Gruppo Liturgico"},"image":{"@id":"https:\/\/www.gruppoliturgico.com\/es\/#\/schema\/logo\/image\/"}}]}},"_links":{"self":[{"href":"https:\/\/www.gruppoliturgico.com\/fr\/wp-json\/wp\/v2\/product\/137383"}],"collection":[{"href":"https:\/\/www.gruppoliturgico.com\/fr\/wp-json\/wp\/v2\/product"}],"about":[{"href":"https:\/\/www.gruppoliturgico.com\/fr\/wp-json\/wp\/v2\/types\/product"}],"wp:featuredmedia":[{"embeddable":true,"href":"https:\/\/www.gruppoliturgico.com\/fr\/wp-json\/wp\/v2\/media\/137372"}],"wp:attachment":[{"href":"https:\/\/www.gruppoliturgico.com\/fr\/wp-json\/wp\/v2\/media?parent=137383"}],"wp:term":[{"taxonomy":"product_cat","embeddable":true,"href":"https:\/\/www.gruppoliturgico.com\/fr\/wp-json\/wp\/v2\/product_cat?post=137383"},{"taxonomy":"product_tag","embeddable":true,"href":"https:\/\/www.gruppoliturgico.com\/fr\/wp-json\/wp\/v2\/product_tag?post=137383"}],"curies":[{"name":"wp","href":"https:\/\/api.w.org\/{rel}","templated":true}]}}