{"id":137030,"date":"2024-11-07T16:47:08","date_gmt":"2024-11-07T15:47:08","guid":{"rendered":"https:\/\/www.gruppoliturgico.com\/prodotto\/dalmatique-mariale\/"},"modified":"2024-11-07T16:47:08","modified_gmt":"2024-11-07T15:47:08","slug":"dalmatique-mariale","status":"publish","type":"product","link":"https:\/\/www.gruppoliturgico.com\/fr\/produit\/dalmatique-mariale\/","title":{"rendered":"Dalmatique\u00a0 mariale"},"content":{"rendered":"<html><body><p>Dalmatique\u00a0 mariale confectionn\u00e9e avec un tissu polyester blanc tr\u00e8s l\u00e9ger.<br>\nElle pr\u00e9sente une broderie du monogramme marial dans diff\u00e9rentes nuances de bleu et d\u2019or des deux c\u00f4t\u00e9s.<br>\nElle est compl\u00e9t\u00e9e par une \u00e9tole de diacre.<\/p>\n<\/body><\/html>","protected":false},"excerpt":{"rendered":"<p>Dalmatique\u00a0 mariale confectionn\u00e9e avec un tissu polyester blanc tr\u00e8s l\u00e9ger.<br \/>\nElle pr\u00e9sente une broderie du monogramme marial dans diff\u00e9rentes nuances de bleu et d\u2019or des deux c\u00f4t\u00e9s.<br \/>\nElle est compl\u00e9t\u00e9e par une \u00e9tole de diacre.<\/p>\n","protected":false},"featured_media":137027,"template":"","meta":[],"product_cat":[12324],"product_tag":[],"yoast_head":"<!-- This site is optimized with the Yoast SEO plugin v20.4 - https:\/\/yoast.com\/wordpress\/plugins\/seo\/ -->\n<title>Dalmatique\u00a0 mariale - dalmatiques et Laboratorio Gruppo Liturgico<\/title>\n<meta name=\"description\" content=\"Dalmatique\u00a0 mariale confectionn\u00e9e avec un tissu polyester blanc tr\u00e8s l\u00e9ger. Elle pr\u00e9sente une broderie du monogramme marial dans diff\u00e9rentes nuances de bleu et d\u2019or des deux c\u00f4t\u00e9s. Elle est compl\u00e9t\u00e9e par une \u00e9tole de diacre.\" \/>\n<meta name=\"robots\" content=\"index, follow, max-snippet:-1, max-image-preview:large, max-video-preview:-1\" \/>\n<link rel=\"canonical\" href=\"https:\/\/www.gruppoliturgico.com\/fr\/produit\/dalmatique-mariale\/\" \/>\n<meta property=\"og:locale\" content=\"fr_FR\" \/>\n<meta property=\"og:type\" content=\"article\" \/>\n<meta property=\"og:title\" content=\"Dalmatique\u00a0 mariale - dalmatiques et Laboratorio Gruppo Liturgico\" \/>\n<meta property=\"og:description\" content=\"Dalmatique\u00a0 mariale confectionn\u00e9e avec un tissu polyester blanc tr\u00e8s l\u00e9ger. Elle pr\u00e9sente une broderie du monogramme marial dans diff\u00e9rentes nuances de bleu et d\u2019or des deux c\u00f4t\u00e9s. Elle est compl\u00e9t\u00e9e par une \u00e9tole de diacre.\" \/>\n<meta property=\"og:url\" content=\"https:\/\/www.gruppoliturgico.com\/fr\/produit\/dalmatique-mariale\/\" \/>\n<meta property=\"og:site_name\" content=\"Laboratorio Gruppo Liturgico\" \/>\n<meta property=\"og:image\" content=\"https:\/\/www.gruppoliturgico.com\/wp-content\/uploads\/2024\/11\/4073.jpg\" \/>\n\t<meta property=\"og:image:width\" content=\"1353\" \/>\n\t<meta property=\"og:image:height\" content=\"2000\" \/>\n\t<meta property=\"og:image:type\" content=\"image\/jpeg\" \/>\n<meta name=\"twitter:card\" content=\"summary_large_image\" \/>\n<script type=\"application\/ld+json\" class=\"yoast-schema-graph\">{\"@context\":\"https:\/\/schema.org\",\"@graph\":[{\"@type\":\"WebPage\",\"@id\":\"https:\/\/www.gruppoliturgico.com\/fr\/produit\/dalmatique-mariale\/\",\"url\":\"https:\/\/www.gruppoliturgico.com\/fr\/produit\/dalmatique-mariale\/\",\"name\":\"Dalmatique\u00a0 mariale - dalmatiques et Laboratorio Gruppo Liturgico\",\"isPartOf\":{\"@id\":\"https:\/\/www.gruppoliturgico.com\/es\/#website\"},\"datePublished\":\"2024-11-07T15:47:08+00:00\",\"dateModified\":\"2024-11-07T15:47:08+00:00\",\"description\":\"Dalmatique\u00a0 mariale confectionn\u00e9e avec un tissu polyester blanc tr\u00e8s l\u00e9ger. Elle pr\u00e9sente une broderie du monogramme marial dans diff\u00e9rentes nuances de bleu et d\u2019or des deux c\u00f4t\u00e9s. Elle est compl\u00e9t\u00e9e par une \u00e9tole de diacre.\",\"breadcrumb\":{\"@id\":\"https:\/\/www.gruppoliturgico.com\/fr\/produit\/dalmatique-mariale\/#breadcrumb\"},\"inLanguage\":\"fr-FR\",\"potentialAction\":[{\"@type\":\"ReadAction\",\"target\":[\"https:\/\/www.gruppoliturgico.com\/fr\/produit\/dalmatique-mariale\/\"]}]},{\"@type\":\"BreadcrumbList\",\"@id\":\"https:\/\/www.gruppoliturgico.com\/fr\/produit\/dalmatique-mariale\/#breadcrumb\",\"itemListElement\":[{\"@type\":\"ListItem\",\"position\":1,\"name\":\"Home\",\"item\":\"https:\/\/www.gruppoliturgico.com\/fr\/\"},{\"@type\":\"ListItem\",\"position\":2,\"name\":\"Boutique\",\"item\":\"https:\/\/www.gruppoliturgico.com\/fr\/boutique\/\"},{\"@type\":\"ListItem\",\"position\":3,\"name\":\"Dalmatique\u00a0 mariale\"}]},{\"@type\":\"WebSite\",\"@id\":\"https:\/\/www.gruppoliturgico.com\/es\/#website\",\"url\":\"https:\/\/www.gruppoliturgico.com\/es\/\",\"name\":\"Laboratorio Gruppo Liturgico\",\"description\":\"Articoli Religiosi online\",\"publisher\":{\"@id\":\"https:\/\/www.gruppoliturgico.com\/es\/#organization\"},\"potentialAction\":[{\"@type\":\"SearchAction\",\"target\":{\"@type\":\"EntryPoint\",\"urlTemplate\":\"https:\/\/www.gruppoliturgico.com\/es\/?s={search_term_string}\"},\"query-input\":\"required name=search_term_string\"}],\"inLanguage\":\"fr-FR\"},{\"@type\":\"Organization\",\"@id\":\"https:\/\/www.gruppoliturgico.com\/es\/#organization\",\"name\":\"Laboratorio Gruppo Liturgico\",\"url\":\"https:\/\/www.gruppoliturgico.com\/es\/\",\"logo\":{\"@type\":\"ImageObject\",\"inLanguage\":\"fr-FR\",\"@id\":\"https:\/\/www.gruppoliturgico.com\/es\/#\/schema\/logo\/image\/\",\"url\":\"https:\/\/www.gruppoliturgico.com\/wp-content\/uploads\/2022\/02\/logo-laboratoriogruppoliturgico.png\",\"contentUrl\":\"https:\/\/www.gruppoliturgico.com\/wp-content\/uploads\/2022\/02\/logo-laboratoriogruppoliturgico.png\",\"width\":400,\"height\":114,\"caption\":\"Laboratorio Gruppo Liturgico\"},\"image\":{\"@id\":\"https:\/\/www.gruppoliturgico.com\/es\/#\/schema\/logo\/image\/\"}}]}<\/script>\n<!-- \/ Yoast SEO plugin. -->","yoast_head_json":{"title":"Dalmatique\u00a0 mariale - dalmatiques et Laboratorio Gruppo Liturgico","description":"Dalmatique\u00a0 mariale confectionn\u00e9e avec un tissu polyester blanc tr\u00e8s l\u00e9ger. Elle pr\u00e9sente une broderie du monogramme marial dans diff\u00e9rentes nuances de bleu et d\u2019or des deux c\u00f4t\u00e9s. Elle est compl\u00e9t\u00e9e par une \u00e9tole de diacre.","robots":{"index":"index","follow":"follow","max-snippet":"max-snippet:-1","max-image-preview":"max-image-preview:large","max-video-preview":"max-video-preview:-1"},"canonical":"https:\/\/www.gruppoliturgico.com\/fr\/produit\/dalmatique-mariale\/","og_locale":"fr_FR","og_type":"article","og_title":"Dalmatique\u00a0 mariale - dalmatiques et Laboratorio Gruppo Liturgico","og_description":"Dalmatique\u00a0 mariale confectionn\u00e9e avec un tissu polyester blanc tr\u00e8s l\u00e9ger. Elle pr\u00e9sente une broderie du monogramme marial dans diff\u00e9rentes nuances de bleu et d\u2019or des deux c\u00f4t\u00e9s. Elle est compl\u00e9t\u00e9e par une \u00e9tole de diacre.","og_url":"https:\/\/www.gruppoliturgico.com\/fr\/produit\/dalmatique-mariale\/","og_site_name":"Laboratorio Gruppo Liturgico","og_image":[{"width":1353,"height":2000,"url":"https:\/\/www.gruppoliturgico.com\/wp-content\/uploads\/2024\/11\/4073.jpg","type":"image\/jpeg"}],"twitter_card":"summary_large_image","schema":{"@context":"https:\/\/schema.org","@graph":[{"@type":"WebPage","@id":"https:\/\/www.gruppoliturgico.com\/fr\/produit\/dalmatique-mariale\/","url":"https:\/\/www.gruppoliturgico.com\/fr\/produit\/dalmatique-mariale\/","name":"Dalmatique\u00a0 mariale - dalmatiques et Laboratorio Gruppo Liturgico","isPartOf":{"@id":"https:\/\/www.gruppoliturgico.com\/es\/#website"},"datePublished":"2024-11-07T15:47:08+00:00","dateModified":"2024-11-07T15:47:08+00:00","description":"Dalmatique\u00a0 mariale confectionn\u00e9e avec un tissu polyester blanc tr\u00e8s l\u00e9ger. Elle pr\u00e9sente une broderie du monogramme marial dans diff\u00e9rentes nuances de bleu et d\u2019or des deux c\u00f4t\u00e9s. Elle est compl\u00e9t\u00e9e par une \u00e9tole de diacre.","breadcrumb":{"@id":"https:\/\/www.gruppoliturgico.com\/fr\/produit\/dalmatique-mariale\/#breadcrumb"},"inLanguage":"fr-FR","potentialAction":[{"@type":"ReadAction","target":["https:\/\/www.gruppoliturgico.com\/fr\/produit\/dalmatique-mariale\/"]}]},{"@type":"BreadcrumbList","@id":"https:\/\/www.gruppoliturgico.com\/fr\/produit\/dalmatique-mariale\/#breadcrumb","itemListElement":[{"@type":"ListItem","position":1,"name":"Home","item":"https:\/\/www.gruppoliturgico.com\/fr\/"},{"@type":"ListItem","position":2,"name":"Boutique","item":"https:\/\/www.gruppoliturgico.com\/fr\/boutique\/"},{"@type":"ListItem","position":3,"name":"Dalmatique\u00a0 mariale"}]},{"@type":"WebSite","@id":"https:\/\/www.gruppoliturgico.com\/es\/#website","url":"https:\/\/www.gruppoliturgico.com\/es\/","name":"Laboratorio Gruppo Liturgico","description":"Articoli Religiosi online","publisher":{"@id":"https:\/\/www.gruppoliturgico.com\/es\/#organization"},"potentialAction":[{"@type":"SearchAction","target":{"@type":"EntryPoint","urlTemplate":"https:\/\/www.gruppoliturgico.com\/es\/?s={search_term_string}"},"query-input":"required name=search_term_string"}],"inLanguage":"fr-FR"},{"@type":"Organization","@id":"https:\/\/www.gruppoliturgico.com\/es\/#organization","name":"Laboratorio Gruppo Liturgico","url":"https:\/\/www.gruppoliturgico.com\/es\/","logo":{"@type":"ImageObject","inLanguage":"fr-FR","@id":"https:\/\/www.gruppoliturgico.com\/es\/#\/schema\/logo\/image\/","url":"https:\/\/www.gruppoliturgico.com\/wp-content\/uploads\/2022\/02\/logo-laboratoriogruppoliturgico.png","contentUrl":"https:\/\/www.gruppoliturgico.com\/wp-content\/uploads\/2022\/02\/logo-laboratoriogruppoliturgico.png","width":400,"height":114,"caption":"Laboratorio Gruppo Liturgico"},"image":{"@id":"https:\/\/www.gruppoliturgico.com\/es\/#\/schema\/logo\/image\/"}}]}},"_links":{"self":[{"href":"https:\/\/www.gruppoliturgico.com\/fr\/wp-json\/wp\/v2\/product\/137030"}],"collection":[{"href":"https:\/\/www.gruppoliturgico.com\/fr\/wp-json\/wp\/v2\/product"}],"about":[{"href":"https:\/\/www.gruppoliturgico.com\/fr\/wp-json\/wp\/v2\/types\/product"}],"wp:featuredmedia":[{"embeddable":true,"href":"https:\/\/www.gruppoliturgico.com\/fr\/wp-json\/wp\/v2\/media\/137027"}],"wp:attachment":[{"href":"https:\/\/www.gruppoliturgico.com\/fr\/wp-json\/wp\/v2\/media?parent=137030"}],"wp:term":[{"taxonomy":"product_cat","embeddable":true,"href":"https:\/\/www.gruppoliturgico.com\/fr\/wp-json\/wp\/v2\/product_cat?post=137030"},{"taxonomy":"product_tag","embeddable":true,"href":"https:\/\/www.gruppoliturgico.com\/fr\/wp-json\/wp\/v2\/product_tag?post=137030"}],"curies":[{"name":"wp","href":"https:\/\/api.w.org\/{rel}","templated":true}]}}