{"id":136400,"date":"2024-09-27T15:12:51","date_gmt":"2024-09-27T13:12:51","guid":{"rendered":"https:\/\/www.gruppoliturgico.com\/prodotto\/crosse-2\/"},"modified":"2024-09-27T15:12:51","modified_gmt":"2024-09-27T13:12:51","slug":"crosse-2","status":"publish","type":"product","link":"https:\/\/www.gruppoliturgico.com\/fr\/produit\/crosse-2\/","title":{"rendered":"Crosse"},"content":{"rendered":"<html><body><p>Majestueuse crosse d\u2019\u00e9v\u00eaque en laiton argent\u00e9.<br>\nElle est enrichie de statuettes des quatre \u00e9vang\u00e9listes en bronze coul\u00e9 argent\u00e9 vieilli, plac\u00e9es dans des \u00e9dicules de style gothique.<br>\nHauteur 40 cm<br>\nB\u00e2ton\u00a0en m\u00e9tal de 150 cm divisible en trois parties.<br>\nComplet de valise pour le transport.<\/p>\n<\/body><\/html>","protected":false},"excerpt":{"rendered":"<p>Majestueuse crosse d&rsquo;\u00e9v\u00eaque en laiton argent\u00e9.<br \/>\nElle est enrichie de statuettes des quatre \u00e9vang\u00e9listes en bronze coul\u00e9 argent\u00e9 vieilli, plac\u00e9es dans des \u00e9dicules de style gothique.<br \/>\nHauteur 40 cm<br \/>\nB\u00e2ton\u00a0en m\u00e9tal de 150 cm divisible en trois parties.<br \/>\nComplet de valise pour le transport.<\/p>\n","protected":false},"featured_media":136404,"template":"","meta":[],"product_cat":[12120],"product_tag":[],"yoast_head":"<!-- This site is optimized with the Yoast SEO plugin v20.4 - https:\/\/yoast.com\/wordpress\/plugins\/seo\/ -->\n<title>Crosse - crosses et Laboratorio Gruppo Liturgico<\/title>\n<meta name=\"description\" content=\"Majestueuse crosse d&#039;\u00e9v\u00eaque en laiton argent\u00e9. Elle est enrichie de statuettes des quatre \u00e9vang\u00e9listes en bronze coul\u00e9 argent\u00e9 vieilli, plac\u00e9es dans des \u00e9dicules de style gothique. Hauteur 40 cm B\u00e2ton\u00a0en m\u00e9tal de 150 cm divisible en trois parties. Complet de valise pour le transport.\" \/>\n<meta name=\"robots\" content=\"index, follow, max-snippet:-1, max-image-preview:large, max-video-preview:-1\" \/>\n<link rel=\"canonical\" href=\"https:\/\/www.gruppoliturgico.com\/fr\/produit\/crosse-2\/\" \/>\n<meta property=\"og:locale\" content=\"fr_FR\" \/>\n<meta property=\"og:type\" content=\"article\" \/>\n<meta property=\"og:title\" content=\"Crosse - crosses et Laboratorio Gruppo Liturgico\" \/>\n<meta property=\"og:description\" content=\"Majestueuse crosse d&#039;\u00e9v\u00eaque en laiton argent\u00e9. Elle est enrichie de statuettes des quatre \u00e9vang\u00e9listes en bronze coul\u00e9 argent\u00e9 vieilli, plac\u00e9es dans des \u00e9dicules de style gothique. Hauteur 40 cm B\u00e2ton\u00a0en m\u00e9tal de 150 cm divisible en trois parties. Complet de valise pour le transport.\" \/>\n<meta property=\"og:url\" content=\"https:\/\/www.gruppoliturgico.com\/fr\/produit\/crosse-2\/\" \/>\n<meta property=\"og:site_name\" content=\"Laboratorio Gruppo Liturgico\" \/>\n<meta property=\"og:image\" content=\"https:\/\/www.gruppoliturgico.com\/wp-content\/uploads\/2024\/09\/4047-nv-2.jpg\" \/>\n\t<meta property=\"og:image:width\" content=\"894\" \/>\n\t<meta property=\"og:image:height\" content=\"2000\" \/>\n\t<meta property=\"og:image:type\" content=\"image\/jpeg\" \/>\n<meta name=\"twitter:card\" content=\"summary_large_image\" \/>\n<script type=\"application\/ld+json\" class=\"yoast-schema-graph\">{\"@context\":\"https:\/\/schema.org\",\"@graph\":[{\"@type\":\"WebPage\",\"@id\":\"https:\/\/www.gruppoliturgico.com\/fr\/produit\/crosse-2\/\",\"url\":\"https:\/\/www.gruppoliturgico.com\/fr\/produit\/crosse-2\/\",\"name\":\"Crosse - crosses et Laboratorio Gruppo Liturgico\",\"isPartOf\":{\"@id\":\"https:\/\/www.gruppoliturgico.com\/es\/#website\"},\"datePublished\":\"2024-09-27T13:12:51+00:00\",\"dateModified\":\"2024-09-27T13:12:51+00:00\",\"description\":\"Majestueuse crosse d'\u00e9v\u00eaque en laiton argent\u00e9. Elle est enrichie de statuettes des quatre \u00e9vang\u00e9listes en bronze coul\u00e9 argent\u00e9 vieilli, plac\u00e9es dans des \u00e9dicules de style gothique. Hauteur 40 cm B\u00e2ton\u00a0en m\u00e9tal de 150 cm divisible en trois parties. Complet de valise pour le transport.\",\"breadcrumb\":{\"@id\":\"https:\/\/www.gruppoliturgico.com\/fr\/produit\/crosse-2\/#breadcrumb\"},\"inLanguage\":\"fr-FR\",\"potentialAction\":[{\"@type\":\"ReadAction\",\"target\":[\"https:\/\/www.gruppoliturgico.com\/fr\/produit\/crosse-2\/\"]}]},{\"@type\":\"BreadcrumbList\",\"@id\":\"https:\/\/www.gruppoliturgico.com\/fr\/produit\/crosse-2\/#breadcrumb\",\"itemListElement\":[{\"@type\":\"ListItem\",\"position\":1,\"name\":\"Home\",\"item\":\"https:\/\/www.gruppoliturgico.com\/fr\/\"},{\"@type\":\"ListItem\",\"position\":2,\"name\":\"Boutique\",\"item\":\"https:\/\/www.gruppoliturgico.com\/fr\/boutique\/\"},{\"@type\":\"ListItem\",\"position\":3,\"name\":\"Crosse\"}]},{\"@type\":\"WebSite\",\"@id\":\"https:\/\/www.gruppoliturgico.com\/es\/#website\",\"url\":\"https:\/\/www.gruppoliturgico.com\/es\/\",\"name\":\"Laboratorio Gruppo Liturgico\",\"description\":\"Articoli Religiosi online\",\"publisher\":{\"@id\":\"https:\/\/www.gruppoliturgico.com\/es\/#organization\"},\"potentialAction\":[{\"@type\":\"SearchAction\",\"target\":{\"@type\":\"EntryPoint\",\"urlTemplate\":\"https:\/\/www.gruppoliturgico.com\/es\/?s={search_term_string}\"},\"query-input\":\"required name=search_term_string\"}],\"inLanguage\":\"fr-FR\"},{\"@type\":\"Organization\",\"@id\":\"https:\/\/www.gruppoliturgico.com\/es\/#organization\",\"name\":\"Laboratorio Gruppo Liturgico\",\"url\":\"https:\/\/www.gruppoliturgico.com\/es\/\",\"logo\":{\"@type\":\"ImageObject\",\"inLanguage\":\"fr-FR\",\"@id\":\"https:\/\/www.gruppoliturgico.com\/es\/#\/schema\/logo\/image\/\",\"url\":\"https:\/\/www.gruppoliturgico.com\/wp-content\/uploads\/2022\/02\/logo-laboratoriogruppoliturgico.png\",\"contentUrl\":\"https:\/\/www.gruppoliturgico.com\/wp-content\/uploads\/2022\/02\/logo-laboratoriogruppoliturgico.png\",\"width\":400,\"height\":114,\"caption\":\"Laboratorio Gruppo Liturgico\"},\"image\":{\"@id\":\"https:\/\/www.gruppoliturgico.com\/es\/#\/schema\/logo\/image\/\"}}]}<\/script>\n<!-- \/ Yoast SEO plugin. -->","yoast_head_json":{"title":"Crosse - crosses et Laboratorio Gruppo Liturgico","description":"Majestueuse crosse d'\u00e9v\u00eaque en laiton argent\u00e9. Elle est enrichie de statuettes des quatre \u00e9vang\u00e9listes en bronze coul\u00e9 argent\u00e9 vieilli, plac\u00e9es dans des \u00e9dicules de style gothique. Hauteur 40 cm B\u00e2ton\u00a0en m\u00e9tal de 150 cm divisible en trois parties. Complet de valise pour le transport.","robots":{"index":"index","follow":"follow","max-snippet":"max-snippet:-1","max-image-preview":"max-image-preview:large","max-video-preview":"max-video-preview:-1"},"canonical":"https:\/\/www.gruppoliturgico.com\/fr\/produit\/crosse-2\/","og_locale":"fr_FR","og_type":"article","og_title":"Crosse - crosses et Laboratorio Gruppo Liturgico","og_description":"Majestueuse crosse d'\u00e9v\u00eaque en laiton argent\u00e9. Elle est enrichie de statuettes des quatre \u00e9vang\u00e9listes en bronze coul\u00e9 argent\u00e9 vieilli, plac\u00e9es dans des \u00e9dicules de style gothique. Hauteur 40 cm B\u00e2ton\u00a0en m\u00e9tal de 150 cm divisible en trois parties. Complet de valise pour le transport.","og_url":"https:\/\/www.gruppoliturgico.com\/fr\/produit\/crosse-2\/","og_site_name":"Laboratorio Gruppo Liturgico","og_image":[{"width":894,"height":2000,"url":"https:\/\/www.gruppoliturgico.com\/wp-content\/uploads\/2024\/09\/4047-nv-2.jpg","type":"image\/jpeg"}],"twitter_card":"summary_large_image","schema":{"@context":"https:\/\/schema.org","@graph":[{"@type":"WebPage","@id":"https:\/\/www.gruppoliturgico.com\/fr\/produit\/crosse-2\/","url":"https:\/\/www.gruppoliturgico.com\/fr\/produit\/crosse-2\/","name":"Crosse - crosses et Laboratorio Gruppo Liturgico","isPartOf":{"@id":"https:\/\/www.gruppoliturgico.com\/es\/#website"},"datePublished":"2024-09-27T13:12:51+00:00","dateModified":"2024-09-27T13:12:51+00:00","description":"Majestueuse crosse d'\u00e9v\u00eaque en laiton argent\u00e9. Elle est enrichie de statuettes des quatre \u00e9vang\u00e9listes en bronze coul\u00e9 argent\u00e9 vieilli, plac\u00e9es dans des \u00e9dicules de style gothique. Hauteur 40 cm B\u00e2ton\u00a0en m\u00e9tal de 150 cm divisible en trois parties. Complet de valise pour le transport.","breadcrumb":{"@id":"https:\/\/www.gruppoliturgico.com\/fr\/produit\/crosse-2\/#breadcrumb"},"inLanguage":"fr-FR","potentialAction":[{"@type":"ReadAction","target":["https:\/\/www.gruppoliturgico.com\/fr\/produit\/crosse-2\/"]}]},{"@type":"BreadcrumbList","@id":"https:\/\/www.gruppoliturgico.com\/fr\/produit\/crosse-2\/#breadcrumb","itemListElement":[{"@type":"ListItem","position":1,"name":"Home","item":"https:\/\/www.gruppoliturgico.com\/fr\/"},{"@type":"ListItem","position":2,"name":"Boutique","item":"https:\/\/www.gruppoliturgico.com\/fr\/boutique\/"},{"@type":"ListItem","position":3,"name":"Crosse"}]},{"@type":"WebSite","@id":"https:\/\/www.gruppoliturgico.com\/es\/#website","url":"https:\/\/www.gruppoliturgico.com\/es\/","name":"Laboratorio Gruppo Liturgico","description":"Articoli Religiosi online","publisher":{"@id":"https:\/\/www.gruppoliturgico.com\/es\/#organization"},"potentialAction":[{"@type":"SearchAction","target":{"@type":"EntryPoint","urlTemplate":"https:\/\/www.gruppoliturgico.com\/es\/?s={search_term_string}"},"query-input":"required name=search_term_string"}],"inLanguage":"fr-FR"},{"@type":"Organization","@id":"https:\/\/www.gruppoliturgico.com\/es\/#organization","name":"Laboratorio Gruppo Liturgico","url":"https:\/\/www.gruppoliturgico.com\/es\/","logo":{"@type":"ImageObject","inLanguage":"fr-FR","@id":"https:\/\/www.gruppoliturgico.com\/es\/#\/schema\/logo\/image\/","url":"https:\/\/www.gruppoliturgico.com\/wp-content\/uploads\/2022\/02\/logo-laboratoriogruppoliturgico.png","contentUrl":"https:\/\/www.gruppoliturgico.com\/wp-content\/uploads\/2022\/02\/logo-laboratoriogruppoliturgico.png","width":400,"height":114,"caption":"Laboratorio Gruppo Liturgico"},"image":{"@id":"https:\/\/www.gruppoliturgico.com\/es\/#\/schema\/logo\/image\/"}}]}},"_links":{"self":[{"href":"https:\/\/www.gruppoliturgico.com\/fr\/wp-json\/wp\/v2\/product\/136400"}],"collection":[{"href":"https:\/\/www.gruppoliturgico.com\/fr\/wp-json\/wp\/v2\/product"}],"about":[{"href":"https:\/\/www.gruppoliturgico.com\/fr\/wp-json\/wp\/v2\/types\/product"}],"wp:featuredmedia":[{"embeddable":true,"href":"https:\/\/www.gruppoliturgico.com\/fr\/wp-json\/wp\/v2\/media\/136404"}],"wp:attachment":[{"href":"https:\/\/www.gruppoliturgico.com\/fr\/wp-json\/wp\/v2\/media?parent=136400"}],"wp:term":[{"taxonomy":"product_cat","embeddable":true,"href":"https:\/\/www.gruppoliturgico.com\/fr\/wp-json\/wp\/v2\/product_cat?post=136400"},{"taxonomy":"product_tag","embeddable":true,"href":"https:\/\/www.gruppoliturgico.com\/fr\/wp-json\/wp\/v2\/product_tag?post=136400"}],"curies":[{"name":"wp","href":"https:\/\/api.w.org\/{rel}","templated":true}]}}