{"id":128313,"date":"2024-07-12T16:04:52","date_gmt":"2024-07-12T14:04:52","guid":{"rendered":"https:\/\/www.gruppoliturgico.com\/prodotto\/voile-de-lutrin-16\/"},"modified":"2024-07-12T16:04:52","modified_gmt":"2024-07-12T14:04:52","slug":"voile-de-lutrin-16","status":"publish","type":"product","link":"https:\/\/www.gruppoliturgico.com\/fr\/produit\/voile-de-lutrin-16\/","title":{"rendered":"Voile de lutrin"},"content":{"rendered":"<html><body><p>Voile de lutrin en tissu polyester souple.<br>\nElle est orn\u00e9e d\u2019une d\u00e9licate broderie repr\u00e9sentant un ramage de feuilles et de fleurs dans une teinte bleu clair.<br>\nMonogramme marial et couronne.<br>\nGarnie de passementerie et de franges dor\u00e9es.<br>\nS\u2019adapte \u00e0 tout type de lutrin.<br>\nDimensions 250 x 55 cm.<\/p>\n<\/body><\/html>","protected":false},"excerpt":{"rendered":"<p>Voile de lutrin en tissu polyester souple.<br \/>\nElle est orn\u00e9e d&rsquo;une d\u00e9licate broderie repr\u00e9sentant un ramage de feuilles et de fleurs dans une teinte bleu clair.<br \/>\nMonogramme marial et couronne.<br \/>\nGarnie de passementerie et de franges dor\u00e9es.<br \/>\nS&rsquo;adapte \u00e0 tout type de lutrin.<br \/>\nDimensions 250 x 55 cm.<\/p>\n","protected":false},"featured_media":128309,"template":"","meta":[],"product_cat":[],"product_tag":[],"yoast_head":"<!-- This site is optimized with the Yoast SEO plugin v20.4 - https:\/\/yoast.com\/wordpress\/plugins\/seo\/ -->\n<title>Voile de lutrin - et Laboratorio Gruppo Liturgico<\/title>\n<meta name=\"description\" content=\"Voile de lutrin en tissu polyester souple. Elle est orn\u00e9e d&#039;une d\u00e9licate broderie repr\u00e9sentant un ramage de feuilles et de fleurs dans une teinte bleu clair. Monogramme marial et couronne. Garnie de passementerie et de franges dor\u00e9es. S&#039;adapte \u00e0 tout type de lutrin. Dimensions 250 x 55 cm.\" \/>\n<meta name=\"robots\" content=\"index, follow, max-snippet:-1, max-image-preview:large, max-video-preview:-1\" \/>\n<link rel=\"canonical\" href=\"https:\/\/www.gruppoliturgico.com\/fr\/produit\/voile-de-lutrin-16\/\" \/>\n<meta property=\"og:locale\" content=\"fr_FR\" \/>\n<meta property=\"og:type\" content=\"article\" \/>\n<meta property=\"og:title\" content=\"Voile de lutrin - et Laboratorio Gruppo Liturgico\" \/>\n<meta property=\"og:description\" content=\"Voile de lutrin en tissu polyester souple. Elle est orn\u00e9e d&#039;une d\u00e9licate broderie repr\u00e9sentant un ramage de feuilles et de fleurs dans une teinte bleu clair. Monogramme marial et couronne. Garnie de passementerie et de franges dor\u00e9es. S&#039;adapte \u00e0 tout type de lutrin. Dimensions 250 x 55 cm.\" \/>\n<meta property=\"og:url\" content=\"https:\/\/www.gruppoliturgico.com\/fr\/produit\/voile-de-lutrin-16\/\" \/>\n<meta property=\"og:site_name\" content=\"Laboratorio Gruppo Liturgico\" \/>\n<meta name=\"twitter:card\" content=\"summary_large_image\" \/>\n<script type=\"application\/ld+json\" class=\"yoast-schema-graph\">{\"@context\":\"https:\/\/schema.org\",\"@graph\":[{\"@type\":\"WebPage\",\"@id\":\"https:\/\/www.gruppoliturgico.com\/fr\/produit\/voile-de-lutrin-16\/\",\"url\":\"https:\/\/www.gruppoliturgico.com\/fr\/produit\/voile-de-lutrin-16\/\",\"name\":\"Voile de lutrin - et Laboratorio Gruppo Liturgico\",\"isPartOf\":{\"@id\":\"https:\/\/www.gruppoliturgico.com\/es\/#website\"},\"datePublished\":\"2024-07-12T14:04:52+00:00\",\"dateModified\":\"2024-07-12T14:04:52+00:00\",\"description\":\"Voile de lutrin en tissu polyester souple. Elle est orn\u00e9e d'une d\u00e9licate broderie repr\u00e9sentant un ramage de feuilles et de fleurs dans une teinte bleu clair. Monogramme marial et couronne. Garnie de passementerie et de franges dor\u00e9es. S'adapte \u00e0 tout type de lutrin. Dimensions 250 x 55 cm.\",\"breadcrumb\":{\"@id\":\"https:\/\/www.gruppoliturgico.com\/fr\/produit\/voile-de-lutrin-16\/#breadcrumb\"},\"inLanguage\":\"fr-FR\",\"potentialAction\":[{\"@type\":\"ReadAction\",\"target\":[\"https:\/\/www.gruppoliturgico.com\/fr\/produit\/voile-de-lutrin-16\/\"]}]},{\"@type\":\"BreadcrumbList\",\"@id\":\"https:\/\/www.gruppoliturgico.com\/fr\/produit\/voile-de-lutrin-16\/#breadcrumb\",\"itemListElement\":[{\"@type\":\"ListItem\",\"position\":1,\"name\":\"Home\",\"item\":\"https:\/\/www.gruppoliturgico.com\/fr\/\"},{\"@type\":\"ListItem\",\"position\":2,\"name\":\"Boutique\",\"item\":\"https:\/\/www.gruppoliturgico.com\/fr\/boutique\/\"},{\"@type\":\"ListItem\",\"position\":3,\"name\":\"Voile de lutrin\"}]},{\"@type\":\"WebSite\",\"@id\":\"https:\/\/www.gruppoliturgico.com\/es\/#website\",\"url\":\"https:\/\/www.gruppoliturgico.com\/es\/\",\"name\":\"Laboratorio Gruppo Liturgico\",\"description\":\"Articoli Religiosi online\",\"publisher\":{\"@id\":\"https:\/\/www.gruppoliturgico.com\/es\/#organization\"},\"potentialAction\":[{\"@type\":\"SearchAction\",\"target\":{\"@type\":\"EntryPoint\",\"urlTemplate\":\"https:\/\/www.gruppoliturgico.com\/es\/?s={search_term_string}\"},\"query-input\":\"required name=search_term_string\"}],\"inLanguage\":\"fr-FR\"},{\"@type\":\"Organization\",\"@id\":\"https:\/\/www.gruppoliturgico.com\/es\/#organization\",\"name\":\"Laboratorio Gruppo Liturgico\",\"url\":\"https:\/\/www.gruppoliturgico.com\/es\/\",\"logo\":{\"@type\":\"ImageObject\",\"inLanguage\":\"fr-FR\",\"@id\":\"https:\/\/www.gruppoliturgico.com\/es\/#\/schema\/logo\/image\/\",\"url\":\"https:\/\/www.gruppoliturgico.com\/wp-content\/uploads\/2022\/02\/logo-laboratoriogruppoliturgico.png\",\"contentUrl\":\"https:\/\/www.gruppoliturgico.com\/wp-content\/uploads\/2022\/02\/logo-laboratoriogruppoliturgico.png\",\"width\":400,\"height\":114,\"caption\":\"Laboratorio Gruppo Liturgico\"},\"image\":{\"@id\":\"https:\/\/www.gruppoliturgico.com\/es\/#\/schema\/logo\/image\/\"}}]}<\/script>\n<!-- \/ Yoast SEO plugin. -->","yoast_head_json":{"title":"Voile de lutrin - et Laboratorio Gruppo Liturgico","description":"Voile de lutrin en tissu polyester souple. Elle est orn\u00e9e d'une d\u00e9licate broderie repr\u00e9sentant un ramage de feuilles et de fleurs dans une teinte bleu clair. Monogramme marial et couronne. Garnie de passementerie et de franges dor\u00e9es. S'adapte \u00e0 tout type de lutrin. Dimensions 250 x 55 cm.","robots":{"index":"index","follow":"follow","max-snippet":"max-snippet:-1","max-image-preview":"max-image-preview:large","max-video-preview":"max-video-preview:-1"},"canonical":"https:\/\/www.gruppoliturgico.com\/fr\/produit\/voile-de-lutrin-16\/","og_locale":"fr_FR","og_type":"article","og_title":"Voile de lutrin - et Laboratorio Gruppo Liturgico","og_description":"Voile de lutrin en tissu polyester souple. Elle est orn\u00e9e d'une d\u00e9licate broderie repr\u00e9sentant un ramage de feuilles et de fleurs dans une teinte bleu clair. Monogramme marial et couronne. Garnie de passementerie et de franges dor\u00e9es. S'adapte \u00e0 tout type de lutrin. Dimensions 250 x 55 cm.","og_url":"https:\/\/www.gruppoliturgico.com\/fr\/produit\/voile-de-lutrin-16\/","og_site_name":"Laboratorio Gruppo Liturgico","twitter_card":"summary_large_image","schema":{"@context":"https:\/\/schema.org","@graph":[{"@type":"WebPage","@id":"https:\/\/www.gruppoliturgico.com\/fr\/produit\/voile-de-lutrin-16\/","url":"https:\/\/www.gruppoliturgico.com\/fr\/produit\/voile-de-lutrin-16\/","name":"Voile de lutrin - et Laboratorio Gruppo Liturgico","isPartOf":{"@id":"https:\/\/www.gruppoliturgico.com\/es\/#website"},"datePublished":"2024-07-12T14:04:52+00:00","dateModified":"2024-07-12T14:04:52+00:00","description":"Voile de lutrin en tissu polyester souple. Elle est orn\u00e9e d'une d\u00e9licate broderie repr\u00e9sentant un ramage de feuilles et de fleurs dans une teinte bleu clair. Monogramme marial et couronne. Garnie de passementerie et de franges dor\u00e9es. S'adapte \u00e0 tout type de lutrin. Dimensions 250 x 55 cm.","breadcrumb":{"@id":"https:\/\/www.gruppoliturgico.com\/fr\/produit\/voile-de-lutrin-16\/#breadcrumb"},"inLanguage":"fr-FR","potentialAction":[{"@type":"ReadAction","target":["https:\/\/www.gruppoliturgico.com\/fr\/produit\/voile-de-lutrin-16\/"]}]},{"@type":"BreadcrumbList","@id":"https:\/\/www.gruppoliturgico.com\/fr\/produit\/voile-de-lutrin-16\/#breadcrumb","itemListElement":[{"@type":"ListItem","position":1,"name":"Home","item":"https:\/\/www.gruppoliturgico.com\/fr\/"},{"@type":"ListItem","position":2,"name":"Boutique","item":"https:\/\/www.gruppoliturgico.com\/fr\/boutique\/"},{"@type":"ListItem","position":3,"name":"Voile de lutrin"}]},{"@type":"WebSite","@id":"https:\/\/www.gruppoliturgico.com\/es\/#website","url":"https:\/\/www.gruppoliturgico.com\/es\/","name":"Laboratorio Gruppo Liturgico","description":"Articoli Religiosi online","publisher":{"@id":"https:\/\/www.gruppoliturgico.com\/es\/#organization"},"potentialAction":[{"@type":"SearchAction","target":{"@type":"EntryPoint","urlTemplate":"https:\/\/www.gruppoliturgico.com\/es\/?s={search_term_string}"},"query-input":"required name=search_term_string"}],"inLanguage":"fr-FR"},{"@type":"Organization","@id":"https:\/\/www.gruppoliturgico.com\/es\/#organization","name":"Laboratorio Gruppo Liturgico","url":"https:\/\/www.gruppoliturgico.com\/es\/","logo":{"@type":"ImageObject","inLanguage":"fr-FR","@id":"https:\/\/www.gruppoliturgico.com\/es\/#\/schema\/logo\/image\/","url":"https:\/\/www.gruppoliturgico.com\/wp-content\/uploads\/2022\/02\/logo-laboratoriogruppoliturgico.png","contentUrl":"https:\/\/www.gruppoliturgico.com\/wp-content\/uploads\/2022\/02\/logo-laboratoriogruppoliturgico.png","width":400,"height":114,"caption":"Laboratorio Gruppo Liturgico"},"image":{"@id":"https:\/\/www.gruppoliturgico.com\/es\/#\/schema\/logo\/image\/"}}]}},"_links":{"self":[{"href":"https:\/\/www.gruppoliturgico.com\/fr\/wp-json\/wp\/v2\/product\/128313"}],"collection":[{"href":"https:\/\/www.gruppoliturgico.com\/fr\/wp-json\/wp\/v2\/product"}],"about":[{"href":"https:\/\/www.gruppoliturgico.com\/fr\/wp-json\/wp\/v2\/types\/product"}],"wp:featuredmedia":[{"embeddable":true,"href":"https:\/\/www.gruppoliturgico.com\/fr\/wp-json\/wp\/v2\/media\/128309"}],"wp:attachment":[{"href":"https:\/\/www.gruppoliturgico.com\/fr\/wp-json\/wp\/v2\/media?parent=128313"}],"wp:term":[{"taxonomy":"product_cat","embeddable":true,"href":"https:\/\/www.gruppoliturgico.com\/fr\/wp-json\/wp\/v2\/product_cat?post=128313"},{"taxonomy":"product_tag","embeddable":true,"href":"https:\/\/www.gruppoliturgico.com\/fr\/wp-json\/wp\/v2\/product_tag?post=128313"}],"curies":[{"name":"wp","href":"https:\/\/api.w.org\/{rel}","templated":true}]}}