{"id":128265,"date":"2024-07-12T11:30:24","date_gmt":"2024-07-12T09:30:24","guid":{"rendered":"https:\/\/www.gruppoliturgico.com\/prodotto\/chasuble-mariale-3\/"},"modified":"2024-07-12T11:30:24","modified_gmt":"2024-07-12T09:30:24","slug":"chasuble-mariale-3","status":"publish","type":"product","link":"https:\/\/www.gruppoliturgico.com\/fr\/produit\/chasuble-mariale-3\/","title":{"rendered":"Chasuble mariale"},"content":{"rendered":"<html><body><p>Chasuble mariale en tissu polyester souple.<br>\nElle pr\u00e9sente, sur les deux c\u00f4t\u00e9s, une broderie prestigieuse d\u2019un rameau de feuilles et de fleurs dans une teinte bleu clair. Monogramme marial et couronne.<br>\nProfil\u00e9e avec des garnitures dor\u00e9es.<br>\nCompl\u00e8te avec \u00e9tole.<\/p>\n<\/body><\/html>","protected":false},"excerpt":{"rendered":"<p>Chasuble mariale en tissu polyester souple.<br \/>\nElle pr\u00e9sente, sur les deux c\u00f4t\u00e9s, une broderie prestigieuse d&rsquo;un rameau de feuilles et de fleurs dans une teinte bleu clair. Monogramme marial et couronne.<br \/>\nProfil\u00e9e avec des garnitures dor\u00e9es.<br \/>\nCompl\u00e8te avec \u00e9tole.<\/p>\n","protected":false},"featured_media":137879,"template":"","meta":[],"product_cat":[12264],"product_tag":[],"yoast_head":"<!-- This site is optimized with the Yoast SEO plugin v20.4 - https:\/\/yoast.com\/wordpress\/plugins\/seo\/ -->\n<title>Chasuble mariale - mariales et Laboratorio Gruppo Liturgico<\/title>\n<meta name=\"description\" content=\"Chasuble mariale en tissu polyester souple. Elle pr\u00e9sente, sur les deux c\u00f4t\u00e9s, une broderie prestigieuse d&#039;un rameau de feuilles et de fleurs dans une teinte bleu clair. Monogramme marial et couronne. Profil\u00e9e avec des garnitures dor\u00e9es. Compl\u00e8te avec \u00e9tole.\" \/>\n<meta name=\"robots\" content=\"index, follow, max-snippet:-1, max-image-preview:large, max-video-preview:-1\" \/>\n<link rel=\"canonical\" href=\"https:\/\/www.gruppoliturgico.com\/fr\/produit\/chasuble-mariale-3\/\" \/>\n<meta property=\"og:locale\" content=\"fr_FR\" \/>\n<meta property=\"og:type\" content=\"article\" \/>\n<meta property=\"og:title\" content=\"Chasuble mariale - mariales et Laboratorio Gruppo Liturgico\" \/>\n<meta property=\"og:description\" content=\"Chasuble mariale en tissu polyester souple. Elle pr\u00e9sente, sur les deux c\u00f4t\u00e9s, une broderie prestigieuse d&#039;un rameau de feuilles et de fleurs dans une teinte bleu clair. Monogramme marial et couronne. Profil\u00e9e avec des garnitures dor\u00e9es. Compl\u00e8te avec \u00e9tole.\" \/>\n<meta property=\"og:url\" content=\"https:\/\/www.gruppoliturgico.com\/fr\/produit\/chasuble-mariale-3\/\" \/>\n<meta property=\"og:site_name\" content=\"Laboratorio Gruppo Liturgico\" \/>\n<meta property=\"og:image\" content=\"https:\/\/www.gruppoliturgico.com\/wp-content\/uploads\/2024\/07\/4033nv-2-rit.jpg\" \/>\n\t<meta property=\"og:image:width\" content=\"1433\" \/>\n\t<meta property=\"og:image:height\" content=\"2000\" \/>\n\t<meta property=\"og:image:type\" content=\"image\/jpeg\" \/>\n<meta name=\"twitter:card\" content=\"summary_large_image\" \/>\n<script type=\"application\/ld+json\" class=\"yoast-schema-graph\">{\"@context\":\"https:\/\/schema.org\",\"@graph\":[{\"@type\":\"WebPage\",\"@id\":\"https:\/\/www.gruppoliturgico.com\/fr\/produit\/chasuble-mariale-3\/\",\"url\":\"https:\/\/www.gruppoliturgico.com\/fr\/produit\/chasuble-mariale-3\/\",\"name\":\"Chasuble mariale - mariales et Laboratorio Gruppo Liturgico\",\"isPartOf\":{\"@id\":\"https:\/\/www.gruppoliturgico.com\/es\/#website\"},\"datePublished\":\"2024-07-12T09:30:24+00:00\",\"dateModified\":\"2024-07-12T09:30:24+00:00\",\"description\":\"Chasuble mariale en tissu polyester souple. Elle pr\u00e9sente, sur les deux c\u00f4t\u00e9s, une broderie prestigieuse d'un rameau de feuilles et de fleurs dans une teinte bleu clair. Monogramme marial et couronne. Profil\u00e9e avec des garnitures dor\u00e9es. Compl\u00e8te avec \u00e9tole.\",\"breadcrumb\":{\"@id\":\"https:\/\/www.gruppoliturgico.com\/fr\/produit\/chasuble-mariale-3\/#breadcrumb\"},\"inLanguage\":\"fr-FR\",\"potentialAction\":[{\"@type\":\"ReadAction\",\"target\":[\"https:\/\/www.gruppoliturgico.com\/fr\/produit\/chasuble-mariale-3\/\"]}]},{\"@type\":\"BreadcrumbList\",\"@id\":\"https:\/\/www.gruppoliturgico.com\/fr\/produit\/chasuble-mariale-3\/#breadcrumb\",\"itemListElement\":[{\"@type\":\"ListItem\",\"position\":1,\"name\":\"Home\",\"item\":\"https:\/\/www.gruppoliturgico.com\/fr\/\"},{\"@type\":\"ListItem\",\"position\":2,\"name\":\"Boutique\",\"item\":\"https:\/\/www.gruppoliturgico.com\/fr\/boutique\/\"},{\"@type\":\"ListItem\",\"position\":3,\"name\":\"Chasuble mariale\"}]},{\"@type\":\"WebSite\",\"@id\":\"https:\/\/www.gruppoliturgico.com\/es\/#website\",\"url\":\"https:\/\/www.gruppoliturgico.com\/es\/\",\"name\":\"Laboratorio Gruppo Liturgico\",\"description\":\"Articoli Religiosi online\",\"publisher\":{\"@id\":\"https:\/\/www.gruppoliturgico.com\/es\/#organization\"},\"potentialAction\":[{\"@type\":\"SearchAction\",\"target\":{\"@type\":\"EntryPoint\",\"urlTemplate\":\"https:\/\/www.gruppoliturgico.com\/es\/?s={search_term_string}\"},\"query-input\":\"required name=search_term_string\"}],\"inLanguage\":\"fr-FR\"},{\"@type\":\"Organization\",\"@id\":\"https:\/\/www.gruppoliturgico.com\/es\/#organization\",\"name\":\"Laboratorio Gruppo Liturgico\",\"url\":\"https:\/\/www.gruppoliturgico.com\/es\/\",\"logo\":{\"@type\":\"ImageObject\",\"inLanguage\":\"fr-FR\",\"@id\":\"https:\/\/www.gruppoliturgico.com\/es\/#\/schema\/logo\/image\/\",\"url\":\"https:\/\/www.gruppoliturgico.com\/wp-content\/uploads\/2022\/02\/logo-laboratoriogruppoliturgico.png\",\"contentUrl\":\"https:\/\/www.gruppoliturgico.com\/wp-content\/uploads\/2022\/02\/logo-laboratoriogruppoliturgico.png\",\"width\":400,\"height\":114,\"caption\":\"Laboratorio Gruppo Liturgico\"},\"image\":{\"@id\":\"https:\/\/www.gruppoliturgico.com\/es\/#\/schema\/logo\/image\/\"}}]}<\/script>\n<!-- \/ Yoast SEO plugin. -->","yoast_head_json":{"title":"Chasuble mariale - mariales et Laboratorio Gruppo Liturgico","description":"Chasuble mariale en tissu polyester souple. Elle pr\u00e9sente, sur les deux c\u00f4t\u00e9s, une broderie prestigieuse d'un rameau de feuilles et de fleurs dans une teinte bleu clair. Monogramme marial et couronne. Profil\u00e9e avec des garnitures dor\u00e9es. Compl\u00e8te avec \u00e9tole.","robots":{"index":"index","follow":"follow","max-snippet":"max-snippet:-1","max-image-preview":"max-image-preview:large","max-video-preview":"max-video-preview:-1"},"canonical":"https:\/\/www.gruppoliturgico.com\/fr\/produit\/chasuble-mariale-3\/","og_locale":"fr_FR","og_type":"article","og_title":"Chasuble mariale - mariales et Laboratorio Gruppo Liturgico","og_description":"Chasuble mariale en tissu polyester souple. Elle pr\u00e9sente, sur les deux c\u00f4t\u00e9s, une broderie prestigieuse d'un rameau de feuilles et de fleurs dans une teinte bleu clair. Monogramme marial et couronne. Profil\u00e9e avec des garnitures dor\u00e9es. Compl\u00e8te avec \u00e9tole.","og_url":"https:\/\/www.gruppoliturgico.com\/fr\/produit\/chasuble-mariale-3\/","og_site_name":"Laboratorio Gruppo Liturgico","og_image":[{"width":1433,"height":2000,"url":"https:\/\/www.gruppoliturgico.com\/wp-content\/uploads\/2024\/07\/4033nv-2-rit.jpg","type":"image\/jpeg"}],"twitter_card":"summary_large_image","schema":{"@context":"https:\/\/schema.org","@graph":[{"@type":"WebPage","@id":"https:\/\/www.gruppoliturgico.com\/fr\/produit\/chasuble-mariale-3\/","url":"https:\/\/www.gruppoliturgico.com\/fr\/produit\/chasuble-mariale-3\/","name":"Chasuble mariale - mariales et Laboratorio Gruppo Liturgico","isPartOf":{"@id":"https:\/\/www.gruppoliturgico.com\/es\/#website"},"datePublished":"2024-07-12T09:30:24+00:00","dateModified":"2024-07-12T09:30:24+00:00","description":"Chasuble mariale en tissu polyester souple. Elle pr\u00e9sente, sur les deux c\u00f4t\u00e9s, une broderie prestigieuse d'un rameau de feuilles et de fleurs dans une teinte bleu clair. Monogramme marial et couronne. Profil\u00e9e avec des garnitures dor\u00e9es. Compl\u00e8te avec \u00e9tole.","breadcrumb":{"@id":"https:\/\/www.gruppoliturgico.com\/fr\/produit\/chasuble-mariale-3\/#breadcrumb"},"inLanguage":"fr-FR","potentialAction":[{"@type":"ReadAction","target":["https:\/\/www.gruppoliturgico.com\/fr\/produit\/chasuble-mariale-3\/"]}]},{"@type":"BreadcrumbList","@id":"https:\/\/www.gruppoliturgico.com\/fr\/produit\/chasuble-mariale-3\/#breadcrumb","itemListElement":[{"@type":"ListItem","position":1,"name":"Home","item":"https:\/\/www.gruppoliturgico.com\/fr\/"},{"@type":"ListItem","position":2,"name":"Boutique","item":"https:\/\/www.gruppoliturgico.com\/fr\/boutique\/"},{"@type":"ListItem","position":3,"name":"Chasuble mariale"}]},{"@type":"WebSite","@id":"https:\/\/www.gruppoliturgico.com\/es\/#website","url":"https:\/\/www.gruppoliturgico.com\/es\/","name":"Laboratorio Gruppo Liturgico","description":"Articoli Religiosi online","publisher":{"@id":"https:\/\/www.gruppoliturgico.com\/es\/#organization"},"potentialAction":[{"@type":"SearchAction","target":{"@type":"EntryPoint","urlTemplate":"https:\/\/www.gruppoliturgico.com\/es\/?s={search_term_string}"},"query-input":"required name=search_term_string"}],"inLanguage":"fr-FR"},{"@type":"Organization","@id":"https:\/\/www.gruppoliturgico.com\/es\/#organization","name":"Laboratorio Gruppo Liturgico","url":"https:\/\/www.gruppoliturgico.com\/es\/","logo":{"@type":"ImageObject","inLanguage":"fr-FR","@id":"https:\/\/www.gruppoliturgico.com\/es\/#\/schema\/logo\/image\/","url":"https:\/\/www.gruppoliturgico.com\/wp-content\/uploads\/2022\/02\/logo-laboratoriogruppoliturgico.png","contentUrl":"https:\/\/www.gruppoliturgico.com\/wp-content\/uploads\/2022\/02\/logo-laboratoriogruppoliturgico.png","width":400,"height":114,"caption":"Laboratorio Gruppo Liturgico"},"image":{"@id":"https:\/\/www.gruppoliturgico.com\/es\/#\/schema\/logo\/image\/"}}]}},"_links":{"self":[{"href":"https:\/\/www.gruppoliturgico.com\/fr\/wp-json\/wp\/v2\/product\/128265"}],"collection":[{"href":"https:\/\/www.gruppoliturgico.com\/fr\/wp-json\/wp\/v2\/product"}],"about":[{"href":"https:\/\/www.gruppoliturgico.com\/fr\/wp-json\/wp\/v2\/types\/product"}],"wp:featuredmedia":[{"embeddable":true,"href":"https:\/\/www.gruppoliturgico.com\/fr\/wp-json\/wp\/v2\/media\/137879"}],"wp:attachment":[{"href":"https:\/\/www.gruppoliturgico.com\/fr\/wp-json\/wp\/v2\/media?parent=128265"}],"wp:term":[{"taxonomy":"product_cat","embeddable":true,"href":"https:\/\/www.gruppoliturgico.com\/fr\/wp-json\/wp\/v2\/product_cat?post=128265"},{"taxonomy":"product_tag","embeddable":true,"href":"https:\/\/www.gruppoliturgico.com\/fr\/wp-json\/wp\/v2\/product_tag?post=128265"}],"curies":[{"name":"wp","href":"https:\/\/api.w.org\/{rel}","templated":true}]}}