{"id":128242,"date":"2024-07-11T11:15:32","date_gmt":"2024-07-11T09:15:32","guid":{"rendered":"https:\/\/www.gruppoliturgico.com\/prodotto\/chasuble-36\/"},"modified":"2024-07-11T11:15:32","modified_gmt":"2024-07-11T09:15:32","slug":"chasuble-36","status":"publish","type":"product","link":"https:\/\/www.gruppoliturgico.com\/fr\/produit\/chasuble-36\/","title":{"rendered":"Chasuble"},"content":{"rendered":"<html><body><p>Chasuble en tissu polyester l\u00e9ger.<br>\nElle est orn\u00e9e des deux c\u00f4t\u00e9s d\u2019\u00e9pis de bl\u00e9, de feuilles de vigne et de grappes de raisin brod\u00e9s en fil d\u2019or.<br>\nProfil\u00e9e avec des garnitures dor\u00e9es.<br>\nCompl\u00e8te avec l\u2019\u00e9tole.<br>\nDisponible dans les coloris liturgiques.<\/p>\n<\/body><\/html>","protected":false},"excerpt":{"rendered":"<p>Chasuble en tissu polyester l\u00e9ger.<br \/>\nElle est orn\u00e9e des deux c\u00f4t\u00e9s d&rsquo;\u00e9pis de bl\u00e9, de feuilles de vigne et de grappes de raisin brod\u00e9s en fil d&rsquo;or.<br \/>\nProfil\u00e9e avec des garnitures dor\u00e9es.<br \/>\nCompl\u00e8te avec l&rsquo;\u00e9tole.<br \/>\nDisponible dans les coloris liturgiques.<\/p>\n","protected":false},"featured_media":129526,"template":"","meta":[],"product_cat":[12472],"product_tag":[],"yoast_head":"<!-- This site is optimized with the Yoast SEO plugin v20.4 - https:\/\/yoast.com\/wordpress\/plugins\/seo\/ -->\n<title>Chasuble - avec broderie et Laboratorio Gruppo Liturgico<\/title>\n<meta name=\"description\" content=\"Chasuble en tissu polyester l\u00e9ger. Elle est orn\u00e9e des deux c\u00f4t\u00e9s d&#039;\u00e9pis de bl\u00e9, de feuilles de vigne et de grappes de raisin brod\u00e9s en fil d&#039;or. Profil\u00e9e avec des garnitures dor\u00e9es. Compl\u00e8te avec l&#039;\u00e9tole. Disponible dans les coloris liturgiques.\" \/>\n<meta name=\"robots\" content=\"index, follow, max-snippet:-1, max-image-preview:large, max-video-preview:-1\" \/>\n<link rel=\"canonical\" href=\"https:\/\/www.gruppoliturgico.com\/fr\/produit\/chasuble-36\/\" \/>\n<meta property=\"og:locale\" content=\"fr_FR\" \/>\n<meta property=\"og:type\" content=\"article\" \/>\n<meta property=\"og:title\" content=\"Chasuble - avec broderie et Laboratorio Gruppo Liturgico\" \/>\n<meta property=\"og:description\" content=\"Chasuble en tissu polyester l\u00e9ger. Elle est orn\u00e9e des deux c\u00f4t\u00e9s d&#039;\u00e9pis de bl\u00e9, de feuilles de vigne et de grappes de raisin brod\u00e9s en fil d&#039;or. Profil\u00e9e avec des garnitures dor\u00e9es. Compl\u00e8te avec l&#039;\u00e9tole. Disponible dans les coloris liturgiques.\" \/>\n<meta property=\"og:url\" content=\"https:\/\/www.gruppoliturgico.com\/fr\/produit\/chasuble-36\/\" \/>\n<meta property=\"og:site_name\" content=\"Laboratorio Gruppo Liturgico\" \/>\n<meta name=\"twitter:card\" content=\"summary_large_image\" \/>\n<script type=\"application\/ld+json\" class=\"yoast-schema-graph\">{\"@context\":\"https:\/\/schema.org\",\"@graph\":[{\"@type\":\"WebPage\",\"@id\":\"https:\/\/www.gruppoliturgico.com\/fr\/produit\/chasuble-36\/\",\"url\":\"https:\/\/www.gruppoliturgico.com\/fr\/produit\/chasuble-36\/\",\"name\":\"Chasuble - avec broderie et Laboratorio Gruppo Liturgico\",\"isPartOf\":{\"@id\":\"https:\/\/www.gruppoliturgico.com\/es\/#website\"},\"datePublished\":\"2024-07-11T09:15:32+00:00\",\"dateModified\":\"2024-07-11T09:15:32+00:00\",\"description\":\"Chasuble en tissu polyester l\u00e9ger. Elle est orn\u00e9e des deux c\u00f4t\u00e9s d'\u00e9pis de bl\u00e9, de feuilles de vigne et de grappes de raisin brod\u00e9s en fil d'or. Profil\u00e9e avec des garnitures dor\u00e9es. Compl\u00e8te avec l'\u00e9tole. Disponible dans les coloris liturgiques.\",\"breadcrumb\":{\"@id\":\"https:\/\/www.gruppoliturgico.com\/fr\/produit\/chasuble-36\/#breadcrumb\"},\"inLanguage\":\"fr-FR\",\"potentialAction\":[{\"@type\":\"ReadAction\",\"target\":[\"https:\/\/www.gruppoliturgico.com\/fr\/produit\/chasuble-36\/\"]}]},{\"@type\":\"BreadcrumbList\",\"@id\":\"https:\/\/www.gruppoliturgico.com\/fr\/produit\/chasuble-36\/#breadcrumb\",\"itemListElement\":[{\"@type\":\"ListItem\",\"position\":1,\"name\":\"Home\",\"item\":\"https:\/\/www.gruppoliturgico.com\/fr\/\"},{\"@type\":\"ListItem\",\"position\":2,\"name\":\"Boutique\",\"item\":\"https:\/\/www.gruppoliturgico.com\/fr\/boutique\/\"},{\"@type\":\"ListItem\",\"position\":3,\"name\":\"Chasuble\"}]},{\"@type\":\"WebSite\",\"@id\":\"https:\/\/www.gruppoliturgico.com\/es\/#website\",\"url\":\"https:\/\/www.gruppoliturgico.com\/es\/\",\"name\":\"Laboratorio Gruppo Liturgico\",\"description\":\"Articoli Religiosi online\",\"publisher\":{\"@id\":\"https:\/\/www.gruppoliturgico.com\/es\/#organization\"},\"potentialAction\":[{\"@type\":\"SearchAction\",\"target\":{\"@type\":\"EntryPoint\",\"urlTemplate\":\"https:\/\/www.gruppoliturgico.com\/es\/?s={search_term_string}\"},\"query-input\":\"required name=search_term_string\"}],\"inLanguage\":\"fr-FR\"},{\"@type\":\"Organization\",\"@id\":\"https:\/\/www.gruppoliturgico.com\/es\/#organization\",\"name\":\"Laboratorio Gruppo Liturgico\",\"url\":\"https:\/\/www.gruppoliturgico.com\/es\/\",\"logo\":{\"@type\":\"ImageObject\",\"inLanguage\":\"fr-FR\",\"@id\":\"https:\/\/www.gruppoliturgico.com\/es\/#\/schema\/logo\/image\/\",\"url\":\"https:\/\/www.gruppoliturgico.com\/wp-content\/uploads\/2022\/02\/logo-laboratoriogruppoliturgico.png\",\"contentUrl\":\"https:\/\/www.gruppoliturgico.com\/wp-content\/uploads\/2022\/02\/logo-laboratoriogruppoliturgico.png\",\"width\":400,\"height\":114,\"caption\":\"Laboratorio Gruppo Liturgico\"},\"image\":{\"@id\":\"https:\/\/www.gruppoliturgico.com\/es\/#\/schema\/logo\/image\/\"}}]}<\/script>\n<!-- \/ Yoast SEO plugin. -->","yoast_head_json":{"title":"Chasuble - avec broderie et Laboratorio Gruppo Liturgico","description":"Chasuble en tissu polyester l\u00e9ger. Elle est orn\u00e9e des deux c\u00f4t\u00e9s d'\u00e9pis de bl\u00e9, de feuilles de vigne et de grappes de raisin brod\u00e9s en fil d'or. Profil\u00e9e avec des garnitures dor\u00e9es. Compl\u00e8te avec l'\u00e9tole. Disponible dans les coloris liturgiques.","robots":{"index":"index","follow":"follow","max-snippet":"max-snippet:-1","max-image-preview":"max-image-preview:large","max-video-preview":"max-video-preview:-1"},"canonical":"https:\/\/www.gruppoliturgico.com\/fr\/produit\/chasuble-36\/","og_locale":"fr_FR","og_type":"article","og_title":"Chasuble - avec broderie et Laboratorio Gruppo Liturgico","og_description":"Chasuble en tissu polyester l\u00e9ger. Elle est orn\u00e9e des deux c\u00f4t\u00e9s d'\u00e9pis de bl\u00e9, de feuilles de vigne et de grappes de raisin brod\u00e9s en fil d'or. Profil\u00e9e avec des garnitures dor\u00e9es. Compl\u00e8te avec l'\u00e9tole. Disponible dans les coloris liturgiques.","og_url":"https:\/\/www.gruppoliturgico.com\/fr\/produit\/chasuble-36\/","og_site_name":"Laboratorio Gruppo Liturgico","twitter_card":"summary_large_image","schema":{"@context":"https:\/\/schema.org","@graph":[{"@type":"WebPage","@id":"https:\/\/www.gruppoliturgico.com\/fr\/produit\/chasuble-36\/","url":"https:\/\/www.gruppoliturgico.com\/fr\/produit\/chasuble-36\/","name":"Chasuble - avec broderie et Laboratorio Gruppo Liturgico","isPartOf":{"@id":"https:\/\/www.gruppoliturgico.com\/es\/#website"},"datePublished":"2024-07-11T09:15:32+00:00","dateModified":"2024-07-11T09:15:32+00:00","description":"Chasuble en tissu polyester l\u00e9ger. Elle est orn\u00e9e des deux c\u00f4t\u00e9s d'\u00e9pis de bl\u00e9, de feuilles de vigne et de grappes de raisin brod\u00e9s en fil d'or. Profil\u00e9e avec des garnitures dor\u00e9es. Compl\u00e8te avec l'\u00e9tole. Disponible dans les coloris liturgiques.","breadcrumb":{"@id":"https:\/\/www.gruppoliturgico.com\/fr\/produit\/chasuble-36\/#breadcrumb"},"inLanguage":"fr-FR","potentialAction":[{"@type":"ReadAction","target":["https:\/\/www.gruppoliturgico.com\/fr\/produit\/chasuble-36\/"]}]},{"@type":"BreadcrumbList","@id":"https:\/\/www.gruppoliturgico.com\/fr\/produit\/chasuble-36\/#breadcrumb","itemListElement":[{"@type":"ListItem","position":1,"name":"Home","item":"https:\/\/www.gruppoliturgico.com\/fr\/"},{"@type":"ListItem","position":2,"name":"Boutique","item":"https:\/\/www.gruppoliturgico.com\/fr\/boutique\/"},{"@type":"ListItem","position":3,"name":"Chasuble"}]},{"@type":"WebSite","@id":"https:\/\/www.gruppoliturgico.com\/es\/#website","url":"https:\/\/www.gruppoliturgico.com\/es\/","name":"Laboratorio Gruppo Liturgico","description":"Articoli Religiosi online","publisher":{"@id":"https:\/\/www.gruppoliturgico.com\/es\/#organization"},"potentialAction":[{"@type":"SearchAction","target":{"@type":"EntryPoint","urlTemplate":"https:\/\/www.gruppoliturgico.com\/es\/?s={search_term_string}"},"query-input":"required name=search_term_string"}],"inLanguage":"fr-FR"},{"@type":"Organization","@id":"https:\/\/www.gruppoliturgico.com\/es\/#organization","name":"Laboratorio Gruppo Liturgico","url":"https:\/\/www.gruppoliturgico.com\/es\/","logo":{"@type":"ImageObject","inLanguage":"fr-FR","@id":"https:\/\/www.gruppoliturgico.com\/es\/#\/schema\/logo\/image\/","url":"https:\/\/www.gruppoliturgico.com\/wp-content\/uploads\/2022\/02\/logo-laboratoriogruppoliturgico.png","contentUrl":"https:\/\/www.gruppoliturgico.com\/wp-content\/uploads\/2022\/02\/logo-laboratoriogruppoliturgico.png","width":400,"height":114,"caption":"Laboratorio Gruppo Liturgico"},"image":{"@id":"https:\/\/www.gruppoliturgico.com\/es\/#\/schema\/logo\/image\/"}}]}},"_links":{"self":[{"href":"https:\/\/www.gruppoliturgico.com\/fr\/wp-json\/wp\/v2\/product\/128242"}],"collection":[{"href":"https:\/\/www.gruppoliturgico.com\/fr\/wp-json\/wp\/v2\/product"}],"about":[{"href":"https:\/\/www.gruppoliturgico.com\/fr\/wp-json\/wp\/v2\/types\/product"}],"wp:featuredmedia":[{"embeddable":true,"href":"https:\/\/www.gruppoliturgico.com\/fr\/wp-json\/wp\/v2\/media\/129526"}],"wp:attachment":[{"href":"https:\/\/www.gruppoliturgico.com\/fr\/wp-json\/wp\/v2\/media?parent=128242"}],"wp:term":[{"taxonomy":"product_cat","embeddable":true,"href":"https:\/\/www.gruppoliturgico.com\/fr\/wp-json\/wp\/v2\/product_cat?post=128242"},{"taxonomy":"product_tag","embeddable":true,"href":"https:\/\/www.gruppoliturgico.com\/fr\/wp-json\/wp\/v2\/product_tag?post=128242"}],"curies":[{"name":"wp","href":"https:\/\/api.w.org\/{rel}","templated":true}]}}