{"id":127226,"date":"2024-06-02T08:46:59","date_gmt":"2024-06-02T06:46:59","guid":{"rendered":"https:\/\/www.gruppoliturgico.com\/prodotto\/aube-avec-broderie-traditionelle-3\/"},"modified":"2024-06-02T08:46:59","modified_gmt":"2024-06-02T06:46:59","slug":"aube-avec-broderie-traditionelle-3","status":"publish","type":"product","link":"https:\/\/www.gruppoliturgico.com\/fr\/produit\/aube-avec-broderie-traditionelle-3\/","title":{"rendered":"Aube avec broderie traditionelle"},"content":{"rendered":"<html><body><p>aube de style traditionnel avec un motif de type Cant\u00f9 brod\u00e9 sur l\u2019ourlet et les manches.<br>\nLe tissu est un cristal de polyester qui se maintient m\u00eame apr\u00e8s un lavage normal \u00e0 l\u2019eau et au savon.<br>\nLes photographies montrent tous les d\u00e9tails de la broderie.<\/p>\n<\/body><\/html>","protected":false},"excerpt":{"rendered":"<p>aube de style traditionnel avec un motif de type Cant\u00f9 brod\u00e9 sur l&rsquo;ourlet et les manches.<br \/>\nLe tissu est un cristal de polyester qui se maintient m\u00eame apr\u00e8s un lavage normal \u00e0 l&rsquo;eau et au savon.<br \/>\nLes photographies montrent tous les d\u00e9tails de la broderie.<\/p>\n","protected":false},"featured_media":136019,"template":"","meta":[],"product_cat":[12224],"product_tag":[],"yoast_head":"<!-- This site is optimized with the Yoast SEO plugin v20.4 - https:\/\/yoast.com\/wordpress\/plugins\/seo\/ -->\n<title>Aube avec broderie traditionelle - Aubes et Laboratorio Gruppo Liturgico<\/title>\n<meta name=\"description\" content=\"aube de style traditionnel avec un motif de type Cant\u00f9 brod\u00e9 sur l&#039;ourlet et les manches. Le tissu est un cristal de polyester qui se maintient m\u00eame apr\u00e8s un lavage normal \u00e0 l&#039;eau et au savon. Les photographies montrent tous les d\u00e9tails de la broderie.\" \/>\n<meta name=\"robots\" content=\"index, follow, max-snippet:-1, max-image-preview:large, max-video-preview:-1\" \/>\n<link rel=\"canonical\" href=\"https:\/\/www.gruppoliturgico.com\/fr\/produit\/aube-avec-broderie-traditionelle-3\/\" \/>\n<meta property=\"og:locale\" content=\"fr_FR\" \/>\n<meta property=\"og:type\" content=\"article\" \/>\n<meta property=\"og:title\" content=\"Aube avec broderie traditionelle - Aubes et Laboratorio Gruppo Liturgico\" \/>\n<meta property=\"og:description\" content=\"aube de style traditionnel avec un motif de type Cant\u00f9 brod\u00e9 sur l&#039;ourlet et les manches. Le tissu est un cristal de polyester qui se maintient m\u00eame apr\u00e8s un lavage normal \u00e0 l&#039;eau et au savon. Les photographies montrent tous les d\u00e9tails de la broderie.\" \/>\n<meta property=\"og:url\" content=\"https:\/\/www.gruppoliturgico.com\/fr\/produit\/aube-avec-broderie-traditionelle-3\/\" \/>\n<meta property=\"og:site_name\" content=\"Laboratorio Gruppo Liturgico\" \/>\n<meta property=\"og:image\" content=\"https:\/\/www.gruppoliturgico.com\/wp-content\/uploads\/2024\/06\/4018-nv-3-rit.jpg\" \/>\n\t<meta property=\"og:image:width\" content=\"1026\" \/>\n\t<meta property=\"og:image:height\" content=\"2000\" \/>\n\t<meta property=\"og:image:type\" content=\"image\/jpeg\" \/>\n<meta name=\"twitter:card\" content=\"summary_large_image\" \/>\n<script type=\"application\/ld+json\" class=\"yoast-schema-graph\">{\"@context\":\"https:\/\/schema.org\",\"@graph\":[{\"@type\":\"WebPage\",\"@id\":\"https:\/\/www.gruppoliturgico.com\/fr\/produit\/aube-avec-broderie-traditionelle-3\/\",\"url\":\"https:\/\/www.gruppoliturgico.com\/fr\/produit\/aube-avec-broderie-traditionelle-3\/\",\"name\":\"Aube avec broderie traditionelle - Aubes et Laboratorio Gruppo Liturgico\",\"isPartOf\":{\"@id\":\"https:\/\/www.gruppoliturgico.com\/es\/#website\"},\"datePublished\":\"2024-06-02T06:46:59+00:00\",\"dateModified\":\"2024-06-02T06:46:59+00:00\",\"description\":\"aube de style traditionnel avec un motif de type Cant\u00f9 brod\u00e9 sur l'ourlet et les manches. Le tissu est un cristal de polyester qui se maintient m\u00eame apr\u00e8s un lavage normal \u00e0 l'eau et au savon. Les photographies montrent tous les d\u00e9tails de la broderie.\",\"breadcrumb\":{\"@id\":\"https:\/\/www.gruppoliturgico.com\/fr\/produit\/aube-avec-broderie-traditionelle-3\/#breadcrumb\"},\"inLanguage\":\"fr-FR\",\"potentialAction\":[{\"@type\":\"ReadAction\",\"target\":[\"https:\/\/www.gruppoliturgico.com\/fr\/produit\/aube-avec-broderie-traditionelle-3\/\"]}]},{\"@type\":\"BreadcrumbList\",\"@id\":\"https:\/\/www.gruppoliturgico.com\/fr\/produit\/aube-avec-broderie-traditionelle-3\/#breadcrumb\",\"itemListElement\":[{\"@type\":\"ListItem\",\"position\":1,\"name\":\"Home\",\"item\":\"https:\/\/www.gruppoliturgico.com\/fr\/\"},{\"@type\":\"ListItem\",\"position\":2,\"name\":\"Boutique\",\"item\":\"https:\/\/www.gruppoliturgico.com\/fr\/boutique\/\"},{\"@type\":\"ListItem\",\"position\":3,\"name\":\"Aube avec broderie traditionelle\"}]},{\"@type\":\"WebSite\",\"@id\":\"https:\/\/www.gruppoliturgico.com\/es\/#website\",\"url\":\"https:\/\/www.gruppoliturgico.com\/es\/\",\"name\":\"Laboratorio Gruppo Liturgico\",\"description\":\"Articoli Religiosi online\",\"publisher\":{\"@id\":\"https:\/\/www.gruppoliturgico.com\/es\/#organization\"},\"potentialAction\":[{\"@type\":\"SearchAction\",\"target\":{\"@type\":\"EntryPoint\",\"urlTemplate\":\"https:\/\/www.gruppoliturgico.com\/es\/?s={search_term_string}\"},\"query-input\":\"required name=search_term_string\"}],\"inLanguage\":\"fr-FR\"},{\"@type\":\"Organization\",\"@id\":\"https:\/\/www.gruppoliturgico.com\/es\/#organization\",\"name\":\"Laboratorio Gruppo Liturgico\",\"url\":\"https:\/\/www.gruppoliturgico.com\/es\/\",\"logo\":{\"@type\":\"ImageObject\",\"inLanguage\":\"fr-FR\",\"@id\":\"https:\/\/www.gruppoliturgico.com\/es\/#\/schema\/logo\/image\/\",\"url\":\"https:\/\/www.gruppoliturgico.com\/wp-content\/uploads\/2022\/02\/logo-laboratoriogruppoliturgico.png\",\"contentUrl\":\"https:\/\/www.gruppoliturgico.com\/wp-content\/uploads\/2022\/02\/logo-laboratoriogruppoliturgico.png\",\"width\":400,\"height\":114,\"caption\":\"Laboratorio Gruppo Liturgico\"},\"image\":{\"@id\":\"https:\/\/www.gruppoliturgico.com\/es\/#\/schema\/logo\/image\/\"}}]}<\/script>\n<!-- \/ Yoast SEO plugin. -->","yoast_head_json":{"title":"Aube avec broderie traditionelle - Aubes et Laboratorio Gruppo Liturgico","description":"aube de style traditionnel avec un motif de type Cant\u00f9 brod\u00e9 sur l'ourlet et les manches. Le tissu est un cristal de polyester qui se maintient m\u00eame apr\u00e8s un lavage normal \u00e0 l'eau et au savon. Les photographies montrent tous les d\u00e9tails de la broderie.","robots":{"index":"index","follow":"follow","max-snippet":"max-snippet:-1","max-image-preview":"max-image-preview:large","max-video-preview":"max-video-preview:-1"},"canonical":"https:\/\/www.gruppoliturgico.com\/fr\/produit\/aube-avec-broderie-traditionelle-3\/","og_locale":"fr_FR","og_type":"article","og_title":"Aube avec broderie traditionelle - Aubes et Laboratorio Gruppo Liturgico","og_description":"aube de style traditionnel avec un motif de type Cant\u00f9 brod\u00e9 sur l'ourlet et les manches. Le tissu est un cristal de polyester qui se maintient m\u00eame apr\u00e8s un lavage normal \u00e0 l'eau et au savon. Les photographies montrent tous les d\u00e9tails de la broderie.","og_url":"https:\/\/www.gruppoliturgico.com\/fr\/produit\/aube-avec-broderie-traditionelle-3\/","og_site_name":"Laboratorio Gruppo Liturgico","og_image":[{"width":1026,"height":2000,"url":"https:\/\/www.gruppoliturgico.com\/wp-content\/uploads\/2024\/06\/4018-nv-3-rit.jpg","type":"image\/jpeg"}],"twitter_card":"summary_large_image","schema":{"@context":"https:\/\/schema.org","@graph":[{"@type":"WebPage","@id":"https:\/\/www.gruppoliturgico.com\/fr\/produit\/aube-avec-broderie-traditionelle-3\/","url":"https:\/\/www.gruppoliturgico.com\/fr\/produit\/aube-avec-broderie-traditionelle-3\/","name":"Aube avec broderie traditionelle - Aubes et Laboratorio Gruppo Liturgico","isPartOf":{"@id":"https:\/\/www.gruppoliturgico.com\/es\/#website"},"datePublished":"2024-06-02T06:46:59+00:00","dateModified":"2024-06-02T06:46:59+00:00","description":"aube de style traditionnel avec un motif de type Cant\u00f9 brod\u00e9 sur l'ourlet et les manches. Le tissu est un cristal de polyester qui se maintient m\u00eame apr\u00e8s un lavage normal \u00e0 l'eau et au savon. Les photographies montrent tous les d\u00e9tails de la broderie.","breadcrumb":{"@id":"https:\/\/www.gruppoliturgico.com\/fr\/produit\/aube-avec-broderie-traditionelle-3\/#breadcrumb"},"inLanguage":"fr-FR","potentialAction":[{"@type":"ReadAction","target":["https:\/\/www.gruppoliturgico.com\/fr\/produit\/aube-avec-broderie-traditionelle-3\/"]}]},{"@type":"BreadcrumbList","@id":"https:\/\/www.gruppoliturgico.com\/fr\/produit\/aube-avec-broderie-traditionelle-3\/#breadcrumb","itemListElement":[{"@type":"ListItem","position":1,"name":"Home","item":"https:\/\/www.gruppoliturgico.com\/fr\/"},{"@type":"ListItem","position":2,"name":"Boutique","item":"https:\/\/www.gruppoliturgico.com\/fr\/boutique\/"},{"@type":"ListItem","position":3,"name":"Aube avec broderie traditionelle"}]},{"@type":"WebSite","@id":"https:\/\/www.gruppoliturgico.com\/es\/#website","url":"https:\/\/www.gruppoliturgico.com\/es\/","name":"Laboratorio Gruppo Liturgico","description":"Articoli Religiosi online","publisher":{"@id":"https:\/\/www.gruppoliturgico.com\/es\/#organization"},"potentialAction":[{"@type":"SearchAction","target":{"@type":"EntryPoint","urlTemplate":"https:\/\/www.gruppoliturgico.com\/es\/?s={search_term_string}"},"query-input":"required name=search_term_string"}],"inLanguage":"fr-FR"},{"@type":"Organization","@id":"https:\/\/www.gruppoliturgico.com\/es\/#organization","name":"Laboratorio Gruppo Liturgico","url":"https:\/\/www.gruppoliturgico.com\/es\/","logo":{"@type":"ImageObject","inLanguage":"fr-FR","@id":"https:\/\/www.gruppoliturgico.com\/es\/#\/schema\/logo\/image\/","url":"https:\/\/www.gruppoliturgico.com\/wp-content\/uploads\/2022\/02\/logo-laboratoriogruppoliturgico.png","contentUrl":"https:\/\/www.gruppoliturgico.com\/wp-content\/uploads\/2022\/02\/logo-laboratoriogruppoliturgico.png","width":400,"height":114,"caption":"Laboratorio Gruppo Liturgico"},"image":{"@id":"https:\/\/www.gruppoliturgico.com\/es\/#\/schema\/logo\/image\/"}}]}},"_links":{"self":[{"href":"https:\/\/www.gruppoliturgico.com\/fr\/wp-json\/wp\/v2\/product\/127226"}],"collection":[{"href":"https:\/\/www.gruppoliturgico.com\/fr\/wp-json\/wp\/v2\/product"}],"about":[{"href":"https:\/\/www.gruppoliturgico.com\/fr\/wp-json\/wp\/v2\/types\/product"}],"wp:featuredmedia":[{"embeddable":true,"href":"https:\/\/www.gruppoliturgico.com\/fr\/wp-json\/wp\/v2\/media\/136019"}],"wp:attachment":[{"href":"https:\/\/www.gruppoliturgico.com\/fr\/wp-json\/wp\/v2\/media?parent=127226"}],"wp:term":[{"taxonomy":"product_cat","embeddable":true,"href":"https:\/\/www.gruppoliturgico.com\/fr\/wp-json\/wp\/v2\/product_cat?post=127226"},{"taxonomy":"product_tag","embeddable":true,"href":"https:\/\/www.gruppoliturgico.com\/fr\/wp-json\/wp\/v2\/product_tag?post=127226"}],"curies":[{"name":"wp","href":"https:\/\/api.w.org\/{rel}","templated":true}]}}