{"id":127214,"date":"2024-06-02T08:38:51","date_gmt":"2024-06-02T06:38:51","guid":{"rendered":"https:\/\/www.gruppoliturgico.com\/prodotto\/aube-avec-broderie-traditionelle-2\/"},"modified":"2024-06-02T08:38:51","modified_gmt":"2024-06-02T06:38:51","slug":"aube-avec-broderie-traditionelle-2","status":"publish","type":"product","link":"https:\/\/www.gruppoliturgico.com\/fr\/produit\/aube-avec-broderie-traditionelle-2\/","title":{"rendered":"Aube avec broderie traditionelle"},"content":{"rendered":"<html><body><p>Prestigieuse et \u00e9l\u00e9gante aube de style traditionnel avec un motif de type filet brod\u00e9 sur un tissu cristal en polyester.<br>\nL\u2019ourlet et les manches sont orn\u00e9s d\u2019une alternance de symboles IHS et d\u2019un calice avec une gaufre.<\/p>\n<\/body><\/html>","protected":false},"excerpt":{"rendered":"<p>Prestigieuse et \u00e9l\u00e9gante aube de style traditionnel avec un motif de type filet brod\u00e9 sur un tissu cristal en polyester.<br \/>\nL&rsquo;ourlet et les manches sont orn\u00e9s d&rsquo;une alternance de symboles IHS et d&rsquo;un calice avec une gaufre.<\/p>\n","protected":false},"featured_media":140713,"template":"","meta":[],"product_cat":[12224],"product_tag":[],"yoast_head":"<!-- This site is optimized with the Yoast SEO plugin v20.4 - https:\/\/yoast.com\/wordpress\/plugins\/seo\/ -->\n<title>Aube avec broderie traditionelle - Aubes et Laboratorio Gruppo Liturgico<\/title>\n<meta name=\"description\" content=\"Prestigieuse et \u00e9l\u00e9gante aube de style traditionnel avec un motif de type filet brod\u00e9 sur un tissu cristal en polyester. L&#039;ourlet et les manches sont orn\u00e9s d&#039;une alternance de symboles IHS et d&#039;un calice avec une gaufre.\" \/>\n<meta name=\"robots\" content=\"index, follow, max-snippet:-1, max-image-preview:large, max-video-preview:-1\" \/>\n<link rel=\"canonical\" href=\"https:\/\/www.gruppoliturgico.com\/fr\/produit\/aube-avec-broderie-traditionelle-2\/\" \/>\n<meta property=\"og:locale\" content=\"fr_FR\" \/>\n<meta property=\"og:type\" content=\"article\" \/>\n<meta property=\"og:title\" content=\"Aube avec broderie traditionelle - Aubes et Laboratorio Gruppo Liturgico\" \/>\n<meta property=\"og:description\" content=\"Prestigieuse et \u00e9l\u00e9gante aube de style traditionnel avec un motif de type filet brod\u00e9 sur un tissu cristal en polyester. L&#039;ourlet et les manches sont orn\u00e9s d&#039;une alternance de symboles IHS et d&#039;un calice avec une gaufre.\" \/>\n<meta property=\"og:url\" content=\"https:\/\/www.gruppoliturgico.com\/fr\/produit\/aube-avec-broderie-traditionelle-2\/\" \/>\n<meta property=\"og:site_name\" content=\"Laboratorio Gruppo Liturgico\" \/>\n<meta property=\"og:image\" content=\"https:\/\/www.gruppoliturgico.com\/wp-content\/uploads\/2024\/06\/4017-nv.jpeg\" \/>\n\t<meta property=\"og:image:width\" content=\"1333\" \/>\n\t<meta property=\"og:image:height\" content=\"2000\" \/>\n\t<meta property=\"og:image:type\" content=\"image\/jpeg\" \/>\n<meta name=\"twitter:card\" content=\"summary_large_image\" \/>\n<script type=\"application\/ld+json\" class=\"yoast-schema-graph\">{\"@context\":\"https:\/\/schema.org\",\"@graph\":[{\"@type\":\"WebPage\",\"@id\":\"https:\/\/www.gruppoliturgico.com\/fr\/produit\/aube-avec-broderie-traditionelle-2\/\",\"url\":\"https:\/\/www.gruppoliturgico.com\/fr\/produit\/aube-avec-broderie-traditionelle-2\/\",\"name\":\"Aube avec broderie traditionelle - Aubes et Laboratorio Gruppo Liturgico\",\"isPartOf\":{\"@id\":\"https:\/\/www.gruppoliturgico.com\/es\/#website\"},\"datePublished\":\"2024-06-02T06:38:51+00:00\",\"dateModified\":\"2024-06-02T06:38:51+00:00\",\"description\":\"Prestigieuse et \u00e9l\u00e9gante aube de style traditionnel avec un motif de type filet brod\u00e9 sur un tissu cristal en polyester. L'ourlet et les manches sont orn\u00e9s d'une alternance de symboles IHS et d'un calice avec une gaufre.\",\"breadcrumb\":{\"@id\":\"https:\/\/www.gruppoliturgico.com\/fr\/produit\/aube-avec-broderie-traditionelle-2\/#breadcrumb\"},\"inLanguage\":\"fr-FR\",\"potentialAction\":[{\"@type\":\"ReadAction\",\"target\":[\"https:\/\/www.gruppoliturgico.com\/fr\/produit\/aube-avec-broderie-traditionelle-2\/\"]}]},{\"@type\":\"BreadcrumbList\",\"@id\":\"https:\/\/www.gruppoliturgico.com\/fr\/produit\/aube-avec-broderie-traditionelle-2\/#breadcrumb\",\"itemListElement\":[{\"@type\":\"ListItem\",\"position\":1,\"name\":\"Home\",\"item\":\"https:\/\/www.gruppoliturgico.com\/fr\/\"},{\"@type\":\"ListItem\",\"position\":2,\"name\":\"Boutique\",\"item\":\"https:\/\/www.gruppoliturgico.com\/fr\/boutique\/\"},{\"@type\":\"ListItem\",\"position\":3,\"name\":\"Aube avec broderie traditionelle\"}]},{\"@type\":\"WebSite\",\"@id\":\"https:\/\/www.gruppoliturgico.com\/es\/#website\",\"url\":\"https:\/\/www.gruppoliturgico.com\/es\/\",\"name\":\"Laboratorio Gruppo Liturgico\",\"description\":\"Articoli Religiosi online\",\"publisher\":{\"@id\":\"https:\/\/www.gruppoliturgico.com\/es\/#organization\"},\"potentialAction\":[{\"@type\":\"SearchAction\",\"target\":{\"@type\":\"EntryPoint\",\"urlTemplate\":\"https:\/\/www.gruppoliturgico.com\/es\/?s={search_term_string}\"},\"query-input\":\"required name=search_term_string\"}],\"inLanguage\":\"fr-FR\"},{\"@type\":\"Organization\",\"@id\":\"https:\/\/www.gruppoliturgico.com\/es\/#organization\",\"name\":\"Laboratorio Gruppo Liturgico\",\"url\":\"https:\/\/www.gruppoliturgico.com\/es\/\",\"logo\":{\"@type\":\"ImageObject\",\"inLanguage\":\"fr-FR\",\"@id\":\"https:\/\/www.gruppoliturgico.com\/es\/#\/schema\/logo\/image\/\",\"url\":\"https:\/\/www.gruppoliturgico.com\/wp-content\/uploads\/2022\/02\/logo-laboratoriogruppoliturgico.png\",\"contentUrl\":\"https:\/\/www.gruppoliturgico.com\/wp-content\/uploads\/2022\/02\/logo-laboratoriogruppoliturgico.png\",\"width\":400,\"height\":114,\"caption\":\"Laboratorio Gruppo Liturgico\"},\"image\":{\"@id\":\"https:\/\/www.gruppoliturgico.com\/es\/#\/schema\/logo\/image\/\"}}]}<\/script>\n<!-- \/ Yoast SEO plugin. -->","yoast_head_json":{"title":"Aube avec broderie traditionelle - Aubes et Laboratorio Gruppo Liturgico","description":"Prestigieuse et \u00e9l\u00e9gante aube de style traditionnel avec un motif de type filet brod\u00e9 sur un tissu cristal en polyester. L'ourlet et les manches sont orn\u00e9s d'une alternance de symboles IHS et d'un calice avec une gaufre.","robots":{"index":"index","follow":"follow","max-snippet":"max-snippet:-1","max-image-preview":"max-image-preview:large","max-video-preview":"max-video-preview:-1"},"canonical":"https:\/\/www.gruppoliturgico.com\/fr\/produit\/aube-avec-broderie-traditionelle-2\/","og_locale":"fr_FR","og_type":"article","og_title":"Aube avec broderie traditionelle - Aubes et Laboratorio Gruppo Liturgico","og_description":"Prestigieuse et \u00e9l\u00e9gante aube de style traditionnel avec un motif de type filet brod\u00e9 sur un tissu cristal en polyester. L'ourlet et les manches sont orn\u00e9s d'une alternance de symboles IHS et d'un calice avec une gaufre.","og_url":"https:\/\/www.gruppoliturgico.com\/fr\/produit\/aube-avec-broderie-traditionelle-2\/","og_site_name":"Laboratorio Gruppo Liturgico","og_image":[{"width":1333,"height":2000,"url":"https:\/\/www.gruppoliturgico.com\/wp-content\/uploads\/2024\/06\/4017-nv.jpeg","type":"image\/jpeg"}],"twitter_card":"summary_large_image","schema":{"@context":"https:\/\/schema.org","@graph":[{"@type":"WebPage","@id":"https:\/\/www.gruppoliturgico.com\/fr\/produit\/aube-avec-broderie-traditionelle-2\/","url":"https:\/\/www.gruppoliturgico.com\/fr\/produit\/aube-avec-broderie-traditionelle-2\/","name":"Aube avec broderie traditionelle - Aubes et Laboratorio Gruppo Liturgico","isPartOf":{"@id":"https:\/\/www.gruppoliturgico.com\/es\/#website"},"datePublished":"2024-06-02T06:38:51+00:00","dateModified":"2024-06-02T06:38:51+00:00","description":"Prestigieuse et \u00e9l\u00e9gante aube de style traditionnel avec un motif de type filet brod\u00e9 sur un tissu cristal en polyester. L'ourlet et les manches sont orn\u00e9s d'une alternance de symboles IHS et d'un calice avec une gaufre.","breadcrumb":{"@id":"https:\/\/www.gruppoliturgico.com\/fr\/produit\/aube-avec-broderie-traditionelle-2\/#breadcrumb"},"inLanguage":"fr-FR","potentialAction":[{"@type":"ReadAction","target":["https:\/\/www.gruppoliturgico.com\/fr\/produit\/aube-avec-broderie-traditionelle-2\/"]}]},{"@type":"BreadcrumbList","@id":"https:\/\/www.gruppoliturgico.com\/fr\/produit\/aube-avec-broderie-traditionelle-2\/#breadcrumb","itemListElement":[{"@type":"ListItem","position":1,"name":"Home","item":"https:\/\/www.gruppoliturgico.com\/fr\/"},{"@type":"ListItem","position":2,"name":"Boutique","item":"https:\/\/www.gruppoliturgico.com\/fr\/boutique\/"},{"@type":"ListItem","position":3,"name":"Aube avec broderie traditionelle"}]},{"@type":"WebSite","@id":"https:\/\/www.gruppoliturgico.com\/es\/#website","url":"https:\/\/www.gruppoliturgico.com\/es\/","name":"Laboratorio Gruppo Liturgico","description":"Articoli Religiosi online","publisher":{"@id":"https:\/\/www.gruppoliturgico.com\/es\/#organization"},"potentialAction":[{"@type":"SearchAction","target":{"@type":"EntryPoint","urlTemplate":"https:\/\/www.gruppoliturgico.com\/es\/?s={search_term_string}"},"query-input":"required name=search_term_string"}],"inLanguage":"fr-FR"},{"@type":"Organization","@id":"https:\/\/www.gruppoliturgico.com\/es\/#organization","name":"Laboratorio Gruppo Liturgico","url":"https:\/\/www.gruppoliturgico.com\/es\/","logo":{"@type":"ImageObject","inLanguage":"fr-FR","@id":"https:\/\/www.gruppoliturgico.com\/es\/#\/schema\/logo\/image\/","url":"https:\/\/www.gruppoliturgico.com\/wp-content\/uploads\/2022\/02\/logo-laboratoriogruppoliturgico.png","contentUrl":"https:\/\/www.gruppoliturgico.com\/wp-content\/uploads\/2022\/02\/logo-laboratoriogruppoliturgico.png","width":400,"height":114,"caption":"Laboratorio Gruppo Liturgico"},"image":{"@id":"https:\/\/www.gruppoliturgico.com\/es\/#\/schema\/logo\/image\/"}}]}},"_links":{"self":[{"href":"https:\/\/www.gruppoliturgico.com\/fr\/wp-json\/wp\/v2\/product\/127214"}],"collection":[{"href":"https:\/\/www.gruppoliturgico.com\/fr\/wp-json\/wp\/v2\/product"}],"about":[{"href":"https:\/\/www.gruppoliturgico.com\/fr\/wp-json\/wp\/v2\/types\/product"}],"wp:featuredmedia":[{"embeddable":true,"href":"https:\/\/www.gruppoliturgico.com\/fr\/wp-json\/wp\/v2\/media\/140713"}],"wp:attachment":[{"href":"https:\/\/www.gruppoliturgico.com\/fr\/wp-json\/wp\/v2\/media?parent=127214"}],"wp:term":[{"taxonomy":"product_cat","embeddable":true,"href":"https:\/\/www.gruppoliturgico.com\/fr\/wp-json\/wp\/v2\/product_cat?post=127214"},{"taxonomy":"product_tag","embeddable":true,"href":"https:\/\/www.gruppoliturgico.com\/fr\/wp-json\/wp\/v2\/product_tag?post=127214"}],"curies":[{"name":"wp","href":"https:\/\/api.w.org\/{rel}","templated":true}]}}