{"id":127195,"date":"2024-06-01T15:25:30","date_gmt":"2024-06-01T13:25:30","guid":{"rendered":"https:\/\/www.gruppoliturgico.com\/prodotto\/aube-avec-broderie-traditionelle\/"},"modified":"2024-06-01T15:25:30","modified_gmt":"2024-06-01T13:25:30","slug":"aube-avec-broderie-traditionelle","status":"publish","type":"product","link":"https:\/\/www.gruppoliturgico.com\/fr\/produit\/aube-avec-broderie-traditionelle\/","title":{"rendered":"Aube avec broderie traditionelle"},"content":{"rendered":"<html><body><p>Aube traditionnelle avec de d\u00e9licates broderies de style Renaissance.<br>\nMotif de ramage brod\u00e9 au fil sur un tulle de coton de couleur \u00e9cru.<br>\nLa broderie est pr\u00e9sente sur l\u2019ensemble de l\u2019ourlet et des manches, dont les d\u00e9tails sont pr\u00e9sent\u00e9s dans les diff\u00e9rentes photographies.<\/p>\n<\/body><\/html>","protected":false},"excerpt":{"rendered":"<p>Aube traditionnelle avec de d\u00e9licates broderies de style Renaissance.<br \/>\nMotif de ramage brod\u00e9 au fil sur un tulle de coton de couleur \u00e9cru.<br \/>\nLa broderie est pr\u00e9sente sur l&rsquo;ensemble de l&rsquo;ourlet et des manches, dont les d\u00e9tails sont pr\u00e9sent\u00e9s dans les diff\u00e9rentes photographies.<\/p>\n","protected":false},"featured_media":129881,"template":"","meta":[],"product_cat":[12224],"product_tag":[],"yoast_head":"<!-- This site is optimized with the Yoast SEO plugin v20.4 - https:\/\/yoast.com\/wordpress\/plugins\/seo\/ -->\n<title>Aube avec broderie traditionelle - Aubes et Laboratorio Gruppo Liturgico<\/title>\n<meta name=\"description\" content=\"Aube traditionnelle avec de d\u00e9licates broderies de style Renaissance. Motif de ramage brod\u00e9 au fil sur un tulle de coton de couleur \u00e9cru. La broderie est pr\u00e9sente sur l&#039;ensemble de l&#039;ourlet et des manches, dont les d\u00e9tails sont pr\u00e9sent\u00e9s dans les diff\u00e9rentes photographies.\" \/>\n<meta name=\"robots\" content=\"index, follow, max-snippet:-1, max-image-preview:large, max-video-preview:-1\" \/>\n<link rel=\"canonical\" href=\"https:\/\/www.gruppoliturgico.com\/fr\/produit\/aube-avec-broderie-traditionelle\/\" \/>\n<meta property=\"og:locale\" content=\"fr_FR\" \/>\n<meta property=\"og:type\" content=\"article\" \/>\n<meta property=\"og:title\" content=\"Aube avec broderie traditionelle - Aubes et Laboratorio Gruppo Liturgico\" \/>\n<meta property=\"og:description\" content=\"Aube traditionnelle avec de d\u00e9licates broderies de style Renaissance. Motif de ramage brod\u00e9 au fil sur un tulle de coton de couleur \u00e9cru. La broderie est pr\u00e9sente sur l&#039;ensemble de l&#039;ourlet et des manches, dont les d\u00e9tails sont pr\u00e9sent\u00e9s dans les diff\u00e9rentes photographies.\" \/>\n<meta property=\"og:url\" content=\"https:\/\/www.gruppoliturgico.com\/fr\/produit\/aube-avec-broderie-traditionelle\/\" \/>\n<meta property=\"og:site_name\" content=\"Laboratorio Gruppo Liturgico\" \/>\n<meta name=\"twitter:card\" content=\"summary_large_image\" \/>\n<script type=\"application\/ld+json\" class=\"yoast-schema-graph\">{\"@context\":\"https:\/\/schema.org\",\"@graph\":[{\"@type\":\"WebPage\",\"@id\":\"https:\/\/www.gruppoliturgico.com\/fr\/produit\/aube-avec-broderie-traditionelle\/\",\"url\":\"https:\/\/www.gruppoliturgico.com\/fr\/produit\/aube-avec-broderie-traditionelle\/\",\"name\":\"Aube avec broderie traditionelle - Aubes et Laboratorio Gruppo Liturgico\",\"isPartOf\":{\"@id\":\"https:\/\/www.gruppoliturgico.com\/es\/#website\"},\"datePublished\":\"2024-06-01T13:25:30+00:00\",\"dateModified\":\"2024-06-01T13:25:30+00:00\",\"description\":\"Aube traditionnelle avec de d\u00e9licates broderies de style Renaissance. Motif de ramage brod\u00e9 au fil sur un tulle de coton de couleur \u00e9cru. La broderie est pr\u00e9sente sur l'ensemble de l'ourlet et des manches, dont les d\u00e9tails sont pr\u00e9sent\u00e9s dans les diff\u00e9rentes photographies.\",\"breadcrumb\":{\"@id\":\"https:\/\/www.gruppoliturgico.com\/fr\/produit\/aube-avec-broderie-traditionelle\/#breadcrumb\"},\"inLanguage\":\"fr-FR\",\"potentialAction\":[{\"@type\":\"ReadAction\",\"target\":[\"https:\/\/www.gruppoliturgico.com\/fr\/produit\/aube-avec-broderie-traditionelle\/\"]}]},{\"@type\":\"BreadcrumbList\",\"@id\":\"https:\/\/www.gruppoliturgico.com\/fr\/produit\/aube-avec-broderie-traditionelle\/#breadcrumb\",\"itemListElement\":[{\"@type\":\"ListItem\",\"position\":1,\"name\":\"Home\",\"item\":\"https:\/\/www.gruppoliturgico.com\/fr\/\"},{\"@type\":\"ListItem\",\"position\":2,\"name\":\"Boutique\",\"item\":\"https:\/\/www.gruppoliturgico.com\/fr\/boutique\/\"},{\"@type\":\"ListItem\",\"position\":3,\"name\":\"Aube avec broderie traditionelle\"}]},{\"@type\":\"WebSite\",\"@id\":\"https:\/\/www.gruppoliturgico.com\/es\/#website\",\"url\":\"https:\/\/www.gruppoliturgico.com\/es\/\",\"name\":\"Laboratorio Gruppo Liturgico\",\"description\":\"Articoli Religiosi online\",\"publisher\":{\"@id\":\"https:\/\/www.gruppoliturgico.com\/es\/#organization\"},\"potentialAction\":[{\"@type\":\"SearchAction\",\"target\":{\"@type\":\"EntryPoint\",\"urlTemplate\":\"https:\/\/www.gruppoliturgico.com\/es\/?s={search_term_string}\"},\"query-input\":\"required name=search_term_string\"}],\"inLanguage\":\"fr-FR\"},{\"@type\":\"Organization\",\"@id\":\"https:\/\/www.gruppoliturgico.com\/es\/#organization\",\"name\":\"Laboratorio Gruppo Liturgico\",\"url\":\"https:\/\/www.gruppoliturgico.com\/es\/\",\"logo\":{\"@type\":\"ImageObject\",\"inLanguage\":\"fr-FR\",\"@id\":\"https:\/\/www.gruppoliturgico.com\/es\/#\/schema\/logo\/image\/\",\"url\":\"https:\/\/www.gruppoliturgico.com\/wp-content\/uploads\/2022\/02\/logo-laboratoriogruppoliturgico.png\",\"contentUrl\":\"https:\/\/www.gruppoliturgico.com\/wp-content\/uploads\/2022\/02\/logo-laboratoriogruppoliturgico.png\",\"width\":400,\"height\":114,\"caption\":\"Laboratorio Gruppo Liturgico\"},\"image\":{\"@id\":\"https:\/\/www.gruppoliturgico.com\/es\/#\/schema\/logo\/image\/\"}}]}<\/script>\n<!-- \/ Yoast SEO plugin. -->","yoast_head_json":{"title":"Aube avec broderie traditionelle - Aubes et Laboratorio Gruppo Liturgico","description":"Aube traditionnelle avec de d\u00e9licates broderies de style Renaissance. Motif de ramage brod\u00e9 au fil sur un tulle de coton de couleur \u00e9cru. La broderie est pr\u00e9sente sur l'ensemble de l'ourlet et des manches, dont les d\u00e9tails sont pr\u00e9sent\u00e9s dans les diff\u00e9rentes photographies.","robots":{"index":"index","follow":"follow","max-snippet":"max-snippet:-1","max-image-preview":"max-image-preview:large","max-video-preview":"max-video-preview:-1"},"canonical":"https:\/\/www.gruppoliturgico.com\/fr\/produit\/aube-avec-broderie-traditionelle\/","og_locale":"fr_FR","og_type":"article","og_title":"Aube avec broderie traditionelle - Aubes et Laboratorio Gruppo Liturgico","og_description":"Aube traditionnelle avec de d\u00e9licates broderies de style Renaissance. Motif de ramage brod\u00e9 au fil sur un tulle de coton de couleur \u00e9cru. La broderie est pr\u00e9sente sur l'ensemble de l'ourlet et des manches, dont les d\u00e9tails sont pr\u00e9sent\u00e9s dans les diff\u00e9rentes photographies.","og_url":"https:\/\/www.gruppoliturgico.com\/fr\/produit\/aube-avec-broderie-traditionelle\/","og_site_name":"Laboratorio Gruppo Liturgico","twitter_card":"summary_large_image","schema":{"@context":"https:\/\/schema.org","@graph":[{"@type":"WebPage","@id":"https:\/\/www.gruppoliturgico.com\/fr\/produit\/aube-avec-broderie-traditionelle\/","url":"https:\/\/www.gruppoliturgico.com\/fr\/produit\/aube-avec-broderie-traditionelle\/","name":"Aube avec broderie traditionelle - Aubes et Laboratorio Gruppo Liturgico","isPartOf":{"@id":"https:\/\/www.gruppoliturgico.com\/es\/#website"},"datePublished":"2024-06-01T13:25:30+00:00","dateModified":"2024-06-01T13:25:30+00:00","description":"Aube traditionnelle avec de d\u00e9licates broderies de style Renaissance. Motif de ramage brod\u00e9 au fil sur un tulle de coton de couleur \u00e9cru. La broderie est pr\u00e9sente sur l'ensemble de l'ourlet et des manches, dont les d\u00e9tails sont pr\u00e9sent\u00e9s dans les diff\u00e9rentes photographies.","breadcrumb":{"@id":"https:\/\/www.gruppoliturgico.com\/fr\/produit\/aube-avec-broderie-traditionelle\/#breadcrumb"},"inLanguage":"fr-FR","potentialAction":[{"@type":"ReadAction","target":["https:\/\/www.gruppoliturgico.com\/fr\/produit\/aube-avec-broderie-traditionelle\/"]}]},{"@type":"BreadcrumbList","@id":"https:\/\/www.gruppoliturgico.com\/fr\/produit\/aube-avec-broderie-traditionelle\/#breadcrumb","itemListElement":[{"@type":"ListItem","position":1,"name":"Home","item":"https:\/\/www.gruppoliturgico.com\/fr\/"},{"@type":"ListItem","position":2,"name":"Boutique","item":"https:\/\/www.gruppoliturgico.com\/fr\/boutique\/"},{"@type":"ListItem","position":3,"name":"Aube avec broderie traditionelle"}]},{"@type":"WebSite","@id":"https:\/\/www.gruppoliturgico.com\/es\/#website","url":"https:\/\/www.gruppoliturgico.com\/es\/","name":"Laboratorio Gruppo Liturgico","description":"Articoli Religiosi online","publisher":{"@id":"https:\/\/www.gruppoliturgico.com\/es\/#organization"},"potentialAction":[{"@type":"SearchAction","target":{"@type":"EntryPoint","urlTemplate":"https:\/\/www.gruppoliturgico.com\/es\/?s={search_term_string}"},"query-input":"required name=search_term_string"}],"inLanguage":"fr-FR"},{"@type":"Organization","@id":"https:\/\/www.gruppoliturgico.com\/es\/#organization","name":"Laboratorio Gruppo Liturgico","url":"https:\/\/www.gruppoliturgico.com\/es\/","logo":{"@type":"ImageObject","inLanguage":"fr-FR","@id":"https:\/\/www.gruppoliturgico.com\/es\/#\/schema\/logo\/image\/","url":"https:\/\/www.gruppoliturgico.com\/wp-content\/uploads\/2022\/02\/logo-laboratoriogruppoliturgico.png","contentUrl":"https:\/\/www.gruppoliturgico.com\/wp-content\/uploads\/2022\/02\/logo-laboratoriogruppoliturgico.png","width":400,"height":114,"caption":"Laboratorio Gruppo Liturgico"},"image":{"@id":"https:\/\/www.gruppoliturgico.com\/es\/#\/schema\/logo\/image\/"}}]}},"_links":{"self":[{"href":"https:\/\/www.gruppoliturgico.com\/fr\/wp-json\/wp\/v2\/product\/127195"}],"collection":[{"href":"https:\/\/www.gruppoliturgico.com\/fr\/wp-json\/wp\/v2\/product"}],"about":[{"href":"https:\/\/www.gruppoliturgico.com\/fr\/wp-json\/wp\/v2\/types\/product"}],"wp:featuredmedia":[{"embeddable":true,"href":"https:\/\/www.gruppoliturgico.com\/fr\/wp-json\/wp\/v2\/media\/129881"}],"wp:attachment":[{"href":"https:\/\/www.gruppoliturgico.com\/fr\/wp-json\/wp\/v2\/media?parent=127195"}],"wp:term":[{"taxonomy":"product_cat","embeddable":true,"href":"https:\/\/www.gruppoliturgico.com\/fr\/wp-json\/wp\/v2\/product_cat?post=127195"},{"taxonomy":"product_tag","embeddable":true,"href":"https:\/\/www.gruppoliturgico.com\/fr\/wp-json\/wp\/v2\/product_tag?post=127195"}],"curies":[{"name":"wp","href":"https:\/\/api.w.org\/{rel}","templated":true}]}}