{"id":126491,"date":"2024-04-16T10:20:26","date_gmt":"2024-04-16T08:20:26","guid":{"rendered":"https:\/\/www.gruppoliturgico.com\/prodotto\/service-de-burettes-24\/"},"modified":"2024-04-16T10:37:29","modified_gmt":"2024-04-16T08:37:29","slug":"service-de-burettes-24","status":"publish","type":"product","link":"https:\/\/www.gruppoliturgico.com\/fr\/produit\/service-de-burettes-24\/","title":{"rendered":"Service de burettes"},"content":{"rendered":"<html><body><p>Service de burettes en c\u00e9ramique fait \u00e0 la main.<br>\nD\u00e9coration de style byzantin en rouge rubis et or.<br>\nLe service comprend des burettes pour l\u2019eau et le vin et un plateau.<br>\nHauteur des ampoules 10 cm<br>\nPlateau 16 x 10 cm<\/p>\n<\/body><\/html>","protected":false},"excerpt":{"rendered":"<p>Service de burettes en c\u00e9ramique fait \u00e0 la main.<br \/>\nD\u00e9coration de style byzantin en rouge rubis et or.<br \/>\nLe service comprend des burettes pour l&rsquo;eau et le vin et un plateau.<br \/>\nHauteur des ampoules 10 cm<br \/>\nPlateau 16 x 10 cm<\/p>\n","protected":false},"featured_media":126495,"template":"","meta":[],"product_cat":[11636],"product_tag":[],"yoast_head":"<!-- This site is optimized with the Yoast SEO plugin v20.4 - https:\/\/yoast.com\/wordpress\/plugins\/seo\/ -->\n<title>Service de burettes - services de burettes et Laboratorio Gruppo Liturgico<\/title>\n<meta name=\"description\" content=\"Service de burettes en c\u00e9ramique fait \u00e0 la main. D\u00e9coration de style byzantin en rouge rubis et or. Le service comprend des burettes pour l&#039;eau et le vin et un plateau. Hauteur des ampoules 10 cm Plateau 16 x 10 cm\" \/>\n<meta name=\"robots\" content=\"index, follow, max-snippet:-1, max-image-preview:large, max-video-preview:-1\" \/>\n<link rel=\"canonical\" href=\"https:\/\/www.gruppoliturgico.com\/fr\/produit\/service-de-burettes-24\/\" \/>\n<meta property=\"og:locale\" content=\"fr_FR\" \/>\n<meta property=\"og:type\" content=\"article\" \/>\n<meta property=\"og:title\" content=\"Service de burettes - services de burettes et Laboratorio Gruppo Liturgico\" \/>\n<meta property=\"og:description\" content=\"Service de burettes en c\u00e9ramique fait \u00e0 la main. D\u00e9coration de style byzantin en rouge rubis et or. Le service comprend des burettes pour l&#039;eau et le vin et un plateau. Hauteur des ampoules 10 cm Plateau 16 x 10 cm\" \/>\n<meta property=\"og:url\" content=\"https:\/\/www.gruppoliturgico.com\/fr\/produit\/service-de-burettes-24\/\" \/>\n<meta property=\"og:site_name\" content=\"Laboratorio Gruppo Liturgico\" \/>\n<meta property=\"article:modified_time\" content=\"2024-04-16T08:37:29+00:00\" \/>\n<meta name=\"twitter:card\" content=\"summary_large_image\" \/>\n<script type=\"application\/ld+json\" class=\"yoast-schema-graph\">{\"@context\":\"https:\/\/schema.org\",\"@graph\":[{\"@type\":\"WebPage\",\"@id\":\"https:\/\/www.gruppoliturgico.com\/fr\/produit\/service-de-burettes-24\/\",\"url\":\"https:\/\/www.gruppoliturgico.com\/fr\/produit\/service-de-burettes-24\/\",\"name\":\"Service de burettes - services de burettes et Laboratorio Gruppo Liturgico\",\"isPartOf\":{\"@id\":\"https:\/\/www.gruppoliturgico.com\/es\/#website\"},\"datePublished\":\"2024-04-16T08:20:26+00:00\",\"dateModified\":\"2024-04-16T08:37:29+00:00\",\"description\":\"Service de burettes en c\u00e9ramique fait \u00e0 la main. D\u00e9coration de style byzantin en rouge rubis et or. Le service comprend des burettes pour l'eau et le vin et un plateau. Hauteur des ampoules 10 cm Plateau 16 x 10 cm\",\"breadcrumb\":{\"@id\":\"https:\/\/www.gruppoliturgico.com\/fr\/produit\/service-de-burettes-24\/#breadcrumb\"},\"inLanguage\":\"fr-FR\",\"potentialAction\":[{\"@type\":\"ReadAction\",\"target\":[\"https:\/\/www.gruppoliturgico.com\/fr\/produit\/service-de-burettes-24\/\"]}]},{\"@type\":\"BreadcrumbList\",\"@id\":\"https:\/\/www.gruppoliturgico.com\/fr\/produit\/service-de-burettes-24\/#breadcrumb\",\"itemListElement\":[{\"@type\":\"ListItem\",\"position\":1,\"name\":\"Home\",\"item\":\"https:\/\/www.gruppoliturgico.com\/fr\/\"},{\"@type\":\"ListItem\",\"position\":2,\"name\":\"Boutique\",\"item\":\"https:\/\/www.gruppoliturgico.com\/fr\/boutique\/\"},{\"@type\":\"ListItem\",\"position\":3,\"name\":\"Service de burettes\"}]},{\"@type\":\"WebSite\",\"@id\":\"https:\/\/www.gruppoliturgico.com\/es\/#website\",\"url\":\"https:\/\/www.gruppoliturgico.com\/es\/\",\"name\":\"Laboratorio Gruppo Liturgico\",\"description\":\"Articoli Religiosi online\",\"publisher\":{\"@id\":\"https:\/\/www.gruppoliturgico.com\/es\/#organization\"},\"potentialAction\":[{\"@type\":\"SearchAction\",\"target\":{\"@type\":\"EntryPoint\",\"urlTemplate\":\"https:\/\/www.gruppoliturgico.com\/es\/?s={search_term_string}\"},\"query-input\":\"required name=search_term_string\"}],\"inLanguage\":\"fr-FR\"},{\"@type\":\"Organization\",\"@id\":\"https:\/\/www.gruppoliturgico.com\/es\/#organization\",\"name\":\"Laboratorio Gruppo Liturgico\",\"url\":\"https:\/\/www.gruppoliturgico.com\/es\/\",\"logo\":{\"@type\":\"ImageObject\",\"inLanguage\":\"fr-FR\",\"@id\":\"https:\/\/www.gruppoliturgico.com\/es\/#\/schema\/logo\/image\/\",\"url\":\"https:\/\/www.gruppoliturgico.com\/wp-content\/uploads\/2022\/02\/logo-laboratoriogruppoliturgico.png\",\"contentUrl\":\"https:\/\/www.gruppoliturgico.com\/wp-content\/uploads\/2022\/02\/logo-laboratoriogruppoliturgico.png\",\"width\":400,\"height\":114,\"caption\":\"Laboratorio Gruppo Liturgico\"},\"image\":{\"@id\":\"https:\/\/www.gruppoliturgico.com\/es\/#\/schema\/logo\/image\/\"}}]}<\/script>\n<!-- \/ Yoast SEO plugin. -->","yoast_head_json":{"title":"Service de burettes - services de burettes et Laboratorio Gruppo Liturgico","description":"Service de burettes en c\u00e9ramique fait \u00e0 la main. D\u00e9coration de style byzantin en rouge rubis et or. Le service comprend des burettes pour l'eau et le vin et un plateau. Hauteur des ampoules 10 cm Plateau 16 x 10 cm","robots":{"index":"index","follow":"follow","max-snippet":"max-snippet:-1","max-image-preview":"max-image-preview:large","max-video-preview":"max-video-preview:-1"},"canonical":"https:\/\/www.gruppoliturgico.com\/fr\/produit\/service-de-burettes-24\/","og_locale":"fr_FR","og_type":"article","og_title":"Service de burettes - services de burettes et Laboratorio Gruppo Liturgico","og_description":"Service de burettes en c\u00e9ramique fait \u00e0 la main. D\u00e9coration de style byzantin en rouge rubis et or. Le service comprend des burettes pour l'eau et le vin et un plateau. Hauteur des ampoules 10 cm Plateau 16 x 10 cm","og_url":"https:\/\/www.gruppoliturgico.com\/fr\/produit\/service-de-burettes-24\/","og_site_name":"Laboratorio Gruppo Liturgico","article_modified_time":"2024-04-16T08:37:29+00:00","twitter_card":"summary_large_image","schema":{"@context":"https:\/\/schema.org","@graph":[{"@type":"WebPage","@id":"https:\/\/www.gruppoliturgico.com\/fr\/produit\/service-de-burettes-24\/","url":"https:\/\/www.gruppoliturgico.com\/fr\/produit\/service-de-burettes-24\/","name":"Service de burettes - services de burettes et Laboratorio Gruppo Liturgico","isPartOf":{"@id":"https:\/\/www.gruppoliturgico.com\/es\/#website"},"datePublished":"2024-04-16T08:20:26+00:00","dateModified":"2024-04-16T08:37:29+00:00","description":"Service de burettes en c\u00e9ramique fait \u00e0 la main. D\u00e9coration de style byzantin en rouge rubis et or. Le service comprend des burettes pour l'eau et le vin et un plateau. Hauteur des ampoules 10 cm Plateau 16 x 10 cm","breadcrumb":{"@id":"https:\/\/www.gruppoliturgico.com\/fr\/produit\/service-de-burettes-24\/#breadcrumb"},"inLanguage":"fr-FR","potentialAction":[{"@type":"ReadAction","target":["https:\/\/www.gruppoliturgico.com\/fr\/produit\/service-de-burettes-24\/"]}]},{"@type":"BreadcrumbList","@id":"https:\/\/www.gruppoliturgico.com\/fr\/produit\/service-de-burettes-24\/#breadcrumb","itemListElement":[{"@type":"ListItem","position":1,"name":"Home","item":"https:\/\/www.gruppoliturgico.com\/fr\/"},{"@type":"ListItem","position":2,"name":"Boutique","item":"https:\/\/www.gruppoliturgico.com\/fr\/boutique\/"},{"@type":"ListItem","position":3,"name":"Service de burettes"}]},{"@type":"WebSite","@id":"https:\/\/www.gruppoliturgico.com\/es\/#website","url":"https:\/\/www.gruppoliturgico.com\/es\/","name":"Laboratorio Gruppo Liturgico","description":"Articoli Religiosi online","publisher":{"@id":"https:\/\/www.gruppoliturgico.com\/es\/#organization"},"potentialAction":[{"@type":"SearchAction","target":{"@type":"EntryPoint","urlTemplate":"https:\/\/www.gruppoliturgico.com\/es\/?s={search_term_string}"},"query-input":"required name=search_term_string"}],"inLanguage":"fr-FR"},{"@type":"Organization","@id":"https:\/\/www.gruppoliturgico.com\/es\/#organization","name":"Laboratorio Gruppo Liturgico","url":"https:\/\/www.gruppoliturgico.com\/es\/","logo":{"@type":"ImageObject","inLanguage":"fr-FR","@id":"https:\/\/www.gruppoliturgico.com\/es\/#\/schema\/logo\/image\/","url":"https:\/\/www.gruppoliturgico.com\/wp-content\/uploads\/2022\/02\/logo-laboratoriogruppoliturgico.png","contentUrl":"https:\/\/www.gruppoliturgico.com\/wp-content\/uploads\/2022\/02\/logo-laboratoriogruppoliturgico.png","width":400,"height":114,"caption":"Laboratorio Gruppo Liturgico"},"image":{"@id":"https:\/\/www.gruppoliturgico.com\/es\/#\/schema\/logo\/image\/"}}]}},"_links":{"self":[{"href":"https:\/\/www.gruppoliturgico.com\/fr\/wp-json\/wp\/v2\/product\/126491"}],"collection":[{"href":"https:\/\/www.gruppoliturgico.com\/fr\/wp-json\/wp\/v2\/product"}],"about":[{"href":"https:\/\/www.gruppoliturgico.com\/fr\/wp-json\/wp\/v2\/types\/product"}],"wp:featuredmedia":[{"embeddable":true,"href":"https:\/\/www.gruppoliturgico.com\/fr\/wp-json\/wp\/v2\/media\/126495"}],"wp:attachment":[{"href":"https:\/\/www.gruppoliturgico.com\/fr\/wp-json\/wp\/v2\/media?parent=126491"}],"wp:term":[{"taxonomy":"product_cat","embeddable":true,"href":"https:\/\/www.gruppoliturgico.com\/fr\/wp-json\/wp\/v2\/product_cat?post=126491"},{"taxonomy":"product_tag","embeddable":true,"href":"https:\/\/www.gruppoliturgico.com\/fr\/wp-json\/wp\/v2\/product_tag?post=126491"}],"curies":[{"name":"wp","href":"https:\/\/api.w.org\/{rel}","templated":true}]}}