{"id":126055,"date":"2024-03-04T15:02:35","date_gmt":"2024-03-04T14:02:35","guid":{"rendered":"https:\/\/www.gruppoliturgico.com\/prodotto\/corps-de-jesus-crucifie-3\/"},"modified":"2024-08-27T16:52:40","modified_gmt":"2024-08-27T14:52:40","slug":"corps-de-jesus-crucifie-3","status":"publish","type":"product","link":"https:\/\/www.gruppoliturgico.com\/fr\/produit\/corps-de-jesus-crucifie-3\/","title":{"rendered":"Corps de J\u00e9sus crucifi\u00e9 cm 60-130"},"content":{"rendered":"<html><body><p>Corps de J\u00e9sus crucifi\u00e9 en fibre de verre enti\u00e8rement d\u00e9cor\u00e9 \u00e0 la main avec des couleurs \u00e0 l\u2019huile originales.<\/p>\n<p>Le moulage provient d\u2019une \u0153uvre artistique d\u2019un sculpteur de Valgardena.<\/p>\n<p>Possibilit\u00e9 de croix en bois disponible s\u00e9par\u00e9ment.<\/p>\n<p>Diff\u00e9rentes mesures disponibles.<\/p>\n<\/body><\/html>","protected":false},"excerpt":{"rendered":"<p>Corps de J\u00e9sus crucifi\u00e9 en fibre de verre enti\u00e8rement d\u00e9cor\u00e9 \u00e0 la main avec des couleurs \u00e0 l&rsquo;huile originales.<\/p>\n<p>Le moulage provient d&rsquo;une \u0153uvre artistique d&rsquo;un sculpteur de Valgardena.<\/p>\n<p>Possibilit\u00e9 de croix en bois disponible s\u00e9par\u00e9ment.<\/p>\n<p>Diff\u00e9rentes mesures disponibles.<\/p>\n","protected":false},"featured_media":133310,"template":"","meta":[],"product_cat":[15312],"product_tag":[],"yoast_head":"<!-- This site is optimized with the Yoast SEO plugin v20.4 - https:\/\/yoast.com\/wordpress\/plugins\/seo\/ -->\n<title>Corps de J\u00e9sus crucifi\u00e9 cm 60-130 - Crucifix en fibre resine et Laboratorio Gruppo Liturgico<\/title>\n<meta name=\"description\" content=\"Corps de J\u00e9sus crucifi\u00e9 en fibre de verre enti\u00e8rement d\u00e9cor\u00e9 \u00e0 la main avec des couleurs \u00e0 l&#039;huile originales.  Le moulage provient d&#039;une \u0153uvre artistique d&#039;un sculpteur de Valgardena.  Possibilit\u00e9 de croix en bois disponible s\u00e9par\u00e9ment.  Diff\u00e9rentes mesures disponibles.\" \/>\n<meta name=\"robots\" content=\"index, follow, max-snippet:-1, max-image-preview:large, max-video-preview:-1\" \/>\n<link rel=\"canonical\" href=\"https:\/\/www.gruppoliturgico.com\/fr\/produit\/corps-de-jesus-crucifie-3\/\" \/>\n<meta property=\"og:locale\" content=\"fr_FR\" \/>\n<meta property=\"og:type\" content=\"article\" \/>\n<meta property=\"og:title\" content=\"Corps de J\u00e9sus crucifi\u00e9 cm 60-130 - Crucifix en fibre resine et Laboratorio Gruppo Liturgico\" \/>\n<meta property=\"og:description\" content=\"Corps de J\u00e9sus crucifi\u00e9 en fibre de verre enti\u00e8rement d\u00e9cor\u00e9 \u00e0 la main avec des couleurs \u00e0 l&#039;huile originales.  Le moulage provient d&#039;une \u0153uvre artistique d&#039;un sculpteur de Valgardena.  Possibilit\u00e9 de croix en bois disponible s\u00e9par\u00e9ment.  Diff\u00e9rentes mesures disponibles.\" \/>\n<meta property=\"og:url\" content=\"https:\/\/www.gruppoliturgico.com\/fr\/produit\/corps-de-jesus-crucifie-3\/\" \/>\n<meta property=\"og:site_name\" content=\"Laboratorio Gruppo Liturgico\" \/>\n<meta property=\"article:modified_time\" content=\"2024-08-27T14:52:40+00:00\" \/>\n<meta property=\"og:image\" content=\"https:\/\/www.gruppoliturgico.com\/wp-content\/uploads\/2024\/03\/4002-nv-2.jpg\" \/>\n\t<meta property=\"og:image:width\" content=\"1097\" \/>\n\t<meta property=\"og:image:height\" content=\"1400\" \/>\n\t<meta property=\"og:image:type\" content=\"image\/jpeg\" \/>\n<meta name=\"twitter:card\" content=\"summary_large_image\" \/>\n<script type=\"application\/ld+json\" class=\"yoast-schema-graph\">{\"@context\":\"https:\/\/schema.org\",\"@graph\":[{\"@type\":\"WebPage\",\"@id\":\"https:\/\/www.gruppoliturgico.com\/fr\/produit\/corps-de-jesus-crucifie-3\/\",\"url\":\"https:\/\/www.gruppoliturgico.com\/fr\/produit\/corps-de-jesus-crucifie-3\/\",\"name\":\"Corps de J\u00e9sus crucifi\u00e9 cm 60-130 - Crucifix en fibre resine et Laboratorio Gruppo Liturgico\",\"isPartOf\":{\"@id\":\"https:\/\/www.gruppoliturgico.com\/es\/#website\"},\"datePublished\":\"2024-03-04T14:02:35+00:00\",\"dateModified\":\"2024-08-27T14:52:40+00:00\",\"description\":\"Corps de J\u00e9sus crucifi\u00e9 en fibre de verre enti\u00e8rement d\u00e9cor\u00e9 \u00e0 la main avec des couleurs \u00e0 l'huile originales. Le moulage provient d'une \u0153uvre artistique d'un sculpteur de Valgardena. Possibilit\u00e9 de croix en bois disponible s\u00e9par\u00e9ment. Diff\u00e9rentes mesures disponibles.\",\"breadcrumb\":{\"@id\":\"https:\/\/www.gruppoliturgico.com\/fr\/produit\/corps-de-jesus-crucifie-3\/#breadcrumb\"},\"inLanguage\":\"fr-FR\",\"potentialAction\":[{\"@type\":\"ReadAction\",\"target\":[\"https:\/\/www.gruppoliturgico.com\/fr\/produit\/corps-de-jesus-crucifie-3\/\"]}]},{\"@type\":\"BreadcrumbList\",\"@id\":\"https:\/\/www.gruppoliturgico.com\/fr\/produit\/corps-de-jesus-crucifie-3\/#breadcrumb\",\"itemListElement\":[{\"@type\":\"ListItem\",\"position\":1,\"name\":\"Home\",\"item\":\"https:\/\/www.gruppoliturgico.com\/fr\/\"},{\"@type\":\"ListItem\",\"position\":2,\"name\":\"Boutique\",\"item\":\"https:\/\/www.gruppoliturgico.com\/fr\/boutique\/\"},{\"@type\":\"ListItem\",\"position\":3,\"name\":\"Corps de J\u00e9sus crucifi\u00e9 cm 60-130\"}]},{\"@type\":\"WebSite\",\"@id\":\"https:\/\/www.gruppoliturgico.com\/es\/#website\",\"url\":\"https:\/\/www.gruppoliturgico.com\/es\/\",\"name\":\"Laboratorio Gruppo Liturgico\",\"description\":\"Articoli Religiosi online\",\"publisher\":{\"@id\":\"https:\/\/www.gruppoliturgico.com\/es\/#organization\"},\"potentialAction\":[{\"@type\":\"SearchAction\",\"target\":{\"@type\":\"EntryPoint\",\"urlTemplate\":\"https:\/\/www.gruppoliturgico.com\/es\/?s={search_term_string}\"},\"query-input\":\"required name=search_term_string\"}],\"inLanguage\":\"fr-FR\"},{\"@type\":\"Organization\",\"@id\":\"https:\/\/www.gruppoliturgico.com\/es\/#organization\",\"name\":\"Laboratorio Gruppo Liturgico\",\"url\":\"https:\/\/www.gruppoliturgico.com\/es\/\",\"logo\":{\"@type\":\"ImageObject\",\"inLanguage\":\"fr-FR\",\"@id\":\"https:\/\/www.gruppoliturgico.com\/es\/#\/schema\/logo\/image\/\",\"url\":\"https:\/\/www.gruppoliturgico.com\/wp-content\/uploads\/2022\/02\/logo-laboratoriogruppoliturgico.png\",\"contentUrl\":\"https:\/\/www.gruppoliturgico.com\/wp-content\/uploads\/2022\/02\/logo-laboratoriogruppoliturgico.png\",\"width\":400,\"height\":114,\"caption\":\"Laboratorio Gruppo Liturgico\"},\"image\":{\"@id\":\"https:\/\/www.gruppoliturgico.com\/es\/#\/schema\/logo\/image\/\"}}]}<\/script>\n<!-- \/ Yoast SEO plugin. -->","yoast_head_json":{"title":"Corps de J\u00e9sus crucifi\u00e9 cm 60-130 - Crucifix en fibre resine et Laboratorio Gruppo Liturgico","description":"Corps de J\u00e9sus crucifi\u00e9 en fibre de verre enti\u00e8rement d\u00e9cor\u00e9 \u00e0 la main avec des couleurs \u00e0 l'huile originales.  Le moulage provient d'une \u0153uvre artistique d'un sculpteur de Valgardena.  Possibilit\u00e9 de croix en bois disponible s\u00e9par\u00e9ment.  Diff\u00e9rentes mesures disponibles.","robots":{"index":"index","follow":"follow","max-snippet":"max-snippet:-1","max-image-preview":"max-image-preview:large","max-video-preview":"max-video-preview:-1"},"canonical":"https:\/\/www.gruppoliturgico.com\/fr\/produit\/corps-de-jesus-crucifie-3\/","og_locale":"fr_FR","og_type":"article","og_title":"Corps de J\u00e9sus crucifi\u00e9 cm 60-130 - Crucifix en fibre resine et Laboratorio Gruppo Liturgico","og_description":"Corps de J\u00e9sus crucifi\u00e9 en fibre de verre enti\u00e8rement d\u00e9cor\u00e9 \u00e0 la main avec des couleurs \u00e0 l'huile originales.  Le moulage provient d'une \u0153uvre artistique d'un sculpteur de Valgardena.  Possibilit\u00e9 de croix en bois disponible s\u00e9par\u00e9ment.  Diff\u00e9rentes mesures disponibles.","og_url":"https:\/\/www.gruppoliturgico.com\/fr\/produit\/corps-de-jesus-crucifie-3\/","og_site_name":"Laboratorio Gruppo Liturgico","article_modified_time":"2024-08-27T14:52:40+00:00","og_image":[{"width":1097,"height":1400,"url":"https:\/\/www.gruppoliturgico.com\/wp-content\/uploads\/2024\/03\/4002-nv-2.jpg","type":"image\/jpeg"}],"twitter_card":"summary_large_image","schema":{"@context":"https:\/\/schema.org","@graph":[{"@type":"WebPage","@id":"https:\/\/www.gruppoliturgico.com\/fr\/produit\/corps-de-jesus-crucifie-3\/","url":"https:\/\/www.gruppoliturgico.com\/fr\/produit\/corps-de-jesus-crucifie-3\/","name":"Corps de J\u00e9sus crucifi\u00e9 cm 60-130 - Crucifix en fibre resine et Laboratorio Gruppo Liturgico","isPartOf":{"@id":"https:\/\/www.gruppoliturgico.com\/es\/#website"},"datePublished":"2024-03-04T14:02:35+00:00","dateModified":"2024-08-27T14:52:40+00:00","description":"Corps de J\u00e9sus crucifi\u00e9 en fibre de verre enti\u00e8rement d\u00e9cor\u00e9 \u00e0 la main avec des couleurs \u00e0 l'huile originales. Le moulage provient d'une \u0153uvre artistique d'un sculpteur de Valgardena. Possibilit\u00e9 de croix en bois disponible s\u00e9par\u00e9ment. Diff\u00e9rentes mesures disponibles.","breadcrumb":{"@id":"https:\/\/www.gruppoliturgico.com\/fr\/produit\/corps-de-jesus-crucifie-3\/#breadcrumb"},"inLanguage":"fr-FR","potentialAction":[{"@type":"ReadAction","target":["https:\/\/www.gruppoliturgico.com\/fr\/produit\/corps-de-jesus-crucifie-3\/"]}]},{"@type":"BreadcrumbList","@id":"https:\/\/www.gruppoliturgico.com\/fr\/produit\/corps-de-jesus-crucifie-3\/#breadcrumb","itemListElement":[{"@type":"ListItem","position":1,"name":"Home","item":"https:\/\/www.gruppoliturgico.com\/fr\/"},{"@type":"ListItem","position":2,"name":"Boutique","item":"https:\/\/www.gruppoliturgico.com\/fr\/boutique\/"},{"@type":"ListItem","position":3,"name":"Corps de J\u00e9sus crucifi\u00e9 cm 60-130"}]},{"@type":"WebSite","@id":"https:\/\/www.gruppoliturgico.com\/es\/#website","url":"https:\/\/www.gruppoliturgico.com\/es\/","name":"Laboratorio Gruppo Liturgico","description":"Articoli Religiosi online","publisher":{"@id":"https:\/\/www.gruppoliturgico.com\/es\/#organization"},"potentialAction":[{"@type":"SearchAction","target":{"@type":"EntryPoint","urlTemplate":"https:\/\/www.gruppoliturgico.com\/es\/?s={search_term_string}"},"query-input":"required name=search_term_string"}],"inLanguage":"fr-FR"},{"@type":"Organization","@id":"https:\/\/www.gruppoliturgico.com\/es\/#organization","name":"Laboratorio Gruppo Liturgico","url":"https:\/\/www.gruppoliturgico.com\/es\/","logo":{"@type":"ImageObject","inLanguage":"fr-FR","@id":"https:\/\/www.gruppoliturgico.com\/es\/#\/schema\/logo\/image\/","url":"https:\/\/www.gruppoliturgico.com\/wp-content\/uploads\/2022\/02\/logo-laboratoriogruppoliturgico.png","contentUrl":"https:\/\/www.gruppoliturgico.com\/wp-content\/uploads\/2022\/02\/logo-laboratoriogruppoliturgico.png","width":400,"height":114,"caption":"Laboratorio Gruppo Liturgico"},"image":{"@id":"https:\/\/www.gruppoliturgico.com\/es\/#\/schema\/logo\/image\/"}}]}},"_links":{"self":[{"href":"https:\/\/www.gruppoliturgico.com\/fr\/wp-json\/wp\/v2\/product\/126055"}],"collection":[{"href":"https:\/\/www.gruppoliturgico.com\/fr\/wp-json\/wp\/v2\/product"}],"about":[{"href":"https:\/\/www.gruppoliturgico.com\/fr\/wp-json\/wp\/v2\/types\/product"}],"wp:featuredmedia":[{"embeddable":true,"href":"https:\/\/www.gruppoliturgico.com\/fr\/wp-json\/wp\/v2\/media\/133310"}],"wp:attachment":[{"href":"https:\/\/www.gruppoliturgico.com\/fr\/wp-json\/wp\/v2\/media?parent=126055"}],"wp:term":[{"taxonomy":"product_cat","embeddable":true,"href":"https:\/\/www.gruppoliturgico.com\/fr\/wp-json\/wp\/v2\/product_cat?post=126055"},{"taxonomy":"product_tag","embeddable":true,"href":"https:\/\/www.gruppoliturgico.com\/fr\/wp-json\/wp\/v2\/product_tag?post=126055"}],"curies":[{"name":"wp","href":"https:\/\/api.w.org\/{rel}","templated":true}]}}