{"id":125284,"date":"2024-01-13T09:27:50","date_gmt":"2024-01-13T08:27:50","guid":{"rendered":"https:\/\/www.gruppoliturgico.com\/prodotto\/tabernacle-5\/"},"modified":"2024-01-13T09:27:50","modified_gmt":"2024-01-13T08:27:50","slug":"tabernacle-5","status":"publish","type":"product","link":"https:\/\/www.gruppoliturgico.com\/fr\/produit\/tabernacle-5\/","title":{"rendered":"Tabernacle"},"content":{"rendered":"<html><body><p>Tabernacle en bois sculpt\u00e9 \u00e0 la main.<br>\nLe style gothique s\u2019exprime dans les riches panneaux avec des bas-reliefs repr\u00e9sentant des rosaces qui ornent chacun des \u00e9l\u00e9ments.<br>\nCette tabernacle reproduit symboliquement en miniature la fa\u00e7ade gothique d\u2019une \u00e9glise avec son portail, ses rosaces, ses petites colonnes et ses sveltes fl\u00e8ches.<br>\nColoration noyer avec des parties en feuille d\u2019or. Int\u00e9rieur enti\u00e8rement dor\u00e9 \u00e0 la feuille d\u2019or.<br>\nDimensions<br>\next\u00e9rieures cm 49 x 92 x 42<br>\nInt\u00e9rieures 36 x 45 x 30<\/p>\n<\/body><\/html>","protected":false},"excerpt":{"rendered":"<p>Tabernacle en bois sculpt\u00e9 \u00e0 la main.<br \/>\nLe style gothique s\u2019exprime dans les riches panneaux avec des bas-reliefs repr\u00e9sentant des rosaces qui ornent chacun des \u00e9l\u00e9ments.<br \/>\nCette tabernacle reproduit symboliquement en miniature la fa\u00e7ade gothique d\u2019une \u00e9glise avec son portail, ses rosaces, ses petites colonnes et ses sveltes fl\u00e8ches.<br \/>\nColoration noyer avec des parties en feuille d&rsquo;or. Int\u00e9rieur enti\u00e8rement dor\u00e9 \u00e0 la feuille d&rsquo;or.<br \/>\nDimensions<br \/>\next\u00e9rieures cm 49 x 92 x 42<br \/>\nInt\u00e9rieures 36 x 45 x 30<\/p>\n","protected":false},"featured_media":125279,"template":"","meta":[],"product_cat":[12076],"product_tag":[],"yoast_head":"<!-- This site is optimized with the Yoast SEO plugin v20.4 - https:\/\/yoast.com\/wordpress\/plugins\/seo\/ -->\n<title>Tabernacle - Tabernacles en bois et Laboratorio Gruppo Liturgico<\/title>\n<meta name=\"description\" content=\"Tabernacle en bois sculpt\u00e9 \u00e0 la main. Le style gothique s\u2019exprime dans les riches panneaux avec des bas-reliefs repr\u00e9sentant des rosaces qui ornent chacun des \u00e9l\u00e9ments. Cette tabernacle reproduit symboliquement en miniature la fa\u00e7ade gothique d\u2019une \u00e9glise avec son portail, ses rosaces, ses petites colonnes et ses sveltes fl\u00e8ches. Coloration noyer avec des parties en feuille d&#039;or. Int\u00e9rieur enti\u00e8rement dor\u00e9 \u00e0 la feuille d&#039;or. Dimensions ext\u00e9rieures cm 49 x 92 x 42 Int\u00e9rieures 36 x 45 x 30\" \/>\n<meta name=\"robots\" content=\"index, follow, max-snippet:-1, max-image-preview:large, max-video-preview:-1\" \/>\n<link rel=\"canonical\" href=\"https:\/\/www.gruppoliturgico.com\/fr\/produit\/tabernacle-5\/\" \/>\n<meta property=\"og:locale\" content=\"fr_FR\" \/>\n<meta property=\"og:type\" content=\"article\" \/>\n<meta property=\"og:title\" content=\"Tabernacle - Tabernacles en bois et Laboratorio Gruppo Liturgico\" \/>\n<meta property=\"og:description\" content=\"Tabernacle en bois sculpt\u00e9 \u00e0 la main. Le style gothique s\u2019exprime dans les riches panneaux avec des bas-reliefs repr\u00e9sentant des rosaces qui ornent chacun des \u00e9l\u00e9ments. Cette tabernacle reproduit symboliquement en miniature la fa\u00e7ade gothique d\u2019une \u00e9glise avec son portail, ses rosaces, ses petites colonnes et ses sveltes fl\u00e8ches. Coloration noyer avec des parties en feuille d&#039;or. Int\u00e9rieur enti\u00e8rement dor\u00e9 \u00e0 la feuille d&#039;or. Dimensions ext\u00e9rieures cm 49 x 92 x 42 Int\u00e9rieures 36 x 45 x 30\" \/>\n<meta property=\"og:url\" content=\"https:\/\/www.gruppoliturgico.com\/fr\/produit\/tabernacle-5\/\" \/>\n<meta property=\"og:site_name\" content=\"Laboratorio Gruppo Liturgico\" \/>\n<meta property=\"og:image\" content=\"https:\/\/www.gruppoliturgico.com\/wp-content\/uploads\/2024\/01\/2143_.jpg\" \/>\n\t<meta property=\"og:image:width\" content=\"1179\" \/>\n\t<meta property=\"og:image:height\" content=\"2000\" \/>\n\t<meta property=\"og:image:type\" content=\"image\/jpeg\" \/>\n<meta name=\"twitter:card\" content=\"summary_large_image\" \/>\n<script type=\"application\/ld+json\" class=\"yoast-schema-graph\">{\"@context\":\"https:\/\/schema.org\",\"@graph\":[{\"@type\":\"WebPage\",\"@id\":\"https:\/\/www.gruppoliturgico.com\/fr\/produit\/tabernacle-5\/\",\"url\":\"https:\/\/www.gruppoliturgico.com\/fr\/produit\/tabernacle-5\/\",\"name\":\"Tabernacle - Tabernacles en bois et Laboratorio Gruppo Liturgico\",\"isPartOf\":{\"@id\":\"https:\/\/www.gruppoliturgico.com\/es\/#website\"},\"datePublished\":\"2024-01-13T08:27:50+00:00\",\"dateModified\":\"2024-01-13T08:27:50+00:00\",\"description\":\"Tabernacle en bois sculpt\u00e9 \u00e0 la main. Le style gothique s\u2019exprime dans les riches panneaux avec des bas-reliefs repr\u00e9sentant des rosaces qui ornent chacun des \u00e9l\u00e9ments. Cette tabernacle reproduit symboliquement en miniature la fa\u00e7ade gothique d\u2019une \u00e9glise avec son portail, ses rosaces, ses petites colonnes et ses sveltes fl\u00e8ches. Coloration noyer avec des parties en feuille d'or. Int\u00e9rieur enti\u00e8rement dor\u00e9 \u00e0 la feuille d'or. Dimensions ext\u00e9rieures cm 49 x 92 x 42 Int\u00e9rieures 36 x 45 x 30\",\"breadcrumb\":{\"@id\":\"https:\/\/www.gruppoliturgico.com\/fr\/produit\/tabernacle-5\/#breadcrumb\"},\"inLanguage\":\"fr-FR\",\"potentialAction\":[{\"@type\":\"ReadAction\",\"target\":[\"https:\/\/www.gruppoliturgico.com\/fr\/produit\/tabernacle-5\/\"]}]},{\"@type\":\"BreadcrumbList\",\"@id\":\"https:\/\/www.gruppoliturgico.com\/fr\/produit\/tabernacle-5\/#breadcrumb\",\"itemListElement\":[{\"@type\":\"ListItem\",\"position\":1,\"name\":\"Home\",\"item\":\"https:\/\/www.gruppoliturgico.com\/fr\/\"},{\"@type\":\"ListItem\",\"position\":2,\"name\":\"Boutique\",\"item\":\"https:\/\/www.gruppoliturgico.com\/fr\/boutique\/\"},{\"@type\":\"ListItem\",\"position\":3,\"name\":\"Tabernacle\"}]},{\"@type\":\"WebSite\",\"@id\":\"https:\/\/www.gruppoliturgico.com\/es\/#website\",\"url\":\"https:\/\/www.gruppoliturgico.com\/es\/\",\"name\":\"Laboratorio Gruppo Liturgico\",\"description\":\"Articoli Religiosi online\",\"publisher\":{\"@id\":\"https:\/\/www.gruppoliturgico.com\/es\/#organization\"},\"potentialAction\":[{\"@type\":\"SearchAction\",\"target\":{\"@type\":\"EntryPoint\",\"urlTemplate\":\"https:\/\/www.gruppoliturgico.com\/es\/?s={search_term_string}\"},\"query-input\":\"required name=search_term_string\"}],\"inLanguage\":\"fr-FR\"},{\"@type\":\"Organization\",\"@id\":\"https:\/\/www.gruppoliturgico.com\/es\/#organization\",\"name\":\"Laboratorio Gruppo Liturgico\",\"url\":\"https:\/\/www.gruppoliturgico.com\/es\/\",\"logo\":{\"@type\":\"ImageObject\",\"inLanguage\":\"fr-FR\",\"@id\":\"https:\/\/www.gruppoliturgico.com\/es\/#\/schema\/logo\/image\/\",\"url\":\"https:\/\/www.gruppoliturgico.com\/wp-content\/uploads\/2022\/02\/logo-laboratoriogruppoliturgico.png\",\"contentUrl\":\"https:\/\/www.gruppoliturgico.com\/wp-content\/uploads\/2022\/02\/logo-laboratoriogruppoliturgico.png\",\"width\":400,\"height\":114,\"caption\":\"Laboratorio Gruppo Liturgico\"},\"image\":{\"@id\":\"https:\/\/www.gruppoliturgico.com\/es\/#\/schema\/logo\/image\/\"}}]}<\/script>\n<!-- \/ Yoast SEO plugin. -->","yoast_head_json":{"title":"Tabernacle - Tabernacles en bois et Laboratorio Gruppo Liturgico","description":"Tabernacle en bois sculpt\u00e9 \u00e0 la main. Le style gothique s\u2019exprime dans les riches panneaux avec des bas-reliefs repr\u00e9sentant des rosaces qui ornent chacun des \u00e9l\u00e9ments. Cette tabernacle reproduit symboliquement en miniature la fa\u00e7ade gothique d\u2019une \u00e9glise avec son portail, ses rosaces, ses petites colonnes et ses sveltes fl\u00e8ches. Coloration noyer avec des parties en feuille d'or. Int\u00e9rieur enti\u00e8rement dor\u00e9 \u00e0 la feuille d'or. Dimensions ext\u00e9rieures cm 49 x 92 x 42 Int\u00e9rieures 36 x 45 x 30","robots":{"index":"index","follow":"follow","max-snippet":"max-snippet:-1","max-image-preview":"max-image-preview:large","max-video-preview":"max-video-preview:-1"},"canonical":"https:\/\/www.gruppoliturgico.com\/fr\/produit\/tabernacle-5\/","og_locale":"fr_FR","og_type":"article","og_title":"Tabernacle - Tabernacles en bois et Laboratorio Gruppo Liturgico","og_description":"Tabernacle en bois sculpt\u00e9 \u00e0 la main. Le style gothique s\u2019exprime dans les riches panneaux avec des bas-reliefs repr\u00e9sentant des rosaces qui ornent chacun des \u00e9l\u00e9ments. Cette tabernacle reproduit symboliquement en miniature la fa\u00e7ade gothique d\u2019une \u00e9glise avec son portail, ses rosaces, ses petites colonnes et ses sveltes fl\u00e8ches. Coloration noyer avec des parties en feuille d'or. Int\u00e9rieur enti\u00e8rement dor\u00e9 \u00e0 la feuille d'or. Dimensions ext\u00e9rieures cm 49 x 92 x 42 Int\u00e9rieures 36 x 45 x 30","og_url":"https:\/\/www.gruppoliturgico.com\/fr\/produit\/tabernacle-5\/","og_site_name":"Laboratorio Gruppo Liturgico","og_image":[{"width":1179,"height":2000,"url":"https:\/\/www.gruppoliturgico.com\/wp-content\/uploads\/2024\/01\/2143_.jpg","type":"image\/jpeg"}],"twitter_card":"summary_large_image","schema":{"@context":"https:\/\/schema.org","@graph":[{"@type":"WebPage","@id":"https:\/\/www.gruppoliturgico.com\/fr\/produit\/tabernacle-5\/","url":"https:\/\/www.gruppoliturgico.com\/fr\/produit\/tabernacle-5\/","name":"Tabernacle - Tabernacles en bois et Laboratorio Gruppo Liturgico","isPartOf":{"@id":"https:\/\/www.gruppoliturgico.com\/es\/#website"},"datePublished":"2024-01-13T08:27:50+00:00","dateModified":"2024-01-13T08:27:50+00:00","description":"Tabernacle en bois sculpt\u00e9 \u00e0 la main. Le style gothique s\u2019exprime dans les riches panneaux avec des bas-reliefs repr\u00e9sentant des rosaces qui ornent chacun des \u00e9l\u00e9ments. Cette tabernacle reproduit symboliquement en miniature la fa\u00e7ade gothique d\u2019une \u00e9glise avec son portail, ses rosaces, ses petites colonnes et ses sveltes fl\u00e8ches. Coloration noyer avec des parties en feuille d'or. Int\u00e9rieur enti\u00e8rement dor\u00e9 \u00e0 la feuille d'or. Dimensions ext\u00e9rieures cm 49 x 92 x 42 Int\u00e9rieures 36 x 45 x 30","breadcrumb":{"@id":"https:\/\/www.gruppoliturgico.com\/fr\/produit\/tabernacle-5\/#breadcrumb"},"inLanguage":"fr-FR","potentialAction":[{"@type":"ReadAction","target":["https:\/\/www.gruppoliturgico.com\/fr\/produit\/tabernacle-5\/"]}]},{"@type":"BreadcrumbList","@id":"https:\/\/www.gruppoliturgico.com\/fr\/produit\/tabernacle-5\/#breadcrumb","itemListElement":[{"@type":"ListItem","position":1,"name":"Home","item":"https:\/\/www.gruppoliturgico.com\/fr\/"},{"@type":"ListItem","position":2,"name":"Boutique","item":"https:\/\/www.gruppoliturgico.com\/fr\/boutique\/"},{"@type":"ListItem","position":3,"name":"Tabernacle"}]},{"@type":"WebSite","@id":"https:\/\/www.gruppoliturgico.com\/es\/#website","url":"https:\/\/www.gruppoliturgico.com\/es\/","name":"Laboratorio Gruppo Liturgico","description":"Articoli Religiosi online","publisher":{"@id":"https:\/\/www.gruppoliturgico.com\/es\/#organization"},"potentialAction":[{"@type":"SearchAction","target":{"@type":"EntryPoint","urlTemplate":"https:\/\/www.gruppoliturgico.com\/es\/?s={search_term_string}"},"query-input":"required name=search_term_string"}],"inLanguage":"fr-FR"},{"@type":"Organization","@id":"https:\/\/www.gruppoliturgico.com\/es\/#organization","name":"Laboratorio Gruppo Liturgico","url":"https:\/\/www.gruppoliturgico.com\/es\/","logo":{"@type":"ImageObject","inLanguage":"fr-FR","@id":"https:\/\/www.gruppoliturgico.com\/es\/#\/schema\/logo\/image\/","url":"https:\/\/www.gruppoliturgico.com\/wp-content\/uploads\/2022\/02\/logo-laboratoriogruppoliturgico.png","contentUrl":"https:\/\/www.gruppoliturgico.com\/wp-content\/uploads\/2022\/02\/logo-laboratoriogruppoliturgico.png","width":400,"height":114,"caption":"Laboratorio Gruppo Liturgico"},"image":{"@id":"https:\/\/www.gruppoliturgico.com\/es\/#\/schema\/logo\/image\/"}}]}},"_links":{"self":[{"href":"https:\/\/www.gruppoliturgico.com\/fr\/wp-json\/wp\/v2\/product\/125284"}],"collection":[{"href":"https:\/\/www.gruppoliturgico.com\/fr\/wp-json\/wp\/v2\/product"}],"about":[{"href":"https:\/\/www.gruppoliturgico.com\/fr\/wp-json\/wp\/v2\/types\/product"}],"wp:featuredmedia":[{"embeddable":true,"href":"https:\/\/www.gruppoliturgico.com\/fr\/wp-json\/wp\/v2\/media\/125279"}],"wp:attachment":[{"href":"https:\/\/www.gruppoliturgico.com\/fr\/wp-json\/wp\/v2\/media?parent=125284"}],"wp:term":[{"taxonomy":"product_cat","embeddable":true,"href":"https:\/\/www.gruppoliturgico.com\/fr\/wp-json\/wp\/v2\/product_cat?post=125284"},{"taxonomy":"product_tag","embeddable":true,"href":"https:\/\/www.gruppoliturgico.com\/fr\/wp-json\/wp\/v2\/product_tag?post=125284"}],"curies":[{"name":"wp","href":"https:\/\/api.w.org\/{rel}","templated":true}]}}