{"id":124242,"date":"2023-11-18T15:49:30","date_gmt":"2023-11-18T14:49:30","guid":{"rendered":"https:\/\/www.gruppoliturgico.com\/prodotto\/mitre-12\/"},"modified":"2023-11-18T15:49:30","modified_gmt":"2023-11-18T14:49:30","slug":"mitre-12","status":"publish","type":"product","link":"https:\/\/www.gruppoliturgico.com\/fr\/produit\/mitre-12\/","title":{"rendered":"Mitre"},"content":{"rendered":"<html><body><p>\u0153uvre prestigieuse inspir\u00e9e de la mitre de San Gennaro.<br>\nR\u00e9alis\u00e9e en satin dor\u00e9<br>\nElle pr\u00e9sente une tr\u00e8s riche broderie ex\u00e9cut\u00e9e en fil d\u2019or et enrichie d\u2019un grand nombre de pierres multicolores, de strass et de swarovski qui forment de petites fleurs et d\u2019autres motifs ornementaux.<br>\nTravail artisanal de grande qualit\u00e9.<br>\nDimensions : 40 x 33 cm.<br>\nTailles disponibles de 56 \u00e0 62.<\/p>\n<\/body><\/html>","protected":false},"excerpt":{"rendered":"<p>\u0153uvre prestigieuse inspir\u00e9e de la mitre de San Gennaro.<br \/>\nR\u00e9alis\u00e9e en satin dor\u00e9<br \/>\nElle pr\u00e9sente une tr\u00e8s riche broderie ex\u00e9cut\u00e9e en fil d&rsquo;or et enrichie d&rsquo;un grand nombre de pierres multicolores, de strass et de swarovski qui forment de petites fleurs et d&rsquo;autres motifs ornementaux.<br \/>\nTravail artisanal de grande qualit\u00e9.<br \/>\nDimensions : 40 x 33 cm.<br \/>\nTailles disponibles de 56 \u00e0 62.<\/p>\n","protected":false},"featured_media":124221,"template":"","meta":[],"product_cat":[11964],"product_tag":[],"yoast_head":"<!-- This site is optimized with the Yoast SEO plugin v20.4 - https:\/\/yoast.com\/wordpress\/plugins\/seo\/ -->\n<title>Mitre - mitres et Laboratorio Gruppo Liturgico<\/title>\n<meta name=\"description\" content=\"\u0153uvre prestigieuse inspir\u00e9e de la mitre de San Gennaro. R\u00e9alis\u00e9e en satin dor\u00e9 Elle pr\u00e9sente une tr\u00e8s riche broderie ex\u00e9cut\u00e9e en fil d&#039;or et enrichie d&#039;un grand nombre de pierres multicolores, de strass et de swarovski qui forment de petites fleurs et d&#039;autres motifs ornementaux. Travail artisanal de grande qualit\u00e9. Dimensions : 40 x 33 cm. Tailles disponibles de 56 \u00e0 62.\" \/>\n<meta name=\"robots\" content=\"index, follow, max-snippet:-1, max-image-preview:large, max-video-preview:-1\" \/>\n<link rel=\"canonical\" href=\"https:\/\/www.gruppoliturgico.com\/fr\/produit\/mitre-12\/\" \/>\n<meta property=\"og:locale\" content=\"fr_FR\" \/>\n<meta property=\"og:type\" content=\"article\" \/>\n<meta property=\"og:title\" content=\"Mitre - mitres et Laboratorio Gruppo Liturgico\" \/>\n<meta property=\"og:description\" content=\"\u0153uvre prestigieuse inspir\u00e9e de la mitre de San Gennaro. R\u00e9alis\u00e9e en satin dor\u00e9 Elle pr\u00e9sente une tr\u00e8s riche broderie ex\u00e9cut\u00e9e en fil d&#039;or et enrichie d&#039;un grand nombre de pierres multicolores, de strass et de swarovski qui forment de petites fleurs et d&#039;autres motifs ornementaux. Travail artisanal de grande qualit\u00e9. Dimensions : 40 x 33 cm. Tailles disponibles de 56 \u00e0 62.\" \/>\n<meta property=\"og:url\" content=\"https:\/\/www.gruppoliturgico.com\/fr\/produit\/mitre-12\/\" \/>\n<meta property=\"og:site_name\" content=\"Laboratorio Gruppo Liturgico\" \/>\n<meta property=\"og:image\" content=\"https:\/\/www.gruppoliturgico.com\/wp-content\/uploads\/2023\/11\/3996-1.jpg\" \/>\n\t<meta property=\"og:image:width\" content=\"1316\" \/>\n\t<meta property=\"og:image:height\" content=\"2000\" \/>\n\t<meta property=\"og:image:type\" content=\"image\/jpeg\" \/>\n<meta name=\"twitter:card\" content=\"summary_large_image\" \/>\n<script type=\"application\/ld+json\" class=\"yoast-schema-graph\">{\"@context\":\"https:\/\/schema.org\",\"@graph\":[{\"@type\":\"WebPage\",\"@id\":\"https:\/\/www.gruppoliturgico.com\/fr\/produit\/mitre-12\/\",\"url\":\"https:\/\/www.gruppoliturgico.com\/fr\/produit\/mitre-12\/\",\"name\":\"Mitre - mitres et Laboratorio Gruppo Liturgico\",\"isPartOf\":{\"@id\":\"https:\/\/www.gruppoliturgico.com\/es\/#website\"},\"datePublished\":\"2023-11-18T14:49:30+00:00\",\"dateModified\":\"2023-11-18T14:49:30+00:00\",\"description\":\"\u0153uvre prestigieuse inspir\u00e9e de la mitre de San Gennaro. R\u00e9alis\u00e9e en satin dor\u00e9 Elle pr\u00e9sente une tr\u00e8s riche broderie ex\u00e9cut\u00e9e en fil d'or et enrichie d'un grand nombre de pierres multicolores, de strass et de swarovski qui forment de petites fleurs et d'autres motifs ornementaux. Travail artisanal de grande qualit\u00e9. Dimensions : 40 x 33 cm. Tailles disponibles de 56 \u00e0 62.\",\"breadcrumb\":{\"@id\":\"https:\/\/www.gruppoliturgico.com\/fr\/produit\/mitre-12\/#breadcrumb\"},\"inLanguage\":\"fr-FR\",\"potentialAction\":[{\"@type\":\"ReadAction\",\"target\":[\"https:\/\/www.gruppoliturgico.com\/fr\/produit\/mitre-12\/\"]}]},{\"@type\":\"BreadcrumbList\",\"@id\":\"https:\/\/www.gruppoliturgico.com\/fr\/produit\/mitre-12\/#breadcrumb\",\"itemListElement\":[{\"@type\":\"ListItem\",\"position\":1,\"name\":\"Home\",\"item\":\"https:\/\/www.gruppoliturgico.com\/fr\/\"},{\"@type\":\"ListItem\",\"position\":2,\"name\":\"Boutique\",\"item\":\"https:\/\/www.gruppoliturgico.com\/fr\/boutique\/\"},{\"@type\":\"ListItem\",\"position\":3,\"name\":\"Mitre\"}]},{\"@type\":\"WebSite\",\"@id\":\"https:\/\/www.gruppoliturgico.com\/es\/#website\",\"url\":\"https:\/\/www.gruppoliturgico.com\/es\/\",\"name\":\"Laboratorio Gruppo Liturgico\",\"description\":\"Articoli Religiosi online\",\"publisher\":{\"@id\":\"https:\/\/www.gruppoliturgico.com\/es\/#organization\"},\"potentialAction\":[{\"@type\":\"SearchAction\",\"target\":{\"@type\":\"EntryPoint\",\"urlTemplate\":\"https:\/\/www.gruppoliturgico.com\/es\/?s={search_term_string}\"},\"query-input\":\"required name=search_term_string\"}],\"inLanguage\":\"fr-FR\"},{\"@type\":\"Organization\",\"@id\":\"https:\/\/www.gruppoliturgico.com\/es\/#organization\",\"name\":\"Laboratorio Gruppo Liturgico\",\"url\":\"https:\/\/www.gruppoliturgico.com\/es\/\",\"logo\":{\"@type\":\"ImageObject\",\"inLanguage\":\"fr-FR\",\"@id\":\"https:\/\/www.gruppoliturgico.com\/es\/#\/schema\/logo\/image\/\",\"url\":\"https:\/\/www.gruppoliturgico.com\/wp-content\/uploads\/2022\/02\/logo-laboratoriogruppoliturgico.png\",\"contentUrl\":\"https:\/\/www.gruppoliturgico.com\/wp-content\/uploads\/2022\/02\/logo-laboratoriogruppoliturgico.png\",\"width\":400,\"height\":114,\"caption\":\"Laboratorio Gruppo Liturgico\"},\"image\":{\"@id\":\"https:\/\/www.gruppoliturgico.com\/es\/#\/schema\/logo\/image\/\"}}]}<\/script>\n<!-- \/ Yoast SEO plugin. -->","yoast_head_json":{"title":"Mitre - mitres et Laboratorio Gruppo Liturgico","description":"\u0153uvre prestigieuse inspir\u00e9e de la mitre de San Gennaro. R\u00e9alis\u00e9e en satin dor\u00e9 Elle pr\u00e9sente une tr\u00e8s riche broderie ex\u00e9cut\u00e9e en fil d'or et enrichie d'un grand nombre de pierres multicolores, de strass et de swarovski qui forment de petites fleurs et d'autres motifs ornementaux. Travail artisanal de grande qualit\u00e9. Dimensions : 40 x 33 cm. Tailles disponibles de 56 \u00e0 62.","robots":{"index":"index","follow":"follow","max-snippet":"max-snippet:-1","max-image-preview":"max-image-preview:large","max-video-preview":"max-video-preview:-1"},"canonical":"https:\/\/www.gruppoliturgico.com\/fr\/produit\/mitre-12\/","og_locale":"fr_FR","og_type":"article","og_title":"Mitre - mitres et Laboratorio Gruppo Liturgico","og_description":"\u0153uvre prestigieuse inspir\u00e9e de la mitre de San Gennaro. R\u00e9alis\u00e9e en satin dor\u00e9 Elle pr\u00e9sente une tr\u00e8s riche broderie ex\u00e9cut\u00e9e en fil d'or et enrichie d'un grand nombre de pierres multicolores, de strass et de swarovski qui forment de petites fleurs et d'autres motifs ornementaux. Travail artisanal de grande qualit\u00e9. Dimensions : 40 x 33 cm. Tailles disponibles de 56 \u00e0 62.","og_url":"https:\/\/www.gruppoliturgico.com\/fr\/produit\/mitre-12\/","og_site_name":"Laboratorio Gruppo Liturgico","og_image":[{"width":1316,"height":2000,"url":"https:\/\/www.gruppoliturgico.com\/wp-content\/uploads\/2023\/11\/3996-1.jpg","type":"image\/jpeg"}],"twitter_card":"summary_large_image","schema":{"@context":"https:\/\/schema.org","@graph":[{"@type":"WebPage","@id":"https:\/\/www.gruppoliturgico.com\/fr\/produit\/mitre-12\/","url":"https:\/\/www.gruppoliturgico.com\/fr\/produit\/mitre-12\/","name":"Mitre - mitres et Laboratorio Gruppo Liturgico","isPartOf":{"@id":"https:\/\/www.gruppoliturgico.com\/es\/#website"},"datePublished":"2023-11-18T14:49:30+00:00","dateModified":"2023-11-18T14:49:30+00:00","description":"\u0153uvre prestigieuse inspir\u00e9e de la mitre de San Gennaro. R\u00e9alis\u00e9e en satin dor\u00e9 Elle pr\u00e9sente une tr\u00e8s riche broderie ex\u00e9cut\u00e9e en fil d'or et enrichie d'un grand nombre de pierres multicolores, de strass et de swarovski qui forment de petites fleurs et d'autres motifs ornementaux. Travail artisanal de grande qualit\u00e9. Dimensions : 40 x 33 cm. Tailles disponibles de 56 \u00e0 62.","breadcrumb":{"@id":"https:\/\/www.gruppoliturgico.com\/fr\/produit\/mitre-12\/#breadcrumb"},"inLanguage":"fr-FR","potentialAction":[{"@type":"ReadAction","target":["https:\/\/www.gruppoliturgico.com\/fr\/produit\/mitre-12\/"]}]},{"@type":"BreadcrumbList","@id":"https:\/\/www.gruppoliturgico.com\/fr\/produit\/mitre-12\/#breadcrumb","itemListElement":[{"@type":"ListItem","position":1,"name":"Home","item":"https:\/\/www.gruppoliturgico.com\/fr\/"},{"@type":"ListItem","position":2,"name":"Boutique","item":"https:\/\/www.gruppoliturgico.com\/fr\/boutique\/"},{"@type":"ListItem","position":3,"name":"Mitre"}]},{"@type":"WebSite","@id":"https:\/\/www.gruppoliturgico.com\/es\/#website","url":"https:\/\/www.gruppoliturgico.com\/es\/","name":"Laboratorio Gruppo Liturgico","description":"Articoli Religiosi online","publisher":{"@id":"https:\/\/www.gruppoliturgico.com\/es\/#organization"},"potentialAction":[{"@type":"SearchAction","target":{"@type":"EntryPoint","urlTemplate":"https:\/\/www.gruppoliturgico.com\/es\/?s={search_term_string}"},"query-input":"required name=search_term_string"}],"inLanguage":"fr-FR"},{"@type":"Organization","@id":"https:\/\/www.gruppoliturgico.com\/es\/#organization","name":"Laboratorio Gruppo Liturgico","url":"https:\/\/www.gruppoliturgico.com\/es\/","logo":{"@type":"ImageObject","inLanguage":"fr-FR","@id":"https:\/\/www.gruppoliturgico.com\/es\/#\/schema\/logo\/image\/","url":"https:\/\/www.gruppoliturgico.com\/wp-content\/uploads\/2022\/02\/logo-laboratoriogruppoliturgico.png","contentUrl":"https:\/\/www.gruppoliturgico.com\/wp-content\/uploads\/2022\/02\/logo-laboratoriogruppoliturgico.png","width":400,"height":114,"caption":"Laboratorio Gruppo Liturgico"},"image":{"@id":"https:\/\/www.gruppoliturgico.com\/es\/#\/schema\/logo\/image\/"}}]}},"_links":{"self":[{"href":"https:\/\/www.gruppoliturgico.com\/fr\/wp-json\/wp\/v2\/product\/124242"}],"collection":[{"href":"https:\/\/www.gruppoliturgico.com\/fr\/wp-json\/wp\/v2\/product"}],"about":[{"href":"https:\/\/www.gruppoliturgico.com\/fr\/wp-json\/wp\/v2\/types\/product"}],"wp:featuredmedia":[{"embeddable":true,"href":"https:\/\/www.gruppoliturgico.com\/fr\/wp-json\/wp\/v2\/media\/124221"}],"wp:attachment":[{"href":"https:\/\/www.gruppoliturgico.com\/fr\/wp-json\/wp\/v2\/media?parent=124242"}],"wp:term":[{"taxonomy":"product_cat","embeddable":true,"href":"https:\/\/www.gruppoliturgico.com\/fr\/wp-json\/wp\/v2\/product_cat?post=124242"},{"taxonomy":"product_tag","embeddable":true,"href":"https:\/\/www.gruppoliturgico.com\/fr\/wp-json\/wp\/v2\/product_tag?post=124242"}],"curies":[{"name":"wp","href":"https:\/\/api.w.org\/{rel}","templated":true}]}}