{"id":124077,"date":"2023-11-08T17:29:32","date_gmt":"2023-11-08T16:29:32","guid":{"rendered":"https:\/\/www.gruppoliturgico.com\/prodotto\/calice-avec-patene-8\/"},"modified":"2023-11-08T17:29:32","modified_gmt":"2023-11-08T16:29:32","slug":"calice-avec-patene-8","status":"publish","type":"product","link":"https:\/\/www.gruppoliturgico.com\/fr\/produit\/calice-avec-patene-8\/","title":{"rendered":"Calice avec pat\u00e8ne"},"content":{"rendered":"<html><body><p>Important calice de style baroque rocaille \u00e0 d\u00e9cor moul\u00e9 de coquillages.<br>\nIl pr\u00e9sente une remarquable d\u00e9coration sur la base, la tige et la coupe.<br>\nIl est accompagn\u00e9 d\u2019une remarquable pat\u00e8ne avec des gravures faites \u00e0 la main.<br>\nHauteur du calice 25 cm<br>\nDiam\u00e8tre de la coupe 10 cm<br>\nDiam\u00e8tre de la pat\u00e8ne 16 cm<\/p>\n<\/body><\/html>","protected":false},"excerpt":{"rendered":"<p>Important calice de style baroque rocaille \u00e0 d\u00e9cor moul\u00e9 de coquillages.<br \/>\nIl pr\u00e9sente une remarquable d\u00e9coration sur la base, la tige et la coupe.<br \/>\nIl est accompagn\u00e9 d&rsquo;une remarquable pat\u00e8ne avec des gravures faites \u00e0 la main.<br \/>\nHauteur du calice 25 cm<br \/>\nDiam\u00e8tre de la coupe 10 cm<br \/>\nDiam\u00e8tre de la pat\u00e8ne 16 cm<\/p>\n","protected":false},"featured_media":130767,"template":"","meta":[],"product_cat":[12028],"product_tag":[],"yoast_head":"<!-- This site is optimized with the Yoast SEO plugin v20.4 - https:\/\/yoast.com\/wordpress\/plugins\/seo\/ -->\n<title>Calice avec pat\u00e8ne - collection calices et Laboratorio Gruppo Liturgico<\/title>\n<meta name=\"description\" content=\"Important calice de style baroque rocaille \u00e0 d\u00e9cor moul\u00e9 de coquillages. Il pr\u00e9sente une remarquable d\u00e9coration sur la base, la tige et la coupe. Il est accompagn\u00e9 d&#039;une remarquable pat\u00e8ne avec des gravures faites \u00e0 la main. Hauteur du calice 25 cm  Diam\u00e8tre de la coupe 10 cm Diam\u00e8tre de la pat\u00e8ne 16 cm\" \/>\n<meta name=\"robots\" content=\"index, follow, max-snippet:-1, max-image-preview:large, max-video-preview:-1\" \/>\n<link rel=\"canonical\" href=\"https:\/\/www.gruppoliturgico.com\/fr\/produit\/calice-avec-patene-8\/\" \/>\n<meta property=\"og:locale\" content=\"fr_FR\" \/>\n<meta property=\"og:type\" content=\"article\" \/>\n<meta property=\"og:title\" content=\"Calice avec pat\u00e8ne - collection calices et Laboratorio Gruppo Liturgico\" \/>\n<meta property=\"og:description\" content=\"Important calice de style baroque rocaille \u00e0 d\u00e9cor moul\u00e9 de coquillages. Il pr\u00e9sente une remarquable d\u00e9coration sur la base, la tige et la coupe. Il est accompagn\u00e9 d&#039;une remarquable pat\u00e8ne avec des gravures faites \u00e0 la main. Hauteur du calice 25 cm  Diam\u00e8tre de la coupe 10 cm Diam\u00e8tre de la pat\u00e8ne 16 cm\" \/>\n<meta property=\"og:url\" content=\"https:\/\/www.gruppoliturgico.com\/fr\/produit\/calice-avec-patene-8\/\" \/>\n<meta property=\"og:site_name\" content=\"Laboratorio Gruppo Liturgico\" \/>\n<meta property=\"og:image\" content=\"https:\/\/www.gruppoliturgico.com\/wp-content\/uploads\/2023\/11\/3998-4_inPixio.jpg\" \/>\n\t<meta property=\"og:image:width\" content=\"1182\" \/>\n\t<meta property=\"og:image:height\" content=\"2000\" \/>\n\t<meta property=\"og:image:type\" content=\"image\/jpeg\" \/>\n<meta name=\"twitter:card\" content=\"summary_large_image\" \/>\n<script type=\"application\/ld+json\" class=\"yoast-schema-graph\">{\"@context\":\"https:\/\/schema.org\",\"@graph\":[{\"@type\":\"WebPage\",\"@id\":\"https:\/\/www.gruppoliturgico.com\/fr\/produit\/calice-avec-patene-8\/\",\"url\":\"https:\/\/www.gruppoliturgico.com\/fr\/produit\/calice-avec-patene-8\/\",\"name\":\"Calice avec pat\u00e8ne - collection calices et Laboratorio Gruppo Liturgico\",\"isPartOf\":{\"@id\":\"https:\/\/www.gruppoliturgico.com\/es\/#website\"},\"datePublished\":\"2023-11-08T16:29:32+00:00\",\"dateModified\":\"2023-11-08T16:29:32+00:00\",\"description\":\"Important calice de style baroque rocaille \u00e0 d\u00e9cor moul\u00e9 de coquillages. Il pr\u00e9sente une remarquable d\u00e9coration sur la base, la tige et la coupe. Il est accompagn\u00e9 d'une remarquable pat\u00e8ne avec des gravures faites \u00e0 la main. Hauteur du calice 25 cm Diam\u00e8tre de la coupe 10 cm Diam\u00e8tre de la pat\u00e8ne 16 cm\",\"breadcrumb\":{\"@id\":\"https:\/\/www.gruppoliturgico.com\/fr\/produit\/calice-avec-patene-8\/#breadcrumb\"},\"inLanguage\":\"fr-FR\",\"potentialAction\":[{\"@type\":\"ReadAction\",\"target\":[\"https:\/\/www.gruppoliturgico.com\/fr\/produit\/calice-avec-patene-8\/\"]}]},{\"@type\":\"BreadcrumbList\",\"@id\":\"https:\/\/www.gruppoliturgico.com\/fr\/produit\/calice-avec-patene-8\/#breadcrumb\",\"itemListElement\":[{\"@type\":\"ListItem\",\"position\":1,\"name\":\"Home\",\"item\":\"https:\/\/www.gruppoliturgico.com\/fr\/\"},{\"@type\":\"ListItem\",\"position\":2,\"name\":\"Boutique\",\"item\":\"https:\/\/www.gruppoliturgico.com\/fr\/boutique\/\"},{\"@type\":\"ListItem\",\"position\":3,\"name\":\"Calice avec pat\u00e8ne\"}]},{\"@type\":\"WebSite\",\"@id\":\"https:\/\/www.gruppoliturgico.com\/es\/#website\",\"url\":\"https:\/\/www.gruppoliturgico.com\/es\/\",\"name\":\"Laboratorio Gruppo Liturgico\",\"description\":\"Articoli Religiosi online\",\"publisher\":{\"@id\":\"https:\/\/www.gruppoliturgico.com\/es\/#organization\"},\"potentialAction\":[{\"@type\":\"SearchAction\",\"target\":{\"@type\":\"EntryPoint\",\"urlTemplate\":\"https:\/\/www.gruppoliturgico.com\/es\/?s={search_term_string}\"},\"query-input\":\"required name=search_term_string\"}],\"inLanguage\":\"fr-FR\"},{\"@type\":\"Organization\",\"@id\":\"https:\/\/www.gruppoliturgico.com\/es\/#organization\",\"name\":\"Laboratorio Gruppo Liturgico\",\"url\":\"https:\/\/www.gruppoliturgico.com\/es\/\",\"logo\":{\"@type\":\"ImageObject\",\"inLanguage\":\"fr-FR\",\"@id\":\"https:\/\/www.gruppoliturgico.com\/es\/#\/schema\/logo\/image\/\",\"url\":\"https:\/\/www.gruppoliturgico.com\/wp-content\/uploads\/2022\/02\/logo-laboratoriogruppoliturgico.png\",\"contentUrl\":\"https:\/\/www.gruppoliturgico.com\/wp-content\/uploads\/2022\/02\/logo-laboratoriogruppoliturgico.png\",\"width\":400,\"height\":114,\"caption\":\"Laboratorio Gruppo Liturgico\"},\"image\":{\"@id\":\"https:\/\/www.gruppoliturgico.com\/es\/#\/schema\/logo\/image\/\"}}]}<\/script>\n<!-- \/ Yoast SEO plugin. -->","yoast_head_json":{"title":"Calice avec pat\u00e8ne - collection calices et Laboratorio Gruppo Liturgico","description":"Important calice de style baroque rocaille \u00e0 d\u00e9cor moul\u00e9 de coquillages. Il pr\u00e9sente une remarquable d\u00e9coration sur la base, la tige et la coupe. Il est accompagn\u00e9 d'une remarquable pat\u00e8ne avec des gravures faites \u00e0 la main. Hauteur du calice 25 cm  Diam\u00e8tre de la coupe 10 cm Diam\u00e8tre de la pat\u00e8ne 16 cm","robots":{"index":"index","follow":"follow","max-snippet":"max-snippet:-1","max-image-preview":"max-image-preview:large","max-video-preview":"max-video-preview:-1"},"canonical":"https:\/\/www.gruppoliturgico.com\/fr\/produit\/calice-avec-patene-8\/","og_locale":"fr_FR","og_type":"article","og_title":"Calice avec pat\u00e8ne - collection calices et Laboratorio Gruppo Liturgico","og_description":"Important calice de style baroque rocaille \u00e0 d\u00e9cor moul\u00e9 de coquillages. Il pr\u00e9sente une remarquable d\u00e9coration sur la base, la tige et la coupe. Il est accompagn\u00e9 d'une remarquable pat\u00e8ne avec des gravures faites \u00e0 la main. Hauteur du calice 25 cm  Diam\u00e8tre de la coupe 10 cm Diam\u00e8tre de la pat\u00e8ne 16 cm","og_url":"https:\/\/www.gruppoliturgico.com\/fr\/produit\/calice-avec-patene-8\/","og_site_name":"Laboratorio Gruppo Liturgico","og_image":[{"width":1182,"height":2000,"url":"https:\/\/www.gruppoliturgico.com\/wp-content\/uploads\/2023\/11\/3998-4_inPixio.jpg","type":"image\/jpeg"}],"twitter_card":"summary_large_image","schema":{"@context":"https:\/\/schema.org","@graph":[{"@type":"WebPage","@id":"https:\/\/www.gruppoliturgico.com\/fr\/produit\/calice-avec-patene-8\/","url":"https:\/\/www.gruppoliturgico.com\/fr\/produit\/calice-avec-patene-8\/","name":"Calice avec pat\u00e8ne - collection calices et Laboratorio Gruppo Liturgico","isPartOf":{"@id":"https:\/\/www.gruppoliturgico.com\/es\/#website"},"datePublished":"2023-11-08T16:29:32+00:00","dateModified":"2023-11-08T16:29:32+00:00","description":"Important calice de style baroque rocaille \u00e0 d\u00e9cor moul\u00e9 de coquillages. Il pr\u00e9sente une remarquable d\u00e9coration sur la base, la tige et la coupe. Il est accompagn\u00e9 d'une remarquable pat\u00e8ne avec des gravures faites \u00e0 la main. Hauteur du calice 25 cm Diam\u00e8tre de la coupe 10 cm Diam\u00e8tre de la pat\u00e8ne 16 cm","breadcrumb":{"@id":"https:\/\/www.gruppoliturgico.com\/fr\/produit\/calice-avec-patene-8\/#breadcrumb"},"inLanguage":"fr-FR","potentialAction":[{"@type":"ReadAction","target":["https:\/\/www.gruppoliturgico.com\/fr\/produit\/calice-avec-patene-8\/"]}]},{"@type":"BreadcrumbList","@id":"https:\/\/www.gruppoliturgico.com\/fr\/produit\/calice-avec-patene-8\/#breadcrumb","itemListElement":[{"@type":"ListItem","position":1,"name":"Home","item":"https:\/\/www.gruppoliturgico.com\/fr\/"},{"@type":"ListItem","position":2,"name":"Boutique","item":"https:\/\/www.gruppoliturgico.com\/fr\/boutique\/"},{"@type":"ListItem","position":3,"name":"Calice avec pat\u00e8ne"}]},{"@type":"WebSite","@id":"https:\/\/www.gruppoliturgico.com\/es\/#website","url":"https:\/\/www.gruppoliturgico.com\/es\/","name":"Laboratorio Gruppo Liturgico","description":"Articoli Religiosi online","publisher":{"@id":"https:\/\/www.gruppoliturgico.com\/es\/#organization"},"potentialAction":[{"@type":"SearchAction","target":{"@type":"EntryPoint","urlTemplate":"https:\/\/www.gruppoliturgico.com\/es\/?s={search_term_string}"},"query-input":"required name=search_term_string"}],"inLanguage":"fr-FR"},{"@type":"Organization","@id":"https:\/\/www.gruppoliturgico.com\/es\/#organization","name":"Laboratorio Gruppo Liturgico","url":"https:\/\/www.gruppoliturgico.com\/es\/","logo":{"@type":"ImageObject","inLanguage":"fr-FR","@id":"https:\/\/www.gruppoliturgico.com\/es\/#\/schema\/logo\/image\/","url":"https:\/\/www.gruppoliturgico.com\/wp-content\/uploads\/2022\/02\/logo-laboratoriogruppoliturgico.png","contentUrl":"https:\/\/www.gruppoliturgico.com\/wp-content\/uploads\/2022\/02\/logo-laboratoriogruppoliturgico.png","width":400,"height":114,"caption":"Laboratorio Gruppo Liturgico"},"image":{"@id":"https:\/\/www.gruppoliturgico.com\/es\/#\/schema\/logo\/image\/"}}]}},"_links":{"self":[{"href":"https:\/\/www.gruppoliturgico.com\/fr\/wp-json\/wp\/v2\/product\/124077"}],"collection":[{"href":"https:\/\/www.gruppoliturgico.com\/fr\/wp-json\/wp\/v2\/product"}],"about":[{"href":"https:\/\/www.gruppoliturgico.com\/fr\/wp-json\/wp\/v2\/types\/product"}],"wp:featuredmedia":[{"embeddable":true,"href":"https:\/\/www.gruppoliturgico.com\/fr\/wp-json\/wp\/v2\/media\/130767"}],"wp:attachment":[{"href":"https:\/\/www.gruppoliturgico.com\/fr\/wp-json\/wp\/v2\/media?parent=124077"}],"wp:term":[{"taxonomy":"product_cat","embeddable":true,"href":"https:\/\/www.gruppoliturgico.com\/fr\/wp-json\/wp\/v2\/product_cat?post=124077"},{"taxonomy":"product_tag","embeddable":true,"href":"https:\/\/www.gruppoliturgico.com\/fr\/wp-json\/wp\/v2\/product_tag?post=124077"}],"curies":[{"name":"wp","href":"https:\/\/api.w.org\/{rel}","templated":true}]}}