{"id":124021,"date":"2023-11-08T15:56:24","date_gmt":"2023-11-08T14:56:24","guid":{"rendered":"https:\/\/www.gruppoliturgico.com\/prodotto\/mitre-2\/"},"modified":"2025-10-30T17:06:54","modified_gmt":"2025-10-30T16:06:54","slug":"mitre-2","status":"publish","type":"product","link":"https:\/\/www.gruppoliturgico.com\/fr\/produit\/mitre-2\/","title":{"rendered":"Mitre"},"content":{"rendered":"<html><body><p>mitre classique de forme traditionnelle en satin de polyester blanc.<br>\nLa broderie est r\u00e9alis\u00e9e avec du fil ivoire ton sur ton.<br>\nDe petites houppes fil\u00e9es \u00e0 la main sont pr\u00e9sentes sur les fanons, qui sont \u00e9galement brod\u00e9es.<br>\nHauteur  30 cm<br>\nLors de la commande, veuillez indiquer le tour de t\u00eate<\/p>\n<\/body><\/html>","protected":false},"excerpt":{"rendered":"<p>mitre classique de forme traditionnelle en satin de polyester blanc.<br \/>\nLa broderie est r\u00e9alis\u00e9e avec du fil ivoire ton sur ton.<br \/>\nDe petites houppes fil\u00e9es \u00e0 la main sont pr\u00e9sentes sur les fanons, qui sont \u00e9galement brod\u00e9es.<br \/>\nHauteur  30 cm<br \/>\nLors de la commande, veuillez indiquer le tour de t\u00eate<\/p>\n","protected":false},"featured_media":135401,"template":"","meta":[],"product_cat":[11964],"product_tag":[],"yoast_head":"<!-- This site is optimized with the Yoast SEO plugin v20.4 - https:\/\/yoast.com\/wordpress\/plugins\/seo\/ -->\n<title>Mitre - mitres et Laboratorio Gruppo Liturgico<\/title>\n<meta name=\"description\" content=\"mitre classique de forme traditionnelle en satin de polyester blanc.  La broderie est r\u00e9alis\u00e9e avec du fil ivoire ton sur ton. De petites houppes fil\u00e9es \u00e0 la main sont pr\u00e9sentes sur les fanons, qui sont \u00e9galement brod\u00e9es. Hauteur 30 cm Lors de la commande, veuillez indiquer le tour de t\u00eate\" \/>\n<meta name=\"robots\" content=\"index, follow, max-snippet:-1, max-image-preview:large, max-video-preview:-1\" \/>\n<link rel=\"canonical\" href=\"https:\/\/www.gruppoliturgico.com\/fr\/produit\/mitre-2\/\" \/>\n<meta property=\"og:locale\" content=\"fr_FR\" \/>\n<meta property=\"og:type\" content=\"article\" \/>\n<meta property=\"og:title\" content=\"Mitre - mitres et Laboratorio Gruppo Liturgico\" \/>\n<meta property=\"og:description\" content=\"mitre classique de forme traditionnelle en satin de polyester blanc.  La broderie est r\u00e9alis\u00e9e avec du fil ivoire ton sur ton. De petites houppes fil\u00e9es \u00e0 la main sont pr\u00e9sentes sur les fanons, qui sont \u00e9galement brod\u00e9es. Hauteur 30 cm Lors de la commande, veuillez indiquer le tour de t\u00eate\" \/>\n<meta property=\"og:url\" content=\"https:\/\/www.gruppoliturgico.com\/fr\/produit\/mitre-2\/\" \/>\n<meta property=\"og:site_name\" content=\"Laboratorio Gruppo Liturgico\" \/>\n<meta property=\"article:modified_time\" content=\"2025-10-30T16:06:54+00:00\" \/>\n<meta property=\"og:image\" content=\"https:\/\/www.gruppoliturgico.com\/wp-content\/uploads\/2023\/11\/3995-1-nv-rit-753x1024.jpg\" \/>\n\t<meta property=\"og:image:width\" content=\"753\" \/>\n\t<meta property=\"og:image:height\" content=\"1024\" \/>\n\t<meta property=\"og:image:type\" content=\"image\/jpeg\" \/>\n<meta name=\"twitter:card\" content=\"summary_large_image\" \/>\n<script type=\"application\/ld+json\" class=\"yoast-schema-graph\">{\"@context\":\"https:\/\/schema.org\",\"@graph\":[{\"@type\":\"WebPage\",\"@id\":\"https:\/\/www.gruppoliturgico.com\/fr\/produit\/mitre-2\/\",\"url\":\"https:\/\/www.gruppoliturgico.com\/fr\/produit\/mitre-2\/\",\"name\":\"Mitre - mitres et Laboratorio Gruppo Liturgico\",\"isPartOf\":{\"@id\":\"https:\/\/www.gruppoliturgico.com\/es\/#website\"},\"datePublished\":\"2023-11-08T14:56:24+00:00\",\"dateModified\":\"2025-10-30T16:06:54+00:00\",\"description\":\"mitre classique de forme traditionnelle en satin de polyester blanc. La broderie est r\u00e9alis\u00e9e avec du fil ivoire ton sur ton. De petites houppes fil\u00e9es \u00e0 la main sont pr\u00e9sentes sur les fanons, qui sont \u00e9galement brod\u00e9es. Hauteur 30 cm Lors de la commande, veuillez indiquer le tour de t\u00eate\",\"breadcrumb\":{\"@id\":\"https:\/\/www.gruppoliturgico.com\/fr\/produit\/mitre-2\/#breadcrumb\"},\"inLanguage\":\"fr-FR\",\"potentialAction\":[{\"@type\":\"ReadAction\",\"target\":[\"https:\/\/www.gruppoliturgico.com\/fr\/produit\/mitre-2\/\"]}]},{\"@type\":\"BreadcrumbList\",\"@id\":\"https:\/\/www.gruppoliturgico.com\/fr\/produit\/mitre-2\/#breadcrumb\",\"itemListElement\":[{\"@type\":\"ListItem\",\"position\":1,\"name\":\"Home\",\"item\":\"https:\/\/www.gruppoliturgico.com\/fr\/\"},{\"@type\":\"ListItem\",\"position\":2,\"name\":\"Boutique\",\"item\":\"https:\/\/www.gruppoliturgico.com\/fr\/boutique\/\"},{\"@type\":\"ListItem\",\"position\":3,\"name\":\"Mitre\"}]},{\"@type\":\"WebSite\",\"@id\":\"https:\/\/www.gruppoliturgico.com\/es\/#website\",\"url\":\"https:\/\/www.gruppoliturgico.com\/es\/\",\"name\":\"Laboratorio Gruppo Liturgico\",\"description\":\"Articoli Religiosi online\",\"publisher\":{\"@id\":\"https:\/\/www.gruppoliturgico.com\/es\/#organization\"},\"potentialAction\":[{\"@type\":\"SearchAction\",\"target\":{\"@type\":\"EntryPoint\",\"urlTemplate\":\"https:\/\/www.gruppoliturgico.com\/es\/?s={search_term_string}\"},\"query-input\":\"required name=search_term_string\"}],\"inLanguage\":\"fr-FR\"},{\"@type\":\"Organization\",\"@id\":\"https:\/\/www.gruppoliturgico.com\/es\/#organization\",\"name\":\"Laboratorio Gruppo Liturgico\",\"url\":\"https:\/\/www.gruppoliturgico.com\/es\/\",\"logo\":{\"@type\":\"ImageObject\",\"inLanguage\":\"fr-FR\",\"@id\":\"https:\/\/www.gruppoliturgico.com\/es\/#\/schema\/logo\/image\/\",\"url\":\"https:\/\/www.gruppoliturgico.com\/wp-content\/uploads\/2022\/02\/logo-laboratoriogruppoliturgico.png\",\"contentUrl\":\"https:\/\/www.gruppoliturgico.com\/wp-content\/uploads\/2022\/02\/logo-laboratoriogruppoliturgico.png\",\"width\":400,\"height\":114,\"caption\":\"Laboratorio Gruppo Liturgico\"},\"image\":{\"@id\":\"https:\/\/www.gruppoliturgico.com\/es\/#\/schema\/logo\/image\/\"}}]}<\/script>\n<!-- \/ Yoast SEO plugin. -->","yoast_head_json":{"title":"Mitre - mitres et Laboratorio Gruppo Liturgico","description":"mitre classique de forme traditionnelle en satin de polyester blanc.  La broderie est r\u00e9alis\u00e9e avec du fil ivoire ton sur ton. De petites houppes fil\u00e9es \u00e0 la main sont pr\u00e9sentes sur les fanons, qui sont \u00e9galement brod\u00e9es. Hauteur 30 cm Lors de la commande, veuillez indiquer le tour de t\u00eate","robots":{"index":"index","follow":"follow","max-snippet":"max-snippet:-1","max-image-preview":"max-image-preview:large","max-video-preview":"max-video-preview:-1"},"canonical":"https:\/\/www.gruppoliturgico.com\/fr\/produit\/mitre-2\/","og_locale":"fr_FR","og_type":"article","og_title":"Mitre - mitres et Laboratorio Gruppo Liturgico","og_description":"mitre classique de forme traditionnelle en satin de polyester blanc.  La broderie est r\u00e9alis\u00e9e avec du fil ivoire ton sur ton. De petites houppes fil\u00e9es \u00e0 la main sont pr\u00e9sentes sur les fanons, qui sont \u00e9galement brod\u00e9es. Hauteur 30 cm Lors de la commande, veuillez indiquer le tour de t\u00eate","og_url":"https:\/\/www.gruppoliturgico.com\/fr\/produit\/mitre-2\/","og_site_name":"Laboratorio Gruppo Liturgico","article_modified_time":"2025-10-30T16:06:54+00:00","og_image":[{"width":753,"height":1024,"url":"https:\/\/www.gruppoliturgico.com\/wp-content\/uploads\/2023\/11\/3995-1-nv-rit-753x1024.jpg","type":"image\/jpeg"}],"twitter_card":"summary_large_image","schema":{"@context":"https:\/\/schema.org","@graph":[{"@type":"WebPage","@id":"https:\/\/www.gruppoliturgico.com\/fr\/produit\/mitre-2\/","url":"https:\/\/www.gruppoliturgico.com\/fr\/produit\/mitre-2\/","name":"Mitre - mitres et Laboratorio Gruppo Liturgico","isPartOf":{"@id":"https:\/\/www.gruppoliturgico.com\/es\/#website"},"datePublished":"2023-11-08T14:56:24+00:00","dateModified":"2025-10-30T16:06:54+00:00","description":"mitre classique de forme traditionnelle en satin de polyester blanc. La broderie est r\u00e9alis\u00e9e avec du fil ivoire ton sur ton. De petites houppes fil\u00e9es \u00e0 la main sont pr\u00e9sentes sur les fanons, qui sont \u00e9galement brod\u00e9es. Hauteur 30 cm Lors de la commande, veuillez indiquer le tour de t\u00eate","breadcrumb":{"@id":"https:\/\/www.gruppoliturgico.com\/fr\/produit\/mitre-2\/#breadcrumb"},"inLanguage":"fr-FR","potentialAction":[{"@type":"ReadAction","target":["https:\/\/www.gruppoliturgico.com\/fr\/produit\/mitre-2\/"]}]},{"@type":"BreadcrumbList","@id":"https:\/\/www.gruppoliturgico.com\/fr\/produit\/mitre-2\/#breadcrumb","itemListElement":[{"@type":"ListItem","position":1,"name":"Home","item":"https:\/\/www.gruppoliturgico.com\/fr\/"},{"@type":"ListItem","position":2,"name":"Boutique","item":"https:\/\/www.gruppoliturgico.com\/fr\/boutique\/"},{"@type":"ListItem","position":3,"name":"Mitre"}]},{"@type":"WebSite","@id":"https:\/\/www.gruppoliturgico.com\/es\/#website","url":"https:\/\/www.gruppoliturgico.com\/es\/","name":"Laboratorio Gruppo Liturgico","description":"Articoli Religiosi online","publisher":{"@id":"https:\/\/www.gruppoliturgico.com\/es\/#organization"},"potentialAction":[{"@type":"SearchAction","target":{"@type":"EntryPoint","urlTemplate":"https:\/\/www.gruppoliturgico.com\/es\/?s={search_term_string}"},"query-input":"required name=search_term_string"}],"inLanguage":"fr-FR"},{"@type":"Organization","@id":"https:\/\/www.gruppoliturgico.com\/es\/#organization","name":"Laboratorio Gruppo Liturgico","url":"https:\/\/www.gruppoliturgico.com\/es\/","logo":{"@type":"ImageObject","inLanguage":"fr-FR","@id":"https:\/\/www.gruppoliturgico.com\/es\/#\/schema\/logo\/image\/","url":"https:\/\/www.gruppoliturgico.com\/wp-content\/uploads\/2022\/02\/logo-laboratoriogruppoliturgico.png","contentUrl":"https:\/\/www.gruppoliturgico.com\/wp-content\/uploads\/2022\/02\/logo-laboratoriogruppoliturgico.png","width":400,"height":114,"caption":"Laboratorio Gruppo Liturgico"},"image":{"@id":"https:\/\/www.gruppoliturgico.com\/es\/#\/schema\/logo\/image\/"}}]}},"_links":{"self":[{"href":"https:\/\/www.gruppoliturgico.com\/fr\/wp-json\/wp\/v2\/product\/124021"}],"collection":[{"href":"https:\/\/www.gruppoliturgico.com\/fr\/wp-json\/wp\/v2\/product"}],"about":[{"href":"https:\/\/www.gruppoliturgico.com\/fr\/wp-json\/wp\/v2\/types\/product"}],"wp:featuredmedia":[{"embeddable":true,"href":"https:\/\/www.gruppoliturgico.com\/fr\/wp-json\/wp\/v2\/media\/135401"}],"wp:attachment":[{"href":"https:\/\/www.gruppoliturgico.com\/fr\/wp-json\/wp\/v2\/media?parent=124021"}],"wp:term":[{"taxonomy":"product_cat","embeddable":true,"href":"https:\/\/www.gruppoliturgico.com\/fr\/wp-json\/wp\/v2\/product_cat?post=124021"},{"taxonomy":"product_tag","embeddable":true,"href":"https:\/\/www.gruppoliturgico.com\/fr\/wp-json\/wp\/v2\/product_tag?post=124021"}],"curies":[{"name":"wp","href":"https:\/\/api.w.org\/{rel}","templated":true}]}}